{"id":10071,"date":"2023-12-25T09:26:57","date_gmt":"2023-12-25T07:26:57","guid":{"rendered":"https:\/\/www.alivitpharm.com\/?page_id=10071"},"modified":"2023-12-25T10:13:33","modified_gmt":"2023-12-25T08:13:33","slug":"cranberry","status":"publish","type":"page","link":"https:\/\/www.alivitpharm.com\/de\/cranberry\/","title":{"rendered":"Moosbeeren"},"content":{"rendered":"<div data-elementor-type=\"wp-page\" data-elementor-id=\"10071\" class=\"elementor elementor-10071\">\n\t\t\t\t\t\t<section class=\"elementor-section elementor-top-section elementor-element elementor-element-a232712 elementor-section-content-middle elementor-section-boxed elementor-section-height-default elementor-section-height-default\" data-id=\"a232712\" data-element_type=\"section\" data-e-type=\"section\" data-settings=\"{&quot;background_background&quot;:&quot;classic&quot;}\">\n\t\t\t\t\t\t\t<div class=\"elementor-background-overlay\"><\/div>\n\t\t\t\t\t\t\t<div class=\"elementor-container elementor-column-gap-default\">\n\t\t\t\t\t<div class=\"elementor-column elementor-col-100 elementor-top-column elementor-element elementor-element-99371a6\" data-id=\"99371a6\" data-element_type=\"column\" data-e-type=\"column\">\n\t\t\t<div class=\"elementor-widget-wrap elementor-element-populated\">\n\t\t\t\t\t\t<div class=\"elementor-element elementor-element-aa9da52 elementor-widget elementor-widget-heading\" data-id=\"aa9da52\" data-element_type=\"widget\" data-e-type=\"widget\" data-widget_type=\"heading.default\">\n\t\t\t\t<div class=\"elementor-widget-container\">\n\t\t\t\t\t<h1 class=\"elementor-heading-title elementor-size-default\">Moosbeeren<\/h1>\t\t\t\t<\/div>\n\t\t\t\t<\/div>\n\t\t\t\t<div class=\"elementor-element elementor-element-df2687d elementor-widget elementor-widget-image\" data-id=\"df2687d\" data-element_type=\"widget\" data-e-type=\"widget\" data-widget_type=\"image.default\">\n\t\t\t\t<div class=\"elementor-widget-container\">\n\t\t\t\t\t\t\t\t\t\t\t\t\t\t\t<img decoding=\"async\" width=\"75\" height=\"33\" src=\"https:\/\/www.alivitpharm.com\/wp-content\/uploads\/2019\/07\/logo-leaf-new.png\" class=\"attachment-large size-large wp-image-2518\" alt=\"\" \/>\t\t\t\t\t\t\t\t\t\t\t\t\t\t\t<\/div>\n\t\t\t\t<\/div>\n\t\t\t\t<div class=\"elementor-element elementor-element-5a7d7e5 elementor-widget elementor-widget-text-editor\" data-id=\"5a7d7e5\" data-element_type=\"widget\" data-e-type=\"widget\" data-widget_type=\"text-editor.default\">\n\t\t\t\t<div class=\"elementor-widget-container\">\n\t\t\t\t\t\t\t\t\t<p><em>Vaccinium macrocarpon, Vaccinium vitis idea L. &#8211; Ericaceae<\/em><\/p>\t\t\t\t\t\t\t\t<\/div>\n\t\t\t\t<\/div>\n\t\t\t\t\t<\/div>\n\t\t<\/div>\n\t\t\t\t\t<\/div>\n\t\t<\/section>\n\t\t\t\t<section class=\"elementor-section elementor-top-section elementor-element elementor-element-2f54793 elementor-section-boxed elementor-section-height-default elementor-section-height-default\" data-id=\"2f54793\" data-element_type=\"section\" data-e-type=\"section\" data-settings=\"{&quot;background_background&quot;:&quot;classic&quot;}\">\n\t\t\t\t\t\t<div class=\"elementor-container elementor-column-gap-default\">\n\t\t\t\t\t<div class=\"elementor-column elementor-col-100 elementor-top-column elementor-element elementor-element-cf352d7\" data-id=\"cf352d7\" data-element_type=\"column\" data-e-type=\"column\">\n\t\t\t<div class=\"elementor-widget-wrap elementor-element-populated\">\n\t\t\t\t\t\t<div class=\"elementor-element elementor-element-593cb17 elementor-widget elementor-widget-image\" data-id=\"593cb17\" data-element_type=\"widget\" data-e-type=\"widget\" data-widget_type=\"image.default\">\n\t\t\t\t<div class=\"elementor-widget-container\">\n\t\t\t\t\t\t\t\t\t\t\t\t\t\t\t<img decoding=\"async\" src=\"https:\/\/www.alivitpharm.com\/wp-content\/uploads\/2023\/12\/cranberry.jpg\" title=\"cranberry\" alt=\"Moosbeeren\" loading=\"lazy\" \/>\t\t\t\t\t\t\t\t\t\t\t\t\t\t\t<\/div>\n\t\t\t\t<\/div>\n\t\t\t\t<div class=\"elementor-element elementor-element-7e0597d elementor-widget elementor-widget-text-editor\" data-id=\"7e0597d\" data-element_type=\"widget\" data-e-type=\"widget\" data-widget_type=\"text-editor.default\">\n\t\t\t\t<div class=\"elementor-widget-container\">\n\t\t\t\t\t\t\t\t\t<p><span class=\"jCAhz ChMk0b\"><span class=\"ryNqvb\"><strong>Moosbeeren<\/strong> oder Bergpreiselbeeren sind eine wilde, immergr\u00fcne Pflanze mit roten Fr\u00fcchten, die in den USA und Kanada angebaut wird.<\/span><\/span> <span class=\"jCAhz ChMk0b\"><span class=\"ryNqvb\">Die Cranberry-Frucht ist ein medizinischer Bestandteil dieser Pflanze und ist reich an Vitamin C, Carotinen, Mineral und Pflanzenfasern. Sie enth\u00e4lt au\u00dferdem eine hohe Konzentration an Bioflavonoiden und Ellags\u00e4ure, die eine starke antioxidative und entz\u00fcndungshemmende Wirkung aufweist.<\/span><\/span> <span class=\"jCAhz ChMk0b\"><span class=\"ryNqvb\">Cranberry enth\u00e4lt au\u00dferdem Proanthocyanidin, ein Bioflavonoid aus der Gruppe der Polyphenole, das den wichtigsten Inhaltsstoff dieser Pflanze darstellt und f\u00fcr die Hemmung von Harnwegsinfektionen verantwortlich ist.<\/span><\/span> <span class=\"jCAhz ChMk0b\"><span class=\"ryNqvb\">Der hohe Gehalt an nat\u00fcrlichen S\u00e4uren in der Cranberry-Frucht tr\u00e4gt zur Senkung des pH-Wertes im Harntrakt bei, wodurch das Wachstum und die Entwicklung pathogener Bakterien sowie deren Anhaftung an den W\u00e4nden des Harntrakts verhindert werden.<\/span><\/span> <span class=\"jCAhz ChMk0b\"><span class=\"ryNqvb\">All dies deutet darauf hin, dass Cranberry eine Pflanze mit ausgepr\u00e4gter uroantiseptischer Wirkung ist.<\/span><\/span><\/p>\t\t\t\t\t\t\t\t<\/div>\n\t\t\t\t<\/div>\n\t\t\t\t<div class=\"elementor-element elementor-element-05cb1a4 elementor-widget elementor-widget-image\" data-id=\"05cb1a4\" data-element_type=\"widget\" data-e-type=\"widget\" data-widget_type=\"image.default\">\n\t\t\t\t<div class=\"elementor-widget-container\">\n\t\t\t\t\t\t\t\t\t\t\t\t\t\t\t<img decoding=\"async\" src=\"https:\/\/www.alivitpharm.com\/wp-content\/uploads\/2022\/09\/leaves.png\" title=\"leaves\" alt=\"Leaves\" loading=\"lazy\" \/>\t\t\t\t\t\t\t\t\t\t\t\t\t\t\t<\/div>\n\t\t\t\t<\/div>\n\t\t\t\t<div class=\"elementor-element elementor-element-4de0e06 elementor-widget elementor-widget-text-editor\" data-id=\"4de0e06\" data-element_type=\"widget\" data-e-type=\"widget\" data-widget_type=\"text-editor.default\">\n\t\t\t\t<div class=\"elementor-widget-container\">\n\t\t\t\t\t\t\t\t\t<p><span class=\"jCAhz ChMk0b\"><span class=\"ryNqvb\">Die EMA (Europ\u00e4ische Arzneimittelagentur) schreibt zwei offizielle Indikationen vor, bei denen Cranberry als traditionelles pflanzliches Arzneimittel verwendet werden kann:<br \/><\/span><\/span><span class=\"jCAhz ChMk0b\"><span class=\"ryNqvb\"><strong>1.<\/strong> Es gibt Hinweise darauf, dass Cranberry als traditionelles pflanzliches Heilmittel zur Linderung der Symptome leichter Harnwegsinfektionen (Brennen und h\u00e4ufiges Wasserlassen) eingesetzt wird.<br \/><\/span><\/span><span class=\"jCAhz ChMk0b\"><span class=\"ryNqvb\"><strong>2.<\/strong> Es gibt Hinweise darauf, dass Cranberry als traditionelles pflanzliches Heilmittel zur Vorbeugung wiederholter, unkomplizierter, milderer Harnwegsinfektionen bei Frauen eingesetzt wird.<\/span><\/span><\/p><p><span class=\"jCAhz ChMk0b\"><span class=\"ryNqvb\">Es wird empfohlen, Pr\u00e4parate auf Cranberry-Basis bei Personen \u00fcber 18 Jahren anzuwenden, da keine ausreichenden Belege f\u00fcr die Anwendung bei j\u00fcngeren Patienten vorliegen.<\/span><\/span> <span class=\"jCAhz ChMk0b\"><span class=\"ryNqvb\">Es ist bei Personen kontraindiziert, die \u00fcberempfindlich auf einen der Bestandteile der Cranberry-Frucht reagieren.<\/span><\/span> <span class=\"jCAhz ChMk0b\"><span class=\"ryNqvb\">Personen, bei denen eine Nierenerkrankung wie Nierensteine diagnostiziert wurde, ben\u00f6tigen die Aufsicht eines Arztes, wenn sie Cranberry-Produkte verwenden.<\/span><\/span> <span class=\"jCAhz ChMk0b\"><span class=\"ryNqvb\">Es wird nicht empfohlen, Pr\u00e4parate auf der Basis von Cranberry-Fr\u00fcchten mit Tacrolimus (es kann die Konzentration des Arzneimittels im Serum verringern) und Warfarin (es kann die Wirkung des Arzneimittels verst\u00e4rken, was zu Blutungen f\u00fchren kann) zu verwenden.<\/span><\/span> <span class=\"jCAhz ChMk0b\"><span class=\"ryNqvb\">Aufgrund fehlender Beweise wird es f\u00fcr schwangere und stillende Frauen nicht empfohlen.<\/span><\/span><\/p>\t\t\t\t\t\t\t\t<\/div>\n\t\t\t\t<\/div>\n\t\t\t\t<div class=\"elementor-element elementor-element-0168b69 elementor-widget elementor-widget-heading\" data-id=\"0168b69\" data-element_type=\"widget\" data-e-type=\"widget\" data-widget_type=\"heading.default\">\n\t\t\t\t<div class=\"elementor-widget-container\">\n\t\t\t\t\t<h4 class=\"elementor-heading-title elementor-size-default\">Referenzen<\/h4>\t\t\t\t<\/div>\n\t\t\t\t<\/div>\n\t\t\t\t<div class=\"elementor-element elementor-element-7eedf06 elementor-widget elementor-widget-text-editor\" data-id=\"7eedf06\" data-element_type=\"widget\" data-e-type=\"widget\" data-widget_type=\"text-editor.default\">\n\t\t\t\t<div class=\"elementor-widget-container\">\n\t\t\t\t\t\t\t\t\t<ul><li><a class=\"reference-link\" href=\"https:\/\/www.ema.europa.eu\/en\/documents\/herbal-monograph\/final-european-union-herbal-monograph-vaccinium-macrocarpon-aiton-fructus_en.pdf\" target=\"_blank\" rel=\"noopener\">European Union herbal monograph on Vaccinium macrocarpon Aiton, fructus <\/a><\/li><li><a class=\"reference-link\" href=\"https:\/\/pubmed.ncbi.nlm.nih.gov\/31117097\/\" target=\"_blank\" rel=\"noopener\">A Multicenter, Randomized, Placebo-Controlled Study Evaluating the Efficacy of a Combination of Propolis and Cranberry (Vaccinium macrocarpon) (DUAB\u00ae) in Preventing Low Urinary Tract Infection Recurrence in Women Complaining of Recurrent Cystitis<\/a><\/li><li><a class=\"reference-link\" href=\"https:\/\/pubmed.ncbi.nlm.nih.gov\/32752183\/\" target=\"_blank\" rel=\"noopener\">Cranberry Polyphenols and Prevention against Urinary Tract Infections: Relevant Considerations<\/a><\/li><li><a class=\"reference-link\" href=\"https:\/\/pubmed.ncbi.nlm.nih.gov\/28364867\/\" target=\"_blank\" rel=\"noopener\">Preventing urinary tract infections after menopause without antibiotics<\/a><\/li><\/ul>\t\t\t\t\t\t\t\t<\/div>\n\t\t\t\t<\/div>\n\t\t\t\t\t<\/div>\n\t\t<\/div>\n\t\t\t\t\t<\/div>\n\t\t<\/section>\n\t\t\t\t<\/div>","protected":false},"excerpt":{"rendered":"<p>Cranberry Vaccinium macrocarpon, Vaccinium vitis idea L. &#8211; Ericaceae Cranberry or mountain cranberry is a wild, evergreen plant with red fruit that is grown in the USA and Canada. The cranberry fruit is a medicinal part of this plant and is rich in vitamin C, carotenes, mineral and plant fibers, it also contains a high &hellip;<\/p>\n<p class=\"read-more\"> <a class=\"\" href=\"https:\/\/www.alivitpharm.com\/de\/cranberry\/\"> <span class=\"screen-reader-text\">Moosbeeren<\/span> Weiterlesen &raquo;<\/a><\/p>","protected":false},"author":9,"featured_media":0,"parent":0,"menu_order":0,"comment_status":"closed","ping_status":"closed","template":"","meta":{"site-sidebar-layout":"no-sidebar","site-content-layout":"page-builder","ast-global-header-display":"","ast-main-header-display":"","ast-hfb-above-header-display":"","ast-hfb-below-header-display":"","ast-hfb-mobile-header-display":"","site-post-title":"disabled","ast-breadcrumbs-content":"","ast-featured-img":"disabled","footer-sml-layout":"","theme-transparent-header-meta":"","adv-header-id-meta":"","stick-header-meta":"","header-above-stick-meta":"","header-main-stick-meta":"","header-below-stick-meta":"","footnotes":""},"class_list":["post-10071","page","type-page","status-publish","hentry"],"_links":{"self":[{"href":"https:\/\/www.alivitpharm.com\/de\/wp-json\/wp\/v2\/pages\/10071","targetHints":{"allow":["GET"]}}],"collection":[{"href":"https:\/\/www.alivitpharm.com\/de\/wp-json\/wp\/v2\/pages"}],"about":[{"href":"https:\/\/www.alivitpharm.com\/de\/wp-json\/wp\/v2\/types\/page"}],"author":[{"embeddable":true,"href":"https:\/\/www.alivitpharm.com\/de\/wp-json\/wp\/v2\/users\/9"}],"replies":[{"embeddable":true,"href":"https:\/\/www.alivitpharm.com\/de\/wp-json\/wp\/v2\/comments?post=10071"}],"version-history":[{"count":0,"href":"https:\/\/www.alivitpharm.com\/de\/wp-json\/wp\/v2\/pages\/10071\/revisions"}],"wp:attachment":[{"href":"https:\/\/www.alivitpharm.com\/de\/wp-json\/wp\/v2\/media?parent=10071"}],"curies":[{"name":"wp","href":"https:\/\/api.w.org\/{rel}","templated":true}]}}