{"id":10265,"date":"2024-02-01T12:41:53","date_gmt":"2024-02-01T10:41:53","guid":{"rendered":"https:\/\/www.alivitpharm.com\/?page_id=10265"},"modified":"2024-02-06T09:26:56","modified_gmt":"2024-02-06T07:26:56","slug":"case-study-neuro","status":"publish","type":"page","link":"https:\/\/www.alivitpharm.com\/de\/case-study-neuro\/","title":{"rendered":"Fallstudie: Neuro"},"content":{"rendered":"<div data-elementor-type=\"wp-page\" data-elementor-id=\"10265\" class=\"elementor elementor-10265\">\n\t\t\t\t\t\t<section class=\"elementor-section elementor-top-section elementor-element elementor-element-897fab7 elementor-section-content-middle elementor-section-boxed elementor-section-height-default elementor-section-height-default\" data-id=\"897fab7\" data-element_type=\"section\" data-e-type=\"section\" data-settings=\"{&quot;background_background&quot;:&quot;classic&quot;}\">\n\t\t\t\t\t\t\t<div class=\"elementor-background-overlay\"><\/div>\n\t\t\t\t\t\t\t<div class=\"elementor-container elementor-column-gap-default\">\n\t\t\t\t\t<div class=\"elementor-column elementor-col-100 elementor-top-column elementor-element elementor-element-0721f55\" data-id=\"0721f55\" data-element_type=\"column\" data-e-type=\"column\">\n\t\t\t<div class=\"elementor-widget-wrap elementor-element-populated\">\n\t\t\t\t\t\t<div class=\"elementor-element elementor-element-7bc36be elementor-widget elementor-widget-heading\" data-id=\"7bc36be\" data-element_type=\"widget\" data-e-type=\"widget\" data-widget_type=\"heading.default\">\n\t\t\t\t<div class=\"elementor-widget-container\">\n\t\t\t\t\t<h1 class=\"elementor-heading-title elementor-size-default\">Fallstudie: Neuro<\/h1>\t\t\t\t<\/div>\n\t\t\t\t<\/div>\n\t\t\t\t\t<\/div>\n\t\t<\/div>\n\t\t\t\t\t<\/div>\n\t\t<\/section>\n\t\t\t\t<section class=\"elementor-section elementor-top-section elementor-element elementor-element-61df620 elementor-section-boxed elementor-section-height-default elementor-section-height-default\" data-id=\"61df620\" data-element_type=\"section\" data-e-type=\"section\" data-settings=\"{&quot;background_background&quot;:&quot;classic&quot;}\">\n\t\t\t\t\t\t<div class=\"elementor-container elementor-column-gap-default\">\n\t\t\t\t\t<div class=\"elementor-column elementor-col-33 elementor-top-column elementor-element elementor-element-59446a6\" data-id=\"59446a6\" data-element_type=\"column\" data-e-type=\"column\">\n\t\t\t<div class=\"elementor-widget-wrap elementor-element-populated\">\n\t\t\t\t\t\t<div class=\"elementor-element elementor-element-191d8af elementor-widget elementor-widget-image\" data-id=\"191d8af\" data-element_type=\"widget\" data-e-type=\"widget\" data-widget_type=\"image.default\">\n\t\t\t\t<div class=\"elementor-widget-container\">\n\t\t\t\t\t\t\t\t\t\t\t\t\t\t\t<img fetchpriority=\"high\" decoding=\"async\" width=\"1024\" height=\"1024\" src=\"https:\/\/www.alivitpharm.com\/wp-content\/uploads\/2022\/05\/neuro-front-1024x1024.png\" class=\"attachment-large size-large wp-image-9884\" alt=\"Neuro Front\" srcset=\"https:\/\/www.alivitpharm.com\/wp-content\/uploads\/2022\/05\/neuro-front-1024x1024.png 1024w, https:\/\/www.alivitpharm.com\/wp-content\/uploads\/2022\/05\/neuro-front-300x300.png 300w, https:\/\/www.alivitpharm.com\/wp-content\/uploads\/2022\/05\/neuro-front-150x150.png 150w, https:\/\/www.alivitpharm.com\/wp-content\/uploads\/2022\/05\/neuro-front-768x768.png 768w, https:\/\/www.alivitpharm.com\/wp-content\/uploads\/2022\/05\/neuro-front-12x12.png 12w, https:\/\/www.alivitpharm.com\/wp-content\/uploads\/2022\/05\/neuro-front-600x599.png 600w, https:\/\/www.alivitpharm.com\/wp-content\/uploads\/2022\/05\/neuro-front-100x100.png 100w\" sizes=\"(max-width: 1024px) 100vw, 1024px\" \/>\t\t\t\t\t\t\t\t\t\t\t\t\t\t\t<\/div>\n\t\t\t\t<\/div>\n\t\t\t\t\t<\/div>\n\t\t<\/div>\n\t\t\t\t<div class=\"elementor-column elementor-col-66 elementor-top-column elementor-element elementor-element-403506e\" data-id=\"403506e\" data-element_type=\"column\" data-e-type=\"column\">\n\t\t\t<div class=\"elementor-widget-wrap elementor-element-populated\">\n\t\t\t\t\t\t<div class=\"elementor-element elementor-element-3098ef6 elementor-widget elementor-widget-text-editor\" data-id=\"3098ef6\" data-element_type=\"widget\" data-e-type=\"widget\" data-widget_type=\"text-editor.default\">\n\t\t\t\t<div class=\"elementor-widget-container\">\n\t\t\t\t\t\t\t\t\t<h5><span style=\"text-decoration: underline;\">FALLSTUDIE 1:<\/span><\/h5><p>Der 54-j\u00e4hrige Patient N.D. wurde von seinem Hausarzt wegen Schmerzen im unteren R\u00fccken, die sich auf die linke und rechte H\u00fcfte ausbreiteten, an einen Orthop\u00e4den \u00fcberwiesen. Vor 15 Jahren hatte er Probleme mit dem unteren R\u00fccken, als eine Magnetresonanztomographie der L-S-Wirbels\u00e4ule durchgef\u00fchrt wurde. Er ist von Beruf Zahnarzt, hat ein Problem mit Fettleibigkeit, konsumiert weder Alkohol noch Zigaretten, hat regelm\u00e4\u00dfigen Stuhlgang und keine Probleme beim Wasserlassen, bestreitet Allergien gegen Medikamente.<\/p><p>Bei der Untersuchung diagnostiziert der Orthop\u00e4de eine Lumboschialgie und \u00fcberweist ihn mit einer R\u00f6ntgenaufnahme der L\/S-Wirbels\u00e4ule an einen Neurologen.<\/p><p>Das R\u00f6ntgenbild zeigt spondylodegenerative Ver\u00e4nderungen am Wirbelk\u00f6rper und eine Skoliose der Lendenwirbels\u00e4ule.<\/p>\t\t\t\t\t\t\t\t<\/div>\n\t\t\t\t<\/div>\n\t\t\t\t\t<\/div>\n\t\t<\/div>\n\t\t\t\t\t<\/div>\n\t\t<\/section>\n\t\t\t\t<section class=\"elementor-section elementor-top-section elementor-element elementor-element-8c549b6 elementor-section-boxed elementor-section-height-default elementor-section-height-default\" data-id=\"8c549b6\" data-element_type=\"section\" data-e-type=\"section\" data-settings=\"{&quot;background_background&quot;:&quot;classic&quot;}\">\n\t\t\t\t\t\t<div class=\"elementor-container elementor-column-gap-default\">\n\t\t\t\t\t<div class=\"elementor-column elementor-col-100 elementor-top-column elementor-element elementor-element-d394884\" data-id=\"d394884\" data-element_type=\"column\" data-e-type=\"column\">\n\t\t\t<div class=\"elementor-widget-wrap elementor-element-populated\">\n\t\t\t\t\t\t<div class=\"elementor-element elementor-element-90a3d21 elementor-widget elementor-widget-text-editor\" data-id=\"90a3d21\" data-element_type=\"widget\" data-e-type=\"widget\" data-widget_type=\"text-editor.default\">\n\t\t\t\t<div class=\"elementor-widget-container\">\n\t\t\t\t\t\t\t\t\t<p>Der Patient hatte w\u00e4hrend der ganzen Zeit der Untersuchung Schmerzen im unteren R\u00fcckenbereich, die im Laufe der Tage mehr in das linke Bein als in das rechte Bein reichten, aber der Schmerz spiegelt sich bis zum gro\u00dfen Zeh wider. W\u00e4hrend er auf die Untersuchung beim Neurologen wartet, nimmt er bei Bedarf Diclofenac 50 mg gegen die Schmerzen ein. Diclofenac begann ihm Magenschmerzen zu bereiten, daher r\u00e4t ihm sein Hausarzt, Pantoprazol 20 mg 1\u00d71 morgens auf n\u00fcchternen Magen, eine halbe Stunde vor dem Fr\u00fchst\u00fcck, einzunehmen und Diclofenac niemals auf n\u00fcchternen Magen einzunehmen.<br \/>Sobald die Schmerzen jedoch st\u00e4rker werden, entscheidet sich der Hausarzt f\u00fcr eine parenterale Therapie, die eine Diclofenac-Ampulle in einer Dosis von 75 mg und eine Dexamethason-Ampulle in einer Dosis von 4 mg umfasst. Der Patient erhielt diese Medikamentenkombination 3 Tage lang, danach ging es ihm besser, die Schmerzen waren weniger stark, aber das Taubheitsgef\u00fchl in den F\u00fc\u00dfen ist immer noch vorhanden.<br \/>Der spezialisierte Neurologe \u00fcberweist ihn zu einem MRT der L-S-Wirbels\u00e4ule, bis dahin ggf. Naproxen 550 mg 2\u00d71 nach den Mahlzeiten zu trinken, und von Nahrungserg\u00e4nzungsmitteln r\u00e4t er ihm zur Einnahme von Balck Knoblauch Neuro, Weichkapseln 2\u00d71 Kapseln nach den Mahlzeiten (und dieses Pr\u00e4parat mindestens 3 Monate lang ununterbrochen zu trinken).<br \/>Er ber\u00e4t ihn auch zur Physiotherapie und zur Vermeidung k\u00f6rperlicher Anstrengung.<br \/>Der Herr ist sehr diszipliniert und hat alle Ratschl\u00e4ge befolgt. Da die Schmerzen nicht mehr vorhanden waren, sondern lediglich ein Taubheitsgef\u00fchl und ein leichter Gef\u00fchlsverlust, entschied er sich, kein Naproxen zu trinken und setzte die Therapie mit dem Nahrungserg\u00e4nzungsmittel Balck Knoblauch Neuro fort, das eine sehr komplexe Zusammensetzung aufweist. Enth\u00e4lt \u00d6lextrakte aus fermentiertem Knoblauch, gr\u00fcnem Tee, Rosmarin, Lavendel, Vitamin B1, B2, B6, Vitamin E, Alpha-Lipons\u00e4ure und Selen. Er begann auch mit der Physiotherapie. Nach 20 Tagen der empfohlenen Therapie ging es dem Patienten viel besser, es gab keine Schmerzen und Taubheitsgef\u00fchle mehr und die Beweglichkeit war deutlich besser.<br \/>Vorbeugend wird eine Magnetresonanztomographie der Wirbels\u00e4ule durchgef\u00fchrt, um sicherzustellen, dass es keine gr\u00f6\u00dferen Probleme gibt, aber jetzt geht es ihm gut und er ist mit der Wirkung des Black-Knoblauch-Neuro-Pr\u00e4parats sehr zufrieden. Da es in seiner Familie viele Menschen gibt, die an Wirbels\u00e4ulenerkrankungen leiden, weil sie alle ziemlich gro\u00df und \u00fcbergewichtig sind und Berufe aus\u00fcben, die langes Stehen erfordern, hat er sich entschieden, allen dieses Pr\u00e4parat zu empfehlen, weil es hat ihm sehr geholfen.<\/p>\t\t\t\t\t\t\t\t<\/div>\n\t\t\t\t<\/div>\n\t\t\t\t\t<\/div>\n\t\t<\/div>\n\t\t\t\t\t<\/div>\n\t\t<\/section>\n\t\t\t\t<\/div>","protected":false},"excerpt":{"rendered":"<p>Case Study: Neuro CASE STUDY 1: Patient N.D. aged 54, was referred by his family doctor to an orthopedist due to pain in the lower back, which spread to the left and right hip. He had a problem with his lower back 15 years ago, when a magnetic resonance imaging of the L-S spine was &hellip;<\/p>\n<p class=\"read-more\"> <a class=\"\" href=\"https:\/\/www.alivitpharm.com\/de\/case-study-neuro\/\"> <span class=\"screen-reader-text\">Fallstudie: Neuro<\/span> Weiterlesen &raquo;<\/a><\/p>","protected":false},"author":9,"featured_media":0,"parent":0,"menu_order":0,"comment_status":"closed","ping_status":"closed","template":"","meta":{"site-sidebar-layout":"no-sidebar","site-content-layout":"page-builder","ast-global-header-display":"","ast-main-header-display":"","ast-hfb-above-header-display":"","ast-hfb-below-header-display":"","ast-hfb-mobile-header-display":"","site-post-title":"disabled","ast-breadcrumbs-content":"","ast-featured-img":"disabled","footer-sml-layout":"","theme-transparent-header-meta":"","adv-header-id-meta":"","stick-header-meta":"","header-above-stick-meta":"","header-main-stick-meta":"","header-below-stick-meta":"","footnotes":""},"class_list":["post-10265","page","type-page","status-publish","hentry"],"_links":{"self":[{"href":"https:\/\/www.alivitpharm.com\/de\/wp-json\/wp\/v2\/pages\/10265","targetHints":{"allow":["GET"]}}],"collection":[{"href":"https:\/\/www.alivitpharm.com\/de\/wp-json\/wp\/v2\/pages"}],"about":[{"href":"https:\/\/www.alivitpharm.com\/de\/wp-json\/wp\/v2\/types\/page"}],"author":[{"embeddable":true,"href":"https:\/\/www.alivitpharm.com\/de\/wp-json\/wp\/v2\/users\/9"}],"replies":[{"embeddable":true,"href":"https:\/\/www.alivitpharm.com\/de\/wp-json\/wp\/v2\/comments?post=10265"}],"version-history":[{"count":0,"href":"https:\/\/www.alivitpharm.com\/de\/wp-json\/wp\/v2\/pages\/10265\/revisions"}],"wp:attachment":[{"href":"https:\/\/www.alivitpharm.com\/de\/wp-json\/wp\/v2\/media?parent=10265"}],"curies":[{"name":"wp","href":"https:\/\/api.w.org\/{rel}","templated":true}]}}