{"id":10390,"date":"2024-02-05T15:52:34","date_gmt":"2024-02-05T13:52:34","guid":{"rendered":"https:\/\/www.alivitpharm.com\/?page_id=10390"},"modified":"2024-02-06T09:58:22","modified_gmt":"2024-02-06T07:58:22","slug":"case-study-immuno-active","status":"publish","type":"page","link":"https:\/\/www.alivitpharm.com\/de\/case-study-immuno-active\/","title":{"rendered":"Fallstudie: Immuno Active"},"content":{"rendered":"<div data-elementor-type=\"wp-page\" data-elementor-id=\"10390\" class=\"elementor elementor-10390\">\n\t\t\t\t\t\t<section class=\"elementor-section elementor-top-section elementor-element elementor-element-b222d85 elementor-section-content-middle elementor-section-boxed elementor-section-height-default elementor-section-height-default\" data-id=\"b222d85\" data-element_type=\"section\" data-e-type=\"section\" data-settings=\"{&quot;background_background&quot;:&quot;classic&quot;}\">\n\t\t\t\t\t\t\t<div class=\"elementor-background-overlay\"><\/div>\n\t\t\t\t\t\t\t<div class=\"elementor-container elementor-column-gap-default\">\n\t\t\t\t\t<div class=\"elementor-column elementor-col-100 elementor-top-column elementor-element elementor-element-cdb88ca\" data-id=\"cdb88ca\" data-element_type=\"column\" data-e-type=\"column\">\n\t\t\t<div class=\"elementor-widget-wrap elementor-element-populated\">\n\t\t\t\t\t\t<div class=\"elementor-element elementor-element-4f18c66 elementor-widget elementor-widget-heading\" data-id=\"4f18c66\" data-element_type=\"widget\" data-e-type=\"widget\" data-widget_type=\"heading.default\">\n\t\t\t\t<div class=\"elementor-widget-container\">\n\t\t\t\t\t<h1 class=\"elementor-heading-title elementor-size-default\">Fallstudie: Immuno Active<\/h1>\t\t\t\t<\/div>\n\t\t\t\t<\/div>\n\t\t\t\t\t<\/div>\n\t\t<\/div>\n\t\t\t\t\t<\/div>\n\t\t<\/section>\n\t\t\t\t<section class=\"elementor-section elementor-top-section elementor-element elementor-element-6d466a0 elementor-section-boxed elementor-section-height-default elementor-section-height-default\" data-id=\"6d466a0\" data-element_type=\"section\" data-e-type=\"section\" data-settings=\"{&quot;background_background&quot;:&quot;classic&quot;}\">\n\t\t\t\t\t\t<div class=\"elementor-container elementor-column-gap-default\">\n\t\t\t\t\t<div class=\"elementor-column elementor-col-33 elementor-top-column elementor-element elementor-element-0864268\" data-id=\"0864268\" data-element_type=\"column\" data-e-type=\"column\">\n\t\t\t<div class=\"elementor-widget-wrap elementor-element-populated\">\n\t\t\t\t\t\t<div class=\"elementor-element elementor-element-52338c6 elementor-widget elementor-widget-image\" data-id=\"52338c6\" data-element_type=\"widget\" data-e-type=\"widget\" data-widget_type=\"image.default\">\n\t\t\t\t<div class=\"elementor-widget-container\">\n\t\t\t\t\t\t\t\t\t\t\t\t\t\t\t<img fetchpriority=\"high\" decoding=\"async\" width=\"1024\" height=\"1024\" src=\"https:\/\/www.alivitpharm.com\/wp-content\/uploads\/2022\/05\/immuno-active-front-1024x1024.png\" class=\"attachment-large size-large wp-image-9882\" alt=\"Immuno Active Front\" srcset=\"https:\/\/www.alivitpharm.com\/wp-content\/uploads\/2022\/05\/immuno-active-front-1024x1024.png 1024w, https:\/\/www.alivitpharm.com\/wp-content\/uploads\/2022\/05\/immuno-active-front-300x300.png 300w, https:\/\/www.alivitpharm.com\/wp-content\/uploads\/2022\/05\/immuno-active-front-150x150.png 150w, https:\/\/www.alivitpharm.com\/wp-content\/uploads\/2022\/05\/immuno-active-front-768x768.png 768w, https:\/\/www.alivitpharm.com\/wp-content\/uploads\/2022\/05\/immuno-active-front-12x12.png 12w, https:\/\/www.alivitpharm.com\/wp-content\/uploads\/2022\/05\/immuno-active-front-600x599.png 600w, https:\/\/www.alivitpharm.com\/wp-content\/uploads\/2022\/05\/immuno-active-front-100x100.png 100w\" sizes=\"(max-width: 1024px) 100vw, 1024px\" \/>\t\t\t\t\t\t\t\t\t\t\t\t\t\t\t<\/div>\n\t\t\t\t<\/div>\n\t\t\t\t\t<\/div>\n\t\t<\/div>\n\t\t\t\t<div class=\"elementor-column elementor-col-66 elementor-top-column elementor-element elementor-element-943f719\" data-id=\"943f719\" data-element_type=\"column\" data-e-type=\"column\">\n\t\t\t<div class=\"elementor-widget-wrap elementor-element-populated\">\n\t\t\t\t\t\t<div class=\"elementor-element elementor-element-9a4c00b elementor-widget elementor-widget-text-editor\" data-id=\"9a4c00b\" data-element_type=\"widget\" data-e-type=\"widget\" data-widget_type=\"text-editor.default\">\n\t\t\t\t<div class=\"elementor-widget-container\">\n\t\t\t\t\t\t\t\t\t<h5><span style=\"text-decoration: underline;\">FALLSTUDIE 1:<\/span><\/h5><p>Bei einer 56-j\u00e4hrigen Patientin, Mutter von zwei Kindern und normaler Konstitution, wurde Brustkrebs diagnostiziert. Die Diagnose wurde vor 5 Jahren gestellt und sie wurde mit Tamoxifen in einer Dosis von 20 mg behandelt, mit regelm\u00e4\u00dfigen Brust- und Endometriumkontrollen. Nach 5 Jahren kommt es zu einem R\u00fcckfall, wenn die Patientin an die \u00c4rztekammer \u00fcberwiesen wird, wo ihr eine biologische Therapie verschrieben wird. Bei der Behandlung mit biologischer Therapie treten Nebenwirkungen wie An\u00e4mie, Leukopenie (verminderte Leukozytenzahl) sowie Bluthochdruck auf. Es wurden blutdrucksenkende Medikamente verschrieben, so dass der Blutdruck unter Kontrolle gebracht werden konnte.<\/p><p>Die panische Patientin, sei es wegen der Diagnose oder wegen all der Nebenwirkungen der Therapie, kommt in die Apotheke und bittet um etwas, das ihr hilft, ihr Immunsystem schnell zu st\u00e4rken, damit sie die Therapie fortsetzen kann Grundkrankheit.<\/p><p>\u00a0<\/p>\t\t\t\t\t\t\t\t<\/div>\n\t\t\t\t<\/div>\n\t\t\t\t\t<\/div>\n\t\t<\/div>\n\t\t\t\t\t<\/div>\n\t\t<\/section>\n\t\t\t\t<section class=\"elementor-section elementor-top-section elementor-element elementor-element-ff34a60 elementor-section-boxed elementor-section-height-default elementor-section-height-default\" data-id=\"ff34a60\" data-element_type=\"section\" data-e-type=\"section\" data-settings=\"{&quot;background_background&quot;:&quot;classic&quot;}\">\n\t\t\t\t\t\t<div class=\"elementor-container elementor-column-gap-default\">\n\t\t\t\t\t<div class=\"elementor-column elementor-col-100 elementor-top-column elementor-element elementor-element-49077ba\" data-id=\"49077ba\" data-element_type=\"column\" data-e-type=\"column\">\n\t\t\t<div class=\"elementor-widget-wrap elementor-element-populated\">\n\t\t\t\t\t\t<div class=\"elementor-element elementor-element-3e760b1 elementor-widget elementor-widget-text-editor\" data-id=\"3e760b1\" data-element_type=\"widget\" data-e-type=\"widget\" data-widget_type=\"text-editor.default\">\n\t\t\t\t<div class=\"elementor-widget-container\">\n\t\t\t\t\t\t\t\t\t<p>Von der Apothekerin in der Apotheke erhielt sie eine Empfehlung f\u00fcr das Produkt Balck Knoblauch Immuno aktiv, dessen Zusammensetzung sehr komplex ist (es enth\u00e4lt \u00d6lextrakte aus fermentiertem Knoblauch, schwarzer Johannisbeere, Wildrose und Ingwer, Vitamin C, Vitamin D3, Zink). und Selen). Der Apotheker erkl\u00e4rte ihr, dass der fermentierte Knoblauch (schwarzer Knoblauch), der Teil des Produkts ist, immunmodulatorische (ver\u00e4ndert die Funktion des Immunsystems), antioxidative (neutralisiert freie Radikale), entz\u00fcndungshemmende (lindert die Entz\u00fcndungsreaktion) und antitumorale Wirkungen aufweist und dass Frau eine ideale Kandidatin f\u00fcr die Verwendung dieses Nahrungserg\u00e4nzungsmittels ist. Ein zus\u00e4tzlicher Vorteil dieses Produkts im Vergleich zu anderen Nahrungserg\u00e4nzungsmitteln besteht darin, dass Black Garlic Immuno Active in Form von Weichgelatinekapseln vorliegt und die biologische Verf\u00fcgbarkeit der Wirkstoffe in dieser Darreichungsform deutlich besser ist.<\/p><p>Sie sagt, dass sie sich sehr abwechslungsreich ern\u00e4hrt und alle Lebensmittel zu sich nimmt, die den Eisenspiegel und damit den H\u00e4moglobinspiegel erh\u00f6hen (R\u00fcben, Eier, gr\u00fcnes Gem\u00fcse, Leber), aber mit den Ergebnissen ist sie nicht zufrieden.<\/p><p>Sie beschloss, auf ihren Apotheker zu h\u00f6ren und mit der Therapie zu beginnen. Ihr wurde geraten, das Pr\u00e4parat 2\u00d71 Kapsel zu trinken und ihre Ergebnisse nach einem Monat zu wiederholen.<\/p><p>Zu Beginn der Therapie sah ihr Blutbild so aus:<\/p><p>Leukozyten 3,00 Referenz<br \/>Werte: 3,4-9,7 x 109 g\/L<\/p><p>Lymphozyten 55,70<br \/>Referenzwerte: 20-46 %<\/p><p>Monozyten 10,70 Referenz<br \/>Werte: 2-12 %<\/p><p>Granulozyten 22,60<br \/>Referenzwerte: 0-2 %<\/p><p>Erythrozyten: 3,37 Referenz<br \/>Werte: 3,86-5,08 x 1012 \/ L<\/p><p>H\u00e4moglobin: 100 Referenz<br \/>Werte: 119-157 g\/L<\/p><p>H\u00e4matokrit: 33,1 Referenz<br \/>Werte: 35,6-47 %<\/p><p>MCH: 35,9 Referenzwerte:<br \/>27,4\u201333,9 Seiten<\/p><p>MCHC: 36,6 Referenz<br \/>Werte: 320-345 g\/L<\/p><p>RDW-CV: 11.3 Referenz<br \/>Werte: 9-15%<\/p><p>Blutpl\u00e4ttchen: 169 Referenz<br \/>Werte: 158-424 x 109 L<\/p><p>MPV: 7,5 Referenzwerte:<br \/>6.8-10.4 fL<\/p><p>MCV: 98,2 Referenzwerte:<br \/>83-97.2 fL<\/p><p>Nach einem Monat der Anwendung des Black-Knoblauch-Immun-Wirkstoffpr\u00e4parats sah das Blutbild viel besser aus und der Patient f\u00fchlte sich deutlich besser.<\/p><p>Bluttestergebnisse nach nur einem Monat Anwendung des Produkts:<\/p><p>Leukozyten 3,40 Referenzwerte: 3,4-9,7 x109 g\/L<\/p><p>Lymphozyten 53,80 Referenzwerte: 20-46 %<\/p><p>Monozyten 10,00 Referenzwerte: 2-12 %<\/p><p>Granulozyten 21,60 Referenzwerte: 0-2 %<\/p><p>Erythrozyten: 3,98 Referenzwerte: 3,86-5,08 x 1012 \/ L<\/p><p>H\u00e4moglobin: 121 Referenzwerte: 119-157 g\/L<\/p><p>H\u00e4matokrit: 38,5 Referenzwerte: 35,6-47 %<\/p><p>MCH: 36,7 Referenzwerte: 27,4\u201333,9 pg<\/p><p>MCHC: 37,9 Referenzwerte: 320-345 g\/L<\/p><p>RDW-CV: 12,8 Referenzwerte: 9-15 %<\/p><p>Thrombozyten: 175 Referenzwerte: 158-424 x 109 L<\/p><p>MPV: 6,8 Referenzwerte: 6,8\u201310,4 fL<\/p><p>MCV: 96,7 Referenzwerte: 83-97,2 fL<\/p><p>Sie beschloss, die Therapie noch zwei Monate fortzusetzen, da gerade Winter ist und sie ihren K\u00f6rper vor verschiedenen Infektionen sch\u00fctzen m\u00f6chte.<\/p><p>Sie sagt, dass sie die Behandlung der Grunderkrankung viel besser vertr\u00e4gt, leistungsf\u00e4higer ist, das Gef\u00fchl hat, mehr Energie zu haben und allt\u00e4glichen Aktivit\u00e4ten nachgehen zu k\u00f6nnen, was ihr vorher nicht m\u00f6glich war, weil sie sich schwach und m\u00fcde f\u00fchlte. Ihre Kontrolluntersuchung findet erst in 2 Monaten statt, sodass wir mehr \u00fcber den Erfolg der biologischen Therapie wissen werden.<\/p><p>Au\u00dferdem hat sie sich f\u00fcr das Pflegepr\u00e4parat \u201eSchwarzer Knoblauch Hepato\u201c entschieden, da die verordnete Therapie der Grunderkrankung die Leber belastet und sie mit diesem Produkt den Anstieg der Leberenzyme verhindern m\u00f6chte.<\/p><p>Wie eingangs geschrieben, ist sie Mutter von zwei Kindern und hat gelesen, dass das Pr\u00e4parat von Kindern \u00fcber 12 Jahren verwendet werden kann und sie daher auch die immunaktiven Balck-Knoblauch-Weichkapseln einnehmen werden.<\/p><p>\u00a0<\/p>\t\t\t\t\t\t\t\t<\/div>\n\t\t\t\t<\/div>\n\t\t\t\t\t<\/div>\n\t\t<\/div>\n\t\t\t\t\t<\/div>\n\t\t<\/section>\n\t\t\t\t<\/div>","protected":false},"excerpt":{"rendered":"<p>Case Study: Immuno Active CASE STUDY 1: A 56-year-old patient, mother of two children, with a normal constitution, has been diagnosed with breast cancer. The diagnosis was made 5 years ago and she was treated with tamoxifen at a dose of 20 mg, with regular breast and endometrial checks. After 5 years, a relapse occurs &hellip;<\/p>\n<p class=\"read-more\"> <a class=\"\" href=\"https:\/\/www.alivitpharm.com\/de\/case-study-immuno-active\/\"> <span class=\"screen-reader-text\">Fallstudie: Immuno Active<\/span> Weiterlesen &raquo;<\/a><\/p>","protected":false},"author":9,"featured_media":0,"parent":0,"menu_order":0,"comment_status":"closed","ping_status":"closed","template":"","meta":{"site-sidebar-layout":"no-sidebar","site-content-layout":"page-builder","ast-global-header-display":"","ast-main-header-display":"","ast-hfb-above-header-display":"","ast-hfb-below-header-display":"","ast-hfb-mobile-header-display":"","site-post-title":"disabled","ast-breadcrumbs-content":"","ast-featured-img":"disabled","footer-sml-layout":"","theme-transparent-header-meta":"","adv-header-id-meta":"","stick-header-meta":"","header-above-stick-meta":"","header-main-stick-meta":"","header-below-stick-meta":"","footnotes":""},"class_list":["post-10390","page","type-page","status-publish","hentry"],"_links":{"self":[{"href":"https:\/\/www.alivitpharm.com\/de\/wp-json\/wp\/v2\/pages\/10390","targetHints":{"allow":["GET"]}}],"collection":[{"href":"https:\/\/www.alivitpharm.com\/de\/wp-json\/wp\/v2\/pages"}],"about":[{"href":"https:\/\/www.alivitpharm.com\/de\/wp-json\/wp\/v2\/types\/page"}],"author":[{"embeddable":true,"href":"https:\/\/www.alivitpharm.com\/de\/wp-json\/wp\/v2\/users\/9"}],"replies":[{"embeddable":true,"href":"https:\/\/www.alivitpharm.com\/de\/wp-json\/wp\/v2\/comments?post=10390"}],"version-history":[{"count":0,"href":"https:\/\/www.alivitpharm.com\/de\/wp-json\/wp\/v2\/pages\/10390\/revisions"}],"wp:attachment":[{"href":"https:\/\/www.alivitpharm.com\/de\/wp-json\/wp\/v2\/media?parent=10390"}],"curies":[{"name":"wp","href":"https:\/\/api.w.org\/{rel}","templated":true}]}}