{"id":10556,"date":"2024-02-12T09:27:58","date_gmt":"2024-02-12T07:27:58","guid":{"rendered":"https:\/\/www.alivitpharm.com\/?page_id=10556"},"modified":"2025-02-03T10:46:58","modified_gmt":"2025-02-03T08:46:58","slug":"chromium","status":"publish","type":"page","link":"https:\/\/www.alivitpharm.com\/de\/chromium\/","title":{"rendered":"Chrom"},"content":{"rendered":"<div data-elementor-type=\"wp-page\" data-elementor-id=\"10556\" class=\"elementor elementor-10556\">\n\t\t\t\t\t\t<section class=\"elementor-section elementor-top-section elementor-element elementor-element-5100aec elementor-section-content-middle elementor-section-boxed elementor-section-height-default elementor-section-height-default\" data-id=\"5100aec\" data-element_type=\"section\" data-e-type=\"section\" data-settings=\"{&quot;background_background&quot;:&quot;classic&quot;}\">\n\t\t\t\t\t\t\t<div class=\"elementor-background-overlay\"><\/div>\n\t\t\t\t\t\t\t<div class=\"elementor-container elementor-column-gap-default\">\n\t\t\t\t\t<div class=\"elementor-column elementor-col-100 elementor-top-column elementor-element elementor-element-f199187\" data-id=\"f199187\" data-element_type=\"column\" data-e-type=\"column\">\n\t\t\t<div class=\"elementor-widget-wrap elementor-element-populated\">\n\t\t\t\t\t\t<div class=\"elementor-element elementor-element-4da319d elementor-widget elementor-widget-heading\" data-id=\"4da319d\" data-element_type=\"widget\" data-e-type=\"widget\" data-widget_type=\"heading.default\">\n\t\t\t\t<div class=\"elementor-widget-container\">\n\t\t\t\t\t<h1 class=\"elementor-heading-title elementor-size-default\">Chrom<\/h1>\t\t\t\t<\/div>\n\t\t\t\t<\/div>\n\t\t\t\t<div class=\"elementor-element elementor-element-385f270 elementor-widget elementor-widget-image\" data-id=\"385f270\" data-element_type=\"widget\" data-e-type=\"widget\" data-widget_type=\"image.default\">\n\t\t\t\t<div class=\"elementor-widget-container\">\n\t\t\t\t\t\t\t\t\t\t\t\t\t\t\t<img decoding=\"async\" src=\"https:\/\/www.alivitpharm.com\/wp-content\/uploads\/2022\/10\/pill.png\" title=\"pill\" alt=\"Pill\" loading=\"lazy\" \/>\t\t\t\t\t\t\t\t\t\t\t\t\t\t\t<\/div>\n\t\t\t\t<\/div>\n\t\t\t\t<div class=\"elementor-element elementor-element-9cc96fd elementor-widget elementor-widget-text-editor\" data-id=\"9cc96fd\" data-element_type=\"widget\" data-e-type=\"widget\" data-widget_type=\"text-editor.default\">\n\t\t\t\t<div class=\"elementor-widget-container\">\n\t\t\t\t\t\t\t\t\t<p><em>Cr<\/em><\/p>\t\t\t\t\t\t\t\t<\/div>\n\t\t\t\t<\/div>\n\t\t\t\t\t<\/div>\n\t\t<\/div>\n\t\t\t\t\t<\/div>\n\t\t<\/section>\n\t\t\t\t<section class=\"elementor-section elementor-top-section elementor-element elementor-element-81ab995 elementor-section-boxed elementor-section-height-default elementor-section-height-default\" data-id=\"81ab995\" data-element_type=\"section\" data-e-type=\"section\" data-settings=\"{&quot;background_background&quot;:&quot;classic&quot;}\">\n\t\t\t\t\t\t<div class=\"elementor-container elementor-column-gap-default\">\n\t\t\t\t\t<div class=\"elementor-column elementor-col-100 elementor-top-column elementor-element elementor-element-03d3dd3\" data-id=\"03d3dd3\" data-element_type=\"column\" data-e-type=\"column\">\n\t\t\t<div class=\"elementor-widget-wrap elementor-element-populated\">\n\t\t\t\t\t\t<div class=\"elementor-element elementor-element-d163dea elementor-widget elementor-widget-text-editor\" data-id=\"d163dea\" data-element_type=\"widget\" data-e-type=\"widget\" data-widget_type=\"text-editor.default\">\n\t\t\t\t<div class=\"elementor-widget-container\">\n\t\t\t\t\t\t\t\t\t<p><span class=\"jCAhz ChMk0b\"><span class=\"ryNqvb\"><strong>Chrom<\/strong> geh\u00f6rt zur Gruppe der essentiellen Spurenelemente (Mikromineralien). Im K\u00f6rper kommt es in anorganischer Form im Zellkern und in Form einer aktiven organischen Verbindung, eines dreiwertigen Molek\u00fcls, namens Glukosetoleranzfaktor (GTF) oder Chromodulin, vor. Chrom unterst\u00fctzt den Glukosestoffwechsel, reguliert den Insulinspiegel und sorgt f\u00fcr einen gesunden Cholesterinspiegel und andere Fette im Blut.<\/span><\/span><\/p><p><span class=\"jCAhz ChMk0b\"><span class=\"ryNqvb\"> Durch die Regulierung der Insulinwirkung h\u00e4lt Chrom den Blutzuckerspiegel aufrecht und beeinflusst somit h\u00f6chstwahrscheinlich die Appetitkontrolle. Ohne die Anwesenheit von GTF-Chrom ist Insulin v\u00f6llig wirkungslos, sodass sein Mangel in der Ern\u00e4hrung bei \u00e4lteren Menschen die Ursache f\u00fcr Diabetes und Arteriosklerose sein kann. Lebensmittel, die reich an Chrom sind, sind: Backhefe, Vollkornprodukte, Brokkoli, Pflaumen, Pilze, Bier.<\/span><\/span><\/p>\t\t\t\t\t\t\t\t<\/div>\n\t\t\t\t<\/div>\n\t\t\t\t<div class=\"elementor-element elementor-element-c3bf8e2 elementor-widget elementor-widget-image\" data-id=\"c3bf8e2\" data-element_type=\"widget\" data-e-type=\"widget\" data-widget_type=\"image.default\">\n\t\t\t\t<div class=\"elementor-widget-container\">\n\t\t\t\t\t\t\t\t\t\t\t\t\t\t\t<img decoding=\"async\" src=\"https:\/\/www.alivitpharm.com\/wp-content\/uploads\/2022\/09\/leaves.png\" title=\"leaves\" alt=\"Leaves\" loading=\"lazy\" \/>\t\t\t\t\t\t\t\t\t\t\t\t\t\t\t<\/div>\n\t\t\t\t<\/div>\n\t\t\t\t<div class=\"elementor-element elementor-element-3ecd0c1 elementor-widget elementor-widget-text-editor\" data-id=\"3ecd0c1\" data-element_type=\"widget\" data-e-type=\"widget\" data-widget_type=\"text-editor.default\">\n\t\t\t\t<div class=\"elementor-widget-container\">\n\t\t\t\t\t\t\t\t\t<p>Chrom wird vom K\u00f6rper schlecht absorbiert und kommt daher in Nahrungserg\u00e4nzungsmitteln in Kombination mit einer anderen Verbindung vor, die leichter absorbiert werden kann (Vitamine oder in Form von Aminos\u00e4urechelaten, bei denen das Mineral chemisch an eine Aminos\u00e4ure gebunden ist).<\/p><p><strong>Wirkung:<\/strong><br \/>Die t\u00e4gliche Einnahme von Chrom in vorgeschriebenen Tagesdosen kann folgende Auswirkungen haben:<br \/><span class=\"jCAhz ChMk0b\"><span class=\"ryNqvb\">\u2022 Senkung des Zucker, Triglycerid, Cholesterin und Fettspiegels im Allgemeinen;<br \/><\/span><\/span><span class=\"jCAhz ChMk0b\"><span class=\"ryNqvb\">\u2022 Steigerung der Insulineffizienz;<br \/><\/span><\/span><span class=\"jCAhz ChMk0b\"><span class=\"ryNqvb\">\u2022 Verringerung des Risikos f\u00fcr Diabetes mellitus (Diabetes mellitus);<br \/><\/span><\/span><span class=\"jCAhz ChMk0b\"><span class=\"ryNqvb\">\u2022 Erg\u00e4nzung zur bestehenden Diabetes-Therapie mit klassischen Medikamenten und \u00e4rztlich verordnetem Insulin;<br \/><\/span><\/span><span class=\"jCAhz ChMk0b\"><span class=\"ryNqvb\">\u2022 Kontrolle des Hungers und Reduzierung des Appetits bei Fettleibigkeit;<br \/><\/span><\/span><span class=\"jCAhz ChMk0b\"><span class=\"ryNqvb\">\u2022 Reducing the risk of cataracts;<br \/><\/span><\/span><span class=\"jCAhz ChMk0b\"><span class=\"ryNqvb\">\u2022 Preventing high blood pressure and maintaining the health of the cardiovascular system;<br \/><\/span><\/span><span class=\"jCAhz ChMk0b\"><span class=\"ryNqvb\">\u2022 Steigerung der Muskelmasse (ohne Fettdepots) und Definition;<br \/><\/span><\/span><span class=\"jCAhz ChMk0b\"><span class=\"ryNqvb\">\u2022 Steigerung von Energie und Ausdauer;<\/span><\/span><\/p><p><span class=\"jCAhz ChMk0b\"><span class=\"ryNqvb\">Chrom ist ein unersetzlicher Bestandteil von Fatburnern und geh\u00f6rt zum Programm jeder modernen Di\u00e4t.<\/span><\/span> <span class=\"jCAhz ChMk0b\"><span class=\"ryNqvb\">Chrom hilft Insulin nicht nur dabei, Fett und Glukose zu verstoffwechseln, sondern f\u00f6rdert auch die Umwandlung von Protein in Muskelmasse und Zucker in Energie.<\/span><\/span> <span class=\"jCAhz ChMk0b\"><span class=\"ryNqvb\">Es liefert gr\u00f6\u00dfere Zuckermengen f\u00fcr die Energiegewinnung, was das Energieniveau und die Ausdauer um ein Vielfaches steigert und gleichzeitig die Muskelmasse betont, wodurch die Wirkung des sogenannten<\/span><\/span> <span class=\"jCAhz ChMk0b\"><span class=\"ryNqvb\">Muskeldefinition erzielt wird.<\/span><\/span> <span class=\"jCAhz ChMk0b\"><span class=\"ryNqvb\">Deshalb ist es ein beliebtes Nahrungserg\u00e4nzungsmittel aller Sportler.<\/span><\/span><\/p>\t\t\t\t\t\t\t\t<\/div>\n\t\t\t\t<\/div>\n\t\t\t\t<div class=\"elementor-element elementor-element-07a733f elementor-widget elementor-widget-heading\" data-id=\"07a733f\" data-element_type=\"widget\" data-e-type=\"widget\" data-widget_type=\"heading.default\">\n\t\t\t\t<div class=\"elementor-widget-container\">\n\t\t\t\t\t<h4 class=\"elementor-heading-title elementor-size-default\">Referenzen<\/h4>\t\t\t\t<\/div>\n\t\t\t\t<\/div>\n\t\t\t\t<div class=\"elementor-element elementor-element-8caf536 elementor-widget elementor-widget-text-editor\" data-id=\"8caf536\" data-element_type=\"widget\" data-e-type=\"widget\" data-widget_type=\"text-editor.default\">\n\t\t\t\t<div class=\"elementor-widget-container\">\n\t\t\t\t\t\t\t\t\t<ul><li><a class=\"reference-link\" href=\"https:\/\/www.efsa.europa.eu\/en\/efsajournal\/pub\/3845\" target=\"_blank\" rel=\"noopener\">Scientific Opinion on Dietary Reference Values for chromium<\/a><\/li><\/ul>\t\t\t\t\t\t\t\t<\/div>\n\t\t\t\t<\/div>\n\t\t\t\t\t<\/div>\n\t\t<\/div>\n\t\t\t\t\t<\/div>\n\t\t<\/section>\n\t\t\t\t<\/div>","protected":false},"excerpt":{"rendered":"<p>Chromium Cr Chromium belongs to the group of essential trace minerals (microminerals). In the body, it occurs in an inorganic form, in the cell nucleus, and in the form of an active organic compound, a trivalent molecule, called Glucose Tolerance Factor (GTF) or chromodulin. Chromium helps glucose metabolism, regulates insulin levels and maintains healthy levels &hellip;<\/p>\n<p class=\"read-more\"> <a class=\"\" href=\"https:\/\/www.alivitpharm.com\/de\/chromium\/\"> <span class=\"screen-reader-text\">Chrom<\/span> Weiterlesen &raquo;<\/a><\/p>","protected":false},"author":9,"featured_media":0,"parent":0,"menu_order":0,"comment_status":"closed","ping_status":"closed","template":"","meta":{"site-sidebar-layout":"no-sidebar","site-content-layout":"page-builder","ast-global-header-display":"","ast-main-header-display":"","ast-hfb-above-header-display":"","ast-hfb-below-header-display":"","ast-hfb-mobile-header-display":"","site-post-title":"disabled","ast-breadcrumbs-content":"","ast-featured-img":"disabled","footer-sml-layout":"","theme-transparent-header-meta":"","adv-header-id-meta":"","stick-header-meta":"","header-above-stick-meta":"","header-main-stick-meta":"","header-below-stick-meta":"","footnotes":""},"class_list":["post-10556","page","type-page","status-publish","hentry"],"_links":{"self":[{"href":"https:\/\/www.alivitpharm.com\/de\/wp-json\/wp\/v2\/pages\/10556","targetHints":{"allow":["GET"]}}],"collection":[{"href":"https:\/\/www.alivitpharm.com\/de\/wp-json\/wp\/v2\/pages"}],"about":[{"href":"https:\/\/www.alivitpharm.com\/de\/wp-json\/wp\/v2\/types\/page"}],"author":[{"embeddable":true,"href":"https:\/\/www.alivitpharm.com\/de\/wp-json\/wp\/v2\/users\/9"}],"replies":[{"embeddable":true,"href":"https:\/\/www.alivitpharm.com\/de\/wp-json\/wp\/v2\/comments?post=10556"}],"version-history":[{"count":3,"href":"https:\/\/www.alivitpharm.com\/de\/wp-json\/wp\/v2\/pages\/10556\/revisions"}],"predecessor-version":[{"id":11389,"href":"https:\/\/www.alivitpharm.com\/de\/wp-json\/wp\/v2\/pages\/10556\/revisions\/11389"}],"wp:attachment":[{"href":"https:\/\/www.alivitpharm.com\/de\/wp-json\/wp\/v2\/media?parent=10556"}],"curies":[{"name":"wp","href":"https:\/\/api.w.org\/{rel}","templated":true}]}}