{"id":12299,"date":"2025-05-21T08:36:17","date_gmt":"2025-05-21T06:36:17","guid":{"rendered":"https:\/\/www.alivitpharm.com\/?page_id=12299"},"modified":"2025-05-21T11:18:37","modified_gmt":"2025-05-21T09:18:37","slug":"sweet-wormwood","status":"publish","type":"page","link":"https:\/\/www.alivitpharm.com\/de\/sweet-wormwood\/","title":{"rendered":"Einj\u00e4hriger Beifu\u00df"},"content":{"rendered":"<div data-elementor-type=\"wp-page\" data-elementor-id=\"12299\" class=\"elementor elementor-12299\">\n\t\t\t\t\t\t<section class=\"elementor-section elementor-top-section elementor-element elementor-element-ba433ad elementor-section-content-middle elementor-section-boxed elementor-section-height-default elementor-section-height-default\" data-id=\"ba433ad\" data-element_type=\"section\" data-e-type=\"section\" data-settings=\"{&quot;background_background&quot;:&quot;classic&quot;}\">\n\t\t\t\t\t\t\t<div class=\"elementor-background-overlay\"><\/div>\n\t\t\t\t\t\t\t<div class=\"elementor-container elementor-column-gap-default\">\n\t\t\t\t\t<div class=\"elementor-column elementor-col-100 elementor-top-column elementor-element elementor-element-5e9d3d4\" data-id=\"5e9d3d4\" data-element_type=\"column\" data-e-type=\"column\">\n\t\t\t<div class=\"elementor-widget-wrap elementor-element-populated\">\n\t\t\t\t\t\t<div class=\"elementor-element elementor-element-c9679c5 elementor-widget elementor-widget-heading\" data-id=\"c9679c5\" data-element_type=\"widget\" data-e-type=\"widget\" data-widget_type=\"heading.default\">\n\t\t\t\t<div class=\"elementor-widget-container\">\n\t\t\t\t\t<h1 class=\"elementor-heading-title elementor-size-default\">Einj\u00e4hriger Beifu\u00df<\/h1>\t\t\t\t<\/div>\n\t\t\t\t<\/div>\n\t\t\t\t<div class=\"elementor-element elementor-element-3a034b5 elementor-widget elementor-widget-image\" data-id=\"3a034b5\" data-element_type=\"widget\" data-e-type=\"widget\" data-widget_type=\"image.default\">\n\t\t\t\t<div class=\"elementor-widget-container\">\n\t\t\t\t\t\t\t\t\t\t\t\t\t\t\t<img decoding=\"async\" width=\"75\" height=\"33\" src=\"https:\/\/www.alivitpharm.com\/wp-content\/uploads\/2019\/07\/logo-leaf-new.png\" class=\"attachment-large size-large wp-image-2518\" alt=\"\" \/>\t\t\t\t\t\t\t\t\t\t\t\t\t\t\t<\/div>\n\t\t\t\t<\/div>\n\t\t\t\t<div class=\"elementor-element elementor-element-8ae1a0f elementor-widget elementor-widget-text-editor\" data-id=\"8ae1a0f\" data-element_type=\"widget\" data-e-type=\"widget\" data-widget_type=\"text-editor.default\">\n\t\t\t\t<div class=\"elementor-widget-container\">\n\t\t\t\t\t\t\t\t\t<p><em>Artemisia annua L. &#8211; Asteraceae<\/em><\/p>\t\t\t\t\t\t\t\t<\/div>\n\t\t\t\t<\/div>\n\t\t\t\t\t<\/div>\n\t\t<\/div>\n\t\t\t\t\t<\/div>\n\t\t<\/section>\n\t\t\t\t<section class=\"elementor-section elementor-top-section elementor-element elementor-element-0daa588 elementor-section-boxed elementor-section-height-default elementor-section-height-default\" data-id=\"0daa588\" data-element_type=\"section\" data-e-type=\"section\" data-settings=\"{&quot;background_background&quot;:&quot;classic&quot;}\">\n\t\t\t\t\t\t<div class=\"elementor-container elementor-column-gap-default\">\n\t\t\t\t\t<div class=\"elementor-column elementor-col-100 elementor-top-column elementor-element elementor-element-3b7e5de\" data-id=\"3b7e5de\" data-element_type=\"column\" data-e-type=\"column\">\n\t\t\t<div class=\"elementor-widget-wrap elementor-element-populated\">\n\t\t\t\t\t\t<div class=\"elementor-element elementor-element-53f8eac elementor-widget elementor-widget-image\" data-id=\"53f8eac\" data-element_type=\"widget\" data-e-type=\"widget\" data-widget_type=\"image.default\">\n\t\t\t\t<div class=\"elementor-widget-container\">\n\t\t\t\t\t\t\t\t\t\t\t\t\t\t\t<img decoding=\"async\" src=\"https:\/\/www.alivitpharm.com\/wp-content\/uploads\/2025\/05\/sweet-wormwood.jpg\" title=\"sweet-wormwood\" alt=\"Einj\u00e4hriger Beifu\u00df\" loading=\"lazy\" \/>\t\t\t\t\t\t\t\t\t\t\t\t\t\t\t<\/div>\n\t\t\t\t<\/div>\n\t\t\t\t<div class=\"elementor-element elementor-element-b94d03a elementor-widget elementor-widget-text-editor\" data-id=\"b94d03a\" data-element_type=\"widget\" data-e-type=\"widget\" data-widget_type=\"text-editor.default\">\n\t\t\t\t<div class=\"elementor-widget-container\">\n\t\t\t\t\t\t\t\t\t<p><strong>Einj\u00e4hriger Beifu\u00df<\/strong> ist eine einj\u00e4hrige krautige Pflanze aus der Gattung <em>Artemisia<\/em> die zur Familie der Korbbl\u00fctler <em>Asteraceae<\/em>geh\u00f6rt. In der Natur w\u00e4chst es als Unkrautpflanze. Es handelt sich um eine einheimische Sorte aus den gem\u00e4\u00dfigten Regionen Asiens, die jedoch aufgrund ihrer medizinischen Bedeutung auf der ganzen Welt verbreitet ist, insbesondere in S\u00fcd- und S\u00fcdosteuropa und Nordamerika.<\/p><p>Die oberirdischen Teile und Bl\u00e4tter von <em>A. annua<\/em> werden in bestimmten asiatischen L\u00e4ndern seit langem f\u00fcr medizinische Zwecke verwendet. Der oberirdische Teil des Einj\u00e4hrigen Wermuts wird als traditionelles Heilmittel verwendet, w\u00e4hrend die Bl\u00e4tter als Rohstoff f\u00fcr die Gewinnung von Artemisinin dienen. Beifu\u00df wird als traditionelles pflanzliches Heilmittel bei vor\u00fcbergehendem Appetitverlust und leichten dyspeptischen\/gastrointestinalen St\u00f6rungen verwendet.<\/p><p>Die pharmakologische Wirksamkeit verschiedener Metabolite von <em>A. annua<\/em>, Artemisinin und seinen Derivaten, Flavonoiden und \u00e4therischen \u00d6len gegen chronische und infekti\u00f6se Erkrankungen wurde durch pr\u00e4klinische experimentelle Nachweise sowohl in vivo als auch in vitro unterst\u00fctzt. Auch klinische Beobachtungen bei Menschen, die mit verschiedenen Teilen der Pflanze, haupts\u00e4chlich Bl\u00e4ttern, zur Behandlung von Malaria behandelt wurden, haben Hinweise darauf gegeben. Die Bl\u00e4tter, Samen und die ganze Pflanze von <em>A. annua<\/em> haben auch eine pharmakologische Wirkung gegen Parasiten gezeigt, die f\u00fcr Leishmaniose und Chagas-Krankheit verantwortlich sind. Der erste Bericht \u00fcber die In-vivo-Wirksamkeit von <em>A. annua<\/em> gegen Denguefieber wurde k\u00fcrzlich ver\u00f6ffentlicht.<\/p><p>Der bekannteste aller Wirkstoffe ist das Sesquiterpen Artemisinin und seine chemischen Derivate. Die Pflanze weist nicht nur einen hohen Gehalt an Polyphenolen, Flavonoiden, Proteinen, Cumarinen, Phytosterolen und Polysacchariden auf, sondern verf\u00fcgt auch \u00fcber reichlich Kalium, Selen, Nitrate und anorganische Salze. Fl\u00fcchtige \u00e4therische \u00d6le sind in Konzentrationen von 0,20 \u2013 0,25 % vorhanden. Weitere wichtige Bestandteile sind Camphen, Keton, Kampfer, Beta-Caryophyllen und Pinen.<\/p>\t\t\t\t\t\t\t\t<\/div>\n\t\t\t\t<\/div>\n\t\t\t\t<div class=\"elementor-element elementor-element-7a904f2 elementor-widget elementor-widget-image\" data-id=\"7a904f2\" data-element_type=\"widget\" data-e-type=\"widget\" data-widget_type=\"image.default\">\n\t\t\t\t<div class=\"elementor-widget-container\">\n\t\t\t\t\t\t\t\t\t\t\t\t\t\t\t<img decoding=\"async\" src=\"https:\/\/www.alivitpharm.com\/wp-content\/uploads\/2022\/09\/leaves.png\" title=\"leaves\" alt=\"Leaves\" loading=\"lazy\" \/>\t\t\t\t\t\t\t\t\t\t\t\t\t\t\t<\/div>\n\t\t\t\t<\/div>\n\t\t\t\t<div class=\"elementor-element elementor-element-0379ab8 elementor-widget elementor-widget-text-editor\" data-id=\"0379ab8\" data-element_type=\"widget\" data-e-type=\"widget\" data-widget_type=\"text-editor.default\">\n\t\t\t\t<div class=\"elementor-widget-container\">\n\t\t\t\t\t\t\t\t\t<p>Artemisinin wurde von Pharmaunternehmen chemisch modifiziert, um seine L\u00f6slichkeit in Wasser (Artesunat) oder Fett (Artemether) zu verbessern. Es wird behauptet, dass diese Derivate f\u00fcnfmal wirksamer als Artemisinin seien, es gibt jedoch kaum wissenschaftliche Daten, die diese Behauptung st\u00fctzen.<\/p><p>In den letzten 40 Jahren konzentrierten sich zahlreiche von Experten begutachtete Artikel auf die antiparasit\u00e4re Wirkung von Artemisinin. Insbesondere Polyphenole und Flavonoide gelten heute als Schl\u00fcsselsubstanzen f\u00fcr die Wirksamkeit von <em>A. annua<\/em> und anderen Pflanzen dieser Familie. Flavonoide wie Artemetin, Rutin, Quercetin, Casticin, Eupatin, Luteolin und ihre Glucoside haben ein breites Spektrum an biologischen Aktivit\u00e4ten, viele davon haben eine synergistische Wirkung. Luteolin hat eine antimalariahe und antioxidative Wirkung gezeigt. Die Hauptbestandteile des \u00e4therischen \u00d6ls in <em>A. annua<\/em> sind Cineol, Camphen, a-Pinen, Germacren und Kampferketon. Sie sind in Konzentrationen von 0,20 \u2013 0,25 % vorhanden und haben nicht nur unterschiedliche antimikrobielle Aktivit\u00e4ten, sondern auch entz\u00fcndungshemmende und zytotoxische Aktivit\u00e4ten gezeigt. Im w\u00e4ssrigen Extrakt von <em>A. annua<\/em>sind Phenols\u00e4uren, Chlorogens\u00e4ure und Rosmarins\u00e4ure enthalten. Sie sind starke Antioxidantien und k\u00f6nnen die Sekretion der entz\u00fcndungshemmenden Zytokine Interleukin-6 und Interleukin-8 reduzieren.<\/p><p><em>A. annua<\/em> wird allgemein als \u201eWermut\u201c bezeichnet, da es sich um ein Anthelminthikum handelt und diese Eigenschaften des s\u00fc\u00dfen Wermuts seit der Antike bekannt sind. Einer Studie zufolge ist <em>A. annua<\/em> bei der Behandlung von Bilharziose (Schistosomiasis), der zweith\u00e4ufigsten Krankheit im tropischen Afrika, wirksam. Im Jahr 2013 f\u00fchrte die Universit\u00e4t von Cumana in Venezuela eine Studie \u00fcber die Wirkung von <em>A. annua<\/em> auf T. cruzi-Epimastigoten durch. Nach 7 Tagen Behandlung war die Parasitendichte deutlich reduziert.<\/p>\t\t\t\t\t\t\t\t<\/div>\n\t\t\t\t<\/div>\n\t\t\t\t<div class=\"elementor-element elementor-element-aaa7eda elementor-widget elementor-widget-heading\" data-id=\"aaa7eda\" data-element_type=\"widget\" data-e-type=\"widget\" data-widget_type=\"heading.default\">\n\t\t\t\t<div class=\"elementor-widget-container\">\n\t\t\t\t\t<h4 class=\"elementor-heading-title elementor-size-default\">Referenzen<\/h4>\t\t\t\t<\/div>\n\t\t\t\t<\/div>\n\t\t\t\t<div class=\"elementor-element elementor-element-ccb564c elementor-widget elementor-widget-text-editor\" data-id=\"ccb564c\" data-element_type=\"widget\" data-e-type=\"widget\" data-widget_type=\"text-editor.default\">\n\t\t\t\t<div class=\"elementor-widget-container\">\n\t\t\t\t\t\t\t\t\t<ul><li style=\"list-style-type: none;\"><ul><li><a class=\"reference-link\" href=\"https:\/\/www.sciencedirect.com\/science\/article\/abs\/pii\/S0926669011003219\" target=\"_blank\" rel=\"noopener\">Chemical composition and antioxidant and antimicrobial activity of essential oil of Artemisia annua L. from Bosnia<\/a><\/li><li><a class=\"reference-link\" href=\"https:\/\/pubmed.ncbi.nlm.nih.gov\/32758647\/\" target=\"_blank\" rel=\"noopener\">Traditional application and modern pharmacological research of Artemisia annua L<\/a><\/li><\/ul><\/li><\/ul>\t\t\t\t\t\t\t\t<\/div>\n\t\t\t\t<\/div>\n\t\t\t\t\t<\/div>\n\t\t<\/div>\n\t\t\t\t\t<\/div>\n\t\t<\/section>\n\t\t\t\t<\/div>","protected":false},"excerpt":{"rendered":"<p>Sweet Wormwood Artemisia annua L. &#8211; Asteraceae Sweet wormwood is an annual herbaceous plant from the genus Artemisia that belongs to the family of Asteraceae. It grows in nature as a weed plant. It is an autochthonous variety from the temperate regions of Asia, but due to its medicinal importance, it is spread all over &hellip;<\/p>\n<p class=\"read-more\"> <a class=\"\" href=\"https:\/\/www.alivitpharm.com\/de\/sweet-wormwood\/\"> <span class=\"screen-reader-text\">Einj\u00e4hriger Beifu\u00df<\/span> Weiterlesen &raquo;<\/a><\/p>","protected":false},"author":9,"featured_media":0,"parent":0,"menu_order":0,"comment_status":"closed","ping_status":"closed","template":"","meta":{"site-sidebar-layout":"no-sidebar","site-content-layout":"page-builder","ast-global-header-display":"","ast-main-header-display":"","ast-hfb-above-header-display":"","ast-hfb-below-header-display":"","ast-hfb-mobile-header-display":"","site-post-title":"disabled","ast-breadcrumbs-content":"","ast-featured-img":"disabled","footer-sml-layout":"","theme-transparent-header-meta":"","adv-header-id-meta":"","stick-header-meta":"","header-above-stick-meta":"","header-main-stick-meta":"","header-below-stick-meta":"","footnotes":""},"class_list":["post-12299","page","type-page","status-publish","hentry"],"_links":{"self":[{"href":"https:\/\/www.alivitpharm.com\/de\/wp-json\/wp\/v2\/pages\/12299","targetHints":{"allow":["GET"]}}],"collection":[{"href":"https:\/\/www.alivitpharm.com\/de\/wp-json\/wp\/v2\/pages"}],"about":[{"href":"https:\/\/www.alivitpharm.com\/de\/wp-json\/wp\/v2\/types\/page"}],"author":[{"embeddable":true,"href":"https:\/\/www.alivitpharm.com\/de\/wp-json\/wp\/v2\/users\/9"}],"replies":[{"embeddable":true,"href":"https:\/\/www.alivitpharm.com\/de\/wp-json\/wp\/v2\/comments?post=12299"}],"version-history":[{"count":22,"href":"https:\/\/www.alivitpharm.com\/de\/wp-json\/wp\/v2\/pages\/12299\/revisions"}],"predecessor-version":[{"id":12324,"href":"https:\/\/www.alivitpharm.com\/de\/wp-json\/wp\/v2\/pages\/12299\/revisions\/12324"}],"wp:attachment":[{"href":"https:\/\/www.alivitpharm.com\/de\/wp-json\/wp\/v2\/media?parent=12299"}],"curies":[{"name":"wp","href":"https:\/\/api.w.org\/{rel}","templated":true}]}}