{"id":12325,"date":"2025-05-22T10:02:24","date_gmt":"2025-05-22T08:02:24","guid":{"rendered":"https:\/\/www.alivitpharm.com\/?page_id=12325"},"modified":"2025-05-23T08:30:44","modified_gmt":"2025-05-23T06:30:44","slug":"fig-tree","status":"publish","type":"page","link":"https:\/\/www.alivitpharm.com\/de\/fig-tree\/","title":{"rendered":"Echte Feige"},"content":{"rendered":"<div data-elementor-type=\"wp-page\" data-elementor-id=\"12325\" class=\"elementor elementor-12325\">\n\t\t\t\t\t\t<section class=\"elementor-section elementor-top-section elementor-element elementor-element-2fac7a3 elementor-section-content-middle elementor-section-boxed elementor-section-height-default elementor-section-height-default\" data-id=\"2fac7a3\" data-element_type=\"section\" data-e-type=\"section\" data-settings=\"{&quot;background_background&quot;:&quot;classic&quot;}\">\n\t\t\t\t\t\t\t<div class=\"elementor-background-overlay\"><\/div>\n\t\t\t\t\t\t\t<div class=\"elementor-container elementor-column-gap-default\">\n\t\t\t\t\t<div class=\"elementor-column elementor-col-100 elementor-top-column elementor-element elementor-element-c55ddc8\" data-id=\"c55ddc8\" data-element_type=\"column\" data-e-type=\"column\">\n\t\t\t<div class=\"elementor-widget-wrap elementor-element-populated\">\n\t\t\t\t\t\t<div class=\"elementor-element elementor-element-cc1a864 elementor-widget elementor-widget-heading\" data-id=\"cc1a864\" data-element_type=\"widget\" data-e-type=\"widget\" data-widget_type=\"heading.default\">\n\t\t\t\t<div class=\"elementor-widget-container\">\n\t\t\t\t\t<h1 class=\"elementor-heading-title elementor-size-default\">Echte Feige<\/h1>\t\t\t\t<\/div>\n\t\t\t\t<\/div>\n\t\t\t\t<div class=\"elementor-element elementor-element-f967a1e elementor-widget elementor-widget-image\" data-id=\"f967a1e\" data-element_type=\"widget\" data-e-type=\"widget\" data-widget_type=\"image.default\">\n\t\t\t\t<div class=\"elementor-widget-container\">\n\t\t\t\t\t\t\t\t\t\t\t\t\t\t\t<img decoding=\"async\" width=\"75\" height=\"33\" src=\"https:\/\/www.alivitpharm.com\/wp-content\/uploads\/2019\/07\/logo-leaf-new.png\" class=\"attachment-large size-large wp-image-2518\" alt=\"\" \/>\t\t\t\t\t\t\t\t\t\t\t\t\t\t\t<\/div>\n\t\t\t\t<\/div>\n\t\t\t\t<div class=\"elementor-element elementor-element-13a0e84 elementor-widget elementor-widget-text-editor\" data-id=\"13a0e84\" data-element_type=\"widget\" data-e-type=\"widget\" data-widget_type=\"text-editor.default\">\n\t\t\t\t<div class=\"elementor-widget-container\">\n\t\t\t\t\t\t\t\t\t<p><em>Ficus carica L. &#8211; Moraceae<\/em><\/p>\t\t\t\t\t\t\t\t<\/div>\n\t\t\t\t<\/div>\n\t\t\t\t\t<\/div>\n\t\t<\/div>\n\t\t\t\t\t<\/div>\n\t\t<\/section>\n\t\t\t\t<section class=\"elementor-section elementor-top-section elementor-element elementor-element-ee01ab9 elementor-section-boxed elementor-section-height-default elementor-section-height-default\" data-id=\"ee01ab9\" data-element_type=\"section\" data-e-type=\"section\" data-settings=\"{&quot;background_background&quot;:&quot;classic&quot;}\">\n\t\t\t\t\t\t<div class=\"elementor-container elementor-column-gap-default\">\n\t\t\t\t\t<div class=\"elementor-column elementor-col-100 elementor-top-column elementor-element elementor-element-ef36fe6\" data-id=\"ef36fe6\" data-element_type=\"column\" data-e-type=\"column\">\n\t\t\t<div class=\"elementor-widget-wrap elementor-element-populated\">\n\t\t\t\t\t\t<div class=\"elementor-element elementor-element-0444f40 elementor-widget elementor-widget-image\" data-id=\"0444f40\" data-element_type=\"widget\" data-e-type=\"widget\" data-widget_type=\"image.default\">\n\t\t\t\t<div class=\"elementor-widget-container\">\n\t\t\t\t\t\t\t\t\t\t\t\t\t\t\t<img decoding=\"async\" src=\"https:\/\/www.alivitpharm.com\/wp-content\/uploads\/2025\/05\/fig-tree.png\" title=\"fig-tree\" alt=\"Echte Feige\" loading=\"lazy\" \/>\t\t\t\t\t\t\t\t\t\t\t\t\t\t\t<\/div>\n\t\t\t\t<\/div>\n\t\t\t\t<div class=\"elementor-element elementor-element-4545f75 elementor-widget elementor-widget-text-editor\" data-id=\"4545f75\" data-element_type=\"widget\" data-e-type=\"widget\" data-widget_type=\"text-editor.default\">\n\t\t\t\t<div class=\"elementor-widget-container\">\n\t\t\t\t\t\t\t\t\t<p><strong>Der Echte Feigenbaum<\/strong>, <em>Ficus carica<\/em>, ist ein Laubbaum, der f\u00fcr seine gro\u00dfen, duftenden Bl\u00e4tter, seine komplexen, versteckten Bl\u00fctenst\u00e4nde und saftigen Fr\u00fcchte bekannt ist. Er wird seit der Antike im Mittelmeerraum, im Nahen Osten und in Westasien angebaut und z\u00e4hlt zu den \u00e4ltesten kultivierten Obstb\u00e4umen. Heute ist der Anbau weltweit verbreitet, und Feigenb\u00e4ume findet man in der T\u00fcrkei, Spanien, Griechenland, Italien, Brasilien, Kalifornien und anderen Regionen mit milden Wintern und hei\u00dfen, trockenen Sommern. Feigenfr\u00fcchte werden frisch, getrocknet und verarbeitet verzehrt.<\/p><p>Frische und getrocknete Feigen sind aufgrund ihres hohen Gehalts an Mineralstoffen, Fetten, Zucker, Ballaststoffen und phenolischen Verbindungen reich an N\u00e4hrstoffen. Fr\u00fcchte, Wurzeln und Bl\u00e4tter werden traditionell zur Behandlung von Magen-Darm-, Atemwegs- und Herz-Kreislauf-Erkrankungen eingesetzt, und Feigen sind in zahlreichen Arzneib\u00fcchern und Therapieleitf\u00e4den aufgef\u00fchrt (Mawa et al., 2013). Feigenbl\u00e4tter enthalten ein reichhaltiges Aroma. W\u00e4hrend der Reifung entwickeln sich in den Bl\u00e4ttern organische Verbindungen, die die Qualit\u00e4t und Zusammensetzung des Aromas ma\u00dfgeblich beeinflussen. Die im Blattextrakt von <em>Ficus carica<\/em> identifizierten chemischen Verbindungen sind: Phenole, Flavonoide (Flavonole, Flavone und Anthocyane), Sterole, organische Verbindungen (Monoterpene, Sesquiterpene, Ketone, Alkohole, Ester), Cumarine, Glykoside, Alkaloide und Sapononine (Nebedum et al., 2010). Laut El-Shobaka et al. (2010) enthalten <em>Ficus carica<\/em> -Bl\u00e4tter 82,20% Feuchtigkeit, 0,65% Asche, 1% Protein, 1,55% Ballaststoffe und 12,90% Kohlenhydrate. Das Blatt enth\u00e4lt einen h\u00f6heren Gesamtgehalt an Flavonoiden (275 mg 100 g -1) als die reife Feige (82 mg 100 g -1). Der Gesamtpolyphenolgehalt (32 mg 100 g -1) unterscheidet sich kaum vom Gesamtpolyphenolgehalt der Frucht einer reifen Feige (40 mg 100 g -1). Signifikante Ver\u00e4nderungen des Gesamtphenolgehalts wurden w\u00e4hrend der Blattreife beobachtet.<\/p><p>Der Phenolgehalt und die antioxidative Aktivit\u00e4t nehmen mit zunehmender Reifung zu. Der Anteil an Polyphenolen ist h\u00f6her als in Rotwein und Tee, daher haben <em>Ficus carica<\/em> -Bl\u00e4tter eine st\u00e4rkere antioxidative Aktivit\u00e4t (Li et al., 2021). Die Ergebnisse der Mineralstoffzusammensetzung zeigen das Vorhandensein der folgenden essentiellen Mineralstoffe: Na, K, Zn, Fe, Cr, Co, Cu, Ni, Pb, Mn, Ca, Mg, Cd (Khan et al., 2012) sowie der Vitamine C und E (Ghazi et al., 2012).<\/p>\t\t\t\t\t\t\t\t<\/div>\n\t\t\t\t<\/div>\n\t\t\t\t<div class=\"elementor-element elementor-element-d325452 elementor-widget elementor-widget-image\" data-id=\"d325452\" data-element_type=\"widget\" data-e-type=\"widget\" data-widget_type=\"image.default\">\n\t\t\t\t<div class=\"elementor-widget-container\">\n\t\t\t\t\t\t\t\t\t\t\t\t\t\t\t<img decoding=\"async\" src=\"https:\/\/www.alivitpharm.com\/wp-content\/uploads\/2022\/09\/leaves.png\" title=\"leaves\" alt=\"Leaves\" loading=\"lazy\" \/>\t\t\t\t\t\t\t\t\t\t\t\t\t\t\t<\/div>\n\t\t\t\t<\/div>\n\t\t\t\t<div class=\"elementor-element elementor-element-dd22209 elementor-widget elementor-widget-text-editor\" data-id=\"dd22209\" data-element_type=\"widget\" data-e-type=\"widget\" data-widget_type=\"text-editor.default\">\n\t\t\t\t<div class=\"elementor-widget-container\">\n\t\t\t\t\t\t\t\t\t<p><span class=\"jCAhz ChMk0b\"><span class=\"ryNqvb\">Zahlreiche Studien belegen die hypoglyk\u00e4mische, antioxidative, entz\u00fcndungshemmende, nieren- und lebersch\u00fctzende Wirkung von <em>Ficus carica<\/em> -Blattextrakt (Li et al., 2021).<\/span><\/span> <span class=\"jCAhz\"><span class=\"ryNqvb\">Stephen Irudayara et al.<\/span><\/span> <span class=\"jCAhz ChMk0b\"><span class=\"ryNqvb\">(2017) zeigten eine signifikante Wirkung des Ethylacetat-Extrakts aus <em>Ficus carica<\/em> -Bl\u00e4ttern auf Kohlenhydratstoffwechselenzyme mit vielversprechender hypoglyk\u00e4mischer und hypolipid\u00e4mischer Aktivit\u00e4t bei Ratten mit Typ-2-Diabetes. Damit best\u00e4tigten sie die positive Wirkung von <em>Ficus carica<\/em> -Blatttee in der Diabetespr\u00e4vention in der traditionellen Medizin.<\/span><\/span><\/p><p><span class=\"jCAhz ChMk0b\"><span class=\"ryNqvb\">Feigen werden zur Behandlung verschiedener Krankheiten wie An\u00e4mie, Krebs, Diabetes, Lepra, Lebererkrankungen, L\u00e4hmungen, Hautkrankheiten und Geschw\u00fcren eingesetzt.<\/span><\/span> <span class=\"jCAhz ChMk0b\"><span class=\"ryNqvb\">Sie sind ein vielversprechender Kandidat in der pharmazeutischen Biologie f\u00fcr die Entwicklung\/Formulierung neuer Medikamente und die zuk\u00fcnftige klinische Anwendung.<\/span><\/span><\/p><p><span class=\"jCAhz ChMk0b\"><span class=\"ryNqvb\">Feigen werden in der traditionellen Medizin bei einer Vielzahl von Erkrankungen des Verdauungs-, Hormon-, Fortpflanzungs- und Atmungssystems eingesetzt.<\/span><\/span> <span class=\"jCAhz ChMk0b\"><span class=\"ryNqvb\">Dar\u00fcber hinaus werden sie auch bei Infektionen des Magen-Darm-Trakts und der Harnwege eingesetzt.<\/span><\/span><\/p><p><span class=\"jCAhz ChMk0b\"><span class=\"ryNqvb\"> Die Infektionskrankheit Leishmaniose wird durch einzellige Parasiten \u00fcbertragen, n\u00e4mlich durch Leishmania. <em>Leishmania<\/em>.<\/span><\/span> <span class=\"jCAhz ChMk0b\"><span class=\"ryNqvb\">Die Krankheit wird durch Insektenstiche, haupts\u00e4chlich von M\u00fccken, \u00fcbertragen. Je nach Parasitenart und Immunreaktion des Wirtes kann Leishmaniose beim Menschen unterschiedliche Krankheitsverl\u00e4ufe hervorrufen.<\/span><\/span> <span class=\"jCAhz ChMk0b\"><span class=\"ryNqvb\">Leishmaniose ist eine der sechs bedeutendsten Tropenkrankheiten.<\/span><\/span> <span class=\"jCAhz ChMk0b\"><span class=\"ryNqvb\">Ziel der Studie war es, die Wirkung von Oliven- und Feigenextrakten gegen <em>Leishmania major<\/em> in experimentellen Modellen in vitro und in vivo zu untersuchen.<\/span><\/span> <span class=\"jCAhz\"><span class=\"ryNqvb\">In vitro-Tests zeigten Oliven- und Feigenextrakte nach 48 Stunden Wirksamkeit gegen <em>L. major<\/em> .<\/span><\/span> <span class=\"jCAhz\"><span class=\"ryNqvb\">Zus\u00e4tzlich wurden L\u00e4sionsgr\u00f6\u00dfe und Parasitenlast bei mit <em>L. major<\/em> are<\/span><\/span><span class=\"jCAhz ChMk0b\"><span class=\"ryNqvb\"> infizierten M\u00e4usen unter in vivo-Bedingungen getestet.<\/span><\/span> <span class=\"jCAhz ChMk0b\"><span class=\"ryNqvb\">Die Ergebnisse zeigten, dass Extrakte von <em>O. Europaea<\/em> (Oliven) und <em>F. Carica<\/em> (Feigen) eine signifikante Wirksamkeit gegen L. major zeigen. <em>L. major<\/em>.<\/span><\/span><\/p>\t\t\t\t\t\t\t\t<\/div>\n\t\t\t\t<\/div>\n\t\t\t\t<div class=\"elementor-element elementor-element-0668381 elementor-widget elementor-widget-heading\" data-id=\"0668381\" data-element_type=\"widget\" data-e-type=\"widget\" data-widget_type=\"heading.default\">\n\t\t\t\t<div class=\"elementor-widget-container\">\n\t\t\t\t\t<h4 class=\"elementor-heading-title elementor-size-default\">Referenzen<\/h4>\t\t\t\t<\/div>\n\t\t\t\t<\/div>\n\t\t\t\t<div class=\"elementor-element elementor-element-2a37b9e elementor-widget elementor-widget-text-editor\" data-id=\"2a37b9e\" data-element_type=\"widget\" data-e-type=\"widget\" data-widget_type=\"text-editor.default\">\n\t\t\t\t<div class=\"elementor-widget-container\">\n\t\t\t\t\t\t\t\t\t<ul><li><a class=\"reference-link\" href=\"https:\/\/pubmed.ncbi.nlm.nih.gov\/24159359\/\" target=\"_blank\" rel=\"noopener\">Ficus carica L. (Moraceae): Phytochemistry, Traditional Uses and Biological Activities<\/a><\/li><li><a class=\"reference-link\" href=\"https:\/\/pubmed.ncbi.nlm.nih.gov\/33252120\/\" target=\"_blank\" rel=\"noopener\">The Effects of Silver Nanoparticles Biosynthesized Using Fig and Olive Extracts on Cutaneous leishmaniasis Induced Inflammation in Female Balb\/c Mice<\/a><\/li><li><a class=\"reference-link\" href=\"https:\/\/www.researchgate.net\/publication\/263896653_Traditional_uses_phytochemistry_and_pharmacology_of_Ficus_carica_A_review\" target=\"_blank\" rel=\"noopener\">Traditional uses, phytochemistry and pharmacology of Ficus carica: A review<\/a><\/li><\/ul>\t\t\t\t\t\t\t\t<\/div>\n\t\t\t\t<\/div>\n\t\t\t\t\t<\/div>\n\t\t<\/div>\n\t\t\t\t\t<\/div>\n\t\t<\/section>\n\t\t\t\t<\/div>","protected":false},"excerpt":{"rendered":"<p>Fig Tree Ficus carica L. &#8211; Moraceae The common fig, Ficus carica, is a deciduous tree known for its large, fragrant leaves, complex, hidden inflorescences, and juicy fruits. It has been cultivated in the Mediterranean, Middle East, and West Asia since ancient times, and is one of the earliest cultivated fruit trees. Today, its cultivation &hellip;<\/p>\n<p class=\"read-more\"> <a class=\"\" href=\"https:\/\/www.alivitpharm.com\/de\/fig-tree\/\"> <span class=\"screen-reader-text\">Echte Feige<\/span> Weiterlesen &raquo;<\/a><\/p>","protected":false},"author":9,"featured_media":0,"parent":0,"menu_order":0,"comment_status":"closed","ping_status":"closed","template":"","meta":{"site-sidebar-layout":"no-sidebar","site-content-layout":"page-builder","ast-global-header-display":"","ast-main-header-display":"","ast-hfb-above-header-display":"","ast-hfb-below-header-display":"","ast-hfb-mobile-header-display":"","site-post-title":"disabled","ast-breadcrumbs-content":"","ast-featured-img":"disabled","footer-sml-layout":"","theme-transparent-header-meta":"","adv-header-id-meta":"","stick-header-meta":"","header-above-stick-meta":"","header-main-stick-meta":"","header-below-stick-meta":"","footnotes":""},"class_list":["post-12325","page","type-page","status-publish","hentry"],"_links":{"self":[{"href":"https:\/\/www.alivitpharm.com\/de\/wp-json\/wp\/v2\/pages\/12325","targetHints":{"allow":["GET"]}}],"collection":[{"href":"https:\/\/www.alivitpharm.com\/de\/wp-json\/wp\/v2\/pages"}],"about":[{"href":"https:\/\/www.alivitpharm.com\/de\/wp-json\/wp\/v2\/types\/page"}],"author":[{"embeddable":true,"href":"https:\/\/www.alivitpharm.com\/de\/wp-json\/wp\/v2\/users\/9"}],"replies":[{"embeddable":true,"href":"https:\/\/www.alivitpharm.com\/de\/wp-json\/wp\/v2\/comments?post=12325"}],"version-history":[{"count":35,"href":"https:\/\/www.alivitpharm.com\/de\/wp-json\/wp\/v2\/pages\/12325\/revisions"}],"predecessor-version":[{"id":12366,"href":"https:\/\/www.alivitpharm.com\/de\/wp-json\/wp\/v2\/pages\/12325\/revisions\/12366"}],"wp:attachment":[{"href":"https:\/\/www.alivitpharm.com\/de\/wp-json\/wp\/v2\/media?parent=12325"}],"curies":[{"name":"wp","href":"https:\/\/api.w.org\/{rel}","templated":true}]}}