{"id":12367,"date":"2025-05-23T13:17:38","date_gmt":"2025-05-23T11:17:38","guid":{"rendered":"https:\/\/www.alivitpharm.com\/?page_id=12367"},"modified":"2025-05-23T14:49:08","modified_gmt":"2025-05-23T12:49:08","slug":"clove","status":"publish","type":"page","link":"https:\/\/www.alivitpharm.com\/de\/clove\/","title":{"rendered":"Gew\u00fcrznelkenbaum"},"content":{"rendered":"<div data-elementor-type=\"wp-page\" data-elementor-id=\"12367\" class=\"elementor elementor-12367\">\n\t\t\t\t\t\t<section class=\"elementor-section elementor-top-section elementor-element elementor-element-41ddf40 elementor-section-content-middle elementor-section-boxed elementor-section-height-default elementor-section-height-default\" data-id=\"41ddf40\" data-element_type=\"section\" data-e-type=\"section\" data-settings=\"{&quot;background_background&quot;:&quot;classic&quot;}\">\n\t\t\t\t\t\t\t<div class=\"elementor-background-overlay\"><\/div>\n\t\t\t\t\t\t\t<div class=\"elementor-container elementor-column-gap-default\">\n\t\t\t\t\t<div class=\"elementor-column elementor-col-100 elementor-top-column elementor-element elementor-element-99ee7c5\" data-id=\"99ee7c5\" data-element_type=\"column\" data-e-type=\"column\">\n\t\t\t<div class=\"elementor-widget-wrap elementor-element-populated\">\n\t\t\t\t\t\t<div class=\"elementor-element elementor-element-b73d4ad elementor-widget elementor-widget-heading\" data-id=\"b73d4ad\" data-element_type=\"widget\" data-e-type=\"widget\" data-widget_type=\"heading.default\">\n\t\t\t\t<div class=\"elementor-widget-container\">\n\t\t\t\t\t<h1 class=\"elementor-heading-title elementor-size-default\">Gew\u00fcrznelkenbaum<\/h1>\t\t\t\t<\/div>\n\t\t\t\t<\/div>\n\t\t\t\t<div class=\"elementor-element elementor-element-d41fa7f elementor-widget elementor-widget-image\" data-id=\"d41fa7f\" data-element_type=\"widget\" data-e-type=\"widget\" data-widget_type=\"image.default\">\n\t\t\t\t<div class=\"elementor-widget-container\">\n\t\t\t\t\t\t\t\t\t\t\t\t\t\t\t<img decoding=\"async\" width=\"75\" height=\"33\" src=\"https:\/\/www.alivitpharm.com\/wp-content\/uploads\/2019\/07\/logo-leaf-new.png\" class=\"attachment-large size-large wp-image-2518\" alt=\"\" \/>\t\t\t\t\t\t\t\t\t\t\t\t\t\t\t<\/div>\n\t\t\t\t<\/div>\n\t\t\t\t<div class=\"elementor-element elementor-element-e2b7a30 elementor-widget elementor-widget-text-editor\" data-id=\"e2b7a30\" data-element_type=\"widget\" data-e-type=\"widget\" data-widget_type=\"text-editor.default\">\n\t\t\t\t<div class=\"elementor-widget-container\">\n\t\t\t\t\t\t\t\t\t<p><em>Syzygium aromaticum L. &#8211; Myrtaceae<\/em><\/p>\t\t\t\t\t\t\t\t<\/div>\n\t\t\t\t<\/div>\n\t\t\t\t\t<\/div>\n\t\t<\/div>\n\t\t\t\t\t<\/div>\n\t\t<\/section>\n\t\t\t\t<section class=\"elementor-section elementor-top-section elementor-element elementor-element-b51d1c0 elementor-section-boxed elementor-section-height-default elementor-section-height-default\" data-id=\"b51d1c0\" data-element_type=\"section\" data-e-type=\"section\" data-settings=\"{&quot;background_background&quot;:&quot;classic&quot;}\">\n\t\t\t\t\t\t<div class=\"elementor-container elementor-column-gap-default\">\n\t\t\t\t\t<div class=\"elementor-column elementor-col-100 elementor-top-column elementor-element elementor-element-a815609\" data-id=\"a815609\" data-element_type=\"column\" data-e-type=\"column\">\n\t\t\t<div class=\"elementor-widget-wrap elementor-element-populated\">\n\t\t\t\t\t\t<div class=\"elementor-element elementor-element-5b7a388 elementor-widget elementor-widget-image\" data-id=\"5b7a388\" data-element_type=\"widget\" data-e-type=\"widget\" data-widget_type=\"image.default\">\n\t\t\t\t<div class=\"elementor-widget-container\">\n\t\t\t\t\t\t\t\t\t\t\t\t\t\t\t<img decoding=\"async\" src=\"https:\/\/www.alivitpharm.com\/wp-content\/uploads\/2025\/05\/clove.png\" title=\"clove\" alt=\"Gew\u00fcrznelkenbaum\" loading=\"lazy\" \/>\t\t\t\t\t\t\t\t\t\t\t\t\t\t\t<\/div>\n\t\t\t\t<\/div>\n\t\t\t\t<div class=\"elementor-element elementor-element-711b3b0 elementor-widget elementor-widget-text-editor\" data-id=\"711b3b0\" data-element_type=\"widget\" data-e-type=\"widget\" data-widget_type=\"text-editor.default\">\n\t\t\t\t<div class=\"elementor-widget-container\">\n\t\t\t\t\t\t\t\t\t<p><span class=\"jCAhz ChMk0b\"><span class=\"ryNqvb\"><strong>Gew\u00fcrznelkenbaum<\/strong> (<em>Syzigium aromaticum<\/em>) ist ein nat\u00fcrliches Gew\u00fcrz mit bedeutenden biologischen Eigenschaften.<\/span><\/span> <span class=\"jCAhz ChMk0b\"><span class=\"ryNqvb\">Sie kommt haupts\u00e4chlich in Indien und Indonesien vor, wird aber auch in anderen K\u00fcstengebieten angebaut.<\/span><\/span> <span class=\"jCAhz ChMk0b\"><span class=\"ryNqvb\">Gew\u00fcrznelken werden h\u00e4ufig als nat\u00fcrliches Konservierungsmittel und zur Herstellung von Naturheilmitteln verwendet.<\/span><\/span> <span class=\"jCAhz ChMk0b\"><span class=\"ryNqvb\">Ein wesentlicher Vorteil der Gew\u00fcrznelke ist ihre F\u00e4higkeit, Krankheiten zu behandeln, die durch verschiedene Bakterien und Pilze verursacht werden, darunter <em>E. coli<\/em>, <em>P. aeruginosa<\/em>, <em>S. aureus<\/em>, <em>Z. mobilis<\/em>, und <em>C. albicans<\/em>.<\/span><\/span> <span class=\"jCAhz ChMk0b\"><span class=\"ryNqvb\">Dar\u00fcber hinaus besitzt die Gew\u00fcrznelke antioxidative Eigenschaften, die Zellsch\u00e4den durch freie Radikale reduzieren k\u00f6nnen.<\/span><\/span> <span class=\"jCAhz ChMk0b\"><span class=\"ryNqvb\">Gew\u00fcrznelken haben au\u00dferdem Potenzial, das Wachstum von Krebszellen zu hemmen und die Aktivit\u00e4t von Enzymen wie Amylase, Glucosidase und Lipase zu reduzieren, was bei der Behandlung von Diabetes hilfreich sein k\u00f6nnte.<\/span><\/span> <span class=\"jCAhz ChMk0b\"><span class=\"ryNqvb\">Eine Studie hat gezeigt, dass aus Nelkenblattextrakt synthetisierte Silbernanopartikel (AgNPs) vielversprechende antimikrobielle, krebshemmende, antidiabetische und antioxidative Wirkungen aufweisen.<\/span><\/span><\/p><p><span class=\"jCAhz ChMk0b\"><span class=\"ryNqvb\">Zusammenfassend l\u00e4sst sich sagen, dass Gew\u00fcrznelken vielf\u00e4ltige biologische Eigenschaften besitzen und in verschiedenen therapeutischen Bereichen Anwendung finden.<\/span><\/span> <span class=\"jCAhz ChMk0b\"><span class=\"ryNqvb\">Die \u00e4therischen Bestandteile der Gew\u00fcrznelke werden haupts\u00e4chlich durch Destillation von Knospen, Zweigen oder Bl\u00e4ttern gewonnen, wodurch sich die Eigenschaften des \u00e4therischen \u00d6ls ver\u00e4ndern.<\/span><\/span><\/p><p><span class=\"jCAhz ChMk0b\"><span class=\"ryNqvb\">Verschiedene Faktoren wie Sorte, Alter und Reife der Gew\u00fcrznelkenorgane beeinflussen Ertrag und chemische Zusammensetzung.<\/span><\/span> <span class=\"jCAhz ChMk0b\"><span class=\"ryNqvb\">Auch externe Faktoren wie Anbaugebiete, Nachernteprozesse, Destillationsmethoden und Lagerbedingungen beeinflussen die Qualit\u00e4t des \u00e4therischen \u00d6ls. Das aus Gew\u00fcrznelken gewonnene \u00e4therische \u00d6l wird in der Lebensmittel-, Medizin-, Kosmetik- und Pestizidindustrie eingesetzt.<\/span><\/span><\/p>\t\t\t\t\t\t\t\t<\/div>\n\t\t\t\t<\/div>\n\t\t\t\t<div class=\"elementor-element elementor-element-55c988f elementor-widget elementor-widget-image\" data-id=\"55c988f\" data-element_type=\"widget\" data-e-type=\"widget\" data-widget_type=\"image.default\">\n\t\t\t\t<div class=\"elementor-widget-container\">\n\t\t\t\t\t\t\t\t\t\t\t\t\t\t\t<img decoding=\"async\" src=\"https:\/\/www.alivitpharm.com\/wp-content\/uploads\/2022\/09\/leaves.png\" title=\"leaves\" alt=\"Leaves\" loading=\"lazy\" \/>\t\t\t\t\t\t\t\t\t\t\t\t\t\t\t<\/div>\n\t\t\t\t<\/div>\n\t\t\t\t<div class=\"elementor-element elementor-element-e838f59 elementor-widget elementor-widget-text-editor\" data-id=\"e838f59\" data-element_type=\"widget\" data-e-type=\"widget\" data-widget_type=\"text-editor.default\">\n\t\t\t\t<div class=\"elementor-widget-container\">\n\t\t\t\t\t\t\t\t\t<p><span class=\"jCAhz ChMk0b\"><span class=\"ryNqvb\">Gew\u00fcrznelken sind bekannt f\u00fcr ihre starken antioxidativen Eigenschaften und werden traditionell zur Zahnpflege, als aromatisches Gew\u00fcrz und als nat\u00fcrliches Konservierungsmittel verwendet.<\/span><\/span> <span class=\"jCAhz ChMk0b\"><span class=\"ryNqvb\">Die Bl\u00e4tter der Gew\u00fcrznelke enthalten sekund\u00e4re Pflanzenstoffe wie Alkaloide, Flavonoide und Saponine.<\/span><\/span> <span class=\"jCAhz ChMk0b\"><span class=\"ryNqvb\">\u00c4therisches Nelken\u00f6l wird in der Traditionellen Chinesischen Medizin verwendet und hat nachweislich antivirale, antimykotische, antibakterielle, antiparasit\u00e4re, schmerzstillende, antioxidative, antimutagene und antithrombotische Wirkungen.<\/span><\/span> <span class=\"jCAhz ChMk0b\"><span class=\"ryNqvb\">Die in Nelken enthaltenen Antioxidantien tragen dazu bei, die Ausbreitung freier Radikale im menschlichen K\u00f6rper zu reduzieren und Zellmembranen zu sch\u00fctzen.<\/span><\/span> <span class=\"jCAhz ChMk0b\"><span class=\"ryNqvb\">Es wird zur Bek\u00e4mpfung von Mikroorganismen eingesetzt, die Krankheiten wie Cholera, Malaria und Tuberkulose verursachen.<\/span><\/span> <span class=\"jCAhz ChMk0b\"><span class=\"ryNqvb\">Die Hauptbestandteile von Nelken sind \u03b2-Caryophyllen und Eugenolacetat.<\/span><\/span> <span class=\"jCAhz ChMk0b\"><span class=\"ryNqvb\">Mehrere Studien berichten von der fungiziden Wirkung von Nelken\u00f6l gegen <em>Candida<\/em>.<\/span><\/span><\/p><p><span class=\"jCAhz ChMk0b\"><span class=\"ryNqvb\">Dar\u00fcber hinaus enthalten <em>S. aromaticum<\/em> -Extrakte eine Vielzahl von Sekund\u00e4rmetaboliten wie Flavonoide, Hydroxybenzoes\u00e4uren, Hydroxyzimts\u00e4uren, Hydroxyphenylpropene, Eugenol, Eugenolacetat und Galluss\u00e4ure mit einer Vielzahl gesundheitsf\u00f6rdernder Eigenschaften.<\/span><\/span> <span class=\"jCAhz ChMk0b\"><span class=\"ryNqvb\">Diese Metaboliten besitzen aktive biologische Eigenschaften und einzigartige aromatische Strukturen und sind f\u00fcr die Verwendung in Lebensmitteln und Medikamenten unbedenklich.<\/span><\/span> <span class=\"jCAhz ChMk0b\"><span class=\"ryNqvb\">Nelkenmetaboliten gelten als neue n\u00fctzliche nat\u00fcrliche antimikrobielle Wirkstoffe im Kampf gegen den medikamentenresistenten <em>Helicobacter pylori<\/em> , Sie produzieren Zytotoxin-Gene, wirken gastrointestinal, entz\u00fcndungshemmend, antithrombotisch, antidiabetisch, an\u00e4sthetisch und insektenabweisend.<\/span><\/span> <span class=\"jCAhz ChMk0b\"><span class=\"ryNqvb\">Dar\u00fcber hinaus wurde nachgewiesen, dass Nelken eine insulin\u00e4hnliche biologische Aktivit\u00e4t aufweisen und den Energiestoffwechsel regulieren.<\/span><\/span> <span class=\"jCAhz ChMk0b\"><span class=\"ryNqvb\">Dieses Kapitel bietet Einblicke in die gesundheitsf\u00f6rdernde Wirkung von Nelkenextrakten und ihre potenziellen Anwendungen.<\/span><\/span><\/p>\t\t\t\t\t\t\t\t<\/div>\n\t\t\t\t<\/div>\n\t\t\t\t<div class=\"elementor-element elementor-element-97c19e5 elementor-widget elementor-widget-heading\" data-id=\"97c19e5\" data-element_type=\"widget\" data-e-type=\"widget\" data-widget_type=\"heading.default\">\n\t\t\t\t<div class=\"elementor-widget-container\">\n\t\t\t\t\t<h4 class=\"elementor-heading-title elementor-size-default\">Referenzen<\/h4>\t\t\t\t<\/div>\n\t\t\t\t<\/div>\n\t\t\t\t<div class=\"elementor-element elementor-element-fa254b0 elementor-widget elementor-widget-text-editor\" data-id=\"fa254b0\" data-element_type=\"widget\" data-e-type=\"widget\" data-widget_type=\"text-editor.default\">\n\t\t\t\t<div class=\"elementor-widget-container\">\n\t\t\t\t\t\t\t\t\t<ul><li style=\"list-style-type: none;\"><ul><li><a class=\"reference-link\" href=\"https:\/\/www.sciencedirect.com\/science\/article\/abs\/pii\/B9780323851770000185\" target=\"_blank\" rel=\"noopener\">Chapter 37 &#8211; Health-promoting activities of clove (Syzygium aromaticum) extracts<\/a><\/li><li><a class=\"reference-link\" href=\"https:\/\/www.sciencedirect.com\/science\/article\/pii\/S1018364724000545\" target=\"_blank\" rel=\"noopener\">Evaluation of antimicrobial, anticancer, antidiabetic, antioxidant activities and silver nanoparticles synthesized from Indian Clove &#8211; Syzygium aromaticum leaf extract<\/a><\/li><\/ul><\/li><\/ul>\t\t\t\t\t\t\t\t<\/div>\n\t\t\t\t<\/div>\n\t\t\t\t\t<\/div>\n\t\t<\/div>\n\t\t\t\t\t<\/div>\n\t\t<\/section>\n\t\t\t\t<\/div>","protected":false},"excerpt":{"rendered":"<p>Clove Syzygium aromaticum L. &#8211; Myrtaceae Clove (Syzigium aromaticum) is a natural spice with significant biological properties. It is primarily found in India and Indonesia, but can also be grown in other coastal areas. Clove is commonly used as a natural preservative and in the production of natural medicines. One of the significant benefits of &hellip;<\/p>\n<p class=\"read-more\"> <a class=\"\" href=\"https:\/\/www.alivitpharm.com\/de\/clove\/\"> <span class=\"screen-reader-text\">Gew\u00fcrznelkenbaum<\/span> Weiterlesen &raquo;<\/a><\/p>","protected":false},"author":9,"featured_media":0,"parent":0,"menu_order":0,"comment_status":"closed","ping_status":"closed","template":"","meta":{"site-sidebar-layout":"no-sidebar","site-content-layout":"page-builder","ast-global-header-display":"","ast-main-header-display":"","ast-hfb-above-header-display":"","ast-hfb-below-header-display":"","ast-hfb-mobile-header-display":"","site-post-title":"disabled","ast-breadcrumbs-content":"","ast-featured-img":"disabled","footer-sml-layout":"","theme-transparent-header-meta":"","adv-header-id-meta":"","stick-header-meta":"","header-above-stick-meta":"","header-main-stick-meta":"","header-below-stick-meta":"","footnotes":""},"class_list":["post-12367","page","type-page","status-publish","hentry"],"_links":{"self":[{"href":"https:\/\/www.alivitpharm.com\/de\/wp-json\/wp\/v2\/pages\/12367","targetHints":{"allow":["GET"]}}],"collection":[{"href":"https:\/\/www.alivitpharm.com\/de\/wp-json\/wp\/v2\/pages"}],"about":[{"href":"https:\/\/www.alivitpharm.com\/de\/wp-json\/wp\/v2\/types\/page"}],"author":[{"embeddable":true,"href":"https:\/\/www.alivitpharm.com\/de\/wp-json\/wp\/v2\/users\/9"}],"replies":[{"embeddable":true,"href":"https:\/\/www.alivitpharm.com\/de\/wp-json\/wp\/v2\/comments?post=12367"}],"version-history":[{"count":25,"href":"https:\/\/www.alivitpharm.com\/de\/wp-json\/wp\/v2\/pages\/12367\/revisions"}],"predecessor-version":[{"id":12394,"href":"https:\/\/www.alivitpharm.com\/de\/wp-json\/wp\/v2\/pages\/12367\/revisions\/12394"}],"wp:attachment":[{"href":"https:\/\/www.alivitpharm.com\/de\/wp-json\/wp\/v2\/media?parent=12367"}],"curies":[{"name":"wp","href":"https:\/\/api.w.org\/{rel}","templated":true}]}}