{"id":12405,"date":"2025-06-03T13:29:38","date_gmt":"2025-06-03T11:29:38","guid":{"rendered":"https:\/\/www.alivitpharm.com\/?page_id=12405"},"modified":"2025-06-04T09:56:47","modified_gmt":"2025-06-04T07:56:47","slug":"black-walnut","status":"publish","type":"page","link":"https:\/\/www.alivitpharm.com\/de\/black-walnut\/","title":{"rendered":"Schwarznuss"},"content":{"rendered":"<div data-elementor-type=\"wp-page\" data-elementor-id=\"12405\" class=\"elementor elementor-12405\">\n\t\t\t\t\t\t<section class=\"elementor-section elementor-top-section elementor-element elementor-element-eefccf9 elementor-section-content-middle elementor-section-boxed elementor-section-height-default elementor-section-height-default\" data-id=\"eefccf9\" data-element_type=\"section\" data-e-type=\"section\" data-settings=\"{&quot;background_background&quot;:&quot;classic&quot;}\">\n\t\t\t\t\t\t\t<div class=\"elementor-background-overlay\"><\/div>\n\t\t\t\t\t\t\t<div class=\"elementor-container elementor-column-gap-default\">\n\t\t\t\t\t<div class=\"elementor-column elementor-col-100 elementor-top-column elementor-element elementor-element-b3aad1a\" data-id=\"b3aad1a\" data-element_type=\"column\" data-e-type=\"column\">\n\t\t\t<div class=\"elementor-widget-wrap elementor-element-populated\">\n\t\t\t\t\t\t<div class=\"elementor-element elementor-element-ab8685e elementor-widget elementor-widget-heading\" data-id=\"ab8685e\" data-element_type=\"widget\" data-e-type=\"widget\" data-widget_type=\"heading.default\">\n\t\t\t\t<div class=\"elementor-widget-container\">\n\t\t\t\t\t<h1 class=\"elementor-heading-title elementor-size-default\">Schwarznuss<\/h1>\t\t\t\t<\/div>\n\t\t\t\t<\/div>\n\t\t\t\t<div class=\"elementor-element elementor-element-415212b elementor-widget elementor-widget-image\" data-id=\"415212b\" data-element_type=\"widget\" data-e-type=\"widget\" data-widget_type=\"image.default\">\n\t\t\t\t<div class=\"elementor-widget-container\">\n\t\t\t\t\t\t\t\t\t\t\t\t\t\t\t<img decoding=\"async\" width=\"75\" height=\"33\" src=\"https:\/\/www.alivitpharm.com\/wp-content\/uploads\/2019\/07\/logo-leaf-new.png\" class=\"attachment-large size-large wp-image-2518\" alt=\"\" \/>\t\t\t\t\t\t\t\t\t\t\t\t\t\t\t<\/div>\n\t\t\t\t<\/div>\n\t\t\t\t<div class=\"elementor-element elementor-element-b4c416b elementor-widget elementor-widget-text-editor\" data-id=\"b4c416b\" data-element_type=\"widget\" data-e-type=\"widget\" data-widget_type=\"text-editor.default\">\n\t\t\t\t<div class=\"elementor-widget-container\">\n\t\t\t\t\t\t\t\t\t<p><em>Juglans nigra L. &#8211; Juglandaceae<\/em><\/p>\t\t\t\t\t\t\t\t<\/div>\n\t\t\t\t<\/div>\n\t\t\t\t\t<\/div>\n\t\t<\/div>\n\t\t\t\t\t<\/div>\n\t\t<\/section>\n\t\t\t\t<section class=\"elementor-section elementor-top-section elementor-element elementor-element-47c4ba5 elementor-section-boxed elementor-section-height-default elementor-section-height-default\" data-id=\"47c4ba5\" data-element_type=\"section\" data-e-type=\"section\" data-settings=\"{&quot;background_background&quot;:&quot;classic&quot;}\">\n\t\t\t\t\t\t<div class=\"elementor-container elementor-column-gap-default\">\n\t\t\t\t\t<div class=\"elementor-column elementor-col-100 elementor-top-column elementor-element elementor-element-add1926\" data-id=\"add1926\" data-element_type=\"column\" data-e-type=\"column\">\n\t\t\t<div class=\"elementor-widget-wrap elementor-element-populated\">\n\t\t\t\t\t\t<div class=\"elementor-element elementor-element-86dc96d elementor-widget elementor-widget-image\" data-id=\"86dc96d\" data-element_type=\"widget\" data-e-type=\"widget\" data-widget_type=\"image.default\">\n\t\t\t\t<div class=\"elementor-widget-container\">\n\t\t\t\t\t\t\t\t\t\t\t\t\t\t\t<img decoding=\"async\" src=\"https:\/\/www.alivitpharm.com\/wp-content\/uploads\/2025\/06\/black-walnut.png\" title=\"black-walnut\" alt=\"Schwarznuss\" loading=\"lazy\" \/>\t\t\t\t\t\t\t\t\t\t\t\t\t\t\t<\/div>\n\t\t\t\t<\/div>\n\t\t\t\t<div class=\"elementor-element elementor-element-b37e113 elementor-widget elementor-widget-text-editor\" data-id=\"b37e113\" data-element_type=\"widget\" data-e-type=\"widget\" data-widget_type=\"text-editor.default\">\n\t\t\t\t<div class=\"elementor-widget-container\">\n\t\t\t\t\t\t\t\t\t<p>Waln\u00fcsse geh\u00f6ren zur Pflanzengruppe der Gattung <em>Juglans<\/em> der Familie der <em>Juglandaceae.<\/em> Eine der beiden bekanntesten Arten ist die <em>Juglans nigra L.<\/em> oder <strong>Schwarznuss<\/strong>, die in Nordamerika (USA und Kanada) heimisch ist, mittlerweile aber auch in Europa weit verbreitet ist. Wie der Name schon sagt, ist sie f\u00fcr die dunkle Farbe (braun bis schwarz) ihres Holzes bekannt, die schwer zu knackenden Schalen erschweren jedoch die kommerzielle Nutzung. Die englische oder persische Walnuss <em>Juglans regia L.<\/em> hingegen ist die am h\u00e4ufigsten kommerziell genutzte Art als Nahrungsmittel. Sie ist in Zentralasien und Teilen Europas heimisch, wurde aber weltweit eingef\u00fchrt und kultiviert.<\/p><p>Walnusswurzeln und -bl\u00e4tter werden traditionell als Heilmittel gegen Diabetes, Rheuma, Fieber, Hautkrankheiten und H\u00e4morrhoiden eingesetzt. Walnuss\u00f6l und andere Produkte sind zudem h\u00e4ufige Inhaltsstoffe in Cremes f\u00fcr trockene Haut sowie Anti-Aging-Produkten. Der Samenkern enth\u00e4lt bekannterma\u00dfen Polyphenole wie Tannine. Der hohe Polyphenolgehalt der Walnuss verst\u00e4rkt ihre antioxidativen Eigenschaften. Waln\u00fcsse haben nachweislich eine lebersch\u00fctzende Wirkung, deren Tr\u00e4ger Polyphenole sind.<\/p><p>Die gesundheitlichen Vorteile von Waln\u00fcssen k\u00f6nnen teilweise auf ihren hohen Gehalt an mehrfach unges\u00e4ttigten Fetts\u00e4uren zur\u00fcckzuf\u00fchren sein. Aus Walnusskernen gewonnenes \u00d6l enth\u00e4lt \u00fcber 76% mehrfach unges\u00e4ttigte Fetts\u00e4uren. Linols\u00e4ure (62%) ist der wichtigste Bestandteil des Walnuss\u00f6ls. Deren Konzentration kann je nach Herkunft der Walnuss und Extraktionsverfahren variieren. Kurz gesagt: Walnusskerne enthalten \u00d6l, das reich an Linol-, Linol- und \u00d6ls\u00e4ure ist. Diese ges\u00e4ttigten Fetts\u00e4uren sind f\u00fcr ihre gesundheitsf\u00f6rdernden Eigenschaften bekannt, ihre Wirkung kann jedoch aufgrund ihrer Oxidation eingeschr\u00e4nkt sein. Neben dem Gehalt an Tocopherolen (in Waln\u00fcssen relativ geringer als in anderen N\u00fcssen), die die Oxidation von Fetts\u00e4uren hemmen k\u00f6nnen, sind Polyphenolverbindungen hervorragende Antioxidantien, die sowohl die Fetts\u00e4uren des \u00d6ls als auch das menschliche Gewebe sch\u00fctzen, wenn sie als Lebensmittel und\/oder Arzneimittel verabreicht werden. Obwohl die einzelnen Wirkstoffe noch nicht umfassend untersucht wurden, l\u00e4sst sich der potenzielle gesundheitliche Nutzen des Walnuss(kern)-Verzehrs f\u00fcr den Menschen sowohl auf die \u00d6le als auch auf die Polyphenole zur\u00fcckf\u00fchren.<\/p>\t\t\t\t\t\t\t\t<\/div>\n\t\t\t\t<\/div>\n\t\t\t\t<div class=\"elementor-element elementor-element-c2d5d1e elementor-widget elementor-widget-image\" data-id=\"c2d5d1e\" data-element_type=\"widget\" data-e-type=\"widget\" data-widget_type=\"image.default\">\n\t\t\t\t<div class=\"elementor-widget-container\">\n\t\t\t\t\t\t\t\t\t\t\t\t\t\t\t<img decoding=\"async\" src=\"https:\/\/www.alivitpharm.com\/wp-content\/uploads\/2022\/09\/leaves.png\" title=\"leaves\" alt=\"Leaves\" loading=\"lazy\" \/>\t\t\t\t\t\t\t\t\t\t\t\t\t\t\t<\/div>\n\t\t\t\t<\/div>\n\t\t\t\t<div class=\"elementor-element elementor-element-7077c00 elementor-widget elementor-widget-text-editor\" data-id=\"7077c00\" data-element_type=\"widget\" data-e-type=\"widget\" data-widget_type=\"text-editor.default\">\n\t\t\t\t<div class=\"elementor-widget-container\">\n\t\t\t\t\t\t\t\t\t<p>Zahlreiche epidemiologische Belege f\u00fcr Waln\u00fcsse \u00e4hneln den allgemeinen kardiovaskul\u00e4ren, sch\u00fctzenden und gesundheitlichen Vorteilen mehrfach unges\u00e4ttigter Fetts\u00e4uren in der menschlichen Ern\u00e4hrung. Dabei wurden Verbesserungen der endothelialen Dysfunktion und der Lipidprofile beobachtet. Die t\u00e4gliche Einnahme von 56 g Waln\u00fcssen verbessert die Endothelfunktion bei adip\u00f6sen Erwachsenen und Menschen mit viszeralem Fettgewebe. Walnussbl\u00e4tter werden in Form von Aufg\u00fcssen und Tees zur Behandlung von eitrigen und pilzartigen Hautl\u00e4sionen, Lungen- und anderen Formen von Tuberkulose, Diabetes, Erkrankungen der Mund- und Rachenschleimh\u00e4ute sowie Vitaminmangel eingesetzt.<\/p><p>Schwarze Waln\u00fcsse sollten nicht mit Waln\u00fcssen verwechselt werden. Obwohl sie zur selben Familie geh\u00f6ren, weisen sie erhebliche Unterschiede auf. Die medizinischen Eigenschaften von <em>Juglans nigra<\/em>\u00a0blieben lange Zeit unerforscht. Die wohltuenden Eigenschaften und Kontraindikationen der Schwarznuss h\u00e4ngen ma\u00dfgeblich von der Zusammensetzung des Kerns ab. Reife Fr\u00fcchte enthalten acht Fetts\u00e4uren, bis zu 30% Eiwei\u00df und 7% Kohlenhydrate. Juglon, das in N\u00fcssen vorkommt, ist von gro\u00dfer Bedeutung f\u00fcr die Gesundheit. Die Substanz wirkt antimykotisch, antiparasit\u00e4r und antimikrobiell, verbessert die Darmfunktion und regeneriert die Schleimhaut. Juglon (eine organische Verbindung, die in verschiedenen Pflanzenteilen vorkommt) hemmt die Aktivit\u00e4t der Phosphatidylinositol-3-Kinase, was auf seine krebshemmenden Eigenschaften hinweist. Juglon besitzt ein breites antibakterielles Wirkungsspektrum, sowohl gegen grampositive Mikroorganismen (<em>Staphilococcus aureus<\/em>, <em>Streptococcus mutans<\/em>) als auch gegen gramnegative Mikroorganismen (<em>Escherichia coli<\/em>, <em>Pseudomonas aeruginosa<\/em>) sowie gegen pathogene Pilze. Die antibakterielle Wirkung von Juglon und seinen Derivaten gegen orale Pathogene wie <em>Porphiromonas spp<\/em>, <em>Streptococcus mutans<\/em>, <em>Actinobacillus viscasus<\/em>, <em>S. sobrinus<\/em>, <em>S. salivarius<\/em> wurde ebenfalls nachgewiesen. Die komplexen pharmakologischen Eigenschaften von Juglon bestimmen seine Wirksamkeit bei der Behandlung verschiedener Hauterkrankungen.<\/p><p>Im Labor f\u00fcr antimikrobielle Wirkstoffe wurden Studien zur antimikrobiellen Aktivit\u00e4t durchgef\u00fchrt. Dabei wurde eine hohe und moderate antimikrobielle Aktivit\u00e4t von Walnuss- (<em>Juglans regia L.<\/em>) und Schwarznuss- (<em>Juglans nigra L.<\/em>) Extrakten festgestellt. Phenole wie Galluss\u00e4ure, Ellags\u00e4ure, Ferulas\u00e4ure und Naringin werden mit antibakterieller Aktivit\u00e4t in Verbindung gebracht. Es wird vermutet, dass der Mechanismus, durch den Phenole das Bakterienwachstum hemmen, eine Zerst\u00f6rung der Membranstruktur und\/oder eine Hemmung der DNA-Synthese beinhaltet.<\/p>\t\t\t\t\t\t\t\t<\/div>\n\t\t\t\t<\/div>\n\t\t\t\t<div class=\"elementor-element elementor-element-8e3eac7 elementor-widget elementor-widget-heading\" data-id=\"8e3eac7\" data-element_type=\"widget\" data-e-type=\"widget\" data-widget_type=\"heading.default\">\n\t\t\t\t<div class=\"elementor-widget-container\">\n\t\t\t\t\t<h4 class=\"elementor-heading-title elementor-size-default\">Referenzen<\/h4>\t\t\t\t<\/div>\n\t\t\t\t<\/div>\n\t\t\t\t<div class=\"elementor-element elementor-element-473b457 elementor-widget elementor-widget-text-editor\" data-id=\"473b457\" data-element_type=\"widget\" data-e-type=\"widget\" data-widget_type=\"text-editor.default\">\n\t\t\t\t<div class=\"elementor-widget-container\">\n\t\t\t\t\t\t\t\t\t<ul><li style=\"list-style-type: none;\"><ul><li><a class=\"reference-link\" href=\"https:\/\/www.sciencedirect.com\/topics\/pharmacology-toxicology-and-pharmaceutical-science\/juglans-nigra\" target=\"_blank\" rel=\"noopener\">Juglans nigra<\/a><\/li><li><a class=\"reference-link\" href=\"https:\/\/journals.uran.ua\/ami\/article\/view\/291562\" target=\"_blank\" rel=\"noopener\">Actual aspects of medical use of woloski nut extracts (Juglans regia l.) and black walnut (Juglans nigra l.) (review)<\/a><\/li><\/ul><\/li><\/ul>\t\t\t\t\t\t\t\t<\/div>\n\t\t\t\t<\/div>\n\t\t\t\t\t<\/div>\n\t\t<\/div>\n\t\t\t\t\t<\/div>\n\t\t<\/section>\n\t\t\t\t<\/div>","protected":false},"excerpt":{"rendered":"<p>Black Walnut Juglans nigra L. &#8211; Juglandaceae Walnuts are a group of plants belonging to the genus Juglans of the Juglandaceae family. One of the two most popular species is Juglans nigra L. or black walnut, which is native to North America (USA and Canada), but is now also common in Europe. As its name &hellip;<\/p>\n<p class=\"read-more\"> <a class=\"\" href=\"https:\/\/www.alivitpharm.com\/de\/black-walnut\/\"> <span class=\"screen-reader-text\">Schwarznuss<\/span> Weiterlesen &raquo;<\/a><\/p>","protected":false},"author":9,"featured_media":0,"parent":0,"menu_order":0,"comment_status":"closed","ping_status":"closed","template":"","meta":{"site-sidebar-layout":"no-sidebar","site-content-layout":"page-builder","ast-global-header-display":"","ast-main-header-display":"","ast-hfb-above-header-display":"","ast-hfb-below-header-display":"","ast-hfb-mobile-header-display":"","site-post-title":"disabled","ast-breadcrumbs-content":"","ast-featured-img":"disabled","footer-sml-layout":"","theme-transparent-header-meta":"","adv-header-id-meta":"","stick-header-meta":"","header-above-stick-meta":"","header-main-stick-meta":"","header-below-stick-meta":"","footnotes":""},"class_list":["post-12405","page","type-page","status-publish","hentry"],"_links":{"self":[{"href":"https:\/\/www.alivitpharm.com\/de\/wp-json\/wp\/v2\/pages\/12405","targetHints":{"allow":["GET"]}}],"collection":[{"href":"https:\/\/www.alivitpharm.com\/de\/wp-json\/wp\/v2\/pages"}],"about":[{"href":"https:\/\/www.alivitpharm.com\/de\/wp-json\/wp\/v2\/types\/page"}],"author":[{"embeddable":true,"href":"https:\/\/www.alivitpharm.com\/de\/wp-json\/wp\/v2\/users\/9"}],"replies":[{"embeddable":true,"href":"https:\/\/www.alivitpharm.com\/de\/wp-json\/wp\/v2\/comments?post=12405"}],"version-history":[{"count":33,"href":"https:\/\/www.alivitpharm.com\/de\/wp-json\/wp\/v2\/pages\/12405\/revisions"}],"predecessor-version":[{"id":12449,"href":"https:\/\/www.alivitpharm.com\/de\/wp-json\/wp\/v2\/pages\/12405\/revisions\/12449"}],"wp:attachment":[{"href":"https:\/\/www.alivitpharm.com\/de\/wp-json\/wp\/v2\/media?parent=12405"}],"curies":[{"name":"wp","href":"https:\/\/api.w.org\/{rel}","templated":true}]}}