{"id":13624,"date":"2025-11-19T09:40:01","date_gmt":"2025-11-19T07:40:01","guid":{"rendered":"https:\/\/www.alivitpharm.com\/?page_id=13624"},"modified":"2025-11-20T09:29:08","modified_gmt":"2025-11-20T07:29:08","slug":"magnesium","status":"publish","type":"page","link":"https:\/\/www.alivitpharm.com\/de\/magnesium\/","title":{"rendered":"Magnesium"},"content":{"rendered":"<div data-elementor-type=\"wp-page\" data-elementor-id=\"13624\" class=\"elementor elementor-13624\">\n\t\t\t\t\t\t<section class=\"elementor-section elementor-top-section elementor-element elementor-element-aa96493 elementor-section-content-middle elementor-section-boxed elementor-section-height-default elementor-section-height-default\" data-id=\"aa96493\" data-element_type=\"section\" data-e-type=\"section\" data-settings=\"{&quot;background_background&quot;:&quot;classic&quot;}\">\n\t\t\t\t\t\t\t<div class=\"elementor-background-overlay\"><\/div>\n\t\t\t\t\t\t\t<div class=\"elementor-container elementor-column-gap-default\">\n\t\t\t\t\t<div class=\"elementor-column elementor-col-100 elementor-top-column elementor-element elementor-element-ec45379\" data-id=\"ec45379\" data-element_type=\"column\" data-e-type=\"column\">\n\t\t\t<div class=\"elementor-widget-wrap elementor-element-populated\">\n\t\t\t\t\t\t<div class=\"elementor-element elementor-element-de29173 elementor-widget elementor-widget-heading\" data-id=\"de29173\" data-element_type=\"widget\" data-e-type=\"widget\" data-widget_type=\"heading.default\">\n\t\t\t\t<div class=\"elementor-widget-container\">\n\t\t\t\t\t<h1 class=\"elementor-heading-title elementor-size-default\">Magnesium<\/h1>\t\t\t\t<\/div>\n\t\t\t\t<\/div>\n\t\t\t\t<div class=\"elementor-element elementor-element-6baeaeb elementor-widget elementor-widget-image\" data-id=\"6baeaeb\" data-element_type=\"widget\" data-e-type=\"widget\" data-widget_type=\"image.default\">\n\t\t\t\t<div class=\"elementor-widget-container\">\n\t\t\t\t\t\t\t\t\t\t\t\t\t\t\t<img decoding=\"async\" src=\"https:\/\/www.alivitpharm.com\/wp-content\/uploads\/2022\/10\/pill.png\" title=\"pill\" alt=\"Pill\" loading=\"lazy\" \/>\t\t\t\t\t\t\t\t\t\t\t\t\t\t\t<\/div>\n\t\t\t\t<\/div>\n\t\t\t\t<div class=\"elementor-element elementor-element-770e3d8 elementor-widget elementor-widget-text-editor\" data-id=\"770e3d8\" data-element_type=\"widget\" data-e-type=\"widget\" data-widget_type=\"text-editor.default\">\n\t\t\t\t<div class=\"elementor-widget-container\">\n\t\t\t\t\t\t\t\t\t<p><em>Mg<\/em><\/p>\t\t\t\t\t\t\t\t<\/div>\n\t\t\t\t<\/div>\n\t\t\t\t\t<\/div>\n\t\t<\/div>\n\t\t\t\t\t<\/div>\n\t\t<\/section>\n\t\t\t\t<section class=\"elementor-section elementor-top-section elementor-element elementor-element-e5d4072 elementor-section-boxed elementor-section-height-default elementor-section-height-default\" data-id=\"e5d4072\" data-element_type=\"section\" data-e-type=\"section\" data-settings=\"{&quot;background_background&quot;:&quot;classic&quot;}\">\n\t\t\t\t\t\t<div class=\"elementor-container elementor-column-gap-default\">\n\t\t\t\t\t<div class=\"elementor-column elementor-col-100 elementor-top-column elementor-element elementor-element-95cd157\" data-id=\"95cd157\" data-element_type=\"column\" data-e-type=\"column\">\n\t\t\t<div class=\"elementor-widget-wrap elementor-element-populated\">\n\t\t\t\t\t\t<div class=\"elementor-element elementor-element-18b684d elementor-widget elementor-widget-text-editor\" data-id=\"18b684d\" data-element_type=\"widget\" data-e-type=\"widget\" data-widget_type=\"text-editor.default\">\n\t\t\t\t<div class=\"elementor-widget-container\">\n\t\t\t\t\t\t\t\t\t<p><span class=\"jCAhz ChMk0b\"><span class=\"ryNqvb\"><strong>Magnesium<\/strong> wird \u00fcber pflanzliche Lebensmittel (N\u00fcsse, Getreide) und Seefisch aufgenommen. Eine signifikante Magnesiumzufuhr wird durch Mineralwasser erreicht, das mehr bioverf\u00fcgbares Magnesium enth\u00e4lt als pflanzliche Lebensmittel. Der t\u00e4gliche Bedarf liegt zwischen 50mg f\u00fcr S\u00e4uglinge und 300mg f\u00fcr Erwachsene. W\u00e4hrend Schwangerschaft und Stillzeit steigt der Bedarf um 150mg.<\/span><\/span><\/p><p><span class=\"jCAhz ChMk0b\"><span class=\"ryNqvb\"> Wie andere Elektrolyte hat Magnesium vielf\u00e4ltige und komplexe Funktionen im K\u00f6rper. Sein Wirkmechanismus h\u00e4ngt vom jeweiligen Organsystem und seiner Darreichungsform ab. <\/span><\/span><\/p><p><span class=\"jCAhz ChMk0b\"><span class=\"ryNqvb\">Magnesium ist das vierth\u00e4ufigste Kation im K\u00f6rper. <span class=\"jCAhz\">Der gr\u00f6\u00dfte Teil des Magnesiums befindet sich intrazellul\u00e4r;<\/span> es ist nach Kalium das zweith\u00e4ufigste intrazellul\u00e4re Kation. Magnesium spielt eine wichtige Rolle in \u00fcber 300 Stoffwechselreaktionen. Dazu geh\u00f6ren die Bindung von Hormonrezeptoren, die Muskelkontraktion, die Nervenaktivit\u00e4t, die Freisetzung von Neurotransmittern, der Gef\u00e4\u00dftonus und die Erregbarkeit des Herzens. Es ist f\u00fcr den aktiven Transport von Kalium und Calcium durch die Zellmembran notwendig.<\/span><\/span><\/p><p><span class=\"jCAhz ChMk0b\"><span class=\"ryNqvb\"> Aufgrund seiner vielf\u00e4ltigen Wirkungen auf den K\u00f6rper wird Magnesium bei einer Reihe von Erkrankungen eingesetzt. Normale Serummagnesiumwerte liegen zwischen 1,8 und 2,2 mg\/dl. Hypomagnesi\u00e4mie (verminderter Plasmamagnesiumspiegel): Eine Magnesiumkonzentration unter 1,8mg\/dl.<\/span><\/span><\/p><p><span class=\"jCAhz ChMk0b\"><span class=\"ryNqvb\">Ein Magnesiummangel kann durch unzureichende Zufuhr, verminderte renale oder gastrointestinale Resorption bedingt sein. Risikofaktoren f\u00fcr eine Hypomagnesi\u00e4mie sind unter anderem gastrointestinale Erkrankungen, chronischer Durchfall, die Einnahme von Protonenpumpenhemmern, Alkoholabh\u00e4ngigkeit und die Anwendung von Diuretika (Schleifen- und Thiaziddiuretika). H\u00e4ufig tritt eine Hypomagnesi\u00e4mie zusammen mit niedrigen Werten anderer Elektrolyte auf, wie z. B. Hypokali\u00e4mie (verminderter Plasmakaliumspiegel) und Hypokalz\u00e4mie (verminderter Plasmakalziumspiegel). <span class=\"jCAhz\">Bei Patienten mit Hypokali\u00e4mie oder Hypokalz\u00e4mie kann eine Hypomagnesi\u00e4mie die Ursache sein.<\/span> Die Symptome einer Hypomagnesi\u00e4mie korrelieren mit dem Auftreten einer begleitenden Hypokalz\u00e4mie. <span class=\"jCAhz\">Patienten k\u00f6nnen unspezifische Symptome wie \u00dcbelkeit, Erbrechen, Lethargie und Schw\u00e4che versp\u00fcren, die auf eine Hypomagnesi\u00e4mie hindeuten k\u00f6nnen.<\/span> Schwere Hypomagnesi\u00e4mie (Magnesiumspiegel unter 1,25mg\/dl) kann zu generalisierten tonisch-klonischen Anf\u00e4llen f\u00fchren.<\/span><\/span><\/p>\t\t\t\t\t\t\t\t<\/div>\n\t\t\t\t<\/div>\n\t\t\t\t<div class=\"elementor-element elementor-element-d9e1b2a elementor-widget elementor-widget-image\" data-id=\"d9e1b2a\" data-element_type=\"widget\" data-e-type=\"widget\" data-widget_type=\"image.default\">\n\t\t\t\t<div class=\"elementor-widget-container\">\n\t\t\t\t\t\t\t\t\t\t\t\t\t\t\t<img decoding=\"async\" src=\"https:\/\/www.alivitpharm.com\/wp-content\/uploads\/2022\/09\/leaves.png\" title=\"leaves\" alt=\"Leaves\" loading=\"lazy\" \/>\t\t\t\t\t\t\t\t\t\t\t\t\t\t\t<\/div>\n\t\t\t\t<\/div>\n\t\t\t\t<div class=\"elementor-element elementor-element-a502d2c elementor-widget elementor-widget-text-editor\" data-id=\"a502d2c\" data-element_type=\"widget\" data-e-type=\"widget\" data-widget_type=\"text-editor.default\">\n\t\t\t\t<div class=\"elementor-widget-container\">\n\t\t\t\t\t\t\t\t\t<p><strong><span style=\"text-decoration: underline;\">Indikationen f\u00fcr die Magnesiumgabe:<\/span><\/strong><\/p><p><strong>1.<\/strong> <strong>Eklampsie oder schwere Pr\u00e4eklampsie<\/strong> \u2013 Magnesium wird bei schwerer Pr\u00e4eklampsie zur Vorbeugung von Anf\u00e4llen und bei Eklampsie zur Anfallskontrolle verabreicht;<br \/><strong>2.<\/strong> <strong>Verstopfung<\/strong> \u2013 Magnesium wirkt abf\u00fchrend;<br \/><strong>3.<\/strong> <strong>Herzrhythmusst\u00f6rungen<\/strong> \u2013 Magnesium wird bei bestimmten Herzrhythmusst\u00f6rungen empfohlen;<br \/><strong>4.<\/strong> <strong>Asthma<\/strong> \u2013 Magnesium entspannt die glatte Bronchialmuskulatur;<br \/><strong>5.<\/strong> <strong>Migr\u00e4ne<\/strong> \u2013 Hypomagnesi\u00e4mie wurde bei Migr\u00e4nepatienten festgestellt. Eine Magnesiumsupplementierung ist bei Migr\u00e4nepatienten daher gerechtfertigt;<\/p><p>Es bestehen keine Wechselwirkungen zwischen Magnesiumpr\u00e4paraten und anderen Medikamenten. Da jedoch verschiedene Medikamente den Magnesiumspiegel erh\u00f6hen oder senken k\u00f6nnen, ist es wichtig, vor der Einnahme von Nahrungserg\u00e4nzungsmitteln einen Arzt oder Apotheker zu konsultieren. Magnesium kann w\u00e4hrend der Schwangerschaft und Stillzeit eingenommen werden. Nach aktuellem Kenntnisstand besteht kein Risiko f\u00fcr den F\u00f6tus oder S\u00e4ugling.<\/p><p>Eine \u00fcberm\u00e4\u00dfige Magnesiumzufuhr ist jedoch nicht unbedenklich, da sie zu niedrigem Blutdruck, verminderter Reflexaktivit\u00e4t und Atemdepression f\u00fchren kann.<\/p>\t\t\t\t\t\t\t\t<\/div>\n\t\t\t\t<\/div>\n\t\t\t\t<div class=\"elementor-element elementor-element-afc9eba elementor-widget elementor-widget-heading\" data-id=\"afc9eba\" data-element_type=\"widget\" data-e-type=\"widget\" data-widget_type=\"heading.default\">\n\t\t\t\t<div class=\"elementor-widget-container\">\n\t\t\t\t\t<h4 class=\"elementor-heading-title elementor-size-default\">MAGNESIUMBISGLYCINAT<\/h4>\t\t\t\t<\/div>\n\t\t\t\t<\/div>\n\t\t\t\t<div class=\"elementor-element elementor-element-639635f elementor-widget elementor-widget-text-editor\" data-id=\"639635f\" data-element_type=\"widget\" data-e-type=\"widget\" data-widget_type=\"text-editor.default\">\n\t\t\t\t<div class=\"elementor-widget-container\">\n\t\t\t\t\t\t\t\t\t<p>Magnesiumbisglycinat ist eine chelatierte Form, d. h. Magnesium ist an zwei Glycinmolek\u00fcle (eine Aminos\u00e4ure) gebunden. Diese Form erm\u00f6glicht eine extrem gute Absorption im Darm und somit eine deutlich h\u00f6here Bioverf\u00fcgbarkeit als andere Magnesiumformen. Dadurch kann Magnesium gezielt in die Zielgewebe \u2013 Muskeln, Knochen und das zentrale Nervensystem \u2013 transportiert werden. Aus Glycin (der Aminos\u00e4ure, an die Magnesium gebunden ist) kann der K\u00f6rper Glutathion (ein starkes Antioxidans), Kreatin (f\u00f6rdert die Muskelkraft) oder Kollagen (wichtig f\u00fcr Muskelkraft und gesunde Knochen) bilden. Magnesiumbisglycinat von Alivitpharm enth\u00e4lt au\u00dferdem Vitamin B6, das die Wirkung von Magnesium verst\u00e4rkt.<\/p><p>Im Gegensatz zu manchen Magnesiumformen (z. B. Magnesiumoxid, Magnesiumcitrat), die in h\u00f6heren Dosen Durchfall verursachen k\u00f6nnen, ist Bisglycinat gut vertr\u00e4glich. Daher eignet es sich ideal f\u00fcr Menschen mit empfindlichem Magen-Darm-Trakt oder Reizdarmsyndrom (RDS).<\/p><p><span style=\"text-decoration: underline;\"><strong>Diese Magnesiumform ist geeignet f\u00fcr:<\/strong><\/span><\/p><p>\u2013 Leistungssportler und Freizeitsportler;<br \/>\u2013 Menschen, die sich m\u00fcde und ersch\u00f6pft f\u00fchlen;<br \/>\u2013 Menschen mit erh\u00f6htem Magnesiumbedarf (z. B. unter starker psychischer Belastung);<br \/>\u2013 Menschen mit Kr\u00e4mpfen (Magnesium entspannt die Muskulatur);<br \/>\u2013 Schlafst\u00f6rungen (Magnesium f\u00f6rdert schnelleres Einschlafen, bessere Schlafqualit\u00e4t, senkt den Cortisolspiegel (Stresshormon) und erh\u00f6ht die Melatoninkonzentration (Schlafhormon));<\/p><p>Magnesium wirkt zudem antioxidativ, reduziert die Konzentration entz\u00fcndungsf\u00f6rdernder Zytokine (entz\u00fcndungshemmende Wirkung) und hat einen positiven Einfluss auf den Lipidstoffwechsel.<\/p>\t\t\t\t\t\t\t\t<\/div>\n\t\t\t\t<\/div>\n\t\t\t\t<div class=\"elementor-element elementor-element-35a46f0 elementor-widget elementor-widget-heading\" data-id=\"35a46f0\" data-element_type=\"widget\" data-e-type=\"widget\" data-widget_type=\"heading.default\">\n\t\t\t\t<div class=\"elementor-widget-container\">\n\t\t\t\t\t<h4 class=\"elementor-heading-title elementor-size-default\">Referenzen<\/h4>\t\t\t\t<\/div>\n\t\t\t\t<\/div>\n\t\t\t\t<div class=\"elementor-element elementor-element-6bbd38c elementor-widget elementor-widget-text-editor\" data-id=\"6bbd38c\" data-element_type=\"widget\" data-e-type=\"widget\" data-widget_type=\"text-editor.default\">\n\t\t\t\t<div class=\"elementor-widget-container\">\n\t\t\t\t\t\t\t\t\t<ul><li><a class=\"reference-link\" href=\"https:\/\/pmc.ncbi.nlm.nih.gov\/articles\/PMC6470576\" target=\"_blank\" rel=\"noopener\">Effects of Magnesium Deficiency on Mechanisms of Insulin Resistance in Type 2 Diabetes: Focusing on the Processes of Insulin Secretion and Signaling<\/a><\/li><li><a class=\"reference-link\" href=\"https:\/\/pubmed.ncbi.nlm.nih.gov\/30888644\" target=\"_blank\" rel=\"noopener\">Serum magnesium, mortality, and cardiovascular disease in chronic kidney disease and end-stage renal disease patients: a systematic review and meta-analysis<\/a><\/li><li><a class=\"reference-link\" href=\"https:\/\/pubmed.ncbi.nlm.nih.gov\/30880352\" target=\"_blank\" rel=\"noopener\">The Association Between Serum Magnesium and Premenstrual Syndrome: a Systematic Review and Meta-Analysis of Observational Studies<\/a><\/li><li><a class=\"reference-link\" href=\"https:\/\/pmc.ncbi.nlm.nih.gov\/articles\/PMC6470969\" target=\"_blank\" rel=\"noopener\">Nutrient Composition Comparison between the Low Saturated Fat Swank Diet for Multiple Sclerosis and Healthy U.S.-Style Eating Pattern<\/a><\/li><li><a class=\"reference-link\" href=\"https:\/\/pmc.ncbi.nlm.nih.gov\/articles\/PMC1855626\" target=\"_blank\" rel=\"noopener\">Magnesium Metabolism and its Disorders<\/a><\/li><li><a class=\"reference-link\" href=\"https:\/\/pubmed.ncbi.nlm.nih.gov\/30707633\" target=\"_blank\" rel=\"noopener\">Current and emerging pharmacotherapy for emergency management of preeclampsia<\/a><\/li><li><a class=\"reference-link\" href=\"https:\/\/pmc.ncbi.nlm.nih.gov\/articles\/PMC6322060\" target=\"_blank\" rel=\"noopener\">Recurrent Torsades with Refractory QT Prolongation in a 54-Year-Old Man<\/a><\/li><li><a class=\"reference-link\" href=\"https:\/\/pubmed.ncbi.nlm.nih.gov\/30798472\" target=\"_blank\" rel=\"noopener\">The efficacy of magnesium oxide and sodium valproate in prevention of migraine headache: a randomized, controlled, double-blind, crossover study<\/a><\/li><li><a class=\"reference-link\" href=\"https:\/\/pubmed.ncbi.nlm.nih.gov\/30684032\" target=\"_blank\" rel=\"noopener\">Magnesium and health outcomes: an umbrella review of systematic reviews and meta-analyses of observational and intervention studies<\/a><\/li><li><a class=\"reference-link\" href=\"https:\/\/pmc.ncbi.nlm.nih.gov\/articles\/PMC5991930\" target=\"_blank\" rel=\"noopener\">Postpartum Magnesium Sulfate Overdose: A Multidisciplinary and Interprofessional Simulation Scenario<\/a><\/li><\/ul>\t\t\t\t\t\t\t\t<\/div>\n\t\t\t\t<\/div>\n\t\t\t\t\t<\/div>\n\t\t<\/div>\n\t\t\t\t\t<\/div>\n\t\t<\/section>\n\t\t\t\t<\/div>","protected":false},"excerpt":{"rendered":"<p>Magnesium Mg Magnesium is taken into the body through plant foods (nuts, grains) and sea fish. A significant intake of magnesium is achieved by drinking mineral water, which contains more usable magnesium than plants. Daily needs range from 50mg for babies to 300mg for adults. During pregnancy and lactation, needs increase by 150mg. Like other &hellip;<\/p>\n<p class=\"read-more\"> <a class=\"\" href=\"https:\/\/www.alivitpharm.com\/de\/magnesium\/\"> <span class=\"screen-reader-text\">Magnesium<\/span> Weiterlesen &raquo;<\/a><\/p>","protected":false},"author":9,"featured_media":0,"parent":0,"menu_order":0,"comment_status":"closed","ping_status":"closed","template":"","meta":{"site-sidebar-layout":"no-sidebar","site-content-layout":"page-builder","ast-global-header-display":"","ast-main-header-display":"","ast-hfb-above-header-display":"","ast-hfb-below-header-display":"","ast-hfb-mobile-header-display":"","site-post-title":"disabled","ast-breadcrumbs-content":"","ast-featured-img":"disabled","footer-sml-layout":"","theme-transparent-header-meta":"","adv-header-id-meta":"","stick-header-meta":"","header-above-stick-meta":"","header-main-stick-meta":"","header-below-stick-meta":"","footnotes":""},"class_list":["post-13624","page","type-page","status-publish","hentry"],"_links":{"self":[{"href":"https:\/\/www.alivitpharm.com\/de\/wp-json\/wp\/v2\/pages\/13624","targetHints":{"allow":["GET"]}}],"collection":[{"href":"https:\/\/www.alivitpharm.com\/de\/wp-json\/wp\/v2\/pages"}],"about":[{"href":"https:\/\/www.alivitpharm.com\/de\/wp-json\/wp\/v2\/types\/page"}],"author":[{"embeddable":true,"href":"https:\/\/www.alivitpharm.com\/de\/wp-json\/wp\/v2\/users\/9"}],"replies":[{"embeddable":true,"href":"https:\/\/www.alivitpharm.com\/de\/wp-json\/wp\/v2\/comments?post=13624"}],"version-history":[{"count":25,"href":"https:\/\/www.alivitpharm.com\/de\/wp-json\/wp\/v2\/pages\/13624\/revisions"}],"predecessor-version":[{"id":13655,"href":"https:\/\/www.alivitpharm.com\/de\/wp-json\/wp\/v2\/pages\/13624\/revisions\/13655"}],"wp:attachment":[{"href":"https:\/\/www.alivitpharm.com\/de\/wp-json\/wp\/v2\/media?parent=13624"}],"curies":[{"name":"wp","href":"https:\/\/api.w.org\/{rel}","templated":true}]}}