{"id":13659,"date":"2025-11-26T13:15:54","date_gmt":"2025-11-26T11:15:54","guid":{"rendered":"https:\/\/www.alivitpharm.com\/?page_id=13659"},"modified":"2025-11-26T16:17:12","modified_gmt":"2025-11-26T14:17:12","slug":"coenzyme-q10","status":"publish","type":"page","link":"https:\/\/www.alivitpharm.com\/de\/coenzyme-q10\/","title":{"rendered":"Coenzym Q10"},"content":{"rendered":"<div data-elementor-type=\"wp-page\" data-elementor-id=\"13659\" class=\"elementor elementor-13659\">\n\t\t\t\t\t\t<section class=\"elementor-section elementor-top-section elementor-element elementor-element-b9b0beb elementor-section-content-middle elementor-section-boxed elementor-section-height-default elementor-section-height-default\" data-id=\"b9b0beb\" data-element_type=\"section\" data-e-type=\"section\" data-settings=\"{&quot;background_background&quot;:&quot;classic&quot;}\">\n\t\t\t\t\t\t\t<div class=\"elementor-background-overlay\"><\/div>\n\t\t\t\t\t\t\t<div class=\"elementor-container elementor-column-gap-default\">\n\t\t\t\t\t<div class=\"elementor-column elementor-col-100 elementor-top-column elementor-element elementor-element-d370734\" data-id=\"d370734\" data-element_type=\"column\" data-e-type=\"column\">\n\t\t\t<div class=\"elementor-widget-wrap elementor-element-populated\">\n\t\t\t\t\t\t<div class=\"elementor-element elementor-element-51b0967 elementor-widget elementor-widget-heading\" data-id=\"51b0967\" data-element_type=\"widget\" data-e-type=\"widget\" data-widget_type=\"heading.default\">\n\t\t\t\t<div class=\"elementor-widget-container\">\n\t\t\t\t\t<h1 class=\"elementor-heading-title elementor-size-default\">Coenzym Q10<\/h1>\t\t\t\t<\/div>\n\t\t\t\t<\/div>\n\t\t\t\t<div class=\"elementor-element elementor-element-1d144f3 elementor-widget elementor-widget-image\" data-id=\"1d144f3\" data-element_type=\"widget\" data-e-type=\"widget\" data-widget_type=\"image.default\">\n\t\t\t\t<div class=\"elementor-widget-container\">\n\t\t\t\t\t\t\t\t\t\t\t\t\t\t\t<img decoding=\"async\" src=\"https:\/\/www.alivitpharm.com\/wp-content\/uploads\/2022\/10\/pill.png\" title=\"pill\" alt=\"Pill\" loading=\"lazy\" \/>\t\t\t\t\t\t\t\t\t\t\t\t\t\t\t<\/div>\n\t\t\t\t<\/div>\n\t\t\t\t<div class=\"elementor-element elementor-element-6a0c744 elementor-widget elementor-widget-text-editor\" data-id=\"6a0c744\" data-element_type=\"widget\" data-e-type=\"widget\" data-widget_type=\"text-editor.default\">\n\t\t\t\t<div class=\"elementor-widget-container\">\n\t\t\t\t\t\t\t\t\t<p><em>Ubichinon<\/em><\/p>\t\t\t\t\t\t\t\t<\/div>\n\t\t\t\t<\/div>\n\t\t\t\t\t<\/div>\n\t\t<\/div>\n\t\t\t\t\t<\/div>\n\t\t<\/section>\n\t\t\t\t<section class=\"elementor-section elementor-top-section elementor-element elementor-element-6ef4e3c elementor-section-boxed elementor-section-height-default elementor-section-height-default\" data-id=\"6ef4e3c\" data-element_type=\"section\" data-e-type=\"section\" data-settings=\"{&quot;background_background&quot;:&quot;classic&quot;}\">\n\t\t\t\t\t\t<div class=\"elementor-container elementor-column-gap-default\">\n\t\t\t\t\t<div class=\"elementor-column elementor-col-100 elementor-top-column elementor-element elementor-element-7cf3c84\" data-id=\"7cf3c84\" data-element_type=\"column\" data-e-type=\"column\">\n\t\t\t<div class=\"elementor-widget-wrap elementor-element-populated\">\n\t\t\t\t\t\t<div class=\"elementor-element elementor-element-d059638 elementor-widget elementor-widget-text-editor\" data-id=\"d059638\" data-element_type=\"widget\" data-e-type=\"widget\" data-widget_type=\"text-editor.default\">\n\t\t\t\t<div class=\"elementor-widget-container\">\n\t\t\t\t\t\t\t\t\t<p><span class=\"jCAhz ChMk0b\"><span class=\"ryNqvb\"><strong>Coenzym Q10<\/strong>, auch bekannt als Ubichinon, ist ein fettl\u00f6sliches Molek\u00fcl, das nat\u00fcrlicherweise in jeder Zellmembran unseres K\u00f6rpers vorkommt. <\/span><\/span><span class=\"jCAhz ChMk0b\"><span class=\"ryNqvb\">Es ist essenziell f\u00fcr den effizienten Elektronentransfer in der mitochondrialen Atmungskette und die Produktion von Adenosintriphosphat (ATP).<\/span><\/span> <span class=\"jCAhz ChMk0b\"><span class=\"ryNqvb\">Diese Substanz kann potenziell die Produktion wichtiger Antioxidantien wie der Superoxiddismutase steigern, einem Enzym, das oxidativen Stress in den Blutgef\u00e4\u00dfen bei Menschen mit Bluthochdruck wirksam reduziert.<\/span><\/span> <span class=\"jCAhz ChMk0b\"><span class=\"ryNqvb\">Dar\u00fcber hinaus senkt Coenzym Q10 den Spiegel der Lipidperoxidation und kann die Durchblutung verbessern sowie die Blutgef\u00e4\u00dfe sch\u00fctzen.<\/span><\/span><\/p><p><span class=\"jCAhz ChMk0b\"><span class=\"ryNqvb\"> Bestimmte Erkrankungen wie Fibromyalgie (Druckempfindlichkeit und Schmerzen im Bindegewebe und in den Muskeln des gesamten K\u00f6rpers), Diabetes, Krebs, Herzinsuffizienz (Herzschw\u00e4che) sowie neurodegenerative, mitochondriale und Muskelerkrankungen gehen mit einem verminderten Coenzym-Q10-Spiegel im Blutkreislauf einher.<\/span><\/span> <span class=\"jCAhz ChMk0b\"><span class=\"ryNqvb\">Statine (Medikamente zur Senkung des Cholesterin- und Triglyceridspiegels) hemmen die Produktion des Zwischenprodukts, das zur Synthese von Q10 f\u00fchrt.<\/span><\/span> <span class=\"jCAhz ChMk0b\"><span class=\"ryNqvb\">Studien haben gezeigt, dass Statine zu einem Mangel an Coenzym Q10 beitragen k\u00f6nnen.<\/span><\/span> <span class=\"jCAhz ChMk0b\"><span class=\"ryNqvb\">Da Muskelschmerzen und -kr\u00e4mpfe h\u00e4ufige Nebenwirkungen von Statinen sind, werden diese Symptome auf einen verminderten Q10-Spiegel zur\u00fcckgef\u00fchrt. Daher wird allen Patienten unter Statintherapie eine Coenzym-Q10-Supplementierung empfohlen.<\/span><\/span><\/p>\t\t\t\t\t\t\t\t<\/div>\n\t\t\t\t<\/div>\n\t\t\t\t<div class=\"elementor-element elementor-element-f869fea elementor-widget elementor-widget-image\" data-id=\"f869fea\" data-element_type=\"widget\" data-e-type=\"widget\" data-widget_type=\"image.default\">\n\t\t\t\t<div class=\"elementor-widget-container\">\n\t\t\t\t\t\t\t\t\t\t\t\t\t\t\t<img decoding=\"async\" src=\"https:\/\/www.alivitpharm.com\/wp-content\/uploads\/2022\/09\/leaves.png\" title=\"leaves\" alt=\"Leaves\" loading=\"lazy\" \/>\t\t\t\t\t\t\t\t\t\t\t\t\t\t\t<\/div>\n\t\t\t\t<\/div>\n\t\t\t\t<div class=\"elementor-element elementor-element-2201b61 elementor-widget elementor-widget-text-editor\" data-id=\"2201b61\" data-element_type=\"widget\" data-e-type=\"widget\" data-widget_type=\"text-editor.default\">\n\t\t\t\t<div class=\"elementor-widget-container\">\n\t\t\t\t\t\t\t\t\t<p><span class=\"jCAhz ChMk0b\"><span class=\"ryNqvb\">Die meisten Humanstudien zu Coenzym Q10 konzentrierten sich auf die orale Einnahme.<\/span><\/span> <span class=\"jCAhz ChMk0b\"><span class=\"ryNqvb\">Diese oralen Pr\u00e4parate sind in verschiedenen Darreichungsformen wie Tabletten, Hartkapseln, Weichkapseln und fl\u00fcssigen Zubereitungen erh\u00e4ltlich. Die Dosierung reicht von 30 bis 600 mg pro Einheit und sie sind rezeptfrei erh\u00e4ltlich.<\/span><\/span> <span class=\"jCAhz ChMk0b\"><span class=\"ryNqvb\">Fleisch enth\u00e4lt die h\u00f6chste Menge an Coenzym Q10, gefolgt von Milchprodukten, Eiern und pflanzlichen Lebensmitteln (\u00d6len und H\u00fclsenfr\u00fcchten).<\/span><\/span> <span class=\"jCAhz ChMk0b\"><span class=\"ryNqvb\">Die Einnahme von 50mg zweimal t\u00e4glich reduzierte leichte bis mittelschwere Muskelschmerzen (Myalgien) im Zusammenhang mit der Statin-Einnahme und verbesserte die F\u00e4higkeit, allt\u00e4gliche Aktivit\u00e4ten auszuf\u00fchren.<\/span><\/span> <span class=\"jCAhz ChMk0b\"><span class=\"ryNqvb\">Die Einnahme von 300mg Coenzym Q10 t\u00e4glich \u00fcber 24 Wochen kann bei M\u00e4nnern mit Peyronie-Krankheit die Gr\u00f6\u00dfe der Penisplaques und die Penisverkr\u00fcmmung reduzieren sowie die Erektionsf\u00e4higkeit verbessern.<\/span><\/span> <span class=\"jCAhz ChMk0b\"><span class=\"ryNqvb\">Coenzym Q10 reduziert systemische Entz\u00fcndungen und biochemische Parameter bei nichtalkoholischer Fettlebererkrankung.<\/span><\/span> <span class=\"jCAhz ChMk0b\"><span class=\"ryNqvb\">Da Coenzym Q10 jedoch \u00fcber die Galle ausgeschieden wird,<\/span><\/span> <span class=\"jCAhz ChMk0b\"><span class=\"ryNqvb\">ist seine Anwendung bei Patienten mit Gallenwegsverschluss nicht empfehlenswert.<\/span><\/span> <span class=\"jCAhz ChMk0b\"><span class=\"ryNqvb\">Laut einem k\u00fcrzlich erschienenen Artikel zur Verbesserung der Behandlungsergebnisse bei Nierenerkrankungen kann eine Coenzym-Q10-Supplementierung Patienten mit nephrotischem Syndrom aufgrund eines prim\u00e4ren Q10-Mangels zugutekommen.<\/span><\/span> <span class=\"jCAhz ChMk0b\"><span class=\"ryNqvb\">Allerdings fehlen Studien zur Anwendung von Q10 bei Patienten mit Niereninsuffizienz;<\/span><\/span> <span class=\"jCAhz ChMk0b\"><span class=\"ryNqvb\">daher sollte bei diesen Patienten auf eine Coenzym-Q10-Supplementierung verzichtet werden. <\/span><\/span><span class=\"jCAhz ChMk0b\"><span class=\"ryNqvb\">Die Einnahme von Coenzym Q10 wird w\u00e4hrend der Schwangerschaft und Stillzeit nicht empfohlen.<\/span><\/span><\/p><p><span class=\"jCAhz ChMk0b\"><span class=\"ryNqvb\"><span style=\"text-decoration: underline;\"><strong>Wechselwirkungen mit anderen Arzneimitteln:<\/strong><\/span><br \/><\/span><\/span><span class=\"jCAhz ChMk0b\"><span class=\"ryNqvb\">Coenzym Q10 ist chemisch mit Vitamin K verwandt, und es gibt Berichte \u00fcber m\u00f6gliche Wechselwirkungen zwischen Warfarin und Q10.<\/span><\/span> <span class=\"jCAhz ChMk0b\"><span class=\"ryNqvb\">Bei gleichzeitiger Einnahme von Q10-Pr\u00e4paraten w\u00e4hrend der Warfarin-Therapie besteht die M\u00f6glichkeit eines Therapieversagens.<\/span><\/span> <span class=\"jCAhz ChMk0b\"><span class=\"ryNqvb\">Patienten, die Chemotherapeutika einnehmen, sollten CoQ10 ebenfalls meiden, da unzureichende Daten zu Wechselwirkungen mit diesen Medikamenten vorliegen.<\/span><\/span> <span class=\"jCAhz ChMk0b\"><span class=\"ryNqvb\">Da Coenzym Q10 bei manchen Patienten den N\u00fcchternblutzucker senkt, ist bei Diabetikern und Patienten mit Neigung zu Hypoglyk\u00e4mien Vorsicht geboten.<\/span><\/span><\/p>\t\t\t\t\t\t\t\t<\/div>\n\t\t\t\t<\/div>\n\t\t\t\t<div class=\"elementor-element elementor-element-59f4cf0 elementor-widget elementor-widget-heading\" data-id=\"59f4cf0\" data-element_type=\"widget\" data-e-type=\"widget\" data-widget_type=\"heading.default\">\n\t\t\t\t<div class=\"elementor-widget-container\">\n\t\t\t\t\t<h4 class=\"elementor-heading-title elementor-size-default\">Referenzen<\/h4>\t\t\t\t<\/div>\n\t\t\t\t<\/div>\n\t\t\t\t<div class=\"elementor-element elementor-element-c87cf76 elementor-widget elementor-widget-text-editor\" data-id=\"c87cf76\" data-element_type=\"widget\" data-e-type=\"widget\" data-widget_type=\"text-editor.default\">\n\t\t\t\t<div class=\"elementor-widget-container\">\n\t\t\t\t\t\t\t\t\t<ul><li><a class=\"reference-link\" href=\"https:\/\/www.ncbi.nlm.nih.gov\/books\/NBK531491\/\" target=\"_blank\" rel=\"noopener\">Coenzym Q10<\/a><\/li><\/ul>\t\t\t\t\t\t\t\t<\/div>\n\t\t\t\t<\/div>\n\t\t\t\t\t<\/div>\n\t\t<\/div>\n\t\t\t\t\t<\/div>\n\t\t<\/section>\n\t\t\t\t<\/div>","protected":false},"excerpt":{"rendered":"<p>Coenzyme Q10 Ubiquinone Coenzyme Q10, also known as ubiquinone, is a fat-soluble molecule naturally present in every cell membrane in our body. Coenzyme Q10 is essential for the efficient transfer of electrons within the mitochondrial oxidative respiratory chain and the production of adenosine triphosphate (ATP). This substance can potentially increase the production of vital antioxidants, &hellip;<\/p>\n<p class=\"read-more\"> <a class=\"\" href=\"https:\/\/www.alivitpharm.com\/de\/coenzyme-q10\/\"> <span class=\"screen-reader-text\">Coenzym Q10<\/span> Weiterlesen &raquo;<\/a><\/p>","protected":false},"author":9,"featured_media":0,"parent":0,"menu_order":0,"comment_status":"closed","ping_status":"closed","template":"","meta":{"site-sidebar-layout":"no-sidebar","site-content-layout":"page-builder","ast-global-header-display":"","ast-main-header-display":"","ast-hfb-above-header-display":"","ast-hfb-below-header-display":"","ast-hfb-mobile-header-display":"","site-post-title":"disabled","ast-breadcrumbs-content":"","ast-featured-img":"disabled","footer-sml-layout":"","theme-transparent-header-meta":"","adv-header-id-meta":"","stick-header-meta":"","header-above-stick-meta":"","header-main-stick-meta":"","header-below-stick-meta":"","footnotes":""},"class_list":["post-13659","page","type-page","status-publish","hentry"],"_links":{"self":[{"href":"https:\/\/www.alivitpharm.com\/de\/wp-json\/wp\/v2\/pages\/13659","targetHints":{"allow":["GET"]}}],"collection":[{"href":"https:\/\/www.alivitpharm.com\/de\/wp-json\/wp\/v2\/pages"}],"about":[{"href":"https:\/\/www.alivitpharm.com\/de\/wp-json\/wp\/v2\/types\/page"}],"author":[{"embeddable":true,"href":"https:\/\/www.alivitpharm.com\/de\/wp-json\/wp\/v2\/users\/9"}],"replies":[{"embeddable":true,"href":"https:\/\/www.alivitpharm.com\/de\/wp-json\/wp\/v2\/comments?post=13659"}],"version-history":[{"count":13,"href":"https:\/\/www.alivitpharm.com\/de\/wp-json\/wp\/v2\/pages\/13659\/revisions"}],"predecessor-version":[{"id":13674,"href":"https:\/\/www.alivitpharm.com\/de\/wp-json\/wp\/v2\/pages\/13659\/revisions\/13674"}],"wp:attachment":[{"href":"https:\/\/www.alivitpharm.com\/de\/wp-json\/wp\/v2\/media?parent=13659"}],"curies":[{"name":"wp","href":"https:\/\/api.w.org\/{rel}","templated":true}]}}