{"id":13797,"date":"2026-01-29T12:15:14","date_gmt":"2026-01-29T10:15:14","guid":{"rendered":"https:\/\/www.alivitpharm.com\/?page_id=13797"},"modified":"2026-01-30T10:40:49","modified_gmt":"2026-01-30T08:40:49","slug":"vitex","status":"publish","type":"page","link":"https:\/\/www.alivitpharm.com\/de\/vitex\/","title":{"rendered":"M\u00f6nchspfeffer"},"content":{"rendered":"<div data-elementor-type=\"wp-page\" data-elementor-id=\"13797\" class=\"elementor elementor-13797\">\n\t\t\t\t\t\t<section class=\"elementor-section elementor-top-section elementor-element elementor-element-86bb502 elementor-section-content-middle elementor-section-boxed elementor-section-height-default elementor-section-height-default\" data-id=\"86bb502\" data-element_type=\"section\" data-e-type=\"section\" data-settings=\"{&quot;background_background&quot;:&quot;classic&quot;}\">\n\t\t\t\t\t\t\t<div class=\"elementor-background-overlay\"><\/div>\n\t\t\t\t\t\t\t<div class=\"elementor-container elementor-column-gap-default\">\n\t\t\t\t\t<div class=\"elementor-column elementor-col-100 elementor-top-column elementor-element elementor-element-c6e6d36\" data-id=\"c6e6d36\" data-element_type=\"column\" data-e-type=\"column\">\n\t\t\t<div class=\"elementor-widget-wrap elementor-element-populated\">\n\t\t\t\t\t\t<div class=\"elementor-element elementor-element-3d970cf elementor-widget elementor-widget-heading\" data-id=\"3d970cf\" data-element_type=\"widget\" data-e-type=\"widget\" data-widget_type=\"heading.default\">\n\t\t\t\t<div class=\"elementor-widget-container\">\n\t\t\t\t\t<h1 class=\"elementor-heading-title elementor-size-default\">M\u00f6nchspfeffer<\/h1>\t\t\t\t<\/div>\n\t\t\t\t<\/div>\n\t\t\t\t<div class=\"elementor-element elementor-element-0ddc79e elementor-widget elementor-widget-image\" data-id=\"0ddc79e\" data-element_type=\"widget\" data-e-type=\"widget\" data-widget_type=\"image.default\">\n\t\t\t\t<div class=\"elementor-widget-container\">\n\t\t\t\t\t\t\t\t\t\t\t\t\t\t\t<img decoding=\"async\" width=\"75\" height=\"33\" src=\"https:\/\/www.alivitpharm.com\/wp-content\/uploads\/2019\/07\/logo-leaf-new.png\" class=\"attachment-large size-large wp-image-2518\" alt=\"\" \/>\t\t\t\t\t\t\t\t\t\t\t\t\t\t\t<\/div>\n\t\t\t\t<\/div>\n\t\t\t\t<div class=\"elementor-element elementor-element-02091a6 elementor-widget elementor-widget-text-editor\" data-id=\"02091a6\" data-element_type=\"widget\" data-e-type=\"widget\" data-widget_type=\"text-editor.default\">\n\t\t\t\t<div class=\"elementor-widget-container\">\n\t\t\t\t\t\t\t\t\t<p><em>Vitex agnus-castus, L. Verbenaceae<\/em><\/p>\t\t\t\t\t\t\t\t<\/div>\n\t\t\t\t<\/div>\n\t\t\t\t\t<\/div>\n\t\t<\/div>\n\t\t\t\t\t<\/div>\n\t\t<\/section>\n\t\t\t\t<section class=\"elementor-section elementor-top-section elementor-element elementor-element-3a5e56d elementor-section-boxed elementor-section-height-default elementor-section-height-default\" data-id=\"3a5e56d\" data-element_type=\"section\" data-e-type=\"section\" data-settings=\"{&quot;background_background&quot;:&quot;classic&quot;}\">\n\t\t\t\t\t\t<div class=\"elementor-container elementor-column-gap-default\">\n\t\t\t\t\t<div class=\"elementor-column elementor-col-100 elementor-top-column elementor-element elementor-element-4d2c199\" data-id=\"4d2c199\" data-element_type=\"column\" data-e-type=\"column\">\n\t\t\t<div class=\"elementor-widget-wrap elementor-element-populated\">\n\t\t\t\t\t\t<div class=\"elementor-element elementor-element-00e9cae elementor-widget elementor-widget-image\" data-id=\"00e9cae\" data-element_type=\"widget\" data-e-type=\"widget\" data-widget_type=\"image.default\">\n\t\t\t\t<div class=\"elementor-widget-container\">\n\t\t\t\t\t\t\t\t\t\t\t\t\t\t\t<img decoding=\"async\" src=\"https:\/\/www.alivitpharm.com\/wp-content\/uploads\/2026\/01\/vitex.jpg\" title=\"vitex\" alt=\"M\u00f6nchspfeffer\" loading=\"lazy\" \/>\t\t\t\t\t\t\t\t\t\t\t\t\t\t\t<\/div>\n\t\t\t\t<\/div>\n\t\t\t\t<div class=\"elementor-element elementor-element-df2ceb2 elementor-widget elementor-widget-text-editor\" data-id=\"df2ceb2\" data-element_type=\"widget\" data-e-type=\"widget\" data-widget_type=\"text-editor.default\">\n\t\t\t\t<div class=\"elementor-widget-container\">\n\t\t\t\t\t\t\t\t\t<p data-start=\"118\" data-end=\"685\"><strong>M\u00f6nchspfeffer (Vitex agnus-castus)<\/strong> ist eine strauchartige Pflanze aus der Familie der <em>Verbenaceae,<\/em> die aus den Regionen Griechenlands und Italiens stammt und dort bereits seit der Antike als Heilpflanze verwendet wird. Die St\u00e4ngel des M\u00f6nchspfeffers sind vierkantig, geringelt und hellgr\u00fcn, w\u00e4hrend die l\u00e4nglichen Bl\u00e4tter an langen Blattstielen sitzen und handf\u00f6rmig in 5\u20137 Fiederbl\u00e4ttchen geteilt sind. Die kleinen violetten oder rosafarbenen Bl\u00fcten sind zu langen, unterbrochenen Bl\u00fctenst\u00e4nden angeordnet. Die Frucht des M\u00f6nchspfeffers ist eine kleine r\u00f6tlich-schwarze Beere, die zu Beginn des Herbstes geerntet wird und in Aussehen und Geschmack an Pfeffer erinnert.<\/p><p data-start=\"687\" data-end=\"1047\">Der arzneilich verwendete Pflanzenteil ist die Frucht, die reich an zahlreichen pharmakologisch wirksamen Inhaltsstoffen ist, darunter vor allem: Flavonoide (Kastizin, C-Heteroside, Panduletin), Iridoide (Aucubosid und Agnusid), Diterpene (Rotundifuran, Vitexilacton), Alkaloide (Viticin), \u00e4therisches \u00d6l (reich an Eukalyptol, Sabinen und Farnesen), Steroide sowie fettes \u00d6l.<\/p><p data-start=\"1049\" data-end=\"1373\">Zahlreiche Studien haben best\u00e4tigt, dass die Frucht des M\u00f6nchspfeffers einen positiven Einfluss auf die Regulation des Menstruationszyklus hat und zur Linderung der Symptome des pr\u00e4menstruellen Syndroms (PMS) sowie der Beschwerden der Menopause beitr\u00e4gt. Die Frucht des M\u00f6nchspfeffers wird in der angloamerikanischen und europ\u00e4ischen Praxis bei einer Vielzahl weiblicher, reproduktiver Beschwerden eingesetzt.<\/p><p data-start=\"1375\" data-end=\"1871\">Untersuchungen haben gezeigt, dass die Frucht des M\u00f6nchspfeffers bei der Behandlung des pr\u00e4menstruellen Syndroms deutlich bessere Effekte erzielt als die Kombination aus Magnesium und Vitamin B6, was auf ihre starke krampfl\u00f6sende Wirkung zur\u00fcckzuf\u00fchren ist. Bei der pr\u00e4menstruellen dysphorischen St\u00f6rung zeigte eine Studie, dass M\u00f6nchspfeffer hinsichtlich der Symptomlinderung mit dem Arzneimittel Fluoxetin vergleichbar ist. Dar\u00fcber hinaus wurde nachgewiesen, dass er einen g\u00fcnstigen Einfluss auf den Prolaktinspiegel hat und daher bei latenter Hyperprolaktin\u00e4mie empfohlen werden kann.<\/p>\t\t\t\t\t\t\t\t<\/div>\n\t\t\t\t<\/div>\n\t\t\t\t<div class=\"elementor-element elementor-element-cdb9f42 elementor-widget elementor-widget-image\" data-id=\"cdb9f42\" data-element_type=\"widget\" data-e-type=\"widget\" data-widget_type=\"image.default\">\n\t\t\t\t<div class=\"elementor-widget-container\">\n\t\t\t\t\t\t\t\t\t\t\t\t\t\t\t<img decoding=\"async\" src=\"https:\/\/www.alivitpharm.com\/wp-content\/uploads\/2022\/09\/leaves.png\" title=\"leaves\" alt=\"Leaves\" loading=\"lazy\" \/>\t\t\t\t\t\t\t\t\t\t\t\t\t\t\t<\/div>\n\t\t\t\t<\/div>\n\t\t\t\t<div class=\"elementor-element elementor-element-33ee524 elementor-widget elementor-widget-text-editor\" data-id=\"33ee524\" data-element_type=\"widget\" data-e-type=\"widget\" data-widget_type=\"text-editor.default\">\n\t\t\t\t<div class=\"elementor-widget-container\">\n\t\t\t\t\t\t\t\t\t<p data-start=\"113\" data-end=\"594\">Der Wirkmechanismus der aktiven Inhaltsstoffe beruht auf ihrem hemmenden Effekt auf dopaminerge und opioide Rezeptoren. Die Hemmung der dopaminergen Rezeptoren tr\u00e4gt zur Regulation der Prolaktinsekretion bei, insbesondere in der pr\u00e4menstruellen Phase, da die Hyperprolaktin\u00e4mie eine der Hauptursachen f\u00fcr das Auftreten von Symptomen des pr\u00e4menstruellen Syndroms (PMS) ist. Pathologisch erh\u00f6hte Prolaktinspiegel treten auch bei der Parkinson-Krankheit auf, weshalb M\u00f6nchspfeffer auch in diesem Fall zur Linderung der Symptome eingesetzt werden kann.<\/p><p data-start=\"596\" data-end=\"928\">Bei Menstruationsbeschwerden, Nervosit\u00e4t, dem Auftreten von Akne sowie unangenehmen Symptomen im Zusammenhang mit dem pr\u00e4menstruellen Syndrom \u2013 wie Unterbauchschmerzen, Reizbarkeit, Schlaflosigkeit und Brustschmerzen \u2013 gilt M\u00f6nchspfeffer als zuverl\u00e4ssige Option zur Symptomlinderung. Er wird in allen Lebensphasen empfohlen, in denen der Menstruationszyklus unregelm\u00e4\u00dfig ist.<\/p><p data-start=\"930\" data-end=\"1164\">Die EMA (Europ\u00e4ische Arzneimittel-Agentur) erkennt die Frucht des M\u00f6nchspfeffers als traditionelles pflanzliches Arzneimittel zur Linderung leichter Symptome des pr\u00e4menstruellen Syndroms an. Diese Bewertung basiert auf der langj\u00e4hrigen Anwendung der Pflanze.<\/p><p data-start=\"1166\" data-end=\"1898\">Die einzige Gegenanzeige f\u00fcr die Anwendung der M\u00f6nchspfefferfrucht ist eine \u00dcberempfindlichkeit. Patientinnen und Patienten, die an estrogenabh\u00e4ngigen Krebserkrankungen leiden oder gelitten haben, sollten vor der Anwendung der Frucht von Vitex agnus-castus ihren Arzt konsultieren. Patientinnen und Patienten, die Dopaminagonisten, Dopaminantagonisten oder Estrogene einnehmen, sollten vor der Anwendung der Frucht von Vitex agnus-castus ihren Arzt konsultieren. Die Anwendung bei Kindern und Jugendlichen unter 18 Jahren ist aufgrund fehlender ausreichender Daten nicht belegt. Es wird angenommen, dass die Frucht von Vitex agnus-castus auf die Hypophyse und den Hypothalamus wirkt; daher sollten Patientinnen und Patienten mit einer Vorgeschichte von Hypophysenerkrankungen vor der Anwendung einen Arzt konsultieren.\nDie Anwendung w\u00e4hrend der Schwangerschaft und Stillzeit wird aufgrund fehlender ausreichender Nachweise nicht empfohlen.<\/p>\t\t\t\t\t\t\t\t<\/div>\n\t\t\t\t<\/div>\n\t\t\t\t<div class=\"elementor-element elementor-element-5949bd4 elementor-widget elementor-widget-heading\" data-id=\"5949bd4\" data-element_type=\"widget\" data-e-type=\"widget\" data-widget_type=\"heading.default\">\n\t\t\t\t<div class=\"elementor-widget-container\">\n\t\t\t\t\t<h4 class=\"elementor-heading-title elementor-size-default\">Referenzen<\/h4>\t\t\t\t<\/div>\n\t\t\t\t<\/div>\n\t\t\t\t<div class=\"elementor-element elementor-element-aed19f8 elementor-widget elementor-widget-text-editor\" data-id=\"aed19f8\" data-element_type=\"widget\" data-e-type=\"widget\" data-widget_type=\"text-editor.default\">\n\t\t\t\t<div class=\"elementor-widget-container\">\n\t\t\t\t\t\t\t\t\t<ul><li><a class=\"reference-link\" href=\"https:\/\/pubmed.ncbi.nlm.nih.gov\/23136064\/\" target=\"_blank\" rel=\"noopener\">Vitex agnus-castus extracts for female reproductive disorders: a systematic review of clinical trials<\/a><\/li><li><a class=\"reference-link\" href=\"https:\/\/pubmed.ncbi.nlm.nih.gov\/29063202\/\" target=\"_blank\" rel=\"noopener\">Vitex agnus castus for premenstrual syndrome and premenstrual dysphoric disorder: a systematic review<\/a><\/li><li><a class=\"reference-link\" href=\"https:\/\/pubmed.ncbi.nlm.nih.gov\/38075075\/\" target=\"_blank\" rel=\"noopener\">Vitex agnus castus effects on hyperprolactinaemia<\/a><\/li><li><a class=\"reference-link\" href=\"https:\/\/www.ema.europa.eu\/en\/documents\/herbal-monograph\/final-european-union-herbal-monograph-vitex-agnus-castus-l-fructus-revision-1_en.pdf\" target=\"_blank\" rel=\"noopener\">European Medicines Agency PDF<\/a><\/li><\/ul>\t\t\t\t\t\t\t\t<\/div>\n\t\t\t\t<\/div>\n\t\t\t\t\t<\/div>\n\t\t<\/div>\n\t\t\t\t\t<\/div>\n\t\t<\/section>\n\t\t\t\t<\/div>","protected":false},"excerpt":{"rendered":"<p>Vitex Vitex agnus-castus, L. Verbenaceae Vitex (Vitex agnus-castus) is a shrubby plant from the Verbenaceae family, originating from the regions of Greece and Italy, where it has been used as a medicinal plant since ancient times. The stems of vitex are four-angled, ringed, and light green, while the elongated leaves are borne on long petioles &hellip;<\/p>\n<p class=\"read-more\"> <a class=\"\" href=\"https:\/\/www.alivitpharm.com\/de\/vitex\/\"> <span class=\"screen-reader-text\">M\u00f6nchspfeffer<\/span> Weiterlesen &raquo;<\/a><\/p>","protected":false},"author":9,"featured_media":0,"parent":0,"menu_order":0,"comment_status":"closed","ping_status":"closed","template":"","meta":{"site-sidebar-layout":"no-sidebar","site-content-layout":"page-builder","ast-global-header-display":"","ast-main-header-display":"","ast-hfb-above-header-display":"","ast-hfb-below-header-display":"","ast-hfb-mobile-header-display":"","site-post-title":"disabled","ast-breadcrumbs-content":"","ast-featured-img":"disabled","footer-sml-layout":"","theme-transparent-header-meta":"","adv-header-id-meta":"","stick-header-meta":"","header-above-stick-meta":"","header-main-stick-meta":"","header-below-stick-meta":"","footnotes":""},"class_list":["post-13797","page","type-page","status-publish","hentry"],"_links":{"self":[{"href":"https:\/\/www.alivitpharm.com\/de\/wp-json\/wp\/v2\/pages\/13797","targetHints":{"allow":["GET"]}}],"collection":[{"href":"https:\/\/www.alivitpharm.com\/de\/wp-json\/wp\/v2\/pages"}],"about":[{"href":"https:\/\/www.alivitpharm.com\/de\/wp-json\/wp\/v2\/types\/page"}],"author":[{"embeddable":true,"href":"https:\/\/www.alivitpharm.com\/de\/wp-json\/wp\/v2\/users\/9"}],"replies":[{"embeddable":true,"href":"https:\/\/www.alivitpharm.com\/de\/wp-json\/wp\/v2\/comments?post=13797"}],"version-history":[{"count":19,"href":"https:\/\/www.alivitpharm.com\/de\/wp-json\/wp\/v2\/pages\/13797\/revisions"}],"predecessor-version":[{"id":13823,"href":"https:\/\/www.alivitpharm.com\/de\/wp-json\/wp\/v2\/pages\/13797\/revisions\/13823"}],"wp:attachment":[{"href":"https:\/\/www.alivitpharm.com\/de\/wp-json\/wp\/v2\/media?parent=13797"}],"curies":[{"name":"wp","href":"https:\/\/api.w.org\/{rel}","templated":true}]}}