{"id":13876,"date":"2026-02-11T12:26:59","date_gmt":"2026-02-11T10:26:59","guid":{"rendered":"https:\/\/www.alivitpharm.com\/?page_id=13876"},"modified":"2026-02-20T10:56:14","modified_gmt":"2026-02-20T08:56:14","slug":"fish-oil","status":"publish","type":"page","link":"https:\/\/www.alivitpharm.com\/de\/fish-oil\/","title":{"rendered":"Fisch\u00f6l"},"content":{"rendered":"<div data-elementor-type=\"wp-page\" data-elementor-id=\"13876\" class=\"elementor elementor-13876\">\n\t\t\t\t\t\t<section class=\"elementor-section elementor-top-section elementor-element elementor-element-5eb7600 elementor-section-content-middle elementor-section-boxed elementor-section-height-default elementor-section-height-default\" data-id=\"5eb7600\" data-element_type=\"section\" data-e-type=\"section\" data-settings=\"{&quot;background_background&quot;:&quot;classic&quot;}\">\n\t\t\t\t\t\t\t<div class=\"elementor-background-overlay\"><\/div>\n\t\t\t\t\t\t\t<div class=\"elementor-container elementor-column-gap-default\">\n\t\t\t\t\t<div class=\"elementor-column elementor-col-100 elementor-top-column elementor-element elementor-element-004f3ca\" data-id=\"004f3ca\" data-element_type=\"column\" data-e-type=\"column\">\n\t\t\t<div class=\"elementor-widget-wrap elementor-element-populated\">\n\t\t\t\t\t\t<div class=\"elementor-element elementor-element-313018d elementor-widget elementor-widget-heading\" data-id=\"313018d\" data-element_type=\"widget\" data-e-type=\"widget\" data-widget_type=\"heading.default\">\n\t\t\t\t<div class=\"elementor-widget-container\">\n\t\t\t\t\t<h1 class=\"elementor-heading-title elementor-size-default\">Fisch\u00f6l<\/h1>\t\t\t\t<\/div>\n\t\t\t\t<\/div>\n\t\t\t\t<div class=\"elementor-element elementor-element-4d1422f elementor-widget elementor-widget-image\" data-id=\"4d1422f\" data-element_type=\"widget\" data-e-type=\"widget\" data-widget_type=\"image.default\">\n\t\t\t\t<div class=\"elementor-widget-container\">\n\t\t\t\t\t\t\t\t\t\t\t\t\t\t\t<img decoding=\"async\" width=\"75\" height=\"33\" src=\"https:\/\/www.alivitpharm.com\/wp-content\/uploads\/2019\/07\/logo-leaf-new.png\" class=\"attachment-large size-large wp-image-2518\" alt=\"\" \/>\t\t\t\t\t\t\t\t\t\t\t\t\t\t\t<\/div>\n\t\t\t\t<\/div>\n\t\t\t\t<div class=\"elementor-element elementor-element-19887cc elementor-widget elementor-widget-text-editor\" data-id=\"19887cc\" data-element_type=\"widget\" data-e-type=\"widget\" data-widget_type=\"text-editor.default\">\n\t\t\t\t<div class=\"elementor-widget-container\">\n\t\t\t\t\t\t\t\t\t<p><em>Oleum piscium \u2013 Omega-3-Fetts\u00e4uren<\/em><\/p>\t\t\t\t\t\t\t\t<\/div>\n\t\t\t\t<\/div>\n\t\t\t\t\t<\/div>\n\t\t<\/div>\n\t\t\t\t\t<\/div>\n\t\t<\/section>\n\t\t\t\t<section class=\"elementor-section elementor-top-section elementor-element elementor-element-bd02b3d elementor-section-boxed elementor-section-height-default elementor-section-height-default\" data-id=\"bd02b3d\" data-element_type=\"section\" data-e-type=\"section\" data-settings=\"{&quot;background_background&quot;:&quot;classic&quot;}\">\n\t\t\t\t\t\t<div class=\"elementor-container elementor-column-gap-default\">\n\t\t\t\t\t<div class=\"elementor-column elementor-col-100 elementor-top-column elementor-element elementor-element-6973558\" data-id=\"6973558\" data-element_type=\"column\" data-e-type=\"column\">\n\t\t\t<div class=\"elementor-widget-wrap elementor-element-populated\">\n\t\t\t\t\t\t<div class=\"elementor-element elementor-element-f03dc64 elementor-widget elementor-widget-image\" data-id=\"f03dc64\" data-element_type=\"widget\" data-e-type=\"widget\" data-widget_type=\"image.default\">\n\t\t\t\t<div class=\"elementor-widget-container\">\n\t\t\t\t\t\t\t\t\t\t\t\t\t\t\t<img decoding=\"async\" src=\"https:\/\/www.alivitpharm.com\/wp-content\/uploads\/2026\/02\/fish-oil.png\" title=\"fish-oil\" alt=\"Fisch\u00f6l\" loading=\"lazy\" \/>\t\t\t\t\t\t\t\t\t\t\t\t\t\t\t<\/div>\n\t\t\t\t<\/div>\n\t\t\t\t<div class=\"elementor-element elementor-element-37cf635 elementor-widget elementor-widget-text-editor\" data-id=\"37cf635\" data-element_type=\"widget\" data-e-type=\"widget\" data-widget_type=\"text-editor.default\">\n\t\t\t\t<div class=\"elementor-widget-container\">\n\t\t\t\t\t\t\t\t\t<p><strong>Omega-3-Fetts\u00e4uren<\/strong> werden aufgrund ihrer gesundheitsf\u00f6rdernden Wirkung oft als wertvolle Fette bezeichnet: Sie sch\u00fctzen Herz und Blutgef\u00e4\u00dfe, indem sie den Triglyceridspiegel senken, Entz\u00fcndungen modulieren und Herzrhythmusst\u00f6rungen entgegenwirken. In den letzten Jahren ist das Interesse an Omega-3-Fetts\u00e4uren und ihrer Rolle in der Krankheitspr\u00e4vention und Gesundheitserhaltung stetig gewachsen. Zahlreiche klinische und epidemiologische Studien belegen die positive Wirkung von Omega-3-Fetts\u00e4uren auf die kindliche Entwicklung, die Pr\u00e4vention und Behandlung von Krebs- und Herz-Kreislauf-Erkrankungen sowie \u2013 in j\u00fcngerer Zeit \u2013 auf verschiedene psychische Erkrankungen wie Depressionen, Demenz und Aufmerksamkeitsdefizit-Hyperaktivit\u00e4tsst\u00f6rung (ADHS). Die wichtigsten Nahrungsquellen f\u00fcr Omega-3-Fetts\u00e4uren sind Blaufische (Sardinen, Makrelen, Thunfisch, Sardellen) und Fische aus Kaltwassergebieten (Hering, Lachs), Algen, Zooplankton und Meeresfr\u00fcchte sowie Samen und N\u00fcsse. Angereicherte Lebensmittel und Nahrungserg\u00e4nzungsmittel mit gereinigtem Fisch\u00f6l stellen eine wertvolle Quelle f\u00fcr Omega-3-Fetts\u00e4uren in der modernen Ern\u00e4hrung dar. Zu den gesunden Fetten geh\u00f6ren mehrfach unges\u00e4ttigte Omega-3-Fetts\u00e4uren, vor allem Docosahexaens\u00e4ure (DHA) und Eicosapentaens\u00e4ure (EPA).<\/p><p>Das ungeborene Kind ben\u00f6tigt bereits EPA und DHA f\u00fcr seine k\u00f6rperliche und geistige Entwicklung. Sie sind au\u00dferdem von gro\u00dfer Bedeutung f\u00fcr eine normale Herz- und Gehirnfunktion und tragen zur Erhaltung der Augengesundheit bei.<\/p><p><strong>Fisch ist nicht ausreichend Bestandteil unserer Ern\u00e4hrung. <\/strong>Leider bevorzugen wir oft ges\u00e4ttigte Fette (Fleisch, Milch und Milchprodukte) und nehmen zu wenig \u201egute\u201c, unges\u00e4ttigte Fetts\u00e4uren zu uns. Zwei Fischmahlzeiten pro Woche w\u00e4ren ideal, davon mindestens eine mit Seefisch.<\/p>\t\t\t\t\t\t\t\t<\/div>\n\t\t\t\t<\/div>\n\t\t\t\t<div class=\"elementor-element elementor-element-bcdaf26 elementor-widget elementor-widget-image\" data-id=\"bcdaf26\" data-element_type=\"widget\" data-e-type=\"widget\" data-widget_type=\"image.default\">\n\t\t\t\t<div class=\"elementor-widget-container\">\n\t\t\t\t\t\t\t\t\t\t\t\t\t\t\t<img decoding=\"async\" src=\"https:\/\/www.alivitpharm.com\/wp-content\/uploads\/2022\/09\/leaves.png\" title=\"leaves\" alt=\"Leaves\" loading=\"lazy\" \/>\t\t\t\t\t\t\t\t\t\t\t\t\t\t\t<\/div>\n\t\t\t\t<\/div>\n\t\t\t\t<div class=\"elementor-element elementor-element-d32f177 elementor-widget elementor-widget-text-editor\" data-id=\"d32f177\" data-element_type=\"widget\" data-e-type=\"widget\" data-widget_type=\"text-editor.default\">\n\t\t\t\t<div class=\"elementor-widget-container\">\n\t\t\t\t\t\t\t\t\t<p><strong>F\u00fcr eine normale Gehirnfunktion:<\/strong> Unsere Lern- und Konzentrationsf\u00e4higkeit wird auch von unserer Ern\u00e4hrung beeinflusst. Omega-3-Fetts\u00e4uren k\u00f6nnen besonders zur Erhaltung einer normalen Gehirnfunktion beitragen. Voraussetzung f\u00fcr einen normalen Hirnstoffwechsel ist eine ausreichende Zufuhr von DHA-Fetts\u00e4uren \u00fcber die Nahrung. Die empfohlene Tagesdosis an DHA betr\u00e4gt 250 mg.<\/p><p><strong>F\u00fcr eine normale Herzfunktion: <\/strong>Ausreichende Mengen an DHA und EPA tragen wesentlich zu einer normalen Herzfunktion bei. Eine t\u00e4gliche Zufuhr von 250 mg EPA und DHA wirkt sich positiv auf die Herzgesundheit aus. Omega-3-Fetts\u00e4uren sind sehr wichtig, da sie den Blutdruck um 5\u201310 mmHg senken, den Triglyceridspiegel um 25\u201340% reduzieren, das Risiko von Folgeerkrankungen des Herz-Kreislauf-Systems verringern und die Bildung atherosklerotischer Plaques reduzieren.<\/p><p><strong>F\u00fcr ein normales Sehverm\u00f6gen: <\/strong>Etwa 80% aller Informationen, die wir \u00fcber unsere Umwelt aufnehmen, erreichen uns \u00fcber den Sehsinn. Dies ist Grund genug, unsere Augen zu sch\u00fctzen und gesund zu erhalten. Omega-3-Fetts\u00e4uren spielen eine wichtige Rolle, da sie Bestandteile der Netzhaut und der Fotorezeptoren sind. Eine t\u00e4gliche Zufuhr von 250 mg DHA kann sich besonders positiv auf den Erhalt der normalen Sehkraft auswirken.<\/p><p><strong>W\u00e4hrend der Schwangerschaft und Stillzeit: <\/strong>Auch w\u00e4hrend der Schwangerschaft tragen die Omega-3-Fetts\u00e4uren EPA und DHA zur normalen und gesunden Entwicklung der Augen und des Gehirns des Babys bei. Da die Schwangere DHA direkt \u00fcber die Nabelschnur an das ungeborene Kind abgibt, wird zus\u00e4tzlich zur empfohlenen Tagesdosis von 250 mg EPA\/DHA eine erh\u00f6hte t\u00e4gliche Zufuhr von 200 mg DHA empfohlen.<\/p>\t\t\t\t\t\t\t\t<\/div>\n\t\t\t\t<\/div>\n\t\t\t\t<div class=\"elementor-element elementor-element-847577d elementor-widget elementor-widget-heading\" data-id=\"847577d\" data-element_type=\"widget\" data-e-type=\"widget\" data-widget_type=\"heading.default\">\n\t\t\t\t<div class=\"elementor-widget-container\">\n\t\t\t\t\t<h4 class=\"elementor-heading-title elementor-size-default\">Referenzen<\/h4>\t\t\t\t<\/div>\n\t\t\t\t<\/div>\n\t\t\t\t<div class=\"elementor-element elementor-element-9268718 elementor-widget elementor-widget-text-editor\" data-id=\"9268718\" data-element_type=\"widget\" data-e-type=\"widget\" data-widget_type=\"text-editor.default\">\n\t\t\t\t<div class=\"elementor-widget-container\">\n\t\t\t\t\t\t\t\t\t<ul><li><a class=\"reference-link\" href=\"https:\/\/www.kardio.hr\/wp-content\/uploads\/2011\/09\/Medix%2092-93_234-240.pdf\" target=\"_blank\" rel=\"noopener\">Omega-3 masne kiseline \u2013 svojstva i djelovanje<\/a><\/li><li><a class=\"reference-link\" href=\"https:\/\/ods.od.nih.gov\/factsheets\/Omega3FattyAcids-HealthProfessional\/\" target=\"_blank\" rel=\"noopener\">Omega-3 Fatty Acids<\/a><\/li><\/ul>\t\t\t\t\t\t\t\t<\/div>\n\t\t\t\t<\/div>\n\t\t\t\t\t<\/div>\n\t\t<\/div>\n\t\t\t\t\t<\/div>\n\t\t<\/section>\n\t\t\t\t<\/div>","protected":false},"excerpt":{"rendered":"<p>Fish Oil Oleum piscium &#8211; Omega-3 fatty acids Omega-3 fatty acids are often described as precious fats because of their beneficial effects on health: first of all, they protect the heart and blood vessels by lowering triglyceride levels, modulating inflammation and antiarrhythmic effects. In recent years, interest in omega-3 fatty acids, as well as their &hellip;<\/p>\n<p class=\"read-more\"> <a class=\"\" href=\"https:\/\/www.alivitpharm.com\/de\/fish-oil\/\"> <span class=\"screen-reader-text\">Fisch\u00f6l<\/span> Weiterlesen &raquo;<\/a><\/p>","protected":false},"author":9,"featured_media":0,"parent":0,"menu_order":0,"comment_status":"closed","ping_status":"closed","template":"","meta":{"site-sidebar-layout":"no-sidebar","site-content-layout":"page-builder","ast-global-header-display":"","ast-main-header-display":"","ast-hfb-above-header-display":"","ast-hfb-below-header-display":"","ast-hfb-mobile-header-display":"","site-post-title":"disabled","ast-breadcrumbs-content":"","ast-featured-img":"disabled","footer-sml-layout":"","theme-transparent-header-meta":"","adv-header-id-meta":"","stick-header-meta":"","header-above-stick-meta":"","header-main-stick-meta":"","header-below-stick-meta":"","footnotes":""},"class_list":["post-13876","page","type-page","status-publish","hentry"],"_links":{"self":[{"href":"https:\/\/www.alivitpharm.com\/de\/wp-json\/wp\/v2\/pages\/13876","targetHints":{"allow":["GET"]}}],"collection":[{"href":"https:\/\/www.alivitpharm.com\/de\/wp-json\/wp\/v2\/pages"}],"about":[{"href":"https:\/\/www.alivitpharm.com\/de\/wp-json\/wp\/v2\/types\/page"}],"author":[{"embeddable":true,"href":"https:\/\/www.alivitpharm.com\/de\/wp-json\/wp\/v2\/users\/9"}],"replies":[{"embeddable":true,"href":"https:\/\/www.alivitpharm.com\/de\/wp-json\/wp\/v2\/comments?post=13876"}],"version-history":[{"count":40,"href":"https:\/\/www.alivitpharm.com\/de\/wp-json\/wp\/v2\/pages\/13876\/revisions"}],"predecessor-version":[{"id":13937,"href":"https:\/\/www.alivitpharm.com\/de\/wp-json\/wp\/v2\/pages\/13876\/revisions\/13937"}],"wp:attachment":[{"href":"https:\/\/www.alivitpharm.com\/de\/wp-json\/wp\/v2\/media?parent=13876"}],"curies":[{"name":"wp","href":"https:\/\/api.w.org\/{rel}","templated":true}]}}