{"id":14008,"date":"2026-03-24T10:47:17","date_gmt":"2026-03-24T08:47:17","guid":{"rendered":"https:\/\/www.alivitpharm.com\/?page_id=14008"},"modified":"2026-04-06T11:11:30","modified_gmt":"2026-04-06T09:11:30","slug":"bay-laurel","status":"publish","type":"page","link":"https:\/\/www.alivitpharm.com\/de\/bay-laurel\/","title":{"rendered":"Echter Lorbeer"},"content":{"rendered":"<div data-elementor-type=\"wp-page\" data-elementor-id=\"14008\" class=\"elementor elementor-14008\">\n\t\t\t\t\t\t<section class=\"elementor-section elementor-top-section elementor-element elementor-element-e66317c elementor-section-content-middle elementor-section-boxed elementor-section-height-default elementor-section-height-default\" data-id=\"e66317c\" data-element_type=\"section\" data-e-type=\"section\" data-settings=\"{&quot;background_background&quot;:&quot;classic&quot;}\">\n\t\t\t\t\t\t\t<div class=\"elementor-background-overlay\"><\/div>\n\t\t\t\t\t\t\t<div class=\"elementor-container elementor-column-gap-default\">\n\t\t\t\t\t<div class=\"elementor-column elementor-col-100 elementor-top-column elementor-element elementor-element-d2b1f30\" data-id=\"d2b1f30\" data-element_type=\"column\" data-e-type=\"column\">\n\t\t\t<div class=\"elementor-widget-wrap elementor-element-populated\">\n\t\t\t\t\t\t<div class=\"elementor-element elementor-element-576516d elementor-widget elementor-widget-heading\" data-id=\"576516d\" data-element_type=\"widget\" data-e-type=\"widget\" data-widget_type=\"heading.default\">\n\t\t\t\t<div class=\"elementor-widget-container\">\n\t\t\t\t\t<h1 class=\"elementor-heading-title elementor-size-default\">Echter Lorbeer<\/h1>\t\t\t\t<\/div>\n\t\t\t\t<\/div>\n\t\t\t\t<div class=\"elementor-element elementor-element-0fa7c10 elementor-widget elementor-widget-image\" data-id=\"0fa7c10\" data-element_type=\"widget\" data-e-type=\"widget\" data-widget_type=\"image.default\">\n\t\t\t\t<div class=\"elementor-widget-container\">\n\t\t\t\t\t\t\t\t\t\t\t\t\t\t\t<img decoding=\"async\" width=\"75\" height=\"33\" src=\"https:\/\/www.alivitpharm.com\/wp-content\/uploads\/2019\/07\/logo-leaf-new.png\" class=\"attachment-large size-large wp-image-2518\" alt=\"\" \/>\t\t\t\t\t\t\t\t\t\t\t\t\t\t\t<\/div>\n\t\t\t\t<\/div>\n\t\t\t\t<div class=\"elementor-element elementor-element-f202ff4 elementor-widget elementor-widget-text-editor\" data-id=\"f202ff4\" data-element_type=\"widget\" data-e-type=\"widget\" data-widget_type=\"text-editor.default\">\n\t\t\t\t<div class=\"elementor-widget-container\">\n\t\t\t\t\t\t\t\t\t<p><em>Laurus nobilis L. &#8211; Lauraceae<\/em><\/p>\t\t\t\t\t\t\t\t<\/div>\n\t\t\t\t<\/div>\n\t\t\t\t\t<\/div>\n\t\t<\/div>\n\t\t\t\t\t<\/div>\n\t\t<\/section>\n\t\t\t\t<section class=\"elementor-section elementor-top-section elementor-element elementor-element-ed073b1 elementor-section-boxed elementor-section-height-default elementor-section-height-default\" data-id=\"ed073b1\" data-element_type=\"section\" data-e-type=\"section\" data-settings=\"{&quot;background_background&quot;:&quot;classic&quot;}\">\n\t\t\t\t\t\t<div class=\"elementor-container elementor-column-gap-default\">\n\t\t\t\t\t<div class=\"elementor-column elementor-col-100 elementor-top-column elementor-element elementor-element-f1b9514\" data-id=\"f1b9514\" data-element_type=\"column\" data-e-type=\"column\">\n\t\t\t<div class=\"elementor-widget-wrap elementor-element-populated\">\n\t\t\t\t\t\t<div class=\"elementor-element elementor-element-168d8fa elementor-widget elementor-widget-image\" data-id=\"168d8fa\" data-element_type=\"widget\" data-e-type=\"widget\" data-widget_type=\"image.default\">\n\t\t\t\t<div class=\"elementor-widget-container\">\n\t\t\t\t\t\t\t\t\t\t\t\t\t\t\t<img decoding=\"async\" src=\"https:\/\/www.alivitpharm.com\/wp-content\/uploads\/2026\/03\/bay-laurel.png\" title=\"bay-laurel\" alt=\"Echter Lorbeer\" loading=\"lazy\" \/>\t\t\t\t\t\t\t\t\t\t\t\t\t\t\t<\/div>\n\t\t\t\t<\/div>\n\t\t\t\t<div class=\"elementor-element elementor-element-028fa5b elementor-widget elementor-widget-text-editor\" data-id=\"028fa5b\" data-element_type=\"widget\" data-e-type=\"widget\" data-widget_type=\"text-editor.default\">\n\t\t\t\t<div class=\"elementor-widget-container\">\n\t\t\t\t\t\t\t\t\t<p><strong>Echte Lorbeer<\/strong> ist ein immergr\u00fcner Strauch oder Baum aus der gleichnamigen Familie der Lorbeergew\u00e4chse <em>(Lauraceae)<\/em>, Er kann eine H\u00f6he von bis zu 18 Metern erreichen und bildet eine breite, dichte Krone. Am weitesten verbreitet ist er im Mittelmeerraum.<\/p><p>Die wirksamen Bestandteile des Lorbeers sind Alpha-Pinen, Beta-Pinen, Sabinen, Alpha-Terpinen, Linalool, Alpha-Terpineol, Terpinylacetat, Eugenol, Methyleugenol sowie 1,8-Cineol. Diese Inhaltsstoffe tragen zu einer starken entz\u00fcndungshemmenden und antioxidativen Wirkung bei und haben zudem einen positiven Einfluss auf den Glukosespiegel bei Menschen mit Diabetes. 1,8-Cineol und Alpha-Pinen hemmen die Aktivit\u00e4t von Alpha-Glucosidase und Alpha-Amylase und weisen eine ausgepr\u00e4gte hypoglyk\u00e4mische Wirkung auf.<\/p>\t\t\t\t\t\t\t\t<\/div>\n\t\t\t\t<\/div>\n\t\t\t\t<div class=\"elementor-element elementor-element-407e775 elementor-widget elementor-widget-image\" data-id=\"407e775\" data-element_type=\"widget\" data-e-type=\"widget\" data-widget_type=\"image.default\">\n\t\t\t\t<div class=\"elementor-widget-container\">\n\t\t\t\t\t\t\t\t\t\t\t\t\t\t\t<img decoding=\"async\" src=\"https:\/\/www.alivitpharm.com\/wp-content\/uploads\/2022\/09\/leaves.png\" title=\"leaves\" alt=\"Leaves\" loading=\"lazy\" \/>\t\t\t\t\t\t\t\t\t\t\t\t\t\t\t<\/div>\n\t\t\t\t<\/div>\n\t\t\t\t<div class=\"elementor-element elementor-element-f5b4e79 elementor-widget elementor-widget-text-editor\" data-id=\"f5b4e79\" data-element_type=\"widget\" data-e-type=\"widget\" data-widget_type=\"text-editor.default\">\n\t\t\t\t<div class=\"elementor-widget-container\">\n\t\t\t\t\t\t\t\t\t<p>Das \u00e4therische \u00d6l aus frischen Lorbeerbl\u00e4ttern weist im Vergleich zum Vitamin-E-Analogon Trolox, das als eines der st\u00e4rksten Antiradikalien gilt, eine ausgepr\u00e4gte antioxidative Aktivit\u00e4t auf.<\/p><p>Die phytochemische Untersuchung frischer Bl\u00e4tter von <em>L. Nobilis<\/em> zeigte einen hohen Gehalt an Monoterpenoiden (74,55 %). Es wurde nachgewiesen, dass Monoterpene in den Blutkreislauf gelangen, als therapeutische Molek\u00fcle wirken und zahlreiche pharmakologische Eigenschaften besitzen, darunter spasmolytische, antihistaminische, entz\u00fcndungshemmende, antiaggregatorische, antikanzerogene, antibakterielle, antimykotische und antivirale Wirkungen. Das \u00e4therische \u00d6l aus Lorbeerbl\u00e4ttern wurde gegen verschiedene Krebsarten getestet, darunter Brusttumorzellen, Hauttumoren und kolorektale Adenokarzinome. <em>Laurus nobilis<\/em> zeigt zudem eine nachgewiesene antibakterielle Aktivit\u00e4t gegen <em>Staphylococcus aureus<\/em>, <em>E. coli<\/em>, <em>Listeria monocytogenes<\/em>, <em>Pseudomonas aeruginosa<\/em>, <em>Bacillus cereus<\/em> cereus sowie gegen die Pilzinfektion <em>Candida albicans<\/em>.<\/p>\t\t\t\t\t\t\t\t<\/div>\n\t\t\t\t<\/div>\n\t\t\t\t<div class=\"elementor-element elementor-element-58bdbed elementor-widget elementor-widget-heading\" data-id=\"58bdbed\" data-element_type=\"widget\" data-e-type=\"widget\" data-widget_type=\"heading.default\">\n\t\t\t\t<div class=\"elementor-widget-container\">\n\t\t\t\t\t<h4 class=\"elementor-heading-title elementor-size-default\">Referenzen<\/h4>\t\t\t\t<\/div>\n\t\t\t\t<\/div>\n\t\t\t\t<div class=\"elementor-element elementor-element-c1a68bb elementor-widget elementor-widget-text-editor\" data-id=\"c1a68bb\" data-element_type=\"widget\" data-e-type=\"widget\" data-widget_type=\"text-editor.default\">\n\t\t\t\t<div class=\"elementor-widget-container\">\n\t\t\t\t\t\t\t\t\t<ul><li><a class=\"reference-link\" href=\"https:\/\/pubmed.ncbi.nlm.nih.gov\/35567209\/\" target=\"_blank\" rel=\"noopener\">A Review of the Botany, Volatile Composition, Biochemical and Molecular Aspects, and Traditional Uses of Laurus nobilis<\/a><\/li><li><a class=\"reference-link\" href=\"https:\/\/pmc.ncbi.nlm.nih.gov\/articles\/PMC9695135\/\" target=\"_blank\" rel=\"noopener\">Chemical Composition, Antioxidant, Anti-Diabetic, Anti-Acetylcholinesterase, Anti-Inflammatory, and Antimicrobial Properties of Arbutus unedo L. and Laurus nobilis L. Essential Oils<\/a><\/li><li><a class=\"reference-link\" href=\"https:\/\/pmc.ncbi.nlm.nih.gov\/articles\/PMC11162004\/\" target=\"_blank\" rel=\"noopener\">Biological, phytochemical and molecular docking characteristics of Laurus nobilis L. fresh leaves essential oil from Palestine<\/a><\/li><\/ul>\t\t\t\t\t\t\t\t<\/div>\n\t\t\t\t<\/div>\n\t\t\t\t\t<\/div>\n\t\t<\/div>\n\t\t\t\t\t<\/div>\n\t\t<\/section>\n\t\t\t\t<\/div>","protected":false},"excerpt":{"rendered":"<p>Bay Laurel Laurus nobilis L. &#8211; Lauraceae Bay laurel is an evergreen shrub or tree from the family of the same name, Laurel (Lauraceae), growing up to 18 meters tall, creating a wide and dense crown, most widespread in the Mediterranean region. The active ingredients of laurel are alpha-pinene, beta-pinene, sabinene, alpha-terpinene, linalool, alpha-terpineol, terpinyl &hellip;<\/p>\n<p class=\"read-more\"> <a class=\"\" href=\"https:\/\/www.alivitpharm.com\/de\/bay-laurel\/\"> <span class=\"screen-reader-text\">Echter Lorbeer<\/span> Weiterlesen &raquo;<\/a><\/p>","protected":false},"author":9,"featured_media":0,"parent":0,"menu_order":0,"comment_status":"closed","ping_status":"closed","template":"","meta":{"site-sidebar-layout":"no-sidebar","site-content-layout":"page-builder","ast-global-header-display":"","ast-main-header-display":"","ast-hfb-above-header-display":"","ast-hfb-below-header-display":"","ast-hfb-mobile-header-display":"","site-post-title":"disabled","ast-breadcrumbs-content":"","ast-featured-img":"disabled","footer-sml-layout":"","theme-transparent-header-meta":"","adv-header-id-meta":"","stick-header-meta":"","header-above-stick-meta":"","header-main-stick-meta":"","header-below-stick-meta":"","footnotes":""},"class_list":["post-14008","page","type-page","status-publish","hentry"],"_links":{"self":[{"href":"https:\/\/www.alivitpharm.com\/de\/wp-json\/wp\/v2\/pages\/14008","targetHints":{"allow":["GET"]}}],"collection":[{"href":"https:\/\/www.alivitpharm.com\/de\/wp-json\/wp\/v2\/pages"}],"about":[{"href":"https:\/\/www.alivitpharm.com\/de\/wp-json\/wp\/v2\/types\/page"}],"author":[{"embeddable":true,"href":"https:\/\/www.alivitpharm.com\/de\/wp-json\/wp\/v2\/users\/9"}],"replies":[{"embeddable":true,"href":"https:\/\/www.alivitpharm.com\/de\/wp-json\/wp\/v2\/comments?post=14008"}],"version-history":[{"count":22,"href":"https:\/\/www.alivitpharm.com\/de\/wp-json\/wp\/v2\/pages\/14008\/revisions"}],"predecessor-version":[{"id":14103,"href":"https:\/\/www.alivitpharm.com\/de\/wp-json\/wp\/v2\/pages\/14008\/revisions\/14103"}],"wp:attachment":[{"href":"https:\/\/www.alivitpharm.com\/de\/wp-json\/wp\/v2\/media?parent=14008"}],"curies":[{"name":"wp","href":"https:\/\/api.w.org\/{rel}","templated":true}]}}