{"id":14050,"date":"2026-03-26T16:43:40","date_gmt":"2026-03-26T14:43:40","guid":{"rendered":"https:\/\/www.alivitpharm.com\/?page_id=14050"},"modified":"2026-04-08T09:32:44","modified_gmt":"2026-04-08T07:32:44","slug":"valerian","status":"publish","type":"page","link":"https:\/\/www.alivitpharm.com\/de\/valerian\/","title":{"rendered":"Baldrian"},"content":{"rendered":"<div data-elementor-type=\"wp-page\" data-elementor-id=\"14050\" class=\"elementor elementor-14050\">\n\t\t\t\t\t\t<section class=\"elementor-section elementor-top-section elementor-element elementor-element-13d107e elementor-section-content-middle elementor-section-boxed elementor-section-height-default elementor-section-height-default\" data-id=\"13d107e\" data-element_type=\"section\" data-e-type=\"section\" data-settings=\"{&quot;background_background&quot;:&quot;classic&quot;}\">\n\t\t\t\t\t\t\t<div class=\"elementor-background-overlay\"><\/div>\n\t\t\t\t\t\t\t<div class=\"elementor-container elementor-column-gap-default\">\n\t\t\t\t\t<div class=\"elementor-column elementor-col-100 elementor-top-column elementor-element elementor-element-6b7c9ac\" data-id=\"6b7c9ac\" data-element_type=\"column\" data-e-type=\"column\">\n\t\t\t<div class=\"elementor-widget-wrap elementor-element-populated\">\n\t\t\t\t\t\t<div class=\"elementor-element elementor-element-d647ccf elementor-widget elementor-widget-heading\" data-id=\"d647ccf\" data-element_type=\"widget\" data-e-type=\"widget\" data-widget_type=\"heading.default\">\n\t\t\t\t<div class=\"elementor-widget-container\">\n\t\t\t\t\t<h1 class=\"elementor-heading-title elementor-size-default\">Baldrian<\/h1>\t\t\t\t<\/div>\n\t\t\t\t<\/div>\n\t\t\t\t<div class=\"elementor-element elementor-element-3291d37 elementor-widget elementor-widget-image\" data-id=\"3291d37\" data-element_type=\"widget\" data-e-type=\"widget\" data-widget_type=\"image.default\">\n\t\t\t\t<div class=\"elementor-widget-container\">\n\t\t\t\t\t\t\t\t\t\t\t\t\t\t\t<img decoding=\"async\" width=\"75\" height=\"33\" src=\"https:\/\/www.alivitpharm.com\/wp-content\/uploads\/2019\/07\/logo-leaf-new.png\" class=\"attachment-large size-large wp-image-2518\" alt=\"\" \/>\t\t\t\t\t\t\t\t\t\t\t\t\t\t\t<\/div>\n\t\t\t\t<\/div>\n\t\t\t\t<div class=\"elementor-element elementor-element-87c2bc2 elementor-widget elementor-widget-text-editor\" data-id=\"87c2bc2\" data-element_type=\"widget\" data-e-type=\"widget\" data-widget_type=\"text-editor.default\">\n\t\t\t\t<div class=\"elementor-widget-container\">\n\t\t\t\t\t\t\t\t\t<p><em>Valeriana officinalis L. &#8211; Valerianaceae<\/em><\/p>\t\t\t\t\t\t\t\t<\/div>\n\t\t\t\t<\/div>\n\t\t\t\t\t<\/div>\n\t\t<\/div>\n\t\t\t\t\t<\/div>\n\t\t<\/section>\n\t\t\t\t<section class=\"elementor-section elementor-top-section elementor-element elementor-element-52d335f elementor-section-boxed elementor-section-height-default elementor-section-height-default\" data-id=\"52d335f\" data-element_type=\"section\" data-e-type=\"section\" data-settings=\"{&quot;background_background&quot;:&quot;classic&quot;}\">\n\t\t\t\t\t\t<div class=\"elementor-container elementor-column-gap-default\">\n\t\t\t\t\t<div class=\"elementor-column elementor-col-100 elementor-top-column elementor-element elementor-element-a91f906\" data-id=\"a91f906\" data-element_type=\"column\" data-e-type=\"column\">\n\t\t\t<div class=\"elementor-widget-wrap elementor-element-populated\">\n\t\t\t\t\t\t<div class=\"elementor-element elementor-element-af6c43b elementor-widget elementor-widget-image\" data-id=\"af6c43b\" data-element_type=\"widget\" data-e-type=\"widget\" data-widget_type=\"image.default\">\n\t\t\t\t<div class=\"elementor-widget-container\">\n\t\t\t\t\t\t\t\t\t\t\t\t\t\t\t<img decoding=\"async\" src=\"https:\/\/www.alivitpharm.com\/wp-content\/uploads\/2026\/03\/valerian.jpg\" title=\"valerian\" alt=\"Baldrian\" loading=\"lazy\" \/>\t\t\t\t\t\t\t\t\t\t\t\t\t\t\t<\/div>\n\t\t\t\t<\/div>\n\t\t\t\t<div class=\"elementor-element elementor-element-5dc52f8 elementor-widget elementor-widget-text-editor\" data-id=\"5dc52f8\" data-element_type=\"widget\" data-e-type=\"widget\" data-widget_type=\"text-editor.default\">\n\t\t\t\t<div class=\"elementor-widget-container\">\n\t\t\t\t\t\t\t\t\t<p><span class=\"jCAhz ChMk0b\"><span class=\"ryNqvb\"><strong>Baldrian<\/strong> ist eine mehrj\u00e4hrige krautige Pflanze aus der Familie der <em>Valerianaceae<\/em> und wird seit der Antike in der traditionellen Medizin zur Behandlung verschiedener Gesundheitsprobleme verwendet.<\/span><\/span> <span class=\"jCAhz ChMk0b\"><span class=\"ryNqvb\">Die Pflanze kommt in Europa und in den gem\u00e4\u00dfigten Regionen Asiens vor.<\/span><\/span> <span class=\"jCAhz ChMk0b\"><span class=\"ryNqvb\">Sie wird haupts\u00e4chlich in Mitteleuropa, England, Frankreich, Osteuropa, Japan und den USA kultiviert. <\/span><\/span><span class=\"jCAhz ChMk0b\"><span class=\"ryNqvb\">Baldrian gedeiht auf sandigem, humusreichem und kalkhaltigem Boden in feuchten Gebieten.<\/span><\/span> <span class=\"jCAhz\"><span class=\"ryNqvb\">Die Wurzel wird im September geerntet.<\/span><\/span> <span class=\"jCAhz ChMk0b\"><span class=\"ryNqvb\">Die frischen Wurzeln werden gewaschen, zerkleinert und schonend bei Luftzirkulation unter 40 \u00b0C getrocknet.<\/span><\/span> <span class=\"jCAhz ChMk0b\"><span class=\"ryNqvb\">Als Arzneidroge werden die sorgf\u00e4ltig getrockneten unterirdischen Pflanzenteile, insbesondere die Wurzeln, verwendet.<\/span><\/span><\/p><p><span class=\"jCAhz ChMk0b\"><span class=\"ryNqvb\">Die Pflanze ist 50 bis 100 cm hoch und besitzt ein kurzes, zylindrisches Rhizom mit b\u00fcscheligen, rundlichen Wurzeln.<\/span><\/span> <span class=\"jCAhz\"><span class=\"ryNqvb\">Der St\u00e4ngel ist aufrecht und unverzweigt.<\/span><\/span> <span class=\"jCAhz\"><span class=\"ryNqvb\">Die Bl\u00e4tter sind unpaarig gefiedert.<\/span><\/span> <span class=\"jCAhz ChMk0b\"><span class=\"ryNqvb\">Die Wurzeln und Rhizome von <em>Valeriana spp.<\/em> sind reich an \u00e4therischen \u00d6len, Iridoiden, Flavonoiden, Alkaloiden, Aminos\u00e4uren und Lignanen. Diese verleihen der Pflanze ihren charakteristischen Geruch und werden aufgrund ihrer bioaktiven Eigenschaften medizinisch genutzt, darunter sedierende, schlaff\u00f6rdernde, antidepressiv wirkende und angstl\u00f6sende Effekte.<\/span><\/span> <span class=\"jCAhz ChMk0b\"><span class=\"ryNqvb\">Eine weniger bekannte, aber ebenfalls wichtige Eigenschaft ist die diuretische Wirkung sowie ein positiver Einfluss auf kognitive Funktionen.<\/span><\/span> <span class=\"jCAhz ChMk0b\"><span class=\"ryNqvb\">Baldrian ist eine hervorragende Option bei der Behandlung von Schlaflosigkeit und nerv\u00f6ser Anspannung, die durch starken Stress verursacht wird.<\/span><\/span> <span class=\"jCAhz ChMk0b\"><span class=\"ryNqvb\">In Tierversuchen wurde nachgewiesen, dass Baldrian sedierende, anxiolytische, spasmolytische, muskelrelaxierende und antiulzerogene Eigenschaften besitzt.<\/span><\/span><\/p><p><span class=\"jCAhz ChMk0b\"><span class=\"ryNqvb\"> Die pharmakologische Wirksamkeit der Pflanze h\u00e4ngt stark von der Qualit\u00e4t des verwendeten Extrakts ab.<\/span><\/span> <span class=\"jCAhz ChMk0b\"><span class=\"ryNqvb\">Die Hauptwirkung beim Menschen besteht in der Verk\u00fcrzung der Einschlafzeit.<\/span><\/span> <span class=\"jCAhz ChMk0b\"><span class=\"ryNqvb\">In vitro konnte gezeigt werden, dass Bestandteile der Valerens\u00e4ure den Abbau von Gamma-Aminobutters\u00e4ure (GABA) reduzieren.<\/span><\/span> <span class=\"jCAhz ChMk0b\"><span class=\"ryNqvb\">Eine erh\u00f6hte Verf\u00fcgbarkeit von GABA ist ein m\u00f6glicher Faktor, der f\u00fcr die sedierenden Eigenschaften verantwortlich ist.<\/span><\/span><\/p>\t\t\t\t\t\t\t\t<\/div>\n\t\t\t\t<\/div>\n\t\t\t\t<div class=\"elementor-element elementor-element-bc11fde elementor-widget elementor-widget-image\" data-id=\"bc11fde\" data-element_type=\"widget\" data-e-type=\"widget\" data-widget_type=\"image.default\">\n\t\t\t\t<div class=\"elementor-widget-container\">\n\t\t\t\t\t\t\t\t\t\t\t\t\t\t\t<img decoding=\"async\" src=\"https:\/\/www.alivitpharm.com\/wp-content\/uploads\/2022\/09\/leaves.png\" title=\"leaves\" alt=\"Leaves\" loading=\"lazy\" \/>\t\t\t\t\t\t\t\t\t\t\t\t\t\t\t<\/div>\n\t\t\t\t<\/div>\n\t\t\t\t<div class=\"elementor-element elementor-element-a305988 elementor-widget elementor-widget-text-editor\" data-id=\"a305988\" data-element_type=\"widget\" data-e-type=\"widget\" data-widget_type=\"text-editor.default\">\n\t\t\t\t<div class=\"elementor-widget-container\">\n\t\t\t\t\t\t\t\t\t<p><strong><span class=\"jCAhz ChMk0b\"><span class=\"ryNqvb\">ANWENDUNGSGEBIETE UND INDIKATIONEN<\/span><\/span><\/strong><\/p><p><span class=\"jCAhz ChMk0b\"><span class=\"ryNqvb\"> Von der Kommission E anerkannt: Nervosit\u00e4t und Schlaflosigkeit<br \/><\/span><\/span><span class=\"jCAhz ChMk0b\"><span class=\"ryNqvb\"> Nicht belegte Anwendungen: Baldrian wird bei Unruhe, Schlafst\u00f6rungen nerv\u00f6sen Ursprungs, psychischer Belastung, Konzentrationsmangel, Reizbarkeit, Stress, Kopfschmerzen, Epilepsie, Hysterie, nerv\u00f6sen Herzbeschwerden, Menstruationsst\u00f6rungen, Wechseljahren, Neuralgien, Ohnmacht, Magenkr\u00e4mpfen, Uteruskr\u00e4mpfen und Angstzust\u00e4nden eingesetzt.<\/span><\/span><\/p><p><strong><span class=\"jCAhz ChMk0b\"><span class=\"ryNqvb\"> VORSICHTSMASSNAHMEN UND NEBENWIRKUNGEN<\/span><\/span><\/strong><\/p><p><span class=\"jCAhz ChMk0b\"><span class=\"ryNqvb\">Bei sachgem\u00e4\u00dfer Anwendung in therapeutischen Dosen sind keine gesundheitlichen Risiken bekannt.<\/span><\/span> <span class=\"jCAhz ChMk0b\"><span class=\"ryNqvb\">In seltenen F\u00e4llen k\u00f6nnen gastrointestinale Beschwerden auftreten, in sehr seltenen F\u00e4llen Kontaktallergien.<\/span><\/span> <span class=\"jCAhz ChMk0b\"><span class=\"ryNqvb\">Bei l\u00e4ngerer Anwendung k\u00f6nnen gelegentlich folgende Nebenwirkungen auftreten: Kopfschmerzen, Unruhe, Schlaflosigkeit, Mydriasis sowie St\u00f6rungen der Herzfunktion.<\/span><\/span><\/p><p><span class=\"jCAhz ChMk0b\"><span class=\"ryNqvb\">Wechselwirkungen: Baldrian kann die Wirkung anderer zentral d\u00e4mpfender Arzneimittel verst\u00e4rken.<\/span><\/span> <span class=\"jCAhz ChMk0b\"><span class=\"ryNqvb\">Tierstudien haben gezeigt, dass Baldrian eine additive Wirkung in Kombination mit Barbituraten und Benzodiazepinen hat.<\/span><\/span> <span class=\"jCAhz ChMk0b\"><span class=\"ryNqvb\">Obwohl keine Verst\u00e4rkung der zentral d\u00e4mpfenden Wirkung bei gleichzeitiger Einnahme mit Alkohol nachgewiesen wurde, wird die Kombination mit Alkohol nicht empfohlen.<\/span><\/span> <span class=\"jCAhz\"><span class=\"ryNqvb\">Aufgrund der sedierenden Wirkung von Baldrian sollte das F\u00fchren von Fahrzeugen oder das Bedienen von Maschinen f\u00fcr mehrere Stunden nach der Einnahme vermieden werden.<\/span><\/span> <span class=\"jCAhz ChMk0b\"><span class=\"ryNqvb\">Die Anwendung w\u00e4hrend der Schwangerschaft oder Stillzeit wird aufgrund unzureichender Daten nicht empfohlen.<\/span><\/span><\/p><p><span class=\"jCAhz\"><span class=\"ryNqvb\">Baldrianwurzel ist in Form von Kapseln, Tabletten oder w\u00e4ssrig-ethanolischen Extrakten erh\u00e4ltlich, sodass jeder die f\u00fcr ihn passende Darreichungsform w\u00e4hlen kann.<\/span><\/span><\/p><p><span class=\"jCAhz\"><span class=\"ryNqvb\"><em>Valeriana spp.<\/em> ist heute in den europ\u00e4ischen und amerikanischen Pharmakop\u00f6en aufgef\u00fchrt.<\/span><\/span> <span class=\"jCAhz\"><span class=\"ryNqvb\">Sie wird auch als Nahrungserg\u00e4nzungsmittel verkauft und geh\u00f6rt zu den meistverkauften pflanzlichen Arzneimitteln in Europa und den USA.<\/span><\/span> <span class=\"jCAhz\"><span class=\"ryNqvb\">Dar\u00fcber hinaus besitzt <em>Valeriana spp.<\/em> aufgrund ihres charakteristischen Aromas einen hohen medizinischen und wirtschaftlichen Wert in der Lebensmittel-, Getr\u00e4nke- und Kosmetikindustrie.<\/span><\/span><\/p><p><span class=\"jCAhz ChMk0b\"><span class=\"ryNqvb\">Die EMA (Europ\u00e4ische Arzneimittel-Agentur) stuft Baldrianpr\u00e4parate als traditionelles pflanzliches Arzneimittel zur Linderung leichter Symptome von psychischem Stress und zur Unterst\u00fctzung des Schlafs ein.<\/span><\/span> <span class=\"jCAhz ChMk0b\"><span class=\"ryNqvb\">Baldrian tr\u00e4gt zur optimalen geistigen und k\u00f6rperlichen Entspannung bei, wirkt krampfl\u00f6send, unterst\u00fctzt die Verdauung, f\u00f6rdert die Gesundheit des Herz-Kreislauf-Systems und hilft, einen nat\u00fcrlichen Schlaf einzuleiten und aufrechtzuerhalten.<\/span><\/span><\/p>\t\t\t\t\t\t\t\t<\/div>\n\t\t\t\t<\/div>\n\t\t\t\t<div class=\"elementor-element elementor-element-a397e37 elementor-widget elementor-widget-heading\" data-id=\"a397e37\" data-element_type=\"widget\" data-e-type=\"widget\" data-widget_type=\"heading.default\">\n\t\t\t\t<div class=\"elementor-widget-container\">\n\t\t\t\t\t<h4 class=\"elementor-heading-title elementor-size-default\">Referenzen<\/h4>\t\t\t\t<\/div>\n\t\t\t\t<\/div>\n\t\t\t\t<div class=\"elementor-element elementor-element-db8691a elementor-widget elementor-widget-text-editor\" data-id=\"db8691a\" data-element_type=\"widget\" data-e-type=\"widget\" data-widget_type=\"text-editor.default\">\n\t\t\t\t<div class=\"elementor-widget-container\">\n\t\t\t\t\t\t\t\t\t<ul><li><a class=\"reference-link\" href=\"https:\/\/scispace.com\/pdf\/chemical-components-and-cardiovascular-activities-of-2wneyenwyr.pdf\" target=\"_blank\" rel=\"noopener\">Chemical Components and Cardiovascular Activities of Valeriana spp.<\/a><\/li><li><a class=\"reference-link\" href=\"https:\/\/www.researchgate.net\/publication\/366257027_Valeriana_officinalis_-_a_review\" target=\"_blank\" rel=\"noopener\">&#8220;Valeriana officinalis&#8221; \u2013 a review<\/a><\/li><li><a class=\"reference-link\" href=\"https:\/\/dokumen.pub\/pdr-for-herbal-medicines-4nbsped-1563636786-9781563636783.html\" target=\"_blank\" rel=\"noopener\">PDR for Herbal Medicines<\/a><\/li><li><a class=\"reference-link\" href=\"https:\/\/www.ema.europa.eu\/en\/documents\/herbal-monograph\/final-european-union-herbal-monograph-valeriana-officinalis-l-aetheroleum_en.pdf\" target=\"_blank\" rel=\"noopener\">European Union herbal monograph on Valeriana officinalis L., aetheroleum<\/a><\/li><\/ul>\t\t\t\t\t\t\t\t<\/div>\n\t\t\t\t<\/div>\n\t\t\t\t\t<\/div>\n\t\t<\/div>\n\t\t\t\t\t<\/div>\n\t\t<\/section>\n\t\t\t\t<\/div>","protected":false},"excerpt":{"rendered":"<p>Valerian Valeriana officinalis L. &#8211; Valerianaceae Valerian is a perennial herbaceous plant belonging to the Valerianaceae family and has been used since ancient times in traditional medicine for various health problems. The plant is found in Europe and temperate regions of Asia. It is cultivated mainly in Central Europe, England, France, Eastern Europe, Japan and &hellip;<\/p>\n<p class=\"read-more\"> <a class=\"\" href=\"https:\/\/www.alivitpharm.com\/de\/valerian\/\"> <span class=\"screen-reader-text\">Baldrian<\/span> Weiterlesen &raquo;<\/a><\/p>","protected":false},"author":9,"featured_media":0,"parent":0,"menu_order":0,"comment_status":"closed","ping_status":"closed","template":"","meta":{"site-sidebar-layout":"no-sidebar","site-content-layout":"page-builder","ast-global-header-display":"","ast-main-header-display":"","ast-hfb-above-header-display":"","ast-hfb-below-header-display":"","ast-hfb-mobile-header-display":"","site-post-title":"disabled","ast-breadcrumbs-content":"","ast-featured-img":"disabled","footer-sml-layout":"","theme-transparent-header-meta":"","adv-header-id-meta":"","stick-header-meta":"","header-above-stick-meta":"","header-main-stick-meta":"","header-below-stick-meta":"","footnotes":""},"class_list":["post-14050","page","type-page","status-publish","hentry"],"_links":{"self":[{"href":"https:\/\/www.alivitpharm.com\/de\/wp-json\/wp\/v2\/pages\/14050","targetHints":{"allow":["GET"]}}],"collection":[{"href":"https:\/\/www.alivitpharm.com\/de\/wp-json\/wp\/v2\/pages"}],"about":[{"href":"https:\/\/www.alivitpharm.com\/de\/wp-json\/wp\/v2\/types\/page"}],"author":[{"embeddable":true,"href":"https:\/\/www.alivitpharm.com\/de\/wp-json\/wp\/v2\/users\/9"}],"replies":[{"embeddable":true,"href":"https:\/\/www.alivitpharm.com\/de\/wp-json\/wp\/v2\/comments?post=14050"}],"version-history":[{"count":28,"href":"https:\/\/www.alivitpharm.com\/de\/wp-json\/wp\/v2\/pages\/14050\/revisions"}],"predecessor-version":[{"id":14109,"href":"https:\/\/www.alivitpharm.com\/de\/wp-json\/wp\/v2\/pages\/14050\/revisions\/14109"}],"wp:attachment":[{"href":"https:\/\/www.alivitpharm.com\/de\/wp-json\/wp\/v2\/media?parent=14050"}],"curies":[{"name":"wp","href":"https:\/\/api.w.org\/{rel}","templated":true}]}}