{"id":14146,"date":"2026-04-20T15:20:13","date_gmt":"2026-04-20T13:20:13","guid":{"rendered":"https:\/\/www.alivitpharm.com\/?page_id=14146"},"modified":"2026-04-21T13:16:34","modified_gmt":"2026-04-21T11:16:34","slug":"vitamin-k2","status":"publish","type":"page","link":"https:\/\/www.alivitpharm.com\/de\/vitamin-k2\/","title":{"rendered":"Vitamin K2"},"content":{"rendered":"<div data-elementor-type=\"wp-page\" data-elementor-id=\"14146\" class=\"elementor elementor-14146\">\n\t\t\t\t\t\t<section class=\"elementor-section elementor-top-section elementor-element elementor-element-3c0fe46 elementor-section-content-middle elementor-section-boxed elementor-section-height-default elementor-section-height-default\" data-id=\"3c0fe46\" data-element_type=\"section\" data-e-type=\"section\" data-settings=\"{&quot;background_background&quot;:&quot;classic&quot;}\">\n\t\t\t\t\t\t\t<div class=\"elementor-background-overlay\"><\/div>\n\t\t\t\t\t\t\t<div class=\"elementor-container elementor-column-gap-default\">\n\t\t\t\t\t<div class=\"elementor-column elementor-col-100 elementor-top-column elementor-element elementor-element-57b5c68\" data-id=\"57b5c68\" data-element_type=\"column\" data-e-type=\"column\">\n\t\t\t<div class=\"elementor-widget-wrap elementor-element-populated\">\n\t\t\t\t\t\t<div class=\"elementor-element elementor-element-02a06bd elementor-widget elementor-widget-heading\" data-id=\"02a06bd\" data-element_type=\"widget\" data-e-type=\"widget\" data-widget_type=\"heading.default\">\n\t\t\t\t<div class=\"elementor-widget-container\">\n\t\t\t\t\t<h1 class=\"elementor-heading-title elementor-size-default\">Vitamin K2<\/h1>\t\t\t\t<\/div>\n\t\t\t\t<\/div>\n\t\t\t\t<div class=\"elementor-element elementor-element-12eba15 elementor-widget elementor-widget-image\" data-id=\"12eba15\" data-element_type=\"widget\" data-e-type=\"widget\" data-widget_type=\"image.default\">\n\t\t\t\t<div class=\"elementor-widget-container\">\n\t\t\t\t\t\t\t\t\t\t\t\t\t\t\t<img decoding=\"async\" src=\"https:\/\/www.alivitpharm.com\/wp-content\/uploads\/2022\/10\/pill.png\" title=\"pill\" alt=\"Pill\" loading=\"lazy\" \/>\t\t\t\t\t\t\t\t\t\t\t\t\t\t\t<\/div>\n\t\t\t\t<\/div>\n\t\t\t\t<div class=\"elementor-element elementor-element-30f153b elementor-widget elementor-widget-text-editor\" data-id=\"30f153b\" data-element_type=\"widget\" data-e-type=\"widget\" data-widget_type=\"text-editor.default\">\n\t\t\t\t<div class=\"elementor-widget-container\">\n\t\t\t\t\t\t\t\t\t<p><em>Menachinon MK-7<\/em><\/p>\t\t\t\t\t\t\t\t<\/div>\n\t\t\t\t<\/div>\n\t\t\t\t\t<\/div>\n\t\t<\/div>\n\t\t\t\t\t<\/div>\n\t\t<\/section>\n\t\t\t\t<section class=\"elementor-section elementor-top-section elementor-element elementor-element-7ca1627 elementor-section-boxed elementor-section-height-default elementor-section-height-default\" data-id=\"7ca1627\" data-element_type=\"section\" data-e-type=\"section\" data-settings=\"{&quot;background_background&quot;:&quot;classic&quot;}\">\n\t\t\t\t\t\t<div class=\"elementor-container elementor-column-gap-default\">\n\t\t\t\t\t<div class=\"elementor-column elementor-col-100 elementor-top-column elementor-element elementor-element-6804244\" data-id=\"6804244\" data-element_type=\"column\" data-e-type=\"column\">\n\t\t\t<div class=\"elementor-widget-wrap elementor-element-populated\">\n\t\t\t\t\t\t<div class=\"elementor-element elementor-element-1d49637 elementor-widget elementor-widget-text-editor\" data-id=\"1d49637\" data-element_type=\"widget\" data-e-type=\"widget\" data-widget_type=\"text-editor.default\">\n\t\t\t\t<div class=\"elementor-widget-container\">\n\t\t\t\t\t\t\t\t\t<p><strong>Vitamin K<\/strong> ist eine Gruppe von Vitaminen, die in einigen gr\u00fcnen Blattgem\u00fcsen vorkommen. Vitamin K1 (Phytomenadion) und K2 (Menachinon) sind h\u00e4ufig als Nahrungserg\u00e4nzungsmittel erh\u00e4ltlich.<\/p><p>Vitamin K ist ein essentielles Vitamin, das der K\u00f6rper f\u00fcr die Blutgerinnung, den Knochenaufbau und andere wichtige Prozesse ben\u00f6tigt. Es wird h\u00e4ufig bei Blutgerinnungsst\u00f6rungen oder zur Aufhebung der Wirkung von Warfarin bei Blutungen eingesetzt. Weitere Anwendungsgebiete sind Osteoporose, Brustkrebs, Diabetes, Herz-Kreislauf-Erkrankungen, Entz\u00fcndungen, Alzheimer und periphere Neuropathie. Die orale Einnahme von Vitamin K2 st\u00e4rkt die Knochen und verringert das Frakturrisiko bei Menschen mit schwachen Knochen.<\/p><p>Vitamin K2, auch bekannt als Menachinon (MK), wird haupts\u00e4chlich von Bakterien produziert. Es findet sich vor allem in fermentierten Lebensmitteln, Fleisch und Milchprodukten. Auch die Darmflora kann Vitamin K2 produzieren, wobei die Aufnahme und der Transport des so produzierten Vitamin K2 noch nicht vollst\u00e4ndig erforscht sind.<\/p><p>Vitamin K2 stammt haupts\u00e4chlich aus tierischen Produkten, die es aus dem durch Grasf\u00fctterung aufgenommenen Vitamin K1 synthetisieren k\u00f6nnen. Da sich die Tierhaltung von Weidehaltung hin zu Getreidef\u00fctterung verlagert hat, sind die Vitamin-K2-Spiegel gesunken.<\/p><p>Vitamin K2 ist essenziell f\u00fcr den Knochenaufbau, da es zur Aktivierung von Proteinen ben\u00f6tigt wird, die von Osteoblasten sezerniert werden. K2 bindet Kalzium an die Knochenmatrix und kann in Kombination mit Vitamin D3 den Knochenabbau hemmen. Die Menachinon-7-Form von Vitamin K2 hat sich dabei als besonders wirksam erwiesen.<\/p><p>Die Einnahme von Vitamin K2 allein oder in Kombination mit Vitamin D3 und Kalzium ist mit einer signifikanten Reduktion (ca. 25\u201380 %) des Frakturrisikos verbunden und tr\u00e4gt zur Erhaltung der Knochendichte bei Osteoporose-Patienten bei. Die Einnahme von Vitamin K1 zeigte hingegen nur einen geringen Nutzen hinsichtlich dieser Ergebnisse.<\/p><p>Eine systematische Literatur\u00fcbersicht aus dem Jahr 2017 empfiehlt, Vitamin K2 zusammen mit Vitamin D3 und Kalzium als erg\u00e4nzende Osteoporose-Therapie in Betracht zu ziehen, die mit der Bisphosphonat-Therapie konkurrenzf\u00e4hig ist und keine toxischen Nebenwirkungen aufweist.<\/p>\t\t\t\t\t\t\t\t<\/div>\n\t\t\t\t<\/div>\n\t\t\t\t<div class=\"elementor-element elementor-element-6f762f1 elementor-widget elementor-widget-image\" data-id=\"6f762f1\" data-element_type=\"widget\" data-e-type=\"widget\" data-widget_type=\"image.default\">\n\t\t\t\t<div class=\"elementor-widget-container\">\n\t\t\t\t\t\t\t\t\t\t\t\t\t\t\t<img decoding=\"async\" src=\"https:\/\/www.alivitpharm.com\/wp-content\/uploads\/2022\/09\/leaves.png\" title=\"leaves\" alt=\"Leaves\" loading=\"lazy\" \/>\t\t\t\t\t\t\t\t\t\t\t\t\t\t\t<\/div>\n\t\t\t\t<\/div>\n\t\t\t\t<div class=\"elementor-element elementor-element-1a89e07 elementor-widget elementor-widget-text-editor\" data-id=\"1a89e07\" data-element_type=\"widget\" data-e-type=\"widget\" data-widget_type=\"text-editor.default\">\n\t\t\t\t<div class=\"elementor-widget-container\">\n\t\t\t\t\t\t\t\t\t<p><strong>Die Bedeutung von Vitamin K2 f\u00fcr das Herz-Kreislauf-System<\/strong><\/p><p>Vitamin K2 aktiviert das Matrix-Gla-Protein (MGP), welches die Bildung von Kalziumablagerungen an den Blutgef\u00e4\u00dfw\u00e4nden verhindert. Studien haben gezeigt, dass eine ausreichende Vitamin-K2-Zufuhr Kalzium f\u00fcr seine positiven Funktionen freisetzt, w\u00e4hrend ein Mangel an Vitamin K2 zur Ansammlung von Verkalkungen f\u00fchrt.<\/p><p>Dieser einfache Ursache-Wirkungs-Zusammenhang wurde in der 2004 durchgef\u00fchrten prospektiven, bev\u00f6lkerungsbasierten Rotterdam-Studie deutlich, an der 4.807 Personen ohne Herzinfarkt in der Vorgeschichte teilnahmen. Nach einer Nachbeobachtungszeit berichteten die Forscher, dass eine hohe Vitamin-K2-Zufuhr im Vergleich zu Personen mit der niedrigsten Vitamin-K2-Zufuhr mit einer signifikanten Reduktion des Risikos f\u00fcr koronare Herzkrankheit, Gesamtmortalit\u00e4t und schwere Aortenverkalkung einherging. Im Gegensatz dazu zeigte die Vitamin-K1-Zufuhr keinen erkennbaren Schutzeffekt.<\/p><p>Eine Kohortenstudie mit \u00fcber 16.000 Frauen ohne Herz-Kreislauf-Erkrankungen berichtete ebenfalls \u00fcber eine starke Korrelation zwischen erh\u00f6hter Vitamin-K2-Zufuhr und einem reduzierten Risiko f\u00fcr koronare Ereignisse, jedoch nicht f\u00fcr Vitamin K1.<\/p><p>Die Vitamin-K2-Supplementierung ist in Japan mittlerweile Standard in der Osteoporosetherapie und gewinnt auch in westlichen L\u00e4ndern an Bedeutung.<\/p><p>Studien, die relativ niedrige Dosen von MK-7-Supplementierung mit Placebo bei Frauen in der fr\u00fchen und postmenopausalen Phase verglichen, lieferten widerspr\u00fcchliche Ergebnisse. W\u00e4hrend bei Frauen in der fr\u00fchen Menopause nach einem Jahr kein Unterschied im Knochenverlust festgestellt wurde, zeigte sich bei Frauen in der Postmenopause nach drei Jahren ein geringerer altersbedingter R\u00fcckgang der Knochenmasse und -dichte im Oberschenkelhals und der Lendenwirbels\u00e4ule. Dies wirft Fragen nach dem optimalen Vitamin-K2-Dosierungsbereich f\u00fcr verschiedene Bev\u00f6lkerungsgruppen, der erforderlichen Nachbeobachtungsdauer zur Bestimmung der Wirkung und der Frage auf, ob Supplemente eine ebenso ausreichende N\u00e4hrstoffversorgung wie die Ern\u00e4hrung gew\u00e4hrleisten k\u00f6nnen.<\/p><p>Es gibt mehrere Berichte \u00fcber ein erh\u00f6htes Risiko f\u00fcr Herz-Kreislauf-Erkrankungen bei \u00e4lteren Erwachsenen und postmenopausalen Frauen, die Kalziumpr\u00e4parate einnehmen. Dieser Zusammenhang wurde jedoch in anderen neueren Studien infrage gestellt, und klinische Leitlinien legen nahe, dass sich jedes Risiko minimieren l\u00e4sst, wenn Kalziumpr\u00e4parate in tolerierbaren Dosen eingenommen werden (z. B. nicht \u00fcber 2000\u20132500 mg\/Tag). Da dieser Zusammenhang weiterhin untersucht wird, bedarf die m\u00f6gliche Rolle von Vitamin-K2-Pr\u00e4paraten bei der Risikominimierung einer eingehenden klinischen Analyse. Bestimmte Vitamin-K2-Pr\u00e4parate, wie beispielsweise MK-7, k\u00f6nnen die Antikoagulationstherapie beeintr\u00e4chtigen, w\u00e4hrend andere, wie MK-4, selbst in relativ hohen Dosen kein Risiko einer Hyperkoagulabilit\u00e4t bergen. Daher ist es f\u00fcr \u00c4rzte unerl\u00e4sslich, die unterschiedlichen Eigenschaften der verschiedenen Vitamin-K2-Pr\u00e4parate bei Patienten unter Antikoagulationstherapie zu kennen.<\/p>\t\t\t\t\t\t\t\t<\/div>\n\t\t\t\t<\/div>\n\t\t\t\t<div class=\"elementor-element elementor-element-cce8d45 elementor-widget elementor-widget-heading\" data-id=\"cce8d45\" data-element_type=\"widget\" data-e-type=\"widget\" data-widget_type=\"heading.default\">\n\t\t\t\t<div class=\"elementor-widget-container\">\n\t\t\t\t\t<h4 class=\"elementor-heading-title elementor-size-default\">Referenzen<\/h4>\t\t\t\t<\/div>\n\t\t\t\t<\/div>\n\t\t\t\t<div class=\"elementor-element elementor-element-32243af elementor-widget elementor-widget-text-editor\" data-id=\"32243af\" data-element_type=\"widget\" data-e-type=\"widget\" data-widget_type=\"text-editor.default\">\n\t\t\t\t<div class=\"elementor-widget-container\">\n\t\t\t\t\t\t\t\t\t<ul><li><a class=\"reference-link\" href=\"https:\/\/www.webmd.com\/vitamins\/ai\/ingredientmono-983\/vitamin-k\" target=\"_blank\" rel=\"noopener\">Vitamin K &#8211; Uses, Side Effects, and More<\/a><\/li><li><a class=\"reference-link\" href=\"https:\/\/www.medscape.com\/viewarticle\/902985_3?form=fpf\" target=\"_blank\" rel=\"noopener\">Vitamin K2 Steps Into the Spotlight for Bone and Heart Health<\/a><\/li><\/ul>\t\t\t\t\t\t\t\t<\/div>\n\t\t\t\t<\/div>\n\t\t\t\t\t<\/div>\n\t\t<\/div>\n\t\t\t\t\t<\/div>\n\t\t<\/section>\n\t\t\t\t<\/div>","protected":false},"excerpt":{"rendered":"<p>Vitamin K2 Menaquinone MK-7 Vitamin K is a group of vitamins found in some green leafy vegetables. Vitamins K1 (phytonadione) and K2 (menaquinone) are commonly available as supplements. Vitamin K is an essential vitamin that the body needs for blood clotting, bone building, and other important processes. People commonly use vitamin K for blood clotting &hellip;<\/p>\n<p class=\"read-more\"> <a class=\"\" href=\"https:\/\/www.alivitpharm.com\/de\/vitamin-k2\/\"> <span class=\"screen-reader-text\">Vitamin K2<\/span> Weiterlesen &raquo;<\/a><\/p>","protected":false},"author":9,"featured_media":0,"parent":0,"menu_order":0,"comment_status":"closed","ping_status":"closed","template":"","meta":{"site-sidebar-layout":"no-sidebar","site-content-layout":"page-builder","ast-global-header-display":"","ast-main-header-display":"","ast-hfb-above-header-display":"","ast-hfb-below-header-display":"","ast-hfb-mobile-header-display":"","site-post-title":"disabled","ast-breadcrumbs-content":"","ast-featured-img":"disabled","footer-sml-layout":"","theme-transparent-header-meta":"","adv-header-id-meta":"","stick-header-meta":"","header-above-stick-meta":"","header-main-stick-meta":"","header-below-stick-meta":"","footnotes":""},"class_list":["post-14146","page","type-page","status-publish","hentry"],"_links":{"self":[{"href":"https:\/\/www.alivitpharm.com\/de\/wp-json\/wp\/v2\/pages\/14146","targetHints":{"allow":["GET"]}}],"collection":[{"href":"https:\/\/www.alivitpharm.com\/de\/wp-json\/wp\/v2\/pages"}],"about":[{"href":"https:\/\/www.alivitpharm.com\/de\/wp-json\/wp\/v2\/types\/page"}],"author":[{"embeddable":true,"href":"https:\/\/www.alivitpharm.com\/de\/wp-json\/wp\/v2\/users\/9"}],"replies":[{"embeddable":true,"href":"https:\/\/www.alivitpharm.com\/de\/wp-json\/wp\/v2\/comments?post=14146"}],"version-history":[{"count":34,"href":"https:\/\/www.alivitpharm.com\/de\/wp-json\/wp\/v2\/pages\/14146\/revisions"}],"predecessor-version":[{"id":14187,"href":"https:\/\/www.alivitpharm.com\/de\/wp-json\/wp\/v2\/pages\/14146\/revisions\/14187"}],"wp:attachment":[{"href":"https:\/\/www.alivitpharm.com\/de\/wp-json\/wp\/v2\/media?parent=14146"}],"curies":[{"name":"wp","href":"https:\/\/api.w.org\/{rel}","templated":true}]}}