{"id":6883,"date":"2022-09-21T15:48:42","date_gmt":"2022-09-21T13:48:42","guid":{"rendered":"https:\/\/www.alivitpharm.com\/?page_id=6883"},"modified":"2022-10-05T11:39:40","modified_gmt":"2022-10-05T09:39:40","slug":"fenugreek","status":"publish","type":"page","link":"https:\/\/www.alivitpharm.com\/de\/fenugreek\/","title":{"rendered":"Bockshornklee"},"content":{"rendered":"<div data-elementor-type=\"wp-page\" data-elementor-id=\"6883\" class=\"elementor elementor-6883\">\n\t\t\t\t\t\t<section class=\"elementor-section elementor-top-section elementor-element elementor-element-0c72e97 elementor-section-content-middle elementor-section-boxed elementor-section-height-default elementor-section-height-default\" data-id=\"0c72e97\" data-element_type=\"section\" data-e-type=\"section\" data-settings=\"{&quot;background_background&quot;:&quot;classic&quot;}\">\n\t\t\t\t\t\t\t<div class=\"elementor-background-overlay\"><\/div>\n\t\t\t\t\t\t\t<div class=\"elementor-container elementor-column-gap-default\">\n\t\t\t\t\t<div class=\"elementor-column elementor-col-100 elementor-top-column elementor-element elementor-element-998c4dd\" data-id=\"998c4dd\" data-element_type=\"column\" data-e-type=\"column\">\n\t\t\t<div class=\"elementor-widget-wrap elementor-element-populated\">\n\t\t\t\t\t\t<div class=\"elementor-element elementor-element-0908113 elementor-widget elementor-widget-heading\" data-id=\"0908113\" data-element_type=\"widget\" data-e-type=\"widget\" data-widget_type=\"heading.default\">\n\t\t\t\t<div class=\"elementor-widget-container\">\n\t\t\t\t\t<h1 class=\"elementor-heading-title elementor-size-default\">Bockshornklee<\/h1>\t\t\t\t<\/div>\n\t\t\t\t<\/div>\n\t\t\t\t<div class=\"elementor-element elementor-element-0c4a033 elementor-widget elementor-widget-image\" data-id=\"0c4a033\" data-element_type=\"widget\" data-e-type=\"widget\" data-widget_type=\"image.default\">\n\t\t\t\t<div class=\"elementor-widget-container\">\n\t\t\t\t\t\t\t\t\t\t\t\t\t\t\t<img decoding=\"async\" width=\"75\" height=\"33\" src=\"https:\/\/www.alivitpharm.com\/wp-content\/uploads\/2019\/07\/logo-leaf-new.png\" class=\"attachment-large size-large wp-image-2518\" alt=\"\" \/>\t\t\t\t\t\t\t\t\t\t\t\t\t\t\t<\/div>\n\t\t\t\t<\/div>\n\t\t\t\t<div class=\"elementor-element elementor-element-463ed08 elementor-widget elementor-widget-text-editor\" data-id=\"463ed08\" data-element_type=\"widget\" data-e-type=\"widget\" data-widget_type=\"text-editor.default\">\n\t\t\t\t<div class=\"elementor-widget-container\">\n\t\t\t\t\t\t\t\t\t<p><em>Trigonella foenum graecum L. &#8211; Fabaceae<\/em><\/p>\t\t\t\t\t\t\t\t<\/div>\n\t\t\t\t<\/div>\n\t\t\t\t\t<\/div>\n\t\t<\/div>\n\t\t\t\t\t<\/div>\n\t\t<\/section>\n\t\t\t\t<section class=\"elementor-section elementor-top-section elementor-element elementor-element-2a2337b elementor-section-boxed elementor-section-height-default elementor-section-height-default\" data-id=\"2a2337b\" data-element_type=\"section\" data-e-type=\"section\" data-settings=\"{&quot;background_background&quot;:&quot;classic&quot;}\">\n\t\t\t\t\t\t<div class=\"elementor-container elementor-column-gap-default\">\n\t\t\t\t\t<div class=\"elementor-column elementor-col-100 elementor-top-column elementor-element elementor-element-dff5dfe\" data-id=\"dff5dfe\" data-element_type=\"column\" data-e-type=\"column\">\n\t\t\t<div class=\"elementor-widget-wrap elementor-element-populated\">\n\t\t\t\t\t\t<div class=\"elementor-element elementor-element-f5065a0 elementor-widget elementor-widget-image\" data-id=\"f5065a0\" data-element_type=\"widget\" data-e-type=\"widget\" data-widget_type=\"image.default\">\n\t\t\t\t<div class=\"elementor-widget-container\">\n\t\t\t\t\t\t\t\t\t\t\t\t\t\t\t<img decoding=\"async\" src=\"https:\/\/www.alivitpharm.com\/wp-content\/uploads\/2022\/09\/fenugreek.jpg\" title=\"fenugreek\" alt=\"Bockshornklee\" loading=\"lazy\" \/>\t\t\t\t\t\t\t\t\t\t\t\t\t\t\t<\/div>\n\t\t\t\t<\/div>\n\t\t\t\t<div class=\"elementor-element elementor-element-c4638bd elementor-widget elementor-widget-text-editor\" data-id=\"c4638bd\" data-element_type=\"widget\" data-e-type=\"widget\" data-widget_type=\"text-editor.default\">\n\t\t\t\t<div class=\"elementor-widget-container\">\n\t\t\t\t\t\t\t\t\t<p><span class=\"JLqJ4b ChMk0b\"><span class=\"Q4iAWc\"><strong>Bockshornklee<\/strong> <em>(Trigonella foenum graecum)<\/em> ist eine einj\u00e4hrige, krautige Pflanze aus der Familie der H\u00fclsenfr\u00fcchtler<em> (Fabaceae)<\/em>.<\/span><\/span> <span class=\"JLqJ4b ChMk0b\"><span class=\"Q4iAWc\">Sie ist nat\u00fcrlich in Indien beheimatet, kann aber \u00fcberall als Heilpflanze angebaut werden.<\/span><\/span><\/p><p><span class=\"JLqJ4b ChMk0b\"><span class=\"Q4iAWc\">Bockshornklee ist eine Pflanzenart, die eine starke antioxidative und entz\u00fcndungshemmende Wirkung aufweist und zur Behandlung von Erektionsst\u00f6rungen und anderen sexuellen Problemen empfohlen wird.<\/span><\/span> <span class=\"JLqJ4b ChMk0b\"><span class=\"Q4iAWc\">Zahlreiche Studien haben bewiesen, dass Bockshornklee bei der Behandlung von Erkrankungen, die auf eine verminderte Androgenkonzentration zur\u00fcckzuf\u00fchren sind, sehr wirksam ist.<\/span><\/span> <span class=\"JLqJ4b ChMk0b\"><span class=\"Q4iAWc\">Die Einnahme von Bockshornklee f\u00fchrt zu einer St\u00e4rkung der sexuellen Funktion, verbessert die Libido und erh\u00f6ht die Serumtestosteronkonzentration bei M\u00e4nnern mittleren und h\u00f6heren Alters.<\/span><\/span><\/p>\t\t\t\t\t\t\t\t<\/div>\n\t\t\t\t<\/div>\n\t\t\t\t<div class=\"elementor-element elementor-element-37897c0 elementor-widget elementor-widget-image\" data-id=\"37897c0\" data-element_type=\"widget\" data-e-type=\"widget\" data-widget_type=\"image.default\">\n\t\t\t\t<div class=\"elementor-widget-container\">\n\t\t\t\t\t\t\t\t\t\t\t\t\t\t\t<img decoding=\"async\" src=\"https:\/\/www.alivitpharm.com\/wp-content\/uploads\/2022\/09\/leaves.png\" title=\"leaves\" alt=\"Leaves\" loading=\"lazy\" \/>\t\t\t\t\t\t\t\t\t\t\t\t\t\t\t<\/div>\n\t\t\t\t<\/div>\n\t\t\t\t<div class=\"elementor-element elementor-element-3ff7059 elementor-widget elementor-widget-text-editor\" data-id=\"3ff7059\" data-element_type=\"widget\" data-e-type=\"widget\" data-widget_type=\"text-editor.default\">\n\t\t\t\t<div class=\"elementor-widget-container\">\n\t\t\t\t\t\t\t\t\t<p><span class=\"JLqJ4b ChMk0b\"><span class=\"Q4iAWc\">Die durch Diabetes mellitus verursachte erektile Dysfunktion ist eine der h\u00e4ufigsten Komplikationen von Diabetes und wird haupts\u00e4chlich auf oxidativen Stress zur\u00fcckgef\u00fchrt.<\/span><\/span> <span class=\"JLqJ4b ChMk0b\"><span class=\"Q4iAWc\">Bockshornkleesamen senken den Blutzuckerspiegel und erh\u00f6hen die Insulinempfindlichkeit der Zellen, reduzieren den oxidativen Stress sowie die Apoptose (den Zerfall) der Zellen, was zur positiven Wirkung dieser Pflanze auf das Sexualleben von M\u00e4nnern mit Diabetes beitr\u00e4gt.<\/span><\/span><\/p><p><span class=\"JLqJ4b ChMk0b\"><span class=\"Q4iAWc\">Zus\u00e4tzlich zu den positiven Auswirkungen auf das Sexualleben der m\u00e4nnlichen Bev\u00f6lkerung haben viele Studien die positive Wirkung von Bockshornklee auf das Sexualleben der Frauen bewiesen; die griechischen Samen sind ein n\u00fctzliches Mittel zur Steigerung der Erregung und der Lust auf Geschlechtsverkehr.<\/span><\/span> <span class=\"JLqJ4b ChMk0b\"><span class=\"Q4iAWc\">Aufgrund seiner hormonmodulatorischen Aktivit\u00e4t bietet der Bockshornkleesamen eine Bioverf\u00fcgbarkeit zur Linderung von Wechseljahrsbeschwerden bei gesunden Frauen.<\/span><\/span><\/p>\t\t\t\t\t\t\t\t<\/div>\n\t\t\t\t<\/div>\n\t\t\t\t<div class=\"elementor-element elementor-element-56214ab elementor-widget elementor-widget-heading\" data-id=\"56214ab\" data-element_type=\"widget\" data-e-type=\"widget\" data-widget_type=\"heading.default\">\n\t\t\t\t<div class=\"elementor-widget-container\">\n\t\t\t\t\t<h4 class=\"elementor-heading-title elementor-size-default\">Referenzen<\/h4>\t\t\t\t<\/div>\n\t\t\t\t<\/div>\n\t\t\t\t<div class=\"elementor-element elementor-element-3de118a elementor-widget elementor-widget-text-editor\" data-id=\"3de118a\" data-element_type=\"widget\" data-e-type=\"widget\" data-widget_type=\"text-editor.default\">\n\t\t\t\t<div class=\"elementor-widget-container\">\n\t\t\t\t\t\t\t\t\t<ul><li><a class=\"reference-link\" href=\"https:\/\/www.tandfonline.com\/doi\/full\/10.3109\/13685538.2015.1135323\" target=\"_blank\" rel=\"noopener\">Testofen, a specialised Trigonella foenum-graecum seed extract reduces age-related symptoms of androgen decrease, increases testosterone levels and improves sexual function in healthy aging males in a double-blind randomised clinical study<\/a><\/li><li><a class=\"reference-link\" href=\"https:\/\/www.hindawi.com\/journals\/ecam\/2022\/4187359\/\" target=\"_blank\" rel=\"noopener\">Trigonella foenum-graecum L. and Psoralea corylifolia L. Improve Erectile Dysfunction in Streptozotocin-Induced Diabetic Rats through Suppression of Oxidative Stress<\/a><\/li><li><a class=\"reference-link\" href=\"https:\/\/pubmed.ncbi.nlm.nih.gov\/21312304\/\" target=\"_blank\" rel=\"noopener\">Physiological aspects of male libido enhanced by standardized Trigonella foenum-graecum extract and mineral formulation<\/a><\/li><li><a class=\"reference-link\" href=\"https:\/\/pubmed.ncbi.nlm.nih.gov\/25914334\/\" target=\"_blank\" rel=\"noopener\">Influence of a Specialized Trigonella foenum-graecum Seed Extract (Libifem), on Testosterone, Estradiol and Sexual Function in Healthy Menstruating Women, a Randomised Placebo Controlled Study<\/a><\/li><li><a class=\"reference-link\" href=\"https:\/\/pubmed.ncbi.nlm.nih.gov\/28707431\/\" target=\"_blank\" rel=\"noopener\">Efficacy of a Proprietary Trigonella foenum-graecum L. De-Husked Seed Extract in Reducing Menopausal Symptoms in Otherwise Healthy Women: A Double-Blind, Randomized, Placebo-Controlled Study<\/a><\/li><\/ul>\t\t\t\t\t\t\t\t<\/div>\n\t\t\t\t<\/div>\n\t\t\t\t\t<\/div>\n\t\t<\/div>\n\t\t\t\t\t<\/div>\n\t\t<\/section>\n\t\t\t\t<\/div>","protected":false},"excerpt":{"rendered":"<p>Fenugreek Trigonella foenum graecum L. &#8211; Fabaceae Fenugreek (Trigonella foenum graecum) is an annual, herbaceous plant from the legume family (Fabaceae). It is naturally native to India, but can be grown anywhere as a medicinal plant. Fenugreek is a plant species that exhibits strong antioxidant and anti-inflammatory effects and is recommended for the treatment of &hellip;<\/p>\n<p class=\"read-more\"> <a class=\"\" href=\"https:\/\/www.alivitpharm.com\/de\/fenugreek\/\"> <span class=\"screen-reader-text\">Bockshornklee<\/span> Weiterlesen &raquo;<\/a><\/p>","protected":false},"author":9,"featured_media":0,"parent":0,"menu_order":0,"comment_status":"closed","ping_status":"closed","template":"","meta":{"site-sidebar-layout":"no-sidebar","site-content-layout":"page-builder","ast-global-header-display":"","ast-main-header-display":"","ast-hfb-above-header-display":"","ast-hfb-below-header-display":"","ast-hfb-mobile-header-display":"","site-post-title":"disabled","ast-breadcrumbs-content":"","ast-featured-img":"disabled","footer-sml-layout":"","theme-transparent-header-meta":"","adv-header-id-meta":"","stick-header-meta":"","header-above-stick-meta":"","header-main-stick-meta":"","header-below-stick-meta":"","footnotes":""},"class_list":["post-6883","page","type-page","status-publish","hentry"],"_links":{"self":[{"href":"https:\/\/www.alivitpharm.com\/de\/wp-json\/wp\/v2\/pages\/6883","targetHints":{"allow":["GET"]}}],"collection":[{"href":"https:\/\/www.alivitpharm.com\/de\/wp-json\/wp\/v2\/pages"}],"about":[{"href":"https:\/\/www.alivitpharm.com\/de\/wp-json\/wp\/v2\/types\/page"}],"author":[{"embeddable":true,"href":"https:\/\/www.alivitpharm.com\/de\/wp-json\/wp\/v2\/users\/9"}],"replies":[{"embeddable":true,"href":"https:\/\/www.alivitpharm.com\/de\/wp-json\/wp\/v2\/comments?post=6883"}],"version-history":[{"count":0,"href":"https:\/\/www.alivitpharm.com\/de\/wp-json\/wp\/v2\/pages\/6883\/revisions"}],"wp:attachment":[{"href":"https:\/\/www.alivitpharm.com\/de\/wp-json\/wp\/v2\/media?parent=6883"}],"curies":[{"name":"wp","href":"https:\/\/api.w.org\/{rel}","templated":true}]}}