{"id":6918,"date":"2022-09-22T11:24:49","date_gmt":"2022-09-22T09:24:49","guid":{"rendered":"https:\/\/www.alivitpharm.com\/?page_id=6918"},"modified":"2023-02-10T11:17:53","modified_gmt":"2023-02-10T09:17:53","slug":"pumpkin-seed","status":"publish","type":"page","link":"https:\/\/www.alivitpharm.com\/de\/pumpkin-seed\/","title":{"rendered":"K\u00fcrbissamen"},"content":{"rendered":"<div data-elementor-type=\"wp-page\" data-elementor-id=\"6918\" class=\"elementor elementor-6918\">\n\t\t\t\t\t\t<section class=\"elementor-section elementor-top-section elementor-element elementor-element-af3a31d elementor-section-content-middle elementor-section-boxed elementor-section-height-default elementor-section-height-default\" data-id=\"af3a31d\" data-element_type=\"section\" data-e-type=\"section\" data-settings=\"{&quot;background_background&quot;:&quot;classic&quot;}\">\n\t\t\t\t\t\t\t<div class=\"elementor-background-overlay\"><\/div>\n\t\t\t\t\t\t\t<div class=\"elementor-container elementor-column-gap-default\">\n\t\t\t\t\t<div class=\"elementor-column elementor-col-100 elementor-top-column elementor-element elementor-element-0e3cffd\" data-id=\"0e3cffd\" data-element_type=\"column\" data-e-type=\"column\">\n\t\t\t<div class=\"elementor-widget-wrap elementor-element-populated\">\n\t\t\t\t\t\t<div class=\"elementor-element elementor-element-7bc439b elementor-widget elementor-widget-heading\" data-id=\"7bc439b\" data-element_type=\"widget\" data-e-type=\"widget\" data-widget_type=\"heading.default\">\n\t\t\t\t<div class=\"elementor-widget-container\">\n\t\t\t\t\t<h1 class=\"elementor-heading-title elementor-size-default\">K\u00fcrbissamen<\/h1>\t\t\t\t<\/div>\n\t\t\t\t<\/div>\n\t\t\t\t<div class=\"elementor-element elementor-element-4f21807 elementor-widget elementor-widget-image\" data-id=\"4f21807\" data-element_type=\"widget\" data-e-type=\"widget\" data-widget_type=\"image.default\">\n\t\t\t\t<div class=\"elementor-widget-container\">\n\t\t\t\t\t\t\t\t\t\t\t\t\t\t\t<img decoding=\"async\" width=\"75\" height=\"33\" src=\"https:\/\/www.alivitpharm.com\/wp-content\/uploads\/2019\/07\/logo-leaf-new.png\" class=\"attachment-large size-large wp-image-2518\" alt=\"\" \/>\t\t\t\t\t\t\t\t\t\t\t\t\t\t\t<\/div>\n\t\t\t\t<\/div>\n\t\t\t\t<div class=\"elementor-element elementor-element-2777a02 elementor-widget elementor-widget-text-editor\" data-id=\"2777a02\" data-element_type=\"widget\" data-e-type=\"widget\" data-widget_type=\"text-editor.default\">\n\t\t\t\t<div class=\"elementor-widget-container\">\n\t\t\t\t\t\t\t\t\t<p><em>Cucurbita pepo &#8211; Cucurbitacea<\/em>e<\/p>\t\t\t\t\t\t\t\t<\/div>\n\t\t\t\t<\/div>\n\t\t\t\t\t<\/div>\n\t\t<\/div>\n\t\t\t\t\t<\/div>\n\t\t<\/section>\n\t\t\t\t<section class=\"elementor-section elementor-top-section elementor-element elementor-element-1e1a9be elementor-section-boxed elementor-section-height-default elementor-section-height-default\" data-id=\"1e1a9be\" data-element_type=\"section\" data-e-type=\"section\" data-settings=\"{&quot;background_background&quot;:&quot;classic&quot;}\">\n\t\t\t\t\t\t<div class=\"elementor-container elementor-column-gap-default\">\n\t\t\t\t\t<div class=\"elementor-column elementor-col-100 elementor-top-column elementor-element elementor-element-bcc5f07\" data-id=\"bcc5f07\" data-element_type=\"column\" data-e-type=\"column\">\n\t\t\t<div class=\"elementor-widget-wrap elementor-element-populated\">\n\t\t\t\t\t\t<div class=\"elementor-element elementor-element-da349cf elementor-widget elementor-widget-image\" data-id=\"da349cf\" data-element_type=\"widget\" data-e-type=\"widget\" data-widget_type=\"image.default\">\n\t\t\t\t<div class=\"elementor-widget-container\">\n\t\t\t\t\t\t\t\t\t\t\t\t\t\t\t<img decoding=\"async\" src=\"https:\/\/www.alivitpharm.com\/wp-content\/uploads\/2022\/09\/pumpkin-seeds.png\" title=\"pumpkin-seeds\" alt=\"Pumpkin Seeds\" loading=\"lazy\" \/>\t\t\t\t\t\t\t\t\t\t\t\t\t\t\t<\/div>\n\t\t\t\t<\/div>\n\t\t\t\t<div class=\"elementor-element elementor-element-bc1a81b elementor-widget elementor-widget-text-editor\" data-id=\"bc1a81b\" data-element_type=\"widget\" data-e-type=\"widget\" data-widget_type=\"text-editor.default\">\n\t\t\t\t<div class=\"elementor-widget-container\">\n\t\t\t\t\t\t\t\t\t<p><em>Cucurbita pepo<\/em><strong> (Der K\u00fcrbis)<\/strong> geh\u00f6rt zur Familie der <em>Cucurbitaceae<\/em> und ist eine einj\u00e4hrige krautige Pflanze mit einem kantigen Baum, dessen \u00c4ste bis zu 10m lang werden k\u00f6nnen. Die f\u00fcnflappigen, mit scharfen Haaren bewachsenen Bl\u00e4tter befinden sich an langen Stielen. <span class=\"JLqJ4b ChMk0b\"><span class=\"Q4iAWc\">Die Bl\u00fcten sind gro\u00df, eingeschlechtlich und gelb. <\/span><\/span><span class=\"JLqJ4b ChMk0b\"><span class=\"Q4iAWc\">Die m\u00e4nnlichen Bl\u00fcten stehen einzeln oder in den Blattachseln, w\u00e4hrend die weiblichen einzeln stehen. Die Frucht ist eine gro\u00dfe, kugelf\u00f6rmige oder zylindrische, gelbe, wei\u00dfe oder orangefarbene Beere mit einer glatten, leicht gerippten Schale.<\/span><\/span><\/p><p><span class=\"JLqJ4b ChMk0b\"><span class=\"Q4iAWc\">Die Fr\u00fcchte werden in der Ern\u00e4hrung und die Samen in der Phytotherapie verwendet. <\/span><\/span><span class=\"JLqJ4b ChMk0b\"><span class=\"Q4iAWc\">Zu dieser Familie <em>(Cucurbitaceae)<\/em> geh\u00f6ren neben dem K\u00fcrbis auch die Gurke und die Wassermelone.<\/span><\/span><\/p>\t\t\t\t\t\t\t\t<\/div>\n\t\t\t\t<\/div>\n\t\t\t\t<div class=\"elementor-element elementor-element-edd2191 elementor-widget elementor-widget-image\" data-id=\"edd2191\" data-element_type=\"widget\" data-e-type=\"widget\" data-widget_type=\"image.default\">\n\t\t\t\t<div class=\"elementor-widget-container\">\n\t\t\t\t\t\t\t\t\t\t\t\t\t\t\t<img decoding=\"async\" src=\"https:\/\/www.alivitpharm.com\/wp-content\/uploads\/2022\/09\/leaves.png\" title=\"leaves\" alt=\"Leaves\" loading=\"lazy\" \/>\t\t\t\t\t\t\t\t\t\t\t\t\t\t\t<\/div>\n\t\t\t\t<\/div>\n\t\t\t\t<div class=\"elementor-element elementor-element-d49f850 elementor-widget elementor-widget-text-editor\" data-id=\"d49f850\" data-element_type=\"widget\" data-e-type=\"widget\" data-widget_type=\"text-editor.default\">\n\t\t\t\t<div class=\"elementor-widget-container\">\n\t\t\t\t\t\t\t\t\t<p>K\u00fcrbiskern\u00f6l ist reich an den Vitaminen A, E, K, den Vitaminen der B-Gruppe (B1, B2, B3, B6 und B9) sowie an Vitamin C. Zu den vorhandenen M<span class=\"JLqJ4b ChMk0b\"><span class=\"Q4iAWc\">ineralien geh\u00f6ren Magnesium, Mangan, Kalzium, Phosphor, Spuren von Eisen, Kupfer und Selen, <\/span><\/span><span class=\"JLqJ4b ChMk0b\"><span class=\"Q4iAWc\">und es ist auch eine ausgezeichnete Zinkquelle. Dank der Phytosterine (haupts\u00e4chlich \u0394 7-Sterole) reduziert K\u00fcrbis\u00f6l den Gehalt an Dihydrotestosteron im K\u00f6rper, indem es das Enzym 5-\u03b1-Reduktase hemmt, das Testosteron in Dihydrotestosteron umwandelt. Dihydrotestosteron ist das wichtigste Androgen f\u00fcr das Wachstum der Prostata.<\/span><\/span><\/p><p>Aufgrund des hohen Gehalts an Omega-3- und Omega-6-Fetts\u00e4uren besitzt K\u00fcrbiskern\u00f6l au\u00dferdem hervorragende entz\u00fcndungshemmende Eigenschaften, die bei der Behandlung von chronischer Prostatitis Anwendung finden.<\/p>\t\t\t\t\t\t\t\t<\/div>\n\t\t\t\t<\/div>\n\t\t\t\t<div class=\"elementor-element elementor-element-f6a9d19 elementor-widget elementor-widget-heading\" data-id=\"f6a9d19\" data-element_type=\"widget\" data-e-type=\"widget\" data-widget_type=\"heading.default\">\n\t\t\t\t<div class=\"elementor-widget-container\">\n\t\t\t\t\t<h4 class=\"elementor-heading-title elementor-size-default\">Referenzen<\/h4>\t\t\t\t<\/div>\n\t\t\t\t<\/div>\n\t\t\t\t<div class=\"elementor-element elementor-element-ac9b771 elementor-widget elementor-widget-text-editor\" data-id=\"ac9b771\" data-element_type=\"widget\" data-e-type=\"widget\" data-widget_type=\"text-editor.default\">\n\t\t\t\t<div class=\"elementor-widget-container\">\n\t\t\t\t\t\t\t\t\t<ul><li><a class=\"reference-link\" href=\"https:\/\/www.ncbi.nlm.nih.gov\/pmc\/articles\/PMC4032845\/\" target=\"_blank\" rel=\"noopener\">Pumpkin Seed Oil Extracted From Cucurbita maxima Improves Urinary Disorder in Human Overactive Bladder<\/a><\/li><li><a class=\"reference-link\" href=\"https:\/\/www.ncbi.nlm.nih.gov\/pmc\/articles\/PMC2809240\/\" target=\"_blank\" rel=\"noopener\">Effects of pumpkin seed oil and saw palmetto oil in Korean men with symptomatic benign prostatic hyperplasia<\/a><\/li><\/ul>\t\t\t\t\t\t\t\t<\/div>\n\t\t\t\t<\/div>\n\t\t\t\t\t<\/div>\n\t\t<\/div>\n\t\t\t\t\t<\/div>\n\t\t<\/section>\n\t\t\t\t<\/div>","protected":false},"excerpt":{"rendered":"<p>Pumpkin Seed Cucurbita pepo &#8211; Cucurbitaceae Cucurbita pepo (pumpkin or gourd) belongs to the family Cucurbitaceae and is an annual herbaceous plant, with a prostrate, angular tree with branches that can be up to 10m long. Five-lobed leaves overgrown with sharp hairs are on long stems. The flowers are large, unisexual, yellow. Male flowers are &hellip;<\/p>\n<p class=\"read-more\"> <a class=\"\" href=\"https:\/\/www.alivitpharm.com\/de\/pumpkin-seed\/\"> <span class=\"screen-reader-text\">K\u00fcrbissamen<\/span> Weiterlesen &raquo;<\/a><\/p>","protected":false},"author":9,"featured_media":0,"parent":0,"menu_order":0,"comment_status":"closed","ping_status":"closed","template":"","meta":{"site-sidebar-layout":"no-sidebar","site-content-layout":"page-builder","ast-global-header-display":"","ast-main-header-display":"","ast-hfb-above-header-display":"","ast-hfb-below-header-display":"","ast-hfb-mobile-header-display":"","site-post-title":"disabled","ast-breadcrumbs-content":"","ast-featured-img":"disabled","footer-sml-layout":"","theme-transparent-header-meta":"","adv-header-id-meta":"","stick-header-meta":"","header-above-stick-meta":"","header-main-stick-meta":"","header-below-stick-meta":"","footnotes":""},"class_list":["post-6918","page","type-page","status-publish","hentry"],"_links":{"self":[{"href":"https:\/\/www.alivitpharm.com\/de\/wp-json\/wp\/v2\/pages\/6918","targetHints":{"allow":["GET"]}}],"collection":[{"href":"https:\/\/www.alivitpharm.com\/de\/wp-json\/wp\/v2\/pages"}],"about":[{"href":"https:\/\/www.alivitpharm.com\/de\/wp-json\/wp\/v2\/types\/page"}],"author":[{"embeddable":true,"href":"https:\/\/www.alivitpharm.com\/de\/wp-json\/wp\/v2\/users\/9"}],"replies":[{"embeddable":true,"href":"https:\/\/www.alivitpharm.com\/de\/wp-json\/wp\/v2\/comments?post=6918"}],"version-history":[{"count":0,"href":"https:\/\/www.alivitpharm.com\/de\/wp-json\/wp\/v2\/pages\/6918\/revisions"}],"wp:attachment":[{"href":"https:\/\/www.alivitpharm.com\/de\/wp-json\/wp\/v2\/media?parent=6918"}],"curies":[{"name":"wp","href":"https:\/\/api.w.org\/{rel}","templated":true}]}}