{"id":7116,"date":"2022-10-04T10:56:41","date_gmt":"2022-10-04T08:56:41","guid":{"rendered":"https:\/\/www.alivitpharm.com\/?page_id=7116"},"modified":"2022-10-05T11:39:02","modified_gmt":"2022-10-05T09:39:02","slug":"chamomile","status":"publish","type":"page","link":"https:\/\/www.alivitpharm.com\/de\/chamomile\/","title":{"rendered":"Kamille"},"content":{"rendered":"<div data-elementor-type=\"wp-page\" data-elementor-id=\"7116\" class=\"elementor elementor-7116\">\n\t\t\t\t\t\t<section class=\"elementor-section elementor-top-section elementor-element elementor-element-46669a1 elementor-section-content-middle elementor-section-boxed elementor-section-height-default elementor-section-height-default\" data-id=\"46669a1\" data-element_type=\"section\" data-e-type=\"section\" data-settings=\"{&quot;background_background&quot;:&quot;classic&quot;}\">\n\t\t\t\t\t\t\t<div class=\"elementor-background-overlay\"><\/div>\n\t\t\t\t\t\t\t<div class=\"elementor-container elementor-column-gap-default\">\n\t\t\t\t\t<div class=\"elementor-column elementor-col-100 elementor-top-column elementor-element elementor-element-9a1ceec\" data-id=\"9a1ceec\" data-element_type=\"column\" data-e-type=\"column\">\n\t\t\t<div class=\"elementor-widget-wrap elementor-element-populated\">\n\t\t\t\t\t\t<div class=\"elementor-element elementor-element-4ec9f32 elementor-widget elementor-widget-heading\" data-id=\"4ec9f32\" data-element_type=\"widget\" data-e-type=\"widget\" data-widget_type=\"heading.default\">\n\t\t\t\t<div class=\"elementor-widget-container\">\n\t\t\t\t\t<h1 class=\"elementor-heading-title elementor-size-default\">Kamille<\/h1>\t\t\t\t<\/div>\n\t\t\t\t<\/div>\n\t\t\t\t<div class=\"elementor-element elementor-element-50e7b30 elementor-widget elementor-widget-image\" data-id=\"50e7b30\" data-element_type=\"widget\" data-e-type=\"widget\" data-widget_type=\"image.default\">\n\t\t\t\t<div class=\"elementor-widget-container\">\n\t\t\t\t\t\t\t\t\t\t\t\t\t\t\t<img decoding=\"async\" width=\"75\" height=\"33\" src=\"https:\/\/www.alivitpharm.com\/wp-content\/uploads\/2019\/07\/logo-leaf-new.png\" class=\"attachment-large size-large wp-image-2518\" alt=\"\" \/>\t\t\t\t\t\t\t\t\t\t\t\t\t\t\t<\/div>\n\t\t\t\t<\/div>\n\t\t\t\t<div class=\"elementor-element elementor-element-c7f2dfb elementor-widget elementor-widget-text-editor\" data-id=\"c7f2dfb\" data-element_type=\"widget\" data-e-type=\"widget\" data-widget_type=\"text-editor.default\">\n\t\t\t\t<div class=\"elementor-widget-container\">\n\t\t\t\t\t\t\t\t\t<p><em>Matricaria recutita L. &#8211; Asteraceae<\/em><\/p>\t\t\t\t\t\t\t\t<\/div>\n\t\t\t\t<\/div>\n\t\t\t\t\t<\/div>\n\t\t<\/div>\n\t\t\t\t\t<\/div>\n\t\t<\/section>\n\t\t\t\t<section class=\"elementor-section elementor-top-section elementor-element elementor-element-27401e3 elementor-section-boxed elementor-section-height-default elementor-section-height-default\" data-id=\"27401e3\" data-element_type=\"section\" data-e-type=\"section\" data-settings=\"{&quot;background_background&quot;:&quot;classic&quot;}\">\n\t\t\t\t\t\t<div class=\"elementor-container elementor-column-gap-default\">\n\t\t\t\t\t<div class=\"elementor-column elementor-col-100 elementor-top-column elementor-element elementor-element-d0a6124\" data-id=\"d0a6124\" data-element_type=\"column\" data-e-type=\"column\">\n\t\t\t<div class=\"elementor-widget-wrap elementor-element-populated\">\n\t\t\t\t\t\t<div class=\"elementor-element elementor-element-be0a7e9 elementor-widget elementor-widget-image\" data-id=\"be0a7e9\" data-element_type=\"widget\" data-e-type=\"widget\" data-widget_type=\"image.default\">\n\t\t\t\t<div class=\"elementor-widget-container\">\n\t\t\t\t\t\t\t\t\t\t\t\t\t\t\t<img decoding=\"async\" src=\"https:\/\/www.alivitpharm.com\/wp-content\/uploads\/2022\/10\/chamomile.png\" title=\"chamomile\" alt=\"Camomile\" loading=\"lazy\" \/>\t\t\t\t\t\t\t\t\t\t\t\t\t\t\t<\/div>\n\t\t\t\t<\/div>\n\t\t\t\t<div class=\"elementor-element elementor-element-2d07528 elementor-widget elementor-widget-text-editor\" data-id=\"2d07528\" data-element_type=\"widget\" data-e-type=\"widget\" data-widget_type=\"text-editor.default\">\n\t\t\t\t<div class=\"elementor-widget-container\">\n\t\t\t\t\t\t\t\t\t<p><span class=\"JLqJ4b ChMk0b\"><span class=\"Q4iAWc\"><strong>Kamille<\/strong> ist eine Pflanze, die urspr\u00fcnglich aus S\u00fcdeuropa, Osteuropa und Westasien stammt.<\/span><\/span> <span class=\"JLqJ4b ChMk0b\"><span class=\"Q4iAWc\">Heute wird sie in anderen Teilen der Welt (Europa, Nordamerika und Australien) als Heilpflanze angebaut.<\/span><\/span> <span class=\"JLqJ4b ChMk0b\"><span class=\"Q4iAWc\">Die gr\u00f6\u00dften Erzeuger von Kamille sind: Argentinien, \u00c4gypten, Ungarn, Bulgarien, die Slowakei, Spanien und Deutschland.<\/span><\/span><\/p><p><span class=\"JLqJ4b ChMk0b\"><span class=\"Q4iAWc\">Die Kamillenbl\u00fcten sind reich an \u00e4therischen \u00d6len, organischen S\u00e4uren, Cumarinen, Flavonoiden, Gerbstoffen und Schleimstoffen. Kamillenbl\u00fcten enthalten Sesquiterpenlactone, von denen die bekanntesten Matricin und Matricarin sind. Au\u00dferdem ist die Kamille reich an Etharxim\u00f6l, das Monoterpene und Sesquiterpene enth\u00e4lt. Der spezifische Geruch der Kamille stammt von den Sesquiterpenkomponenten des \u00e4therischen \u00d6ls, Spatulenol und Chamviolin.<\/span><\/span><\/p>\t\t\t\t\t\t\t\t<\/div>\n\t\t\t\t<\/div>\n\t\t\t\t<div class=\"elementor-element elementor-element-5da0e99 elementor-widget elementor-widget-image\" data-id=\"5da0e99\" data-element_type=\"widget\" data-e-type=\"widget\" data-widget_type=\"image.default\">\n\t\t\t\t<div class=\"elementor-widget-container\">\n\t\t\t\t\t\t\t\t\t\t\t\t\t\t\t<img decoding=\"async\" src=\"https:\/\/www.alivitpharm.com\/wp-content\/uploads\/2022\/09\/leaves.png\" title=\"leaves\" alt=\"Leaves\" loading=\"lazy\" \/>\t\t\t\t\t\t\t\t\t\t\t\t\t\t\t<\/div>\n\t\t\t\t<\/div>\n\t\t\t\t<div class=\"elementor-element elementor-element-00c50ce elementor-widget elementor-widget-text-editor\" data-id=\"00c50ce\" data-element_type=\"widget\" data-e-type=\"widget\" data-widget_type=\"text-editor.default\">\n\t\t\t\t<div class=\"elementor-widget-container\">\n\t\t\t\t\t\t\t\t\t<p><span class=\"JLqJ4b ChMk0b\"><span class=\"Q4iAWc\">Viele der gesundheitlichen Vorteile dieser Pflanze ergeben sich aus den Inhaltsstoffen des \u00e4therischen \u00d6ls.<\/span><\/span> <span class=\"JLqJ4b ChMk0b\"><span class=\"Q4iAWc\">Kamille wirkt antimikrobiell (gegen Pilze <em>(Candida albicans)<\/em> und grampositive und gramnegative Bakterien), entz\u00fcndungshemmend (reduziert die Entz\u00fcndungsreaktion), spasmolytisch (entspannt die glatte Muskulatur), antioxidativ (sch\u00fctzt vor freien Radikalen) und aktiviert die Muskulatur des Magen-Darm-Traktes. Au\u00dferdem hat sie eine regenerierende Wirkung, so dass die Verwendung von Kamille f\u00fcr die Regeneration von Haut und Schleimh\u00e4uten empfohlen werden kann.<\/span><\/span><\/p><p><span class=\"JLqJ4b ChMk0b\"><span class=\"Q4iAWc\">Die Rolle des Kamillenbl\u00fcten\u00f6lextrakts bei der Vorbeugung und Linderung von Magen-Darm-Beschwerden zeigt sich darin, dass er aufgrund seiner karminativen Wirkung vor allem bei Kr\u00e4mpfen, Verdauungsst\u00f6rungen sowie bei entz\u00fcndlichen Prozessen der Organe des Verdauungstrakts (Reizdarmsyndrom und chronisch-entz\u00fcndliche Darmerkrankungen) empfohlen wird.<\/span><\/span><\/p>\t\t\t\t\t\t\t\t<\/div>\n\t\t\t\t<\/div>\n\t\t\t\t<div class=\"elementor-element elementor-element-310a7ee elementor-widget elementor-widget-heading\" data-id=\"310a7ee\" data-element_type=\"widget\" data-e-type=\"widget\" data-widget_type=\"heading.default\">\n\t\t\t\t<div class=\"elementor-widget-container\">\n\t\t\t\t\t<h4 class=\"elementor-heading-title elementor-size-default\">Referenzen<\/h4>\t\t\t\t<\/div>\n\t\t\t\t<\/div>\n\t\t\t\t<div class=\"elementor-element elementor-element-db5f095 elementor-widget elementor-widget-text-editor\" data-id=\"db5f095\" data-element_type=\"widget\" data-e-type=\"widget\" data-widget_type=\"text-editor.default\">\n\t\t\t\t<div class=\"elementor-widget-container\">\n\t\t\t\t\t\t\t\t\t<ul><li><a class=\"reference-link\" href=\"https:\/\/www.ncbi.nlm.nih.gov\/pmc\/articles\/PMC2982259\/\" target=\"_blank\" rel=\"noopener\">Chamomile, an anti-inflammatory agent inhibits inducible nitric oxide synthase expression by blocking RelA\/p65 activity<\/a><\/li><li><a class=\"reference-link\" href=\"https:\/\/www.ncbi.nlm.nih.gov\/pmc\/articles\/PMC2784024\/\" target=\"_blank\" rel=\"noopener\">Chamomile, a novel and selective COX-2 inhibitor with anti-inflammatory activity<\/a><\/li><li><a class=\"reference-link\" href=\"https:\/\/www.reliasmedia.com\/articles\/43009-chamomile-for-use-as-anti-inflammatory-antispasmodic-and-sedative\" target=\"_blank\" rel=\"noopener\">Chamomile for Use as Anti-inflammatory, Antispasmodic, and Sedative<\/a><\/li><li><a class=\"reference-link\" href=\"https:\/\/www.ncbi.nlm.nih.gov\/pmc\/articles\/PMC6930572\/\" target=\"_blank\" rel=\"noopener\">Antimicrobial Activity of Chamomile Essential Oil: Effect of Different Formulations<\/a><\/li><li><a class=\"reference-link\" href=\"https:\/\/www.thieme-connect.com\/products\/ejournals\/abstract\/10.1055\/s-0028-1099596\" target=\"_blank\" rel=\"noopener\">Study of Antimicrobial Activity of Camomile Oil<\/a><\/li><li><a class=\"reference-link\" href=\"https:\/\/pubmed.ncbi.nlm.nih.gov\/28091973\/\" target=\"_blank\" rel=\"noopener\">Mechanisms on spasmolytic and anti-inflammatory effects of a herbal medicinal product consisting of myrrh, chamomile flower, and coffee charcoal<\/a><\/li><li><a class=\"reference-link\" href=\"https:\/\/bmcresnotes.biomedcentral.com\/articles\/10.1186\/s13104-018-3960-y\" target=\"_blank\" rel=\"noopener\">Antioxidant and anticancer activities of chamomile (Matricaria recutita L.)<\/a><\/li><\/ul>\t\t\t\t\t\t\t\t<\/div>\n\t\t\t\t<\/div>\n\t\t\t\t\t<\/div>\n\t\t<\/div>\n\t\t\t\t\t<\/div>\n\t\t<\/section>\n\t\t\t\t<\/div>","protected":false},"excerpt":{"rendered":"<p>Chamomile Matricaria recutita L. &#8211; Asteraceae Chamomile is a plant that originates from southern, eastern Europe and western Asia. Today, it is grown as a medicinal plant in other parts of the world (Europe, North America and Australia). The biggest producers of chamomile are: Argentina, Egypt, Hungary, Bulgaria, Slovakia, Spain and Germany. Chamomile flower is &hellip;<\/p>\n<p class=\"read-more\"> <a class=\"\" href=\"https:\/\/www.alivitpharm.com\/de\/chamomile\/\"> <span class=\"screen-reader-text\">Kamille<\/span> Weiterlesen &raquo;<\/a><\/p>","protected":false},"author":9,"featured_media":0,"parent":0,"menu_order":0,"comment_status":"closed","ping_status":"closed","template":"","meta":{"site-sidebar-layout":"no-sidebar","site-content-layout":"page-builder","ast-global-header-display":"","ast-main-header-display":"","ast-hfb-above-header-display":"","ast-hfb-below-header-display":"","ast-hfb-mobile-header-display":"","site-post-title":"disabled","ast-breadcrumbs-content":"","ast-featured-img":"disabled","footer-sml-layout":"","theme-transparent-header-meta":"","adv-header-id-meta":"","stick-header-meta":"","header-above-stick-meta":"","header-main-stick-meta":"","header-below-stick-meta":"","footnotes":""},"class_list":["post-7116","page","type-page","status-publish","hentry"],"_links":{"self":[{"href":"https:\/\/www.alivitpharm.com\/de\/wp-json\/wp\/v2\/pages\/7116","targetHints":{"allow":["GET"]}}],"collection":[{"href":"https:\/\/www.alivitpharm.com\/de\/wp-json\/wp\/v2\/pages"}],"about":[{"href":"https:\/\/www.alivitpharm.com\/de\/wp-json\/wp\/v2\/types\/page"}],"author":[{"embeddable":true,"href":"https:\/\/www.alivitpharm.com\/de\/wp-json\/wp\/v2\/users\/9"}],"replies":[{"embeddable":true,"href":"https:\/\/www.alivitpharm.com\/de\/wp-json\/wp\/v2\/comments?post=7116"}],"version-history":[{"count":0,"href":"https:\/\/www.alivitpharm.com\/de\/wp-json\/wp\/v2\/pages\/7116\/revisions"}],"wp:attachment":[{"href":"https:\/\/www.alivitpharm.com\/de\/wp-json\/wp\/v2\/media?parent=7116"}],"curies":[{"name":"wp","href":"https:\/\/api.w.org\/{rel}","templated":true}]}}