{"id":7304,"date":"2022-10-07T09:47:38","date_gmt":"2022-10-07T07:47:38","guid":{"rendered":"https:\/\/www.alivitpharm.com\/?page_id=7304"},"modified":"2023-05-19T11:53:09","modified_gmt":"2023-05-19T09:53:09","slug":"rosemary","status":"publish","type":"page","link":"https:\/\/www.alivitpharm.com\/de\/rosemary\/","title":{"rendered":"Rosemarin"},"content":{"rendered":"<div data-elementor-type=\"wp-page\" data-elementor-id=\"7304\" class=\"elementor elementor-7304\">\n\t\t\t\t\t\t<section class=\"elementor-section elementor-top-section elementor-element elementor-element-aec475c elementor-section-content-middle elementor-section-boxed elementor-section-height-default elementor-section-height-default\" data-id=\"aec475c\" data-element_type=\"section\" data-e-type=\"section\" data-settings=\"{&quot;background_background&quot;:&quot;classic&quot;}\">\n\t\t\t\t\t\t\t<div class=\"elementor-background-overlay\"><\/div>\n\t\t\t\t\t\t\t<div class=\"elementor-container elementor-column-gap-default\">\n\t\t\t\t\t<div class=\"elementor-column elementor-col-100 elementor-top-column elementor-element elementor-element-1935fed\" data-id=\"1935fed\" data-element_type=\"column\" data-e-type=\"column\">\n\t\t\t<div class=\"elementor-widget-wrap elementor-element-populated\">\n\t\t\t\t\t\t<div class=\"elementor-element elementor-element-f5d02e8 elementor-widget elementor-widget-heading\" data-id=\"f5d02e8\" data-element_type=\"widget\" data-e-type=\"widget\" data-widget_type=\"heading.default\">\n\t\t\t\t<div class=\"elementor-widget-container\">\n\t\t\t\t\t<h1 class=\"elementor-heading-title elementor-size-default\">Rosemarin<\/h1>\t\t\t\t<\/div>\n\t\t\t\t<\/div>\n\t\t\t\t<div class=\"elementor-element elementor-element-3638f5b elementor-widget elementor-widget-image\" data-id=\"3638f5b\" data-element_type=\"widget\" data-e-type=\"widget\" data-widget_type=\"image.default\">\n\t\t\t\t<div class=\"elementor-widget-container\">\n\t\t\t\t\t\t\t\t\t\t\t\t\t\t\t<img decoding=\"async\" width=\"75\" height=\"33\" src=\"https:\/\/www.alivitpharm.com\/wp-content\/uploads\/2019\/07\/logo-leaf-new.png\" class=\"attachment-large size-large wp-image-2518\" alt=\"\" \/>\t\t\t\t\t\t\t\t\t\t\t\t\t\t\t<\/div>\n\t\t\t\t<\/div>\n\t\t\t\t<div class=\"elementor-element elementor-element-1f657bb elementor-widget elementor-widget-text-editor\" data-id=\"1f657bb\" data-element_type=\"widget\" data-e-type=\"widget\" data-widget_type=\"text-editor.default\">\n\t\t\t\t<div class=\"elementor-widget-container\">\n\t\t\t\t\t\t\t\t\t<p><em>Salvia rosmarinus L. &#8211; Lamiaceae<\/em><\/p>\t\t\t\t\t\t\t\t<\/div>\n\t\t\t\t<\/div>\n\t\t\t\t\t<\/div>\n\t\t<\/div>\n\t\t\t\t\t<\/div>\n\t\t<\/section>\n\t\t\t\t<section class=\"elementor-section elementor-top-section elementor-element elementor-element-0529f2a elementor-section-boxed elementor-section-height-default elementor-section-height-default\" data-id=\"0529f2a\" data-element_type=\"section\" data-e-type=\"section\" data-settings=\"{&quot;background_background&quot;:&quot;classic&quot;}\">\n\t\t\t\t\t\t<div class=\"elementor-container elementor-column-gap-default\">\n\t\t\t\t\t<div class=\"elementor-column elementor-col-100 elementor-top-column elementor-element elementor-element-8010cfb\" data-id=\"8010cfb\" data-element_type=\"column\" data-e-type=\"column\">\n\t\t\t<div class=\"elementor-widget-wrap elementor-element-populated\">\n\t\t\t\t\t\t<div class=\"elementor-element elementor-element-8cf1e61 elementor-widget elementor-widget-image\" data-id=\"8cf1e61\" data-element_type=\"widget\" data-e-type=\"widget\" data-widget_type=\"image.default\">\n\t\t\t\t<div class=\"elementor-widget-container\">\n\t\t\t\t\t\t\t\t\t\t\t\t\t\t\t<img decoding=\"async\" src=\"https:\/\/www.alivitpharm.com\/wp-content\/uploads\/2022\/10\/image_2022-10-07_101729458.png\" title=\"rosemary\" alt=\"Rosemarin\" loading=\"lazy\" \/>\t\t\t\t\t\t\t\t\t\t\t\t\t\t\t<\/div>\n\t\t\t\t<\/div>\n\t\t\t\t<div class=\"elementor-element elementor-element-05bb101 elementor-widget elementor-widget-text-editor\" data-id=\"05bb101\" data-element_type=\"widget\" data-e-type=\"widget\" data-widget_type=\"text-editor.default\">\n\t\t\t\t<div class=\"elementor-widget-container\">\n\t\t\t\t\t\t\t\t\t<p><span class=\"JLqJ4b ChMk0b\"><span class=\"Q4iAWc\">Die Meinungen \u00fcber den Namen der Pflanze sind geteilt, aber die vorherrschende Meinung ist, dass der Name <em>Rosmarinus<\/em> aus dem Lateinischen stammt, was Seetau bedeutet.<\/span><\/span> <span class=\"JLqJ4b ChMk0b\"><span class=\"Q4iAWc\">Anderen Quellen zufolge stammt der Name aus dem Griechischen und bedeutet \"Strauch mit einem angenehmen Geruch\".<\/span><\/span><\/p><p><span class=\"JLqJ4b ChMk0b\"><span class=\"Q4iAWc\">Die alten Griechen hielten ihn f\u00fcr eine Pflanze der Sch\u00f6nheit und widmeten ihn Aphrodite (G\u00f6ttin der Liebe, der Lust, der Sch\u00f6nheit, der Freude, der Leidenschaft und der Fortpflanzung).<\/span><\/span> <span class=\"JLqJ4b ChMk0b\"><span class=\"Q4iAWc\">Im Mittelalter glaubte man, dass Rosmarin b\u00f6se Geister vertreibt, und deshalb wurde er in allen wichtigen Lebensabschnitten verwendet: Wiegen wurden mit seinen duftenden Zweigen geschm\u00fcckt, M\u00e4dchen trugen Rosmarinkr\u00e4nze bei ihren Hochzeiten, und der Brauch, Hochzeitsg\u00e4ste mit dieser Pflanze zu schm\u00fccken, hat sich bis<\/span><\/span> <span class=\"JLqJ4b ChMk0b\"><span class=\"Q4iAWc\">heute gehalten, da Rosmarin Liebe und Treue symbolisiert.<\/span><\/span><\/p><p><span class=\"JLqJ4b ChMk0b\"><span class=\"Q4iAWc\">Rosmarin ist ein immergr\u00fcner, aromatischer Strauch mit aufrechten oder teilweise niederliegenden Zweigen.<\/span><\/span> <span class=\"JLqJ4b ChMk0b\"><span class=\"Q4iAWc\">Die Pflanze wird zwischen 1 und 3 m hoch.<\/span><\/span> <span class=\"JLqJ4b ChMk0b\"><span class=\"Q4iAWc\">Die Rosmarinzweige sind dicht mit ledrigen, langen, stacheligen und sitzenden Bl\u00e4ttern bedeckt.<\/span><\/span> <span class=\"JLqJ4b ChMk0b\"><span class=\"Q4iAWc\">Die Blattoberseite ist dunkelgr\u00fcn, die Unterseite grau-wei\u00df.<\/span><\/span> <span class=\"JLqJ4b ChMk0b\"><span class=\"Q4iAWc\">Die Bl\u00fcten sind klein, blauviolett und stehen in Bl\u00fctenst\u00e4nden zusammen.<\/span><\/span> <span class=\"JLqJ4b ChMk0b\"><span class=\"Q4iAWc\">Die Pflanze bl\u00fcht zweimal im Jahr, im April und im September.<\/span><\/span> <span class=\"JLqJ4b ChMk0b\"><span class=\"Q4iAWc\">Der Geruch der Bl\u00fcten und der Zweigspitzen ist kampfer\u00e4hnlich, der Geschmack ist scharf, aromatisch und leicht bitter.<\/span><\/span> <span class=\"JLqJ4b ChMk0b\"><span class=\"Q4iAWc\">Sie ist ein h\u00e4ufiger Strauch an den sonnigen und felsigen H\u00e4ngen des K\u00fcstengebiets und wird als Zierpflanze auch in G\u00e4rten und Parks auf dem Festland angebaut.<\/span><\/span><\/p>\t\t\t\t\t\t\t\t<\/div>\n\t\t\t\t<\/div>\n\t\t\t\t<div class=\"elementor-element elementor-element-55fb1fb elementor-widget elementor-widget-image\" data-id=\"55fb1fb\" data-element_type=\"widget\" data-e-type=\"widget\" data-widget_type=\"image.default\">\n\t\t\t\t<div class=\"elementor-widget-container\">\n\t\t\t\t\t\t\t\t\t\t\t\t\t\t\t<img decoding=\"async\" src=\"https:\/\/www.alivitpharm.com\/wp-content\/uploads\/2022\/09\/leaves.png\" title=\"leaves\" alt=\"Leaves\" loading=\"lazy\" \/>\t\t\t\t\t\t\t\t\t\t\t\t\t\t\t<\/div>\n\t\t\t\t<\/div>\n\t\t\t\t<div class=\"elementor-element elementor-element-cb3fb13 elementor-widget elementor-widget-text-editor\" data-id=\"cb3fb13\" data-element_type=\"widget\" data-e-type=\"widget\" data-widget_type=\"text-editor.default\">\n\t\t\t\t<div class=\"elementor-widget-container\">\n\t\t\t\t\t\t\t\t\t<p><span class=\"JLqJ4b ChMk0b\"><span class=\"Q4iAWc\">Chemische Zusammensetzung: Rosmarinbl\u00e4tter enthalten 1,0-2,5% \u00e4therisches \u00d6l mit den Hauptbestandteilen: 15-30% 1,8-Cineol, 15-25% Kampfer, bis zu 25% \u03b1-Pinen, etwa 8% Camphen, 10-<\/span><\/span><span class=\"JLqJ4b ChMk0b\"><span class=\"Q4iAWc\">20% (+) Borneol mit 5-10% Bornylacetat sowie Limonen und andere Monoterpene.<\/span><\/span> <span class=\"JLqJ4b ChMk0b\"><span class=\"Q4iAWc\">Au\u00dferdem enth\u00e4lt sie Rosmarins\u00e4ure, Flavonoide (u. a. Genquanin, Luteolin und Diosmetin) und deren Glykoside (Genquanin-4\u2032-0-glucosid), Triterpens\u00e4uren (5 % Ursols\u00e4urederivate), Triterpenalkohole (Betulin, Amyrin) und Steroide.<\/span><\/span> <span class=\"JLqJ4b ChMk0b\"><span class=\"Q4iAWc\">Die Lipide bestehen zu 97 % aus n-Alkanen, Isoalkanen und Alkenen im Blattharz.<\/span><\/span><\/p><p>Rosmarin weist eine antimikrobielle Aktivit\u00e4t gegen gramnegative Mikroorganismen (<em>Escherichia coli<\/em> und <em>Pseudomonas aeruginosa<\/em>) und grampositive Bakterien (<em>Staphylococcus aureus<\/em>, <em>S. epidermidis<\/em> und <em>Micrococcus luteus<\/em>).\u00a0<\/p><p><span class=\"JLqJ4b ChMk0b\"><span class=\"Q4iAWc\">Rosmarin enth\u00e4lt Inhaltsstoffe, die in der Lage sind, freie Radikale wirksam zu neutralisieren.<\/span><\/span> <span class=\"JLqJ4b ChMk0b\"><span class=\"Q4iAWc\">Man geht davon aus, dass der Tr\u00e4ger dieser Aktivit\u00e4t die Carnosols\u00e4ure ist, die ein lipophiles Antioxidans und ein guter \"F\u00e4nger\" von Singulett-Sauerstoff, Hydroxyl- und Peroxylradikalen ist, die den Abbau biologischer Membranen beeinflussen.<\/span><\/span> <span class=\"JLqJ4b ChMk0b\"><span class=\"Q4iAWc\">Bracco und sar.<\/span><\/span> <span class=\"JLqJ4b ChMk0b\"><span class=\"Q4iAWc\">haben gezeigt, dass von den 16 aus Rosmarin isolierten Verbindungen die Carnosols\u00e4ure und das Carnosol am meisten zur antioxidativen Aktivit\u00e4t des Extrakts beitragen.<\/span><\/span> <span class=\"JLqJ4b ChMk0b\"><span class=\"Q4iAWc\">Die antioxidative Aktivit\u00e4t dieser beiden Isolate ist st\u00e4rker als die Aktivit\u00e4t von \u03b1-Tocopherol, BHT und BHA.<\/span><\/span> <span class=\"JLqJ4b ChMk0b\"><span class=\"Q4iAWc\">Aufgrund seiner guten antioxidativen Wirkung werden Rosmarinextrakte heute in der Lebensmittelindustrie h\u00e4ufig verwendet.<\/span><\/span><\/p><p><span class=\"JLqJ4b ChMk0b\"><span class=\"Q4iAWc\">Rosmarin ist ein gutes Antiseptikum, krampfl\u00f6send, adstringierend, karminativ, schwei\u00dftreibend, verdauungsf\u00f6rdernd und magenst\u00e4rkend, weshalb er erfolgreich bei der Behandlung verschiedener Erkrankungen des Verdauungssystems eingesetzt wird.<\/span><\/span> <span class=\"JLqJ4b ChMk0b\"><span class=\"Q4iAWc\">Er gilt als gutes Antiseptikum des Verdauungstraktes, verhindert und beseitigt Bl\u00e4hungen.<\/span><\/span> <span class=\"JLqJ4b ChMk0b\"><span class=\"Q4iAWc\">Er wird zur Behandlung von dyspeptischen Beschwerden, Magentr\u00e4gheit und Darmtr\u00e4gheit eingesetzt.<\/span><\/span><\/p><p><span class=\"jCAhz ChMk0b\"><span class=\"ryNqvb\">Rosmarin ist eine Pflanze, die in vielen L\u00e4ndern seit der Antike in der traditionellen Medizin verwendet wird.<\/span><\/span> <span class=\"jCAhz ChMk0b\"><span class=\"ryNqvb\">Die Wirkstoffe des Rosmarins sind f\u00fcr die antioxidative, entz\u00fcndungshemmende und neuroprotektive Wirkung dieser Pflanze verantwortlich.<\/span><\/span> <span class=\"jCAhz ChMk0b\"><span class=\"ryNqvb\">Untersuchungen haben bewiesen, dass diese Pflanze zur Vorbeugung oder zur Behandlung von Alzheimer und Parkinson eingesetzt wird.<\/span><\/span> <span class=\"jCAhz ChMk0b\"><span class=\"ryNqvb\">Au\u00dferdem haben Studien gezeigt, dass Rosmarin eine positive Wirkung auf die Funktion des zentralen Nervensystems beim Post-Covid 19-Syndrom hat.<\/span><\/span> <span class=\"jCAhz ChMk0b\"><span class=\"ryNqvb\">Neben seiner positiven Wirkung auf neurodegenerative Erkrankungen wie Alzheimer und Parkinson hat Rosmarin auch eine positive Wirkung auf leichte psychiatrische Erkrankungen wie Stress, Angst und Depression gezeigt.<\/span><\/span><\/p>\t\t\t\t\t\t\t\t<\/div>\n\t\t\t\t<\/div>\n\t\t\t\t<div class=\"elementor-element elementor-element-5c4e5b8 elementor-widget elementor-widget-heading\" data-id=\"5c4e5b8\" data-element_type=\"widget\" data-e-type=\"widget\" data-widget_type=\"heading.default\">\n\t\t\t\t<div class=\"elementor-widget-container\">\n\t\t\t\t\t<h4 class=\"elementor-heading-title elementor-size-default\">Referenzen<\/h4>\t\t\t\t<\/div>\n\t\t\t\t<\/div>\n\t\t\t\t<div class=\"elementor-element elementor-element-5d25c19 elementor-widget elementor-widget-text-editor\" data-id=\"5d25c19\" data-element_type=\"widget\" data-e-type=\"widget\" data-widget_type=\"text-editor.default\">\n\t\t\t\t<div class=\"elementor-widget-container\">\n\t\t\t\t\t\t\t\t\t<ul><li><a class=\"reference-link\" href=\"https:\/\/pubmed.ncbi.nlm.nih.gov\/30236693\/\" target=\"_blank\" rel=\"noopener\">Effects of in vitro gastrointestinal digestion and colonic fermentation on a rosemary (Rosmarinus officinalis L) extract rich in rosmarinic acid<\/a><\/li><li><a class=\"reference-link\" href=\"https:\/\/pubmed.ncbi.nlm.nih.gov\/20034774\/\" target=\"_blank\" rel=\"noopener\">Investigations into the specific effects of rosemary oil at the receptor level<\/a><\/li><li><a class=\"reference-link\" href=\"https:\/\/www.jstor.org\/stable\/26447491#metadata_info_tab_contents\" target=\"_blank\" rel=\"noopener\">Antispasmodic activity of Rosmarinus Officinalis and Ruscus Aculetus<\/a><\/li><li><a class=\"reference-link\" href=\"https:\/\/www.ema.europa.eu\/en\/documents\/herbal-report\/assessment-report-rosmarinus-officinalis-l-aetheroleum-rosmarinus-officinalis-l-folium_en.pdf\" target=\"_blank\" rel=\"noopener\">Assessment report on Rosmarinus officinalis L., aetheroleum and Rosmarinus officinalis L., folium<\/a><\/li><li><a class=\"reference-link\" href=\"https:\/\/pubmed.ncbi.nlm.nih.gov\/35052628\/\" target=\"_blank\" rel=\"noopener\">Potential Therapeutic Use of the Rosemary Diterpene Carnosic Acid for Alzheimer&#8217;s Disease, Parkinson&#8217;s Disease, and Long-COVID through NRF2 Activation to Counteract the NLRP3 Inflammasome<\/a><\/li><li><a class=\"reference-link\" href=\"https:\/\/pubmed.ncbi.nlm.nih.gov\/34279199\/\" target=\"_blank\" rel=\"noopener\">Effects of Spices (Saffron, Rosemary, Cinnamon, Turmeric and Ginger) in Alzheimer&#8217;s Disease<\/a><\/li><li><a class=\"reference-link\" href=\"https:\/\/pubmed.ncbi.nlm.nih.gov\/32725282\/\" target=\"_blank\" rel=\"noopener\">Effects of rosmarinic acid on nervous system disorders: an updated review<\/a><\/li><\/ul>\t\t\t\t\t\t\t\t<\/div>\n\t\t\t\t<\/div>\n\t\t\t\t\t<\/div>\n\t\t<\/div>\n\t\t\t\t\t<\/div>\n\t\t<\/section>\n\t\t\t\t<\/div>","protected":false},"excerpt":{"rendered":"<p>Rosemary Salvia rosmarinus L. &#8211; Lamiaceae Opinions are divided about the name of the plant, but the prevailing opinion is that the name Rosmarinus comes from Latin, which means sea dew. According to other sources, the name comes from the Greek language and means &#8220;bush with a pleasant smell&#8221;. The ancient Greeks believed that it &hellip;<\/p>\n<p class=\"read-more\"> <a class=\"\" href=\"https:\/\/www.alivitpharm.com\/de\/rosemary\/\"> <span class=\"screen-reader-text\">Rosemarin<\/span> Weiterlesen &raquo;<\/a><\/p>","protected":false},"author":9,"featured_media":0,"parent":0,"menu_order":0,"comment_status":"closed","ping_status":"closed","template":"","meta":{"site-sidebar-layout":"no-sidebar","site-content-layout":"page-builder","ast-global-header-display":"","ast-main-header-display":"","ast-hfb-above-header-display":"","ast-hfb-below-header-display":"","ast-hfb-mobile-header-display":"","site-post-title":"disabled","ast-breadcrumbs-content":"","ast-featured-img":"disabled","footer-sml-layout":"","theme-transparent-header-meta":"","adv-header-id-meta":"","stick-header-meta":"","header-above-stick-meta":"","header-main-stick-meta":"","header-below-stick-meta":"","footnotes":""},"class_list":["post-7304","page","type-page","status-publish","hentry"],"_links":{"self":[{"href":"https:\/\/www.alivitpharm.com\/de\/wp-json\/wp\/v2\/pages\/7304","targetHints":{"allow":["GET"]}}],"collection":[{"href":"https:\/\/www.alivitpharm.com\/de\/wp-json\/wp\/v2\/pages"}],"about":[{"href":"https:\/\/www.alivitpharm.com\/de\/wp-json\/wp\/v2\/types\/page"}],"author":[{"embeddable":true,"href":"https:\/\/www.alivitpharm.com\/de\/wp-json\/wp\/v2\/users\/9"}],"replies":[{"embeddable":true,"href":"https:\/\/www.alivitpharm.com\/de\/wp-json\/wp\/v2\/comments?post=7304"}],"version-history":[{"count":0,"href":"https:\/\/www.alivitpharm.com\/de\/wp-json\/wp\/v2\/pages\/7304\/revisions"}],"wp:attachment":[{"href":"https:\/\/www.alivitpharm.com\/de\/wp-json\/wp\/v2\/media?parent=7304"}],"curies":[{"name":"wp","href":"https:\/\/api.w.org\/{rel}","templated":true}]}}