{"id":7432,"date":"2022-10-14T08:21:46","date_gmt":"2022-10-14T06:21:46","guid":{"rendered":"https:\/\/www.alivitpharm.com\/?page_id=7432"},"modified":"2022-10-14T10:08:45","modified_gmt":"2022-10-14T08:08:45","slug":"black-elderberry","status":"publish","type":"page","link":"https:\/\/www.alivitpharm.com\/de\/black-elderberry\/","title":{"rendered":"Schwarzer Holunder"},"content":{"rendered":"<div data-elementor-type=\"wp-page\" data-elementor-id=\"7432\" class=\"elementor elementor-7432\">\n\t\t\t\t\t\t<section class=\"elementor-section elementor-top-section elementor-element elementor-element-4bb7924 elementor-section-content-middle elementor-section-boxed elementor-section-height-default elementor-section-height-default\" data-id=\"4bb7924\" data-element_type=\"section\" data-e-type=\"section\" data-settings=\"{&quot;background_background&quot;:&quot;classic&quot;}\">\n\t\t\t\t\t\t\t<div class=\"elementor-background-overlay\"><\/div>\n\t\t\t\t\t\t\t<div class=\"elementor-container elementor-column-gap-default\">\n\t\t\t\t\t<div class=\"elementor-column elementor-col-100 elementor-top-column elementor-element elementor-element-756ed26\" data-id=\"756ed26\" data-element_type=\"column\" data-e-type=\"column\">\n\t\t\t<div class=\"elementor-widget-wrap elementor-element-populated\">\n\t\t\t\t\t\t<div class=\"elementor-element elementor-element-477908f elementor-widget elementor-widget-heading\" data-id=\"477908f\" data-element_type=\"widget\" data-e-type=\"widget\" data-widget_type=\"heading.default\">\n\t\t\t\t<div class=\"elementor-widget-container\">\n\t\t\t\t\t<h1 class=\"elementor-heading-title elementor-size-default\">Schwarzer Holunder<\/h1>\t\t\t\t<\/div>\n\t\t\t\t<\/div>\n\t\t\t\t<div class=\"elementor-element elementor-element-fd62719 elementor-widget elementor-widget-image\" data-id=\"fd62719\" data-element_type=\"widget\" data-e-type=\"widget\" data-widget_type=\"image.default\">\n\t\t\t\t<div class=\"elementor-widget-container\">\n\t\t\t\t\t\t\t\t\t\t\t\t\t\t\t<img decoding=\"async\" width=\"75\" height=\"33\" src=\"https:\/\/www.alivitpharm.com\/wp-content\/uploads\/2019\/07\/logo-leaf-new.png\" class=\"attachment-large size-large wp-image-2518\" alt=\"\" \/>\t\t\t\t\t\t\t\t\t\t\t\t\t\t\t<\/div>\n\t\t\t\t<\/div>\n\t\t\t\t<div class=\"elementor-element elementor-element-bc87980 elementor-widget elementor-widget-text-editor\" data-id=\"bc87980\" data-element_type=\"widget\" data-e-type=\"widget\" data-widget_type=\"text-editor.default\">\n\t\t\t\t<div class=\"elementor-widget-container\">\n\t\t\t\t\t\t\t\t\t<p><em>Sambucus nigra L. &#8211; Adoxaceae<\/em><\/p>\t\t\t\t\t\t\t\t<\/div>\n\t\t\t\t<\/div>\n\t\t\t\t\t<\/div>\n\t\t<\/div>\n\t\t\t\t\t<\/div>\n\t\t<\/section>\n\t\t\t\t<section class=\"elementor-section elementor-top-section elementor-element elementor-element-b4f287e elementor-section-boxed elementor-section-height-default elementor-section-height-default\" data-id=\"b4f287e\" data-element_type=\"section\" data-e-type=\"section\" data-settings=\"{&quot;background_background&quot;:&quot;classic&quot;}\">\n\t\t\t\t\t\t<div class=\"elementor-container elementor-column-gap-default\">\n\t\t\t\t\t<div class=\"elementor-column elementor-col-100 elementor-top-column elementor-element elementor-element-820edd1\" data-id=\"820edd1\" data-element_type=\"column\" data-e-type=\"column\">\n\t\t\t<div class=\"elementor-widget-wrap elementor-element-populated\">\n\t\t\t\t\t\t<div class=\"elementor-element elementor-element-8520cb6 elementor-widget elementor-widget-image\" data-id=\"8520cb6\" data-element_type=\"widget\" data-e-type=\"widget\" data-widget_type=\"image.default\">\n\t\t\t\t<div class=\"elementor-widget-container\">\n\t\t\t\t\t\t\t\t\t\t\t\t\t\t\t<img decoding=\"async\" src=\"https:\/\/www.alivitpharm.com\/wp-content\/uploads\/2022\/10\/elderberry.jpg\" title=\"elderberry\" alt=\"Elderberry\" loading=\"lazy\" \/>\t\t\t\t\t\t\t\t\t\t\t\t\t\t\t<\/div>\n\t\t\t\t<\/div>\n\t\t\t\t<div class=\"elementor-element elementor-element-8ac23b1 elementor-widget elementor-widget-text-editor\" data-id=\"8ac23b1\" data-element_type=\"widget\" data-e-type=\"widget\" data-widget_type=\"text-editor.default\">\n\t\t\t\t<div class=\"elementor-widget-container\">\n\t\t\t\t\t\t\t\t\t<p><span class=\"jCAhz ChMk0b\"><span class=\"ryNqvb\">Der Holunder ist ein Strauch oder ein niedriger Baum.<\/span><\/span> <span class=\"jCAhz ChMk0b\"><span class=\"ryNqvb\">Die Rinde ist rissig, von grauer Farbe, an jungen Zweigen ist sie gr\u00fcn mit auff\u00e4lligen gro\u00dfen, eif\u00f6rmigen Knospen.<\/span><\/span> <span class=\"jCAhz ChMk0b\"><span class=\"ryNqvb\">Die Bl\u00e4tter sind seltsam gefiedert, die Bl\u00fcten sind wei\u00df-gelb, duftend, in dichten Bl\u00fctenst\u00e4nden gesammelt.<\/span><\/span> <span class=\"jCAhz ChMk0b\"><span class=\"ryNqvb\">Die Frucht ist eine Steinfrucht von rot-violetter Farbe, die 3 Samen enth\u00e4lt. <\/span><\/span>Der Holunder w\u00e4chst an hellen und warmen Standorten und ist in unserer Region recht weit verbreitet.<\/p><p><span class=\"jCAhz ChMk0b\"><span class=\"ryNqvb\"><strong>Der Schwarze Holunder<\/strong> <em>(Sambucus nigra)<\/em> ist vielen Mythen zufolge, eine magische Pflanze.<\/span><\/span> <span class=\"jCAhz ChMk0b\"><span class=\"ryNqvb\">Wegen seiner heilenden Eigenschaften wurde er im alten \u00c4gypten und im antiken Griechenland verwendet, und Hippokrates, der Vater der Medizin, nannte diese Pflanze die Arche der Gesundheit.<\/span><\/span><\/p><p><span class=\"jCAhz ChMk0b\"><span class=\"ryNqvb\">Der Schwarze Holunder enth\u00e4lt Karotin, die Vitamine B und C und ist au\u00dferdem reich an Mineralien: Eisen, Natrium und Kalzium.<\/span><\/span> <span class=\"jCAhz ChMk0b\"><span class=\"ryNqvb\">Au\u00dferdem enthalten die Fr\u00fcchte des Schwarzen Holunders Anthocyane (Sambucin, Sambucianin, Chrysantheme), Gerbstoffe, Phytosterine, Schleim und Aminos\u00e4uren.<\/span><\/span> <span class=\"jCAhz ChMk0b\"><span class=\"ryNqvb\">Sie enth\u00e4lt auch organische Pigmente, Chlorogens\u00e4ure und ist reich an Flavonoid-Heterosiden (Rutin, Isoquercitrin, Hyperosid), die gro\u00dfe Antioxidantien sind.<\/span><\/span> <span class=\"jCAhz ChMk0b\"><span class=\"ryNqvb\">Der Wirkstoff Sambucol aktiviert das Immunsystem durch die Produktion von Zytokinen und verk\u00fcrzt die Dauer der Grippe um 3-4 Tage.<\/span><\/span> <span class=\"jCAhz ChMk0b\"><span class=\"ryNqvb\">Es sind Spuren von \u00e4therischem \u00d6l enthalten und es dominieren die Fetts\u00e4uren.<\/span><\/span><\/p>\t\t\t\t\t\t\t\t<\/div>\n\t\t\t\t<\/div>\n\t\t\t\t<div class=\"elementor-element elementor-element-976c7f3 elementor-widget elementor-widget-image\" data-id=\"976c7f3\" data-element_type=\"widget\" data-e-type=\"widget\" data-widget_type=\"image.default\">\n\t\t\t\t<div class=\"elementor-widget-container\">\n\t\t\t\t\t\t\t\t\t\t\t\t\t\t\t<img decoding=\"async\" src=\"https:\/\/www.alivitpharm.com\/wp-content\/uploads\/2022\/09\/leaves.png\" title=\"leaves\" alt=\"Leaves\" loading=\"lazy\" \/>\t\t\t\t\t\t\t\t\t\t\t\t\t\t\t<\/div>\n\t\t\t\t<\/div>\n\t\t\t\t<div class=\"elementor-element elementor-element-a582557 elementor-widget elementor-widget-text-editor\" data-id=\"a582557\" data-element_type=\"widget\" data-e-type=\"widget\" data-widget_type=\"text-editor.default\">\n\t\t\t\t<div class=\"elementor-widget-container\">\n\t\t\t\t\t\t\t\t\t<p><span class=\"jCAhz ChMk0b\"><span class=\"ryNqvb\">Aufgrund ihrer antioxidativen (neutralisiert freie Radikale im K\u00f6rper) und immunmodulatorischen Wirkung (stimuliert das Immunsystem) wird sie zur Vorbeugung und Behandlung von Infektionen der oberen Atemwege empfohlen.<\/span><\/span> <span class=\"jCAhz ChMk0b\"><span class=\"ryNqvb\">Diese Pflanze gilt als nat\u00fcrliches Virostatikum, insbesondere gegen verschiedene St\u00e4mme des Grippevirus.<\/span><\/span> <span class=\"jCAhz ChMk0b\"><span class=\"ryNqvb\">In vitro-Forschungen wurde nachgewiesen, dass der Schwarze Holunder sogar gegen 10 St\u00e4mme des Grippevirus wirksam ist.<\/span><\/span> <span class=\"jCAhz ChMk0b\"><span class=\"ryNqvb\">Au\u00dferdem haben zahlreiche Studien gezeigt, dass Holunder zur Aktivierung der Immunreaktion (Aktivierung von Entz\u00fcndungszytokinen) bei v\u00f6llig gesunden Menschen, aber auch bei Menschen, die an bestimmten Krankheiten wie verschiedenen Formen von Krebs und AIDS leiden, n\u00fctzlich sein kann. <\/span><\/span><span class=\"jCAhz ChMk0b\"><span class=\"ryNqvb\">Schwarzer Holunder kann bei Patienten, die an Diabetes leiden, zur St\u00e4rkung des Immunsystems empfohlen werden.<\/span><\/span> <span class=\"jCAhz ChMk0b\"><span class=\"ryNqvb\">Die aus den Fr\u00fcchten dieser Pflanze extrahierten Polyphenole ver\u00e4ndern die Immunreaktion bei Diabetikern und verringern die M\u00f6glichkeit von Entz\u00fcndungsreaktionen.<\/span><\/span><\/p>\t\t\t\t\t\t\t\t<\/div>\n\t\t\t\t<\/div>\n\t\t\t\t<div class=\"elementor-element elementor-element-9699294 elementor-widget elementor-widget-heading\" data-id=\"9699294\" data-element_type=\"widget\" data-e-type=\"widget\" data-widget_type=\"heading.default\">\n\t\t\t\t<div class=\"elementor-widget-container\">\n\t\t\t\t\t<h4 class=\"elementor-heading-title elementor-size-default\">Referenzen<\/h4>\t\t\t\t<\/div>\n\t\t\t\t<\/div>\n\t\t\t\t<div class=\"elementor-element elementor-element-844d616 elementor-widget elementor-widget-text-editor\" data-id=\"844d616\" data-element_type=\"widget\" data-e-type=\"widget\" data-widget_type=\"text-editor.default\">\n\t\t\t\t<div class=\"elementor-widget-container\">\n\t\t\t\t\t\t\t\t\t<ul><li><a class=\"reference-link\" href=\"https:\/\/pubmed.ncbi.nlm.nih.gov\/30670267\/\" target=\"_blank\" rel=\"noopener\">Black elderberry (Sambucus nigra) supplementation effectively treats upper respiratory symptoms: A meta-analysis of randomized, controlled clinical trials<\/a><\/li><li><a class=\"reference-link\" href=\"https:\/\/pubmed.ncbi.nlm.nih.gov\/25327310\/\" target=\"_blank\" rel=\"noopener\">Effects of Sambucus nigra and Aronia melanocarpa extracts on immune system disorders within diabetes mellitus<\/a><\/li><li><a class=\"reference-link\" href=\"https:\/\/pubmed.ncbi.nlm.nih.gov\/11399518\/\" target=\"_blank\" rel=\"noopener\">The effect of Sambucol, a black elderberry-based, natural product, on the production of human cytokines: I. Inflammatory cytokines<\/a><\/li><li><a class=\"reference-link\" href=\"https:\/\/pubmed.ncbi.nlm.nih.gov\/32864330\/\" target=\"_blank\" rel=\"noopener\">The effects of Sambucus nigra berry on acute respiratory viral infections: A rapid review of clinical studies<\/a><\/li><\/ul>\t\t\t\t\t\t\t\t<\/div>\n\t\t\t\t<\/div>\n\t\t\t\t\t<\/div>\n\t\t<\/div>\n\t\t\t\t\t<\/div>\n\t\t<\/section>\n\t\t\t\t<\/div>","protected":false},"excerpt":{"rendered":"<p>Black Elderberry Sambucus nigra L. &#8211; Adoxaceae Elderberry is a shrub or low tree. The bark is cracked, gray in color, on young branches it is green with prominent large, egg-shaped buds. The leaves are oddly pinnate, the flowers are white-yellow, fragrant, collected in dense inflorescences. The fruit is a drupe, red-purple in color, containing &hellip;<\/p>\n<p class=\"read-more\"> <a class=\"\" href=\"https:\/\/www.alivitpharm.com\/de\/black-elderberry\/\"> <span class=\"screen-reader-text\">Schwarzer Holunder<\/span> Weiterlesen &raquo;<\/a><\/p>","protected":false},"author":9,"featured_media":0,"parent":0,"menu_order":0,"comment_status":"closed","ping_status":"closed","template":"","meta":{"site-sidebar-layout":"no-sidebar","site-content-layout":"page-builder","ast-global-header-display":"","ast-main-header-display":"","ast-hfb-above-header-display":"","ast-hfb-below-header-display":"","ast-hfb-mobile-header-display":"","site-post-title":"disabled","ast-breadcrumbs-content":"","ast-featured-img":"disabled","footer-sml-layout":"","theme-transparent-header-meta":"","adv-header-id-meta":"","stick-header-meta":"","header-above-stick-meta":"","header-main-stick-meta":"","header-below-stick-meta":"","footnotes":""},"class_list":["post-7432","page","type-page","status-publish","hentry"],"_links":{"self":[{"href":"https:\/\/www.alivitpharm.com\/de\/wp-json\/wp\/v2\/pages\/7432","targetHints":{"allow":["GET"]}}],"collection":[{"href":"https:\/\/www.alivitpharm.com\/de\/wp-json\/wp\/v2\/pages"}],"about":[{"href":"https:\/\/www.alivitpharm.com\/de\/wp-json\/wp\/v2\/types\/page"}],"author":[{"embeddable":true,"href":"https:\/\/www.alivitpharm.com\/de\/wp-json\/wp\/v2\/users\/9"}],"replies":[{"embeddable":true,"href":"https:\/\/www.alivitpharm.com\/de\/wp-json\/wp\/v2\/comments?post=7432"}],"version-history":[{"count":0,"href":"https:\/\/www.alivitpharm.com\/de\/wp-json\/wp\/v2\/pages\/7432\/revisions"}],"wp:attachment":[{"href":"https:\/\/www.alivitpharm.com\/de\/wp-json\/wp\/v2\/media?parent=7432"}],"curies":[{"name":"wp","href":"https:\/\/api.w.org\/{rel}","templated":true}]}}