{"id":7769,"date":"2022-10-21T13:49:50","date_gmt":"2022-10-21T11:49:50","guid":{"rendered":"https:\/\/www.alivitpharm.com\/?page_id=7769"},"modified":"2022-10-24T10:19:49","modified_gmt":"2022-10-24T08:19:49","slug":"lemon-balm","status":"publish","type":"page","link":"https:\/\/www.alivitpharm.com\/de\/lemon-balm\/","title":{"rendered":"Zitronenmelisse"},"content":{"rendered":"<div data-elementor-type=\"wp-page\" data-elementor-id=\"7769\" class=\"elementor elementor-7769\">\n\t\t\t\t\t\t<section class=\"elementor-section elementor-top-section elementor-element elementor-element-b0829ad elementor-section-content-middle elementor-section-boxed elementor-section-height-default elementor-section-height-default\" data-id=\"b0829ad\" data-element_type=\"section\" data-e-type=\"section\" data-settings=\"{&quot;background_background&quot;:&quot;classic&quot;}\">\n\t\t\t\t\t\t\t<div class=\"elementor-background-overlay\"><\/div>\n\t\t\t\t\t\t\t<div class=\"elementor-container elementor-column-gap-default\">\n\t\t\t\t\t<div class=\"elementor-column elementor-col-100 elementor-top-column elementor-element elementor-element-13fa661\" data-id=\"13fa661\" data-element_type=\"column\" data-e-type=\"column\">\n\t\t\t<div class=\"elementor-widget-wrap elementor-element-populated\">\n\t\t\t\t\t\t<div class=\"elementor-element elementor-element-400927c elementor-widget elementor-widget-heading\" data-id=\"400927c\" data-element_type=\"widget\" data-e-type=\"widget\" data-widget_type=\"heading.default\">\n\t\t\t\t<div class=\"elementor-widget-container\">\n\t\t\t\t\t<h1 class=\"elementor-heading-title elementor-size-default\">Zitronenmelisse<\/h1>\t\t\t\t<\/div>\n\t\t\t\t<\/div>\n\t\t\t\t<div class=\"elementor-element elementor-element-7438924 elementor-widget elementor-widget-image\" data-id=\"7438924\" data-element_type=\"widget\" data-e-type=\"widget\" data-widget_type=\"image.default\">\n\t\t\t\t<div class=\"elementor-widget-container\">\n\t\t\t\t\t\t\t\t\t\t\t\t\t\t\t<img decoding=\"async\" width=\"75\" height=\"33\" src=\"https:\/\/www.alivitpharm.com\/wp-content\/uploads\/2019\/07\/logo-leaf-new.png\" class=\"attachment-large size-large wp-image-2518\" alt=\"\" \/>\t\t\t\t\t\t\t\t\t\t\t\t\t\t\t<\/div>\n\t\t\t\t<\/div>\n\t\t\t\t<div class=\"elementor-element elementor-element-206aee2 elementor-widget elementor-widget-text-editor\" data-id=\"206aee2\" data-element_type=\"widget\" data-e-type=\"widget\" data-widget_type=\"text-editor.default\">\n\t\t\t\t<div class=\"elementor-widget-container\">\n\t\t\t\t\t\t\t\t\t<p><em>Melissase folium \u2013 Blatt der Zitronenmelisse<br \/>Melissa officinalis L. \u2013 Lamiaceae<\/em><\/p>\t\t\t\t\t\t\t\t<\/div>\n\t\t\t\t<\/div>\n\t\t\t\t\t<\/div>\n\t\t<\/div>\n\t\t\t\t\t<\/div>\n\t\t<\/section>\n\t\t\t\t<section class=\"elementor-section elementor-top-section elementor-element elementor-element-e95e900 elementor-section-boxed elementor-section-height-default elementor-section-height-default\" data-id=\"e95e900\" data-element_type=\"section\" data-e-type=\"section\" data-settings=\"{&quot;background_background&quot;:&quot;classic&quot;}\">\n\t\t\t\t\t\t<div class=\"elementor-container elementor-column-gap-default\">\n\t\t\t\t\t<div class=\"elementor-column elementor-col-100 elementor-top-column elementor-element elementor-element-94001a7\" data-id=\"94001a7\" data-element_type=\"column\" data-e-type=\"column\">\n\t\t\t<div class=\"elementor-widget-wrap elementor-element-populated\">\n\t\t\t\t\t\t<div class=\"elementor-element elementor-element-001f5cf elementor-widget elementor-widget-image\" data-id=\"001f5cf\" data-element_type=\"widget\" data-e-type=\"widget\" data-widget_type=\"image.default\">\n\t\t\t\t<div class=\"elementor-widget-container\">\n\t\t\t\t\t\t\t\t\t\t\t\t\t\t\t<img decoding=\"async\" src=\"https:\/\/www.alivitpharm.com\/wp-content\/uploads\/2022\/10\/lemon-balm.jpg\" title=\"lemon-balm\" alt=\"Zitronenmelisse\" loading=\"lazy\" \/>\t\t\t\t\t\t\t\t\t\t\t\t\t\t\t<\/div>\n\t\t\t\t<\/div>\n\t\t\t\t<div class=\"elementor-element elementor-element-b23e664 elementor-widget elementor-widget-text-editor\" data-id=\"b23e664\" data-element_type=\"widget\" data-e-type=\"widget\" data-widget_type=\"text-editor.default\">\n\t\t\t\t<div class=\"elementor-widget-container\">\n\t\t\t\t\t\t\t\t\t<p><span class=\"jCAhz ChMk0b\"><span class=\"ryNqvb\"><strong>Zitronenmelisse<\/strong> ist eine mehrj\u00e4hrige, krautige<\/span><\/span> <span class=\"jCAhz ChMk0b\"><span class=\"ryNqvb\">Das Rhizom ist kurz, der St\u00e4ngel ist aufrecht, mit mechanischen Haaren und Dr\u00fcsenschuppen bedeckt.<\/span><\/span> <span class=\"jCAhz ChMk0b\"><span class=\"ryNqvb\">Die Bl\u00e4tter sind gegenst\u00e4ndig, eif\u00f6rmig bis rautenf\u00f6rmig, netznervig, mit Haaren und Dr\u00fcsen besetzt.<\/span><\/span> <span class=\"jCAhz ChMk0b\"><span class=\"ryNqvb\">Die Bl\u00fcten werden in Dichien gesammelt, die Fr\u00fcchte sind l\u00e4nglich und eif\u00f6rmig.<\/span><\/span> <span class=\"jCAhz ChMk0b\"><span class=\"ryNqvb\">Die Zitronenmelisse w\u00e4chst in der Umgebung des Dorfes, am Rande des Waldes.<\/span><\/span> <span class=\"jCAhz ChMk0b\"><span class=\"ryNqvb\">Sie wird sporadisch verbreitet und in G\u00e4rten angebaut.<\/span><\/span><\/p><p><span class=\"jCAhz ChMk0b\"><span class=\"ryNqvb\">Der medizinische Teil der Pflanze ist das ganze, getrocknete Zitronenmelissenblatt, das kurz vor der Bl\u00fcte gesammelt wird.<\/span><\/span> <span class=\"jCAhz ChMk0b\"><span class=\"ryNqvb\">Das Blatt ist d\u00fcnn, im trockenen Zustand br\u00fcchig, von dunkelgr\u00fcner Farbe, mit einem s\u00fc\u00dfen, dann w\u00fcrzigen Geschmack und einem sehr spezifischen Zitronenduft.<\/span><\/span><\/p><p><span class=\"jCAhz ChMk0b\"><span class=\"ryNqvb\">Das Blatt der Zitronenmelisse enth\u00e4lt 0.05-0.3% \u00e4therisches \u00d6l.<\/span><\/span> <span class=\"jCAhz ChMk0b\"><span class=\"ryNqvb\">Das \u00e4therische \u00d6l der Zitronenmelisse wird durch Wasserdampfdestillation aus den frischen Trieben der Zitronenmelisse gewonnen.<\/span><\/span> <span class=\"jCAhz ChMk0b\"><span class=\"ryNqvb\">Im \u00e4therischen \u00d6l dominieren Monoterpenaldehyde und Alkohole, wobei die wichtigsten Bestandteile Citralaldehyde (Geranial und Neral) sind.<\/span><\/span> <span class=\"jCAhz ChMk0b\"><span class=\"ryNqvb\">Zitronenmelissenbl\u00e4tter enthalten Sesquiterpene (\u03b2-Caryophyllen und \u03b2-Caryophyllenoxid), heteroside Flavonoide (Quercitrin, Rhamnocitrin, Apigenin und Luteolinderivate), dann Phenols\u00e4uren, Catechingerbstoffe und Triterpenverbindungen.<\/span><\/span> <span class=\"jCAhz ChMk0b\"><span class=\"ryNqvb\">Au\u00dferdem ist das Melissenblatt eine reiche Quelle von Depsidin- und Rosmarins\u00e4ure.<\/span><\/span><\/p>\t\t\t\t\t\t\t\t<\/div>\n\t\t\t\t<\/div>\n\t\t\t\t<div class=\"elementor-element elementor-element-2e184f3 elementor-widget elementor-widget-image\" data-id=\"2e184f3\" data-element_type=\"widget\" data-e-type=\"widget\" data-widget_type=\"image.default\">\n\t\t\t\t<div class=\"elementor-widget-container\">\n\t\t\t\t\t\t\t\t\t\t\t\t\t\t\t<img decoding=\"async\" src=\"https:\/\/www.alivitpharm.com\/wp-content\/uploads\/2022\/09\/leaves.png\" title=\"leaves\" alt=\"Leaves\" loading=\"lazy\" \/>\t\t\t\t\t\t\t\t\t\t\t\t\t\t\t<\/div>\n\t\t\t\t<\/div>\n\t\t\t\t<div class=\"elementor-element elementor-element-703db3d elementor-widget elementor-widget-text-editor\" data-id=\"703db3d\" data-element_type=\"widget\" data-e-type=\"widget\" data-widget_type=\"text-editor.default\">\n\t\t\t\t<div class=\"elementor-widget-container\">\n\t\t\t\t\t\t\t\t\t<p>Zitronenmelisse wirkt antimykotisch (sehr wichtig im Kampf gegen Viren und Bakterien), spasmolytisch (entspannt die glatte Muskulatur), sedativ (beruhigend) und hat auch eine antithyreotoxische Wirkung. <span class=\"jCAhz ChMk0b\"><span class=\"ryNqvb\">Phytopr\u00e4parate auf der Basis von Zitronenmelisse werden aufgrund ihrer beruhigenden Wirkung bei leichter Schlaflosigkeit eingesetzt.<\/span><\/span> <span class=\"jCAhz ChMk0b\"><span class=\"ryNqvb\">Dieses Kraut kann die Stimmung verbessern und die Intensit\u00e4t eines unmittelbaren Angstanfalls verringern.<\/span><\/span> <span class=\"jCAhz ChMk0b\"><span class=\"ryNqvb\">Au\u00dferdem wird Melisse als Mittel zur Verbesserung der kognitiven Funktionen (Ged\u00e4chtnis) verwendet, weshalb sie als Zusatztherapie bei der Behandlung der Alzheimer-Krankheit empfohlen wird.<\/span><\/span> <span class=\"jCAhz ChMk0b\"><span class=\"ryNqvb\">Auch bei Verdauungsst\u00f6rungen, d. h. bei Funktionsst\u00f6rungen der Organe des Verdauungstraktes, wird der Einsatz solcher Pr\u00e4parate aufgrund ihrer krampfl\u00f6senden Wirkung empfohlen.<\/span><\/span> <span class=\"jCAhz ChMk0b\"><span class=\"ryNqvb\">Neben der krampfl\u00f6senden Wirkung zeigt das Melissenblatt entz\u00fcndungshemmende und antioxidative Effekte. <\/span><\/span><span class=\"jCAhz ChMk0b\"><span class=\"ryNqvb\">Aufgrund des ausgepr\u00e4gten antiviralen Potenzials werden Zubereitungen auf der Basis von Melissenbl\u00e4ttern als Zusatztherapie bei der Behandlung von Virusinfektionen, die durch das Herpes-simplex-Virus verursacht werden, eingesetzt.<\/span><\/span> <span class=\"jCAhz ChMk0b\"><span class=\"ryNqvb\">Die antivirale Wirkung der Zitronenmelisse beruht auf dem Vorhandensein von Rosmarins\u00e4ure, und diese Pflanze hat auch eine bakteriostatische Wirkung (verhindert das Wachstum von Bakterien).<\/span><\/span><\/p>\t\t\t\t\t\t\t\t<\/div>\n\t\t\t\t<\/div>\n\t\t\t\t<div class=\"elementor-element elementor-element-4385a63 elementor-widget elementor-widget-heading\" data-id=\"4385a63\" data-element_type=\"widget\" data-e-type=\"widget\" data-widget_type=\"heading.default\">\n\t\t\t\t<div class=\"elementor-widget-container\">\n\t\t\t\t\t<h4 class=\"elementor-heading-title elementor-size-default\">Referenzen<\/h4>\t\t\t\t<\/div>\n\t\t\t\t<\/div>\n\t\t\t\t<div class=\"elementor-element elementor-element-056b126 elementor-widget elementor-widget-text-editor\" data-id=\"056b126\" data-element_type=\"widget\" data-e-type=\"widget\" data-widget_type=\"text-editor.default\">\n\t\t\t\t<div class=\"elementor-widget-container\">\n\t\t\t\t\t\t\t\t\t<ul><li><a class=\"reference-link\" href=\"https:\/\/zealjournals.com\/wjcps\/sites\/default\/files\/WJCPS-2022-0025.pdf\" target=\"_blank\" rel=\"noopener\">Medicinal benefits of lemon balm (Melissa officinalis) for human health<\/a><\/li><li><a class=\"reference-link\" href=\"https:\/\/jnnp.bmj.com\/content\/74\/7\/863.short\" target=\"_blank\" rel=\"noopener\">Melissa officinalis extract in the treatment of patients with mild to moderate Alzheimer\u2019s disease: a double blind, randomised, placebo controlled trial<\/a><\/li><li><a class=\"reference-link\" href=\"https:\/\/www.ncbi.nlm.nih.gov\/pmc\/articles\/PMC3813246\/\" target=\"_blank\" rel=\"noopener\">Comparison of Neuroprotective Effects of Melissa officinalis Total Extract and Its Acidic and Non-Acidic Fractions against A \u03b2-Induced Toxicity<\/a><\/li><li><a class=\"reference-link\" href=\"https:\/\/pubmed.ncbi.nlm.nih.gov\/22377592\/\" target=\"_blank\" rel=\"noopener\">Melissa officinalis extract inhibits attachment of herpes simplex virus in vitro<\/a><\/li><li><a class=\"reference-link\" href=\"https:\/\/pubmed.ncbi.nlm.nih.gov\/29908682\/\" target=\"_blank\" rel=\"noopener\">The effects of Melissa officinalis supplementation on depression, anxiety, stress, and sleep disorder in patients with chronic stable angina<\/a><\/li><\/ul>\t\t\t\t\t\t\t\t<\/div>\n\t\t\t\t<\/div>\n\t\t\t\t\t<\/div>\n\t\t<\/div>\n\t\t\t\t\t<\/div>\n\t\t<\/section>\n\t\t\t\t<\/div>","protected":false},"excerpt":{"rendered":"<p>Lemon Balm Melissase folium \u2013 Leaf of lemon balmMelissa officinalis L. \u2013 Lamiaceae Lemon balm is a perennial, herbaceous plant. The rhizome is short, the stem is upright, covered with mechanical hairs and glandular scales. The leaves are opposite, ovate to rhombic in shape, with net veins, covered with hairs and glands. The flowers are &hellip;<\/p>\n<p class=\"read-more\"> <a class=\"\" href=\"https:\/\/www.alivitpharm.com\/de\/lemon-balm\/\"> <span class=\"screen-reader-text\">Zitronenmelisse<\/span> Weiterlesen &raquo;<\/a><\/p>","protected":false},"author":9,"featured_media":0,"parent":0,"menu_order":0,"comment_status":"closed","ping_status":"closed","template":"","meta":{"site-sidebar-layout":"no-sidebar","site-content-layout":"page-builder","ast-global-header-display":"","ast-main-header-display":"","ast-hfb-above-header-display":"","ast-hfb-below-header-display":"","ast-hfb-mobile-header-display":"","site-post-title":"disabled","ast-breadcrumbs-content":"","ast-featured-img":"disabled","footer-sml-layout":"","theme-transparent-header-meta":"","adv-header-id-meta":"","stick-header-meta":"","header-above-stick-meta":"","header-main-stick-meta":"","header-below-stick-meta":"","footnotes":""},"class_list":["post-7769","page","type-page","status-publish","hentry"],"_links":{"self":[{"href":"https:\/\/www.alivitpharm.com\/de\/wp-json\/wp\/v2\/pages\/7769","targetHints":{"allow":["GET"]}}],"collection":[{"href":"https:\/\/www.alivitpharm.com\/de\/wp-json\/wp\/v2\/pages"}],"about":[{"href":"https:\/\/www.alivitpharm.com\/de\/wp-json\/wp\/v2\/types\/page"}],"author":[{"embeddable":true,"href":"https:\/\/www.alivitpharm.com\/de\/wp-json\/wp\/v2\/users\/9"}],"replies":[{"embeddable":true,"href":"https:\/\/www.alivitpharm.com\/de\/wp-json\/wp\/v2\/comments?post=7769"}],"version-history":[{"count":0,"href":"https:\/\/www.alivitpharm.com\/de\/wp-json\/wp\/v2\/pages\/7769\/revisions"}],"wp:attachment":[{"href":"https:\/\/www.alivitpharm.com\/de\/wp-json\/wp\/v2\/media?parent=7769"}],"curies":[{"name":"wp","href":"https:\/\/api.w.org\/{rel}","templated":true}]}}