{"id":8179,"date":"2023-01-30T09:45:44","date_gmt":"2023-01-30T07:45:44","guid":{"rendered":"https:\/\/www.alivitpharm.com\/?page_id=8179"},"modified":"2023-01-30T10:05:46","modified_gmt":"2023-01-30T08:05:46","slug":"dandelion","status":"publish","type":"page","link":"https:\/\/www.alivitpharm.com\/de\/dandelion\/","title":{"rendered":"L\u00f6wenzahn"},"content":{"rendered":"<div data-elementor-type=\"wp-page\" data-elementor-id=\"8179\" class=\"elementor elementor-8179\">\n\t\t\t\t\t\t<section class=\"elementor-section elementor-top-section elementor-element elementor-element-bdd4c77 elementor-section-content-middle elementor-section-boxed elementor-section-height-default elementor-section-height-default\" data-id=\"bdd4c77\" data-element_type=\"section\" data-e-type=\"section\" data-settings=\"{&quot;background_background&quot;:&quot;classic&quot;}\">\n\t\t\t\t\t\t\t<div class=\"elementor-background-overlay\"><\/div>\n\t\t\t\t\t\t\t<div class=\"elementor-container elementor-column-gap-default\">\n\t\t\t\t\t<div class=\"elementor-column elementor-col-100 elementor-top-column elementor-element elementor-element-af3cb4a\" data-id=\"af3cb4a\" data-element_type=\"column\" data-e-type=\"column\">\n\t\t\t<div class=\"elementor-widget-wrap elementor-element-populated\">\n\t\t\t\t\t\t<div class=\"elementor-element elementor-element-c902a7b elementor-widget elementor-widget-heading\" data-id=\"c902a7b\" data-element_type=\"widget\" data-e-type=\"widget\" data-widget_type=\"heading.default\">\n\t\t\t\t<div class=\"elementor-widget-container\">\n\t\t\t\t\t<h1 class=\"elementor-heading-title elementor-size-default\">L\u00f6wenzahn<\/h1>\t\t\t\t<\/div>\n\t\t\t\t<\/div>\n\t\t\t\t<div class=\"elementor-element elementor-element-0fe6aad elementor-widget elementor-widget-image\" data-id=\"0fe6aad\" data-element_type=\"widget\" data-e-type=\"widget\" data-widget_type=\"image.default\">\n\t\t\t\t<div class=\"elementor-widget-container\">\n\t\t\t\t\t\t\t\t\t\t\t\t\t\t\t<img decoding=\"async\" width=\"75\" height=\"33\" src=\"https:\/\/www.alivitpharm.com\/wp-content\/uploads\/2019\/07\/logo-leaf-new.png\" class=\"attachment-large size-large wp-image-2518\" alt=\"\" \/>\t\t\t\t\t\t\t\t\t\t\t\t\t\t\t<\/div>\n\t\t\t\t<\/div>\n\t\t\t\t<div class=\"elementor-element elementor-element-3c3ba9f elementor-widget elementor-widget-text-editor\" data-id=\"3c3ba9f\" data-element_type=\"widget\" data-e-type=\"widget\" data-widget_type=\"text-editor.default\">\n\t\t\t\t<div class=\"elementor-widget-container\">\n\t\t\t\t\t\t\t\t\t<p><em>Taraxacum officinale L. &#8211; Asteraceae<\/em><\/p>\t\t\t\t\t\t\t\t<\/div>\n\t\t\t\t<\/div>\n\t\t\t\t\t<\/div>\n\t\t<\/div>\n\t\t\t\t\t<\/div>\n\t\t<\/section>\n\t\t\t\t<section class=\"elementor-section elementor-top-section elementor-element elementor-element-0a991b1 elementor-section-boxed elementor-section-height-default elementor-section-height-default\" data-id=\"0a991b1\" data-element_type=\"section\" data-e-type=\"section\" data-settings=\"{&quot;background_background&quot;:&quot;classic&quot;}\">\n\t\t\t\t\t\t<div class=\"elementor-container elementor-column-gap-default\">\n\t\t\t\t\t<div class=\"elementor-column elementor-col-100 elementor-top-column elementor-element elementor-element-f160128\" data-id=\"f160128\" data-element_type=\"column\" data-e-type=\"column\">\n\t\t\t<div class=\"elementor-widget-wrap elementor-element-populated\">\n\t\t\t\t\t\t<div class=\"elementor-element elementor-element-b502009 elementor-widget elementor-widget-image\" data-id=\"b502009\" data-element_type=\"widget\" data-e-type=\"widget\" data-widget_type=\"image.default\">\n\t\t\t\t<div class=\"elementor-widget-container\">\n\t\t\t\t\t\t\t\t\t\t\t\t\t\t\t<img decoding=\"async\" src=\"https:\/\/www.alivitpharm.com\/wp-content\/uploads\/2023\/01\/dandelion.webp\" title=\"dandelion\" alt=\"L\u00f6wenzahn\" loading=\"lazy\" \/>\t\t\t\t\t\t\t\t\t\t\t\t\t\t\t<\/div>\n\t\t\t\t<\/div>\n\t\t\t\t<div class=\"elementor-element elementor-element-075e468 elementor-widget elementor-widget-text-editor\" data-id=\"075e468\" data-element_type=\"widget\" data-e-type=\"widget\" data-widget_type=\"text-editor.default\">\n\t\t\t\t<div class=\"elementor-widget-container\">\n\t\t\t\t\t\t\t\t\t<p><span class=\"jCAhz ChMk0b\"><span class=\"ryNqvb\"><strong>L\u00f6wenzahn<\/strong> ist eine mehrj\u00e4hrige, krautige, milchige Pflanze.<\/span><\/span> <span class=\"jCAhz ChMk0b\"><span class=\"ryNqvb\">Das Aussehen der Pflanze ist je nach Standort und Umweltbedingungen unterschiedlich.<\/span><\/span> <span class=\"jCAhz ChMk0b\"><span class=\"ryNqvb\">Er ist in ganz Europa und Asien verbreitet, gedeiht sogar im Hochgebirge und wird durch Samen vermehrt.<\/span><\/span><\/p><p><span class=\"jCAhz ChMk0b\"><span class=\"ryNqvb\">Die Wurzel ist spindelf\u00f6rmig und verdickt und kann bis zu 140cm lang werden; mit Hilfe der Wurzeln ern\u00e4hrt sie sich von N\u00e4hrstoffen aus dem Boden.<\/span><\/span> <span class=\"jCAhz ChMk0b\"><span class=\"ryNqvb\">Die Bl\u00e4tter sind zusammengesetzt, lanzettlich oder linealisch, sie k\u00f6nnen ganz oder gez\u00e4hnt sein.<\/span><\/span> <span class=\"jCAhz ChMk0b\"><span class=\"ryNqvb\">Der St\u00e4ngel ist aufrecht, rund, hohl und blattlos und tr\u00e4gt einen Bl\u00fctenkopf.<\/span><\/span> <span class=\"jCAhz ChMk0b\"><span class=\"ryNqvb\">Die Bl\u00fcten sind in einem Kopf gesammelt und goldgelb gef\u00e4rbt.<\/span><\/span> <span class=\"jCAhz ChMk0b\"><span class=\"ryNqvb\">Bl\u00fcht im Fr\u00fchjahr.<\/span><\/span> <span class=\"jCAhz ChMk0b\"><span class=\"ryNqvb\">Nach der Bl\u00fcte verwandelt sich die Bl\u00fcte in Kugeln.<\/span><\/span><\/p><p><span class=\"jCAhz ChMk0b\"><span class=\"ryNqvb\">L\u00f6wenzahn wird seit dem Altertum als Heilpflanze verwendet.<\/span><\/span> <span class=\"jCAhz ChMk0b\"><span class=\"ryNqvb\">Medizinische Teile der Pflanze sind: Bl\u00e4tter, Wurzel, Bl\u00fcten und St\u00e4ngel.<\/span><\/span><\/p>\t\t\t\t\t\t\t\t<\/div>\n\t\t\t\t<\/div>\n\t\t\t\t<div class=\"elementor-element elementor-element-efce98b elementor-widget elementor-widget-image\" data-id=\"efce98b\" data-element_type=\"widget\" data-e-type=\"widget\" data-widget_type=\"image.default\">\n\t\t\t\t<div class=\"elementor-widget-container\">\n\t\t\t\t\t\t\t\t\t\t\t\t\t\t\t<img decoding=\"async\" src=\"https:\/\/www.alivitpharm.com\/wp-content\/uploads\/2022\/09\/leaves.png\" title=\"leaves\" alt=\"Leaves\" loading=\"lazy\" \/>\t\t\t\t\t\t\t\t\t\t\t\t\t\t\t<\/div>\n\t\t\t\t<\/div>\n\t\t\t\t<div class=\"elementor-element elementor-element-1a449be elementor-widget elementor-widget-text-editor\" data-id=\"1a449be\" data-element_type=\"widget\" data-e-type=\"widget\" data-widget_type=\"text-editor.default\">\n\t\t\t\t<div class=\"elementor-widget-container\">\n\t\t\t\t\t\t\t\t\t<p><span class=\"jCAhz ChMk0b\"><span class=\"ryNqvb\">L\u00f6wenzahnbl\u00e4tter sind reich an Vitamin C, Eisen, Vitamin A, Carotinoiden, Proteinen, Fetten und Kohlenhydraten und werden meist in Form von Tee verwendet, um \u00fcbersch\u00fcssige Fl\u00fcssigkeit aus dem K\u00f6rper zu treiben (harntreibende Wirkung).<\/span><\/span> <span class=\"jCAhz ChMk0b\"><span class=\"ryNqvb\">In unserem Produkt <strong>Black Garlic Hepato Care<\/strong> haben wir zur Herstellung des Extrakts die L\u00f6wenzahnwurzel verwendet, die ebenfalls ein hohes bioaktives Potenzial aufweist.<\/span><\/span> <span class=\"jCAhz ChMk0b\"><span class=\"ryNqvb\">Die Wurzel wird im zeitigen Fr\u00fchjahr oder im Herbst extrahiert (einigen Empfehlungen zufolge ist der Herbst besser, weil sie dann viel mehr Inulin enth\u00e4lt als im Fr\u00fchjahr).<\/span><\/span> <span class=\"jCAhz ChMk0b\"><span class=\"ryNqvb\">Die Wurzel gilt als der arzneilichste Teil des L\u00f6wenzahns und ist sehr reich an Kalium. Neben Kalium enth\u00e4lt sie auch Bitterstoffe, Triterpene, Flavonglykoside, Inulin, Phytosterine, Vitamin A und Carotinoide.<\/span><\/span><\/p><p><span class=\"jCAhz ChMk0b\"><span class=\"ryNqvb\">Als Bitterstoff wird er verwendet, um den Appetit und die Gallensekretion anzuregen.<\/span><\/span> <span class=\"jCAhz ChMk0b\"><span class=\"ryNqvb\">Auch bei der Behandlung zahlreicher Magen-Darm-Erkrankungen, wie Sodbrennen und Dyspepsie, hat er einen wichtigen Platz.<\/span><\/span><\/p><p><span class=\"jCAhz ChMk0b\"><span class=\"ryNqvb\">L\u00f6wenzahn hat auch eine ausgepr\u00e4gte harntreibende Wirkung, d. h. er regt die Ausscheidung von Urin an, und er wird auch als Abf\u00fchrmittel verwendet, das die Entleerung des Darms erleichtert.<\/span><\/span> <span class=\"jCAhz ChMk0b\"><span class=\"ryNqvb\">Der L\u00f6wenzahn hat ein ausgepr\u00e4gtes antioxidatives, entz\u00fcndungshemmendes, krebshemmendes und hepatoprotektives Potenzial (es wird empfohlen, ihn bei gesch\u00e4digtem Lebergewebe zu verwenden, das durch Alkohol und Drogen gesch\u00e4digt wurde), und aufgrund des hohen Inulingehalts gilt er als sehr gutes Pr\u00e4biotikum.<\/span><\/span> <span class=\"jCAhz ChMk0b\"><span class=\"ryNqvb\">Er kann auch bei Entz\u00fcndungen der Gallenblase, Gallensteinen und Verdauungsst\u00f6rungen empfohlen werden und hat sich auch als Hilfsmittel bei der Behandlung von Virushepatitis bew\u00e4hrt.<\/span><\/span> <span class=\"jCAhz ChMk0b\"><span class=\"ryNqvb\">L\u00f6wenzahn kann auch von Diabetikern verwendet werden, da er ein ausgepr\u00e4gtes hypoglyk\u00e4misches Potenzial besitzt.<\/span><\/span> <span class=\"jCAhz ChMk0b\"><span class=\"ryNqvb\">Er wirkt sich nicht nur auf den Blutzuckerspiegel aus, sondern senkt auch den Gesamtcholesterinspiegel und die Triglyceride, so dass seine Verwendung auch f\u00fcr \u00fcbergewichtige Personen zur Behandlung von Fettleibigkeit empfohlen wird.<\/span><\/span><\/p><p>Es ist sehr wichtig zu beachten, dass Menschen, die zu Allergien neigen, L\u00f6wenzahn und Zubereitungen auf L\u00f6wenzahnbasis mit Vorsicht einnehmen sollten.<\/p>\t\t\t\t\t\t\t\t<\/div>\n\t\t\t\t<\/div>\n\t\t\t\t<div class=\"elementor-element elementor-element-33403b8 elementor-widget elementor-widget-heading\" data-id=\"33403b8\" data-element_type=\"widget\" data-e-type=\"widget\" data-widget_type=\"heading.default\">\n\t\t\t\t<div class=\"elementor-widget-container\">\n\t\t\t\t\t<h4 class=\"elementor-heading-title elementor-size-default\">Referenzen<\/h4>\t\t\t\t<\/div>\n\t\t\t\t<\/div>\n\t\t\t\t<div class=\"elementor-element elementor-element-e9a6798 elementor-widget elementor-widget-text-editor\" data-id=\"e9a6798\" data-element_type=\"widget\" data-e-type=\"widget\" data-widget_type=\"text-editor.default\">\n\t\t\t\t<div class=\"elementor-widget-container\">\n\t\t\t\t\t\t\t\t\t<ul><li><a class=\"reference-link\" href=\"https:\/\/pubmed.ncbi.nlm.nih.gov\/16950583\/\" target=\"_blank\" rel=\"noopener\">Taraxacum &#8211; a review on its phytochemical and pharmacological profile<\/a><\/li><li><a class=\"reference-link\" href=\"https:\/\/pubmed.ncbi.nlm.nih.gov\/35405251\/\" target=\"_blank\" rel=\"noopener\">The potential of dandelion in the fight against gastrointestinal diseases: A review<\/a><\/li><li><a class=\"reference-link\" href=\"https:\/\/pubmed.ncbi.nlm.nih.gov\/28012278\/\" target=\"_blank\" rel=\"noopener\">The Physiological Effects of Dandelion (Taraxacum Officinale) in Type 2 Diabetes<\/a><\/li><li><a class=\"reference-link\" href=\"https:\/\/pubmed.ncbi.nlm.nih.gov\/33498684\/\" target=\"_blank\" rel=\"noopener\">Plants of the Spontaneous Flora with Beneficial Action in the Management of Diabetes, Hepatic Disorders, and Cardiovascular Disease<\/a><\/li><\/ul>\t\t\t\t\t\t\t\t<\/div>\n\t\t\t\t<\/div>\n\t\t\t\t\t<\/div>\n\t\t<\/div>\n\t\t\t\t\t<\/div>\n\t\t<\/section>\n\t\t\t\t<\/div>","protected":false},"excerpt":{"rendered":"<p>Dandelion Taraxacum officinale L. &#8211; Asteraceae Dandelion is a perennial herbaceous, milky plant. The appearance of the plant is different depending on the habitat and environmental conditions. It is widespread throughout Europe and Asia, thrives even on high mountains, and is propagated by seeds. The root is spindly and thickened and can be up to &hellip;<\/p>\n<p class=\"read-more\"> <a class=\"\" href=\"https:\/\/www.alivitpharm.com\/de\/dandelion\/\"> <span class=\"screen-reader-text\">L\u00f6wenzahn<\/span> Weiterlesen &raquo;<\/a><\/p>","protected":false},"author":9,"featured_media":0,"parent":0,"menu_order":0,"comment_status":"closed","ping_status":"closed","template":"","meta":{"site-sidebar-layout":"no-sidebar","site-content-layout":"page-builder","ast-global-header-display":"","ast-main-header-display":"","ast-hfb-above-header-display":"","ast-hfb-below-header-display":"","ast-hfb-mobile-header-display":"","site-post-title":"disabled","ast-breadcrumbs-content":"","ast-featured-img":"disabled","footer-sml-layout":"","theme-transparent-header-meta":"","adv-header-id-meta":"","stick-header-meta":"","header-above-stick-meta":"","header-main-stick-meta":"","header-below-stick-meta":"","footnotes":""},"class_list":["post-8179","page","type-page","status-publish","hentry"],"_links":{"self":[{"href":"https:\/\/www.alivitpharm.com\/de\/wp-json\/wp\/v2\/pages\/8179","targetHints":{"allow":["GET"]}}],"collection":[{"href":"https:\/\/www.alivitpharm.com\/de\/wp-json\/wp\/v2\/pages"}],"about":[{"href":"https:\/\/www.alivitpharm.com\/de\/wp-json\/wp\/v2\/types\/page"}],"author":[{"embeddable":true,"href":"https:\/\/www.alivitpharm.com\/de\/wp-json\/wp\/v2\/users\/9"}],"replies":[{"embeddable":true,"href":"https:\/\/www.alivitpharm.com\/de\/wp-json\/wp\/v2\/comments?post=8179"}],"version-history":[{"count":0,"href":"https:\/\/www.alivitpharm.com\/de\/wp-json\/wp\/v2\/pages\/8179\/revisions"}],"wp:attachment":[{"href":"https:\/\/www.alivitpharm.com\/de\/wp-json\/wp\/v2\/media?parent=8179"}],"curies":[{"name":"wp","href":"https:\/\/api.w.org\/{rel}","templated":true}]}}