{"id":8231,"date":"2023-01-30T13:00:38","date_gmt":"2023-01-30T11:00:38","guid":{"rendered":"https:\/\/www.alivitpharm.com\/?page_id=8231"},"modified":"2023-01-31T10:12:20","modified_gmt":"2023-01-31T08:12:20","slug":"immortelle","status":"publish","type":"page","link":"https:\/\/www.alivitpharm.com\/de\/immortelle\/","title":{"rendered":"Strohblume"},"content":{"rendered":"<div data-elementor-type=\"wp-page\" data-elementor-id=\"8231\" class=\"elementor elementor-8231\">\n\t\t\t\t\t\t<section class=\"elementor-section elementor-top-section elementor-element elementor-element-d9dd501 elementor-section-content-middle elementor-section-boxed elementor-section-height-default elementor-section-height-default\" data-id=\"d9dd501\" data-element_type=\"section\" data-e-type=\"section\" data-settings=\"{&quot;background_background&quot;:&quot;classic&quot;}\">\n\t\t\t\t\t\t\t<div class=\"elementor-background-overlay\"><\/div>\n\t\t\t\t\t\t\t<div class=\"elementor-container elementor-column-gap-default\">\n\t\t\t\t\t<div class=\"elementor-column elementor-col-100 elementor-top-column elementor-element elementor-element-5482e0b\" data-id=\"5482e0b\" data-element_type=\"column\" data-e-type=\"column\">\n\t\t\t<div class=\"elementor-widget-wrap elementor-element-populated\">\n\t\t\t\t\t\t<div class=\"elementor-element elementor-element-95c4263 elementor-widget elementor-widget-heading\" data-id=\"95c4263\" data-element_type=\"widget\" data-e-type=\"widget\" data-widget_type=\"heading.default\">\n\t\t\t\t<div class=\"elementor-widget-container\">\n\t\t\t\t\t<h1 class=\"elementor-heading-title elementor-size-default\">Strohblume<\/h1>\t\t\t\t<\/div>\n\t\t\t\t<\/div>\n\t\t\t\t<div class=\"elementor-element elementor-element-6f89795 elementor-widget elementor-widget-image\" data-id=\"6f89795\" data-element_type=\"widget\" data-e-type=\"widget\" data-widget_type=\"image.default\">\n\t\t\t\t<div class=\"elementor-widget-container\">\n\t\t\t\t\t\t\t\t\t\t\t\t\t\t\t<img decoding=\"async\" width=\"75\" height=\"33\" src=\"https:\/\/www.alivitpharm.com\/wp-content\/uploads\/2019\/07\/logo-leaf-new.png\" class=\"attachment-large size-large wp-image-2518\" alt=\"\" \/>\t\t\t\t\t\t\t\t\t\t\t\t\t\t\t<\/div>\n\t\t\t\t<\/div>\n\t\t\t\t<div class=\"elementor-element elementor-element-c012567 elementor-widget elementor-widget-text-editor\" data-id=\"c012567\" data-element_type=\"widget\" data-e-type=\"widget\" data-widget_type=\"text-editor.default\">\n\t\t\t\t<div class=\"elementor-widget-container\">\n\t\t\t\t\t\t\t\t\t<p><em>Helichrysum italicum L. &#8211; Asteraceae<\/em><\/p>\t\t\t\t\t\t\t\t<\/div>\n\t\t\t\t<\/div>\n\t\t\t\t\t<\/div>\n\t\t<\/div>\n\t\t\t\t\t<\/div>\n\t\t<\/section>\n\t\t\t\t<section class=\"elementor-section elementor-top-section elementor-element elementor-element-0c04425 elementor-section-boxed elementor-section-height-default elementor-section-height-default\" data-id=\"0c04425\" data-element_type=\"section\" data-e-type=\"section\" data-settings=\"{&quot;background_background&quot;:&quot;classic&quot;}\">\n\t\t\t\t\t\t<div class=\"elementor-container elementor-column-gap-default\">\n\t\t\t\t\t<div class=\"elementor-column elementor-col-100 elementor-top-column elementor-element elementor-element-768ad82\" data-id=\"768ad82\" data-element_type=\"column\" data-e-type=\"column\">\n\t\t\t<div class=\"elementor-widget-wrap elementor-element-populated\">\n\t\t\t\t\t\t<div class=\"elementor-element elementor-element-0468bcf elementor-widget elementor-widget-image\" data-id=\"0468bcf\" data-element_type=\"widget\" data-e-type=\"widget\" data-widget_type=\"image.default\">\n\t\t\t\t<div class=\"elementor-widget-container\">\n\t\t\t\t\t\t\t\t\t\t\t\t\t\t\t<img decoding=\"async\" src=\"https:\/\/www.alivitpharm.com\/wp-content\/uploads\/2023\/01\/immortelle.jpg\" title=\"immortelle\" alt=\"Strohblume\" loading=\"lazy\" \/>\t\t\t\t\t\t\t\t\t\t\t\t\t\t\t<\/div>\n\t\t\t\t<\/div>\n\t\t\t\t<div class=\"elementor-element elementor-element-cafced7 elementor-widget elementor-widget-text-editor\" data-id=\"cafced7\" data-element_type=\"widget\" data-e-type=\"widget\" data-widget_type=\"text-editor.default\">\n\t\t\t\t<div class=\"elementor-widget-container\">\n\t\t\t\t\t\t\t\t\t<p><span class=\"jCAhz ChMk0b\"><span class=\"ryNqvb\"><strong>Strohblume<\/strong> ist eine mehrj\u00e4hrige, krautige Pflanze, die typisch f\u00fcr den Mittelmeerraum ist.<\/span><\/span> <span class=\"jCAhz ChMk0b\"><span class=\"ryNqvb\">Sie ist ein Halbstrauch, dessen St\u00e4ngel verzweigt ist und bis zu 60cm hoch wird.<\/span><\/span> <span class=\"jCAhz ChMk0b\"><span class=\"ryNqvb\">Die Bl\u00e4tter sind stiellos, l\u00e4nglich und schmal, hellgr\u00fcn.<\/span><\/span> <span class=\"jCAhz ChMk0b\"><span class=\"ryNqvb\">Die Bl\u00fcten sind zweigeschlechtlich, gelb und stehen in Bl\u00fctenk\u00f6pfen, die sich in einem schildf\u00f6rmigen Bl\u00fctenstand an der Spitze des St\u00e4ngels befinden.<\/span><\/span> <span class=\"jCAhz ChMk0b\"><span class=\"ryNqvb\">Die Frucht ist eine kleine Achialfrucht.<\/span><\/span><\/p><p><span class=\"jCAhz ChMk0b\"><span class=\"ryNqvb\">Die Immortelle w\u00e4chst wild in S\u00fcdeuropa, im nordwestlichen Afrika und in Kleinasien auf trockenen, felsigen oder sandigen B\u00f6den.<\/span><\/span> <span class=\"jCAhz ChMk0b\"><span class=\"ryNqvb\">Bei uns w\u00e4chst die Strohblume wild in den K\u00fcstenregionen, aber heute ist es viel \u00fcblicher, bestimmte Arten von Strohblumen anzubauen.<\/span><\/span><\/p>\t\t\t\t\t\t\t\t<\/div>\n\t\t\t\t<\/div>\n\t\t\t\t<div class=\"elementor-element elementor-element-4b86bd0 elementor-widget elementor-widget-image\" data-id=\"4b86bd0\" data-element_type=\"widget\" data-e-type=\"widget\" data-widget_type=\"image.default\">\n\t\t\t\t<div class=\"elementor-widget-container\">\n\t\t\t\t\t\t\t\t\t\t\t\t\t\t\t<img decoding=\"async\" src=\"https:\/\/www.alivitpharm.com\/wp-content\/uploads\/2022\/09\/leaves.png\" title=\"leaves\" alt=\"Leaves\" loading=\"lazy\" \/>\t\t\t\t\t\t\t\t\t\t\t\t\t\t\t<\/div>\n\t\t\t\t<\/div>\n\t\t\t\t<div class=\"elementor-element elementor-element-1065092 elementor-widget elementor-widget-text-editor\" data-id=\"1065092\" data-element_type=\"widget\" data-e-type=\"widget\" data-widget_type=\"text-editor.default\">\n\t\t\t\t<div class=\"elementor-widget-container\">\n\t\t\t\t\t\t\t\t\t<p>Die Art <em>Heliccrysum italicum<\/em> ist in keinem Arzneibuch als Heilpflanze aufgef\u00fchrt, wird aber in der traditionellen Medizin vieler L\u00e4nder (Italien, Spanien, Portugal, Bosnien und Herzegowina) h\u00e4ufig verwendet.<\/p><p><span class=\"jCAhz ChMk0b\"><span class=\"ryNqvb\">Die aktiven Bestandteile der Strohblume sind: Acetophenone, Flavonoide und Pholoroglucinol-Derivate.<\/span><\/span> <span class=\"jCAhz ChMk0b\"><span class=\"ryNqvb\">Besonders hervorzuheben sind Acetophenon, 4-Hydroxy-3-(3-methyl-2-butenyl)-acetophenon und 4-Hydroxy-3-(2-hydroxy-3-isopentenyl)-acetophenon, Tilirosid, Gnaphalin, Apigenin und Luteolin<\/span><\/span> <span class=\"jCAhz ChMk0b\"><span class=\"ryNqvb\">sowie das prenylierte alpha-Pyron-Pholorglucinol-Heterodimer Arsanol, das vielf\u00e4ltige und wichtige Eigenschaften aufweist.<\/span><\/span><\/p><p><span class=\"jCAhz ChMk0b\"><span class=\"ryNqvb\">Bl\u00fcten und Bl\u00e4tter der Strohblume werden als medizinische Bestandteile der Pflanze verwendet, und sie wird am h\u00e4ufigsten zur Behandlung von Hautkrankheiten eingesetzt. <\/span><\/span><span class=\"jCAhz ChMk0b\"><span class=\"ryNqvb\">In der Literatur wird die traditionelle Verwendung der Strohblume bei Erkrankungen der Atemwege und des Verdauungstrakts sowie bei verschiedenen entz\u00fcndlichen Hautkrankheiten erw\u00e4hnt.<\/span><\/span> <span class=\"jCAhz ChMk0b\"><span class=\"ryNqvb\">Weitere therapeutische Anwendungen sind antimikrobielle und schmerzstillende Wirkungen (Zahn-, Kopf- und Magenschmerzen), die Beschleunigung der Wundheilung und Erkrankungen der Gallenwege. <\/span><\/span><span class=\"jCAhz ChMk0b\"><span class=\"ryNqvb\">Die Strohblume wird h\u00e4ufig als Hilfsmittel bei Leber- und Gallenblasenproblemen, Entz\u00fcndungen und Infektionen (antimikrobielle Wirkung) eingesetzt.<\/span><\/span> <span class=\"jCAhz ChMk0b\"><span class=\"ryNqvb\">Sie wird bei Schlaflosigkeit, Alopezie und Helminthenbefall eingesetzt.<\/span><\/span> <span class=\"jCAhz ChMk0b\"><span class=\"ryNqvb\">Neben der entz\u00fcndungshemmenden und antimikrobiellen Wirkung besitzt die Strohblume auch eine antioxidative Wirkung, neutralisiert freie Radikale und sch\u00fctzt vor oxidativem Stress.<\/span><\/span><\/p>\t\t\t\t\t\t\t\t<\/div>\n\t\t\t\t<\/div>\n\t\t\t\t<div class=\"elementor-element elementor-element-9aa9dd8 elementor-widget elementor-widget-heading\" data-id=\"9aa9dd8\" data-element_type=\"widget\" data-e-type=\"widget\" data-widget_type=\"heading.default\">\n\t\t\t\t<div class=\"elementor-widget-container\">\n\t\t\t\t\t<h4 class=\"elementor-heading-title elementor-size-default\">Referenzen<\/h4>\t\t\t\t<\/div>\n\t\t\t\t<\/div>\n\t\t\t\t<div class=\"elementor-element elementor-element-7f8c8fe elementor-widget elementor-widget-text-editor\" data-id=\"7f8c8fe\" data-element_type=\"widget\" data-e-type=\"widget\" data-widget_type=\"text-editor.default\">\n\t\t\t\t<div class=\"elementor-widget-container\">\n\t\t\t\t\t\t\t\t\t<ul><li><a class=\"reference-link\" href=\"https:\/\/pubmed.ncbi.nlm.nih.gov\/24239849\/\" target=\"_blank\" rel=\"noopener\">Helichrysum italicum: from traditional use to scientific data<\/a><\/li><li><a class=\"reference-link\" href=\"https:\/\/pubmed.ncbi.nlm.nih.gov\/24140587\/\" target=\"_blank\" rel=\"noopener\">Intestinal antispasmodic effects of Helichrysum italicum (Roth) Don ssp. italicum and chemical identification of the active ingredients<\/a><\/li><\/ul>\t\t\t\t\t\t\t\t<\/div>\n\t\t\t\t<\/div>\n\t\t\t\t\t<\/div>\n\t\t<\/div>\n\t\t\t\t\t<\/div>\n\t\t<\/section>\n\t\t\t\t<\/div>","protected":false},"excerpt":{"rendered":"<p>Immortelle Helichrysum italicum L. &#8211; Asteraceae Immortelle is a perennial, herbaceous plant, characteristic of the Mediterranean area. It is a semi-shrub whose stem is branched, up to 60 cm high. The leaves are sessile, oblong and narrow, light green. The flowers are bisexual, yellow, collected in flower heads, and those heads are collected in a &hellip;<\/p>\n<p class=\"read-more\"> <a class=\"\" href=\"https:\/\/www.alivitpharm.com\/de\/immortelle\/\"> <span class=\"screen-reader-text\">Strohblume<\/span> Weiterlesen &raquo;<\/a><\/p>","protected":false},"author":9,"featured_media":0,"parent":0,"menu_order":0,"comment_status":"closed","ping_status":"closed","template":"","meta":{"site-sidebar-layout":"no-sidebar","site-content-layout":"page-builder","ast-global-header-display":"","ast-main-header-display":"","ast-hfb-above-header-display":"","ast-hfb-below-header-display":"","ast-hfb-mobile-header-display":"","site-post-title":"disabled","ast-breadcrumbs-content":"","ast-featured-img":"disabled","footer-sml-layout":"","theme-transparent-header-meta":"","adv-header-id-meta":"","stick-header-meta":"","header-above-stick-meta":"","header-main-stick-meta":"","header-below-stick-meta":"","footnotes":""},"class_list":["post-8231","page","type-page","status-publish","hentry"],"_links":{"self":[{"href":"https:\/\/www.alivitpharm.com\/de\/wp-json\/wp\/v2\/pages\/8231","targetHints":{"allow":["GET"]}}],"collection":[{"href":"https:\/\/www.alivitpharm.com\/de\/wp-json\/wp\/v2\/pages"}],"about":[{"href":"https:\/\/www.alivitpharm.com\/de\/wp-json\/wp\/v2\/types\/page"}],"author":[{"embeddable":true,"href":"https:\/\/www.alivitpharm.com\/de\/wp-json\/wp\/v2\/users\/9"}],"replies":[{"embeddable":true,"href":"https:\/\/www.alivitpharm.com\/de\/wp-json\/wp\/v2\/comments?post=8231"}],"version-history":[{"count":0,"href":"https:\/\/www.alivitpharm.com\/de\/wp-json\/wp\/v2\/pages\/8231\/revisions"}],"wp:attachment":[{"href":"https:\/\/www.alivitpharm.com\/de\/wp-json\/wp\/v2\/media?parent=8231"}],"curies":[{"name":"wp","href":"https:\/\/api.w.org\/{rel}","templated":true}]}}