{"id":8491,"date":"2023-02-20T12:43:31","date_gmt":"2023-02-20T10:43:31","guid":{"rendered":"https:\/\/www.alivitpharm.com\/?page_id=8491"},"modified":"2023-05-18T08:44:01","modified_gmt":"2023-05-18T06:44:01","slug":"green-tea","status":"publish","type":"page","link":"https:\/\/www.alivitpharm.com\/de\/green-tea\/","title":{"rendered":"Gr\u00fcner Tee"},"content":{"rendered":"<div data-elementor-type=\"wp-page\" data-elementor-id=\"8491\" class=\"elementor elementor-8491\">\n\t\t\t\t\t\t<section class=\"elementor-section elementor-top-section elementor-element elementor-element-0fae71d elementor-section-content-middle elementor-section-boxed elementor-section-height-default elementor-section-height-default\" data-id=\"0fae71d\" data-element_type=\"section\" data-e-type=\"section\" data-settings=\"{&quot;background_background&quot;:&quot;classic&quot;}\">\n\t\t\t\t\t\t\t<div class=\"elementor-background-overlay\"><\/div>\n\t\t\t\t\t\t\t<div class=\"elementor-container elementor-column-gap-default\">\n\t\t\t\t\t<div class=\"elementor-column elementor-col-100 elementor-top-column elementor-element elementor-element-00a75b2\" data-id=\"00a75b2\" data-element_type=\"column\" data-e-type=\"column\">\n\t\t\t<div class=\"elementor-widget-wrap elementor-element-populated\">\n\t\t\t\t\t\t<div class=\"elementor-element elementor-element-4ee1808 elementor-widget elementor-widget-heading\" data-id=\"4ee1808\" data-element_type=\"widget\" data-e-type=\"widget\" data-widget_type=\"heading.default\">\n\t\t\t\t<div class=\"elementor-widget-container\">\n\t\t\t\t\t<h1 class=\"elementor-heading-title elementor-size-default\">Gr\u00fcner Tee<\/h1>\t\t\t\t<\/div>\n\t\t\t\t<\/div>\n\t\t\t\t<div class=\"elementor-element elementor-element-79518a6 elementor-widget elementor-widget-image\" data-id=\"79518a6\" data-element_type=\"widget\" data-e-type=\"widget\" data-widget_type=\"image.default\">\n\t\t\t\t<div class=\"elementor-widget-container\">\n\t\t\t\t\t\t\t\t\t\t\t\t\t\t\t<img decoding=\"async\" width=\"75\" height=\"33\" src=\"https:\/\/www.alivitpharm.com\/wp-content\/uploads\/2019\/07\/logo-leaf-new.png\" class=\"attachment-large size-large wp-image-2518\" alt=\"\" \/>\t\t\t\t\t\t\t\t\t\t\t\t\t\t\t<\/div>\n\t\t\t\t<\/div>\n\t\t\t\t<div class=\"elementor-element elementor-element-f17cb18 elementor-widget elementor-widget-text-editor\" data-id=\"f17cb18\" data-element_type=\"widget\" data-e-type=\"widget\" data-widget_type=\"text-editor.default\">\n\t\t\t\t<div class=\"elementor-widget-container\">\n\t\t\t\t\t\t\t\t\t<p><em>Thea sinensis, L. &#8211; Theaceae<\/em><\/p>\t\t\t\t\t\t\t\t<\/div>\n\t\t\t\t<\/div>\n\t\t\t\t\t<\/div>\n\t\t<\/div>\n\t\t\t\t\t<\/div>\n\t\t<\/section>\n\t\t\t\t<section class=\"elementor-section elementor-top-section elementor-element elementor-element-c5c076a elementor-section-boxed elementor-section-height-default elementor-section-height-default\" data-id=\"c5c076a\" data-element_type=\"section\" data-e-type=\"section\" data-settings=\"{&quot;background_background&quot;:&quot;classic&quot;}\">\n\t\t\t\t\t\t<div class=\"elementor-container elementor-column-gap-default\">\n\t\t\t\t\t<div class=\"elementor-column elementor-col-100 elementor-top-column elementor-element elementor-element-dff8061\" data-id=\"dff8061\" data-element_type=\"column\" data-e-type=\"column\">\n\t\t\t<div class=\"elementor-widget-wrap elementor-element-populated\">\n\t\t\t\t\t\t<div class=\"elementor-element elementor-element-fb0c07c elementor-widget elementor-widget-image\" data-id=\"fb0c07c\" data-element_type=\"widget\" data-e-type=\"widget\" data-widget_type=\"image.default\">\n\t\t\t\t<div class=\"elementor-widget-container\">\n\t\t\t\t\t\t\t\t\t\t\t\t\t\t\t<img decoding=\"async\" src=\"https:\/\/www.alivitpharm.com\/wp-content\/uploads\/2023\/02\/green-tea.png\" title=\"green-tea\" alt=\"Gr\u00fcner Tee\" loading=\"lazy\" \/>\t\t\t\t\t\t\t\t\t\t\t\t\t\t\t<\/div>\n\t\t\t\t<\/div>\n\t\t\t\t<div class=\"elementor-element elementor-element-1e85b87 elementor-widget elementor-widget-text-editor\" data-id=\"1e85b87\" data-element_type=\"widget\" data-e-type=\"widget\" data-widget_type=\"text-editor.default\">\n\t\t\t\t<div class=\"elementor-widget-container\">\n\t\t\t\t\t\t\t\t\t<p><span class=\"jCAhz ChMk0b\"><span class=\"ryNqvb\">Die Pflanze ist ein hoher Strauch, die Bl\u00e4tter sind ledrig, elliptisch und gegenst\u00e4ndig angeordnet.<\/span><\/span> <span class=\"jCAhz ChMk0b\"><span class=\"ryNqvb\">In den Blattachseln befinden sich mehrere wei\u00dfe Bl\u00fcten.<\/span><\/span> <span class=\"jCAhz ChMk0b\"><span class=\"ryNqvb\">Die Frucht ist eine Kapsel mit drei Samen.<\/span><\/span> <span class=\"jCAhz ChMk0b\"><span class=\"ryNqvb\">Gr\u00fcner Tee w\u00e4chst in den h\u00fcgeligen, feuchten Regionen Chinas. Heute wird die Pflanze in den tropischen und subtropischen Regionen Asiens, Europas und Afrikas angebaut.<\/span><\/span> <span class=\"jCAhz ChMk0b\"><span class=\"ryNqvb\">Der medizinische Teil der Pflanze sind die getrockneten Bl\u00e4tter.<\/span><\/span><\/p><p><span class=\"jCAhz ChMk0b\"><span class=\"ryNqvb\">Die Bl\u00e4tter des gr\u00fcnen Tees enthalten 2-4% Koffein und eine geringere Menge anderer Purinderivate.<\/span><\/span> <span class=\"jCAhz ChMk0b\"><span class=\"ryNqvb\">Neben Koffein enth\u00e4lt die Pflanze verschiedene polyphenolische Inhaltsstoffe, Phenolcarbons\u00e4uren (Hydrogen-, Koffein- und Galluss\u00e4ure), Gallotannine und neben den genannten Inhaltsstoffen auch Flavonoidderivate (O- und C-Heteroside der Flavonole) und flavonartige Verbindungen (Catechin-Tannine<\/span><\/span> <span class=\"jCAhz ChMk0b\"><span class=\"ryNqvb\">, Procyanidine, Epicatechingallat).<\/span><\/span> <span class=\"jCAhz ChMk0b\"><span class=\"ryNqvb\">Die Bl\u00e4tter dieser Pflanze enthalten auch Heteroside von aromatischen und aliphatischen Terpenalkoholen, die zu dem erkennbaren Aroma beitragen.<\/span><\/span> <span class=\"jCAhz ChMk0b\"><span class=\"ryNqvb\">Das ungetrocknete Blatt enth\u00e4lt au\u00dferdem einen hohen Anteil an Eiwei\u00df, Zucker, Vitamin C und Vitaminen des B-Komplexes.<\/span><\/span><\/p>\t\t\t\t\t\t\t\t<\/div>\n\t\t\t\t<\/div>\n\t\t\t\t<div class=\"elementor-element elementor-element-bcbc36b elementor-widget elementor-widget-image\" data-id=\"bcbc36b\" data-element_type=\"widget\" data-e-type=\"widget\" data-widget_type=\"image.default\">\n\t\t\t\t<div class=\"elementor-widget-container\">\n\t\t\t\t\t\t\t\t\t\t\t\t\t\t\t<img decoding=\"async\" src=\"https:\/\/www.alivitpharm.com\/wp-content\/uploads\/2022\/09\/leaves.png\" title=\"leaves\" alt=\"Leaves\" loading=\"lazy\" \/>\t\t\t\t\t\t\t\t\t\t\t\t\t\t\t<\/div>\n\t\t\t\t<\/div>\n\t\t\t\t<div class=\"elementor-element elementor-element-89fff45 elementor-widget elementor-widget-text-editor\" data-id=\"89fff45\" data-element_type=\"widget\" data-e-type=\"widget\" data-widget_type=\"text-editor.default\">\n\t\t\t\t<div class=\"elementor-widget-container\">\n\t\t\t\t\t\t\t\t\t<p><span class=\"jCAhz ChMk0b\"><span class=\"ryNqvb\">Die Verwendung von gr\u00fcnem Tee als Getr\u00e4nk ist im t\u00e4glichen Leben sehr verbreitet.<\/span><\/span> <span class=\"jCAhz ChMk0b\"><span class=\"ryNqvb\">Zahlreiche Studien haben bewiesen, dass gr\u00fcner Tee eine positive Wirkung auf die Koronardurchblutung hat (angioprotektive Wirkung).<\/span><\/span> <span class=\"jCAhz ChMk0b\"><span class=\"ryNqvb\">Au\u00dferdem besitzt diese Pflanze ein ausgepr\u00e4gtes antioxidatives Potenzial, indem sie freie Sauerstoffradikale bindet und die Lipidperoxidase hemmt.<\/span><\/span> <span class=\"jCAhz ChMk0b\"><span class=\"ryNqvb\">Da gr\u00fcner Tee ein Antioxidans ist, erkl\u00e4rt dies seine antimutagene und antitumorale Wirkung.<\/span><\/span> <span class=\"jCAhz ChMk0b\"><span class=\"ryNqvb\">Es wird vermutet, dass gr\u00fcner Tee die F\u00e4higkeit besitzt, Cholesterin zu binden und die Absorption aus dem Magen-Darm-Trakt zu hemmen, was jedoch noch nicht vollst\u00e4ndig best\u00e4tigt wurde.<\/span><\/span> <span class=\"jCAhz ChMk0b\"><span class=\"ryNqvb\">Das franz\u00f6sische Arzneibuch schreibt vor, dass gr\u00fcner Tee bei leichtem Durchfall, zur Gewichtsabnahme und als mildes Diuretikum (ein Mittel, das die Ausscheidung von Fl\u00fcssigkeit aus dem K\u00f6rper f\u00f6rdert) verwendet werden kann.<\/span><\/span><\/p><p><span class=\"jCAhz ChMk0b\"><span class=\"ryNqvb\">Neurologische St\u00f6rungen stellen weltweit ein gro\u00dfes sozio\u00f6konomisches Problem dar.<\/span><\/span> <span class=\"jCAhz ChMk0b\"><span class=\"ryNqvb\">Diese St\u00f6rungen wurden in den letzten Jahrzehnten intensiv erforscht, in der Hoffnung, eine angemessene Therapie zu entwickeln.<\/span><\/span> <span class=\"jCAhz ChMk0b\"><span class=\"ryNqvb\">Tee ist eines der beliebtesten Getr\u00e4nke der Welt, und gr\u00fcner Tee <em>(Camellia Sinensis)<\/em> ist wegen seines gro\u00dfen Gesundheitspotenzials am intensivsten untersucht worden.<\/span><\/span> <span class=\"jCAhz ChMk0b\"><span class=\"ryNqvb\">In zahlreichen wissenschaftlichen Forschungsarbeiten wurde nachgewiesen, dass Polyphenole aus gr\u00fcnen Teebl\u00e4ttern eine neuroprotektive Wirkung haben und zur Vorbeugung oder Behandlung von neurodegenerativen Erkrankungen wie Alzheimer und Parkinson eingesetzt werden.<\/span><\/span> <span class=\"jCAhz ChMk0b\"><span class=\"ryNqvb\">Catechine sind aufgrund ihrer antioxidativen und entz\u00fcndungshemmenden Wirkung ebenfalls n\u00fctzlich im Kampf gegen neurodegenerative Erkrankungen.<\/span><\/span><\/p><p><span class=\"jCAhz ChMk0b\"><span class=\"ryNqvb\">Zahlreiche Studien befassen sich noch immer mit der Untersuchung der Wirkungen von gr\u00fcnem Tee, so dass man zu einigen Schlussfolgerungen gelangt ist, die besagen, dass diese Pflanze positive Auswirkungen auf Krankheiten wie Krebs, Fettleibigkeit, Diabetes mellitus, aber auch auf zahlreiche neurologische Erkrankungen wie kognitive St\u00f6rungen und Ged\u00e4chtnisverlust hat.<\/span><\/span><\/p>\t\t\t\t\t\t\t\t<\/div>\n\t\t\t\t<\/div>\n\t\t\t\t<div class=\"elementor-element elementor-element-bf3d2f1 elementor-widget elementor-widget-heading\" data-id=\"bf3d2f1\" data-element_type=\"widget\" data-e-type=\"widget\" data-widget_type=\"heading.default\">\n\t\t\t\t<div class=\"elementor-widget-container\">\n\t\t\t\t\t<h4 class=\"elementor-heading-title elementor-size-default\">Referenzen<\/h4>\t\t\t\t<\/div>\n\t\t\t\t<\/div>\n\t\t\t\t<div class=\"elementor-element elementor-element-129a3a4 elementor-widget elementor-widget-text-editor\" data-id=\"129a3a4\" data-element_type=\"widget\" data-e-type=\"widget\" data-widget_type=\"text-editor.default\">\n\t\t\t\t<div class=\"elementor-widget-container\">\n\t\t\t\t\t\t\t\t\t<ul><li><a class=\"reference-link\" href=\"https:\/\/pubmed.ncbi.nlm.nih.gov\/20364607\/\" target=\"_blank\" rel=\"noopener\">Review on the neuroprotective effects of green tea polyphenols for the treatment of neurodegenerative diseases<\/a><\/li><li><a class=\"reference-link\" href=\"https:\/\/pubmed.ncbi.nlm.nih.gov\/29468975\/\" target=\"_blank\" rel=\"noopener\">The Protective Effects of Green Tea Catechins in the Management of Neurodegenerative Diseases: A Review<\/a><\/li><li><a class=\"reference-link\" href=\"https:\/\/pubmed.ncbi.nlm.nih.gov\/29843466\/\" target=\"_blank\" rel=\"noopener\">Beneficial Effects of Green Tea Catechins on Neurodegenerative Diseases<\/a><\/li><li><a class=\"reference-link\" href=\"https:\/\/pubmed.ncbi.nlm.nih.gov\/36364431\/\" target=\"_blank\" rel=\"noopener\">Green Tea Catechins Attenuate Neurodegenerative Diseases and Cognitive Deficits<\/a><\/li><\/ul>\t\t\t\t\t\t\t\t<\/div>\n\t\t\t\t<\/div>\n\t\t\t\t\t<\/div>\n\t\t<\/div>\n\t\t\t\t\t<\/div>\n\t\t<\/section>\n\t\t\t\t<\/div>","protected":false},"excerpt":{"rendered":"<p>Green Tea Thea sinensis, L. &#8211; Theaceae The plant is a tall bush, the leaves are leathery, elliptical, oppositely arranged. There are several white flowers in the axils of the leaves. The fruit is a capsule with three seeds. Green tea grows in the hilly, humid regions of China, and today this plant is cultivated &hellip;<\/p>\n<p class=\"read-more\"> <a class=\"\" href=\"https:\/\/www.alivitpharm.com\/de\/green-tea\/\"> <span class=\"screen-reader-text\">Gr\u00fcner Tee<\/span> Weiterlesen &raquo;<\/a><\/p>","protected":false},"author":9,"featured_media":0,"parent":0,"menu_order":0,"comment_status":"closed","ping_status":"closed","template":"","meta":{"site-sidebar-layout":"no-sidebar","site-content-layout":"page-builder","ast-global-header-display":"","ast-main-header-display":"","ast-hfb-above-header-display":"","ast-hfb-below-header-display":"","ast-hfb-mobile-header-display":"","site-post-title":"disabled","ast-breadcrumbs-content":"","ast-featured-img":"disabled","footer-sml-layout":"","theme-transparent-header-meta":"","adv-header-id-meta":"","stick-header-meta":"","header-above-stick-meta":"","header-main-stick-meta":"","header-below-stick-meta":"","footnotes":""},"class_list":["post-8491","page","type-page","status-publish","hentry"],"_links":{"self":[{"href":"https:\/\/www.alivitpharm.com\/de\/wp-json\/wp\/v2\/pages\/8491","targetHints":{"allow":["GET"]}}],"collection":[{"href":"https:\/\/www.alivitpharm.com\/de\/wp-json\/wp\/v2\/pages"}],"about":[{"href":"https:\/\/www.alivitpharm.com\/de\/wp-json\/wp\/v2\/types\/page"}],"author":[{"embeddable":true,"href":"https:\/\/www.alivitpharm.com\/de\/wp-json\/wp\/v2\/users\/9"}],"replies":[{"embeddable":true,"href":"https:\/\/www.alivitpharm.com\/de\/wp-json\/wp\/v2\/comments?post=8491"}],"version-history":[{"count":0,"href":"https:\/\/www.alivitpharm.com\/de\/wp-json\/wp\/v2\/pages\/8491\/revisions"}],"wp:attachment":[{"href":"https:\/\/www.alivitpharm.com\/de\/wp-json\/wp\/v2\/media?parent=8491"}],"curies":[{"name":"wp","href":"https:\/\/api.w.org\/{rel}","templated":true}]}}