{"id":8519,"date":"2023-02-21T10:19:02","date_gmt":"2023-02-21T08:19:02","guid":{"rendered":"https:\/\/www.alivitpharm.com\/?page_id=8519"},"modified":"2023-02-21T11:16:38","modified_gmt":"2023-02-21T09:16:38","slug":"alpha-lipoic-acid","status":"publish","type":"page","link":"https:\/\/www.alivitpharm.com\/de\/alpha-lipoic-acid\/","title":{"rendered":"Alpha-Lipons\u00e4ure"},"content":{"rendered":"<div data-elementor-type=\"wp-page\" data-elementor-id=\"8519\" class=\"elementor elementor-8519\">\n\t\t\t\t\t\t<section class=\"elementor-section elementor-top-section elementor-element elementor-element-55eb493 elementor-section-content-middle elementor-section-boxed elementor-section-height-default elementor-section-height-default\" data-id=\"55eb493\" data-element_type=\"section\" data-e-type=\"section\" data-settings=\"{&quot;background_background&quot;:&quot;classic&quot;}\">\n\t\t\t\t\t\t\t<div class=\"elementor-background-overlay\"><\/div>\n\t\t\t\t\t\t\t<div class=\"elementor-container elementor-column-gap-default\">\n\t\t\t\t\t<div class=\"elementor-column elementor-col-100 elementor-top-column elementor-element elementor-element-0e99a3d\" data-id=\"0e99a3d\" data-element_type=\"column\" data-e-type=\"column\">\n\t\t\t<div class=\"elementor-widget-wrap elementor-element-populated\">\n\t\t\t\t\t\t<div class=\"elementor-element elementor-element-25a630f elementor-widget elementor-widget-heading\" data-id=\"25a630f\" data-element_type=\"widget\" data-e-type=\"widget\" data-widget_type=\"heading.default\">\n\t\t\t\t<div class=\"elementor-widget-container\">\n\t\t\t\t\t<h1 class=\"elementor-heading-title elementor-size-default\">Alpha-Lipons\u00e4ure<\/h1>\t\t\t\t<\/div>\n\t\t\t\t<\/div>\n\t\t\t\t<div class=\"elementor-element elementor-element-ea32578 elementor-widget elementor-widget-image\" data-id=\"ea32578\" data-element_type=\"widget\" data-e-type=\"widget\" data-widget_type=\"image.default\">\n\t\t\t\t<div class=\"elementor-widget-container\">\n\t\t\t\t\t\t\t\t\t\t\t\t\t\t\t<img decoding=\"async\" src=\"https:\/\/www.alivitpharm.com\/wp-content\/uploads\/2022\/10\/pill.png\" title=\"pill\" alt=\"Pill\" loading=\"lazy\" \/>\t\t\t\t\t\t\t\t\t\t\t\t\t\t\t<\/div>\n\t\t\t\t<\/div>\n\t\t\t\t<div class=\"elementor-element elementor-element-5dc68f2 elementor-widget elementor-widget-text-editor\" data-id=\"5dc68f2\" data-element_type=\"widget\" data-e-type=\"widget\" data-widget_type=\"text-editor.default\">\n\t\t\t\t<div class=\"elementor-widget-container\">\n\t\t\t\t\t\t\t\t\t<p><em>Thiocts\u00e4ure<\/em><\/p>\t\t\t\t\t\t\t\t<\/div>\n\t\t\t\t<\/div>\n\t\t\t\t\t<\/div>\n\t\t<\/div>\n\t\t\t\t\t<\/div>\n\t\t<\/section>\n\t\t\t\t<section class=\"elementor-section elementor-top-section elementor-element elementor-element-77db749 elementor-section-boxed elementor-section-height-default elementor-section-height-default\" data-id=\"77db749\" data-element_type=\"section\" data-e-type=\"section\" data-settings=\"{&quot;background_background&quot;:&quot;classic&quot;}\">\n\t\t\t\t\t\t<div class=\"elementor-container elementor-column-gap-default\">\n\t\t\t\t\t<div class=\"elementor-column elementor-col-100 elementor-top-column elementor-element elementor-element-0066087\" data-id=\"0066087\" data-element_type=\"column\" data-e-type=\"column\">\n\t\t\t<div class=\"elementor-widget-wrap elementor-element-populated\">\n\t\t\t\t\t\t<div class=\"elementor-element elementor-element-e741d72 elementor-widget elementor-widget-text-editor\" data-id=\"e741d72\" data-element_type=\"widget\" data-e-type=\"widget\" data-widget_type=\"text-editor.default\">\n\t\t\t\t<div class=\"elementor-widget-container\">\n\t\t\t\t\t\t\t\t\t<p><strong>Alpha-Lipons\u00e4ure<\/strong> ist eine Substanz, die zur Vorbeugung oder als Hilfsmittel bei der Behandlung zahlreicher chronischer Krankheiten eingesetzt wird, die mit oxidativem Stress verbunden sind (z. B. diabetische Neuropathie), und die somit das Auftreten des metabolischen Syndroms verlangsamt, da sie als starkes Antioxidans gilt.<\/p><p><strong><span class=\"jCAhz ChMk0b\"><span class=\"ryNqvb\">Wirkungsmechanismus:<\/span><\/span><\/strong>\u00a0<span class=\"jCAhz ChMk0b\"><span class=\"ryNqvb\">Es gibt zwei Formen der Alpha-Lipons\u00e4ure: die oxidierte Lipons\u00e4ure und die reduzierte Dehydro-Lipons\u00e4ure.<\/span><\/span> <span class=\"jCAhz ChMk0b\"><span class=\"ryNqvb\">Beide Formen sind in der Lage, freie Radikale zu neutralisieren, und ihre Bedeutung spiegelt sich in der Tatsache wider, dass keine der beiden Formen in ein freies Radikal umgewandelt werden kann.<\/span><\/span> <span class=\"jCAhz ChMk0b\"><span class=\"ryNqvb\">Dar\u00fcber hinaus hat diese Substanz die F\u00e4higkeit, andere Antioxidantien in unserem K\u00f6rper, wie die Vitamine C und E, zu regenerieren, und spielt auch eine wichtige Rolle bei der Synthese von Glutathion. <\/span><\/span><span class=\"jCAhz ChMk0b\"><span class=\"ryNqvb\">Bei der Pathogenese von Entz\u00fcndungen ist die Alpha-Lipons\u00e4ure sehr wichtig, da sie eine entz\u00fcndungshemmende Wirkung hat, indem sie die Synthese von Entz\u00fcndungsfaktoren hemmt und die Bildung von Entz\u00fcndungszytokinen hemmt.<\/span><\/span> \u00a0<span class=\"jCAhz ChMk0b\"><span class=\"ryNqvb\">Der Einsatz dieser Substanz ist bei der Behandlung von Neuropathien gerechtfertigt, die eine Komplikation von Diabetes Typ I und Typ II sind.<\/span><\/span> <span class=\"jCAhz ChMk0b\"><span class=\"ryNqvb\">Zahlreiche Studien sind zu dem Schluss gekommen, dass eine Dosis von 300 mg Alpha-Lipons\u00e4ure \u00fcber einen Zeitraum von 3 Monaten die Sehkraft von Menschen, die an Diabetes Typ I oder Typ II leiden, aufrechterh\u00e4lt und verbessert.<\/span><\/span><\/p><p><span class=\"jCAhz ChMk0b\"><span class=\"ryNqvb\">Alpha-Lipons\u00e4ure ist sowohl in Form von oralen Darreichungsformen als auch in Form von intraven\u00f6sen Injektionen erh\u00e4ltlich.<\/span><\/span><\/p>\t\t\t\t\t\t\t\t<\/div>\n\t\t\t\t<\/div>\n\t\t\t\t<div class=\"elementor-element elementor-element-0019cec elementor-widget elementor-widget-image\" data-id=\"0019cec\" data-element_type=\"widget\" data-e-type=\"widget\" data-widget_type=\"image.default\">\n\t\t\t\t<div class=\"elementor-widget-container\">\n\t\t\t\t\t\t\t\t\t\t\t\t\t\t\t<img decoding=\"async\" src=\"https:\/\/www.alivitpharm.com\/wp-content\/uploads\/2022\/09\/leaves.png\" title=\"leaves\" alt=\"Leaves\" loading=\"lazy\" \/>\t\t\t\t\t\t\t\t\t\t\t\t\t\t\t<\/div>\n\t\t\t\t<\/div>\n\t\t\t\t<div class=\"elementor-element elementor-element-f2546df elementor-widget elementor-widget-text-editor\" data-id=\"f2546df\" data-element_type=\"widget\" data-e-type=\"widget\" data-widget_type=\"text-editor.default\">\n\t\t\t\t<div class=\"elementor-widget-container\">\n\t\t\t\t\t\t\t\t\t<p><span class=\"jCAhz ChMk0b\"><span class=\"ryNqvb\">Die Alzheimer-Krankheit ist eine neurodegenerative St\u00f6rung, die durch eine Abnahme der kognitiven Funktionen in Bezug auf Orientierung und Ged\u00e4chtnis sowie durch eine St\u00f6rung der motorischen Funktionen gekennzeichnet ist.<\/span><\/span> <span class=\"jCAhz ChMk0b\"><span class=\"ryNqvb\">Diese Pathologie ist das Ergebnis einer abnormen Ablagerung von Beta-Amyloid-Peptid.<\/span><\/span> <span class=\"jCAhz ChMk0b\"><span class=\"ryNqvb\">Die mitochondriale Dysfunktion spielt eine Schl\u00fcsselrolle in der Pathogenese der Alzheimer-Krankheit.<\/span><\/span> <span class=\"jCAhz ChMk0b\"><span class=\"ryNqvb\">Daher ist Alpha-Lipons\u00e4ure eine gut untersuchte Substanz, die aufgrund ihres antioxidativen, entz\u00fcndungshemmenden und neuroprotektiven Potenzials als Hilfsmittel bei der Behandlung zahlreicher neurodegenerativer Erkrankungen, einschlie\u00dflich der Alzheimer-Krankheit, eingesetzt wird.<\/span><\/span><\/p><p><span class=\"jCAhz ChMk0b\"><span class=\"ryNqvb\">Was das pharmakokinetische Profil anbelangt, so wird Alpha-Lipons\u00e4ure schnell resorbiert, hat eine geringe Bioverf\u00fcgbarkeit, \u00fcberwindet die Blut-Hirn-Schranke und wird in der Leber metabolisiert.<\/span><\/span> <span class=\"jCAhz ChMk0b\"><span class=\"ryNqvb\">Es ist sehr selten, dass diese Substanz mit anderen Nahrungserg\u00e4nzungsmitteln oder Arzneimitteln in Wechselwirkung tritt (bisher wurden keine Wechselwirkungen klinisch nachgewiesen), so dass die Verwendung von Alpha-Lipons\u00e4ure als sicher in der Pharmakotherapie gilt.<\/span><\/span> <span class=\"jCAhz ChMk0b\"><span class=\"ryNqvb\">Alpha-Lipons\u00e4ure gilt als sicheres Erg\u00e4nzungsmittel ohne ausgepr\u00e4gte Nebenwirkungen.<\/span><\/span> <span class=\"jCAhz ChMk0b\"><span class=\"ryNqvb\">Es gibt nur sehr wenige Daten \u00fcber die Verwendung dieser Substanz in der p\u00e4diatrischen Bev\u00f6lkerungsgruppe, w\u00e4hrend der Schwangerschaft und in der Stillzeit, so dass Sie Ihren Arzt oder Apotheker \u00fcber ihre Verwendung befragen sollten.<\/span><\/span><\/p>\t\t\t\t\t\t\t\t<\/div>\n\t\t\t\t<\/div>\n\t\t\t\t<div class=\"elementor-element elementor-element-96c5a0c elementor-widget elementor-widget-heading\" data-id=\"96c5a0c\" data-element_type=\"widget\" data-e-type=\"widget\" data-widget_type=\"heading.default\">\n\t\t\t\t<div class=\"elementor-widget-container\">\n\t\t\t\t\t<h4 class=\"elementor-heading-title elementor-size-default\">Referenzen<\/h4>\t\t\t\t<\/div>\n\t\t\t\t<\/div>\n\t\t\t\t<div class=\"elementor-element elementor-element-b4afd7a elementor-widget elementor-widget-text-editor\" data-id=\"b4afd7a\" data-element_type=\"widget\" data-e-type=\"widget\" data-widget_type=\"text-editor.default\">\n\t\t\t\t<div class=\"elementor-widget-container\">\n\t\t\t\t\t\t\t\t\t<ul><li><a class=\"reference-link\" href=\"https:\/\/pubmed.ncbi.nlm.nih.gov\/31885820\/\" target=\"_blank\" rel=\"noopener\">Mitochondrial Dysfunction and Alpha-Lipoic Acid: Beneficial or Harmful in Alzheimer&#8217;s Disease?<\/a><\/li><li><a class=\"reference-link\" href=\"https:\/\/pubmed.ncbi.nlm.nih.gov\/34450170\/\" target=\"_blank\" rel=\"noopener\">Decrypting the potential role of \u03b1-lipoic acid in Alzheimer&#8217;s disease<\/a><\/li><li><a class=\"reference-link\" href=\"https:\/\/pubmed.ncbi.nlm.nih.gov\/33401674\/\" target=\"_blank\" rel=\"noopener\">Natural Molecules and Neuroprotection: Kynurenic Acid, Pantethine and \u03b1-Lipoic Acid<\/a><\/li><li><a class=\"reference-link\" href=\"https:\/\/pubmed.ncbi.nlm.nih.gov\/35445914\/\" target=\"_blank\" rel=\"noopener\">\u03b1-Lipoic Acid, an Organosulfur Biomolecule a Novel Therapeutic Agent for Neurodegenerative Disorders: An Mechanistic Perspective<\/a><\/li><\/ul>\t\t\t\t\t\t\t\t<\/div>\n\t\t\t\t<\/div>\n\t\t\t\t\t<\/div>\n\t\t<\/div>\n\t\t\t\t\t<\/div>\n\t\t<\/section>\n\t\t\t\t<\/div>","protected":false},"excerpt":{"rendered":"<p>Alpha-Lipoic Acid Thioctic Acid Alpha-lipoic acid is a substance that is used as a prevention or aid in the treatment of many chronic diseases that are associated with oxidative stress (such as diabetic neuropathy) and thus slows down the onset of metabolic syndrome, because it is considered a strong antioxidant. Action mechanism:\u00a0There are two forms &hellip;<\/p>\n<p class=\"read-more\"> <a class=\"\" href=\"https:\/\/www.alivitpharm.com\/de\/alpha-lipoic-acid\/\"> <span class=\"screen-reader-text\">Alpha-Lipons\u00e4ure<\/span> Weiterlesen &raquo;<\/a><\/p>","protected":false},"author":9,"featured_media":0,"parent":0,"menu_order":0,"comment_status":"closed","ping_status":"closed","template":"","meta":{"site-sidebar-layout":"no-sidebar","site-content-layout":"page-builder","ast-global-header-display":"","ast-main-header-display":"","ast-hfb-above-header-display":"","ast-hfb-below-header-display":"","ast-hfb-mobile-header-display":"","site-post-title":"disabled","ast-breadcrumbs-content":"","ast-featured-img":"disabled","footer-sml-layout":"","theme-transparent-header-meta":"","adv-header-id-meta":"","stick-header-meta":"","header-above-stick-meta":"","header-main-stick-meta":"","header-below-stick-meta":"","footnotes":""},"class_list":["post-8519","page","type-page","status-publish","hentry"],"_links":{"self":[{"href":"https:\/\/www.alivitpharm.com\/de\/wp-json\/wp\/v2\/pages\/8519","targetHints":{"allow":["GET"]}}],"collection":[{"href":"https:\/\/www.alivitpharm.com\/de\/wp-json\/wp\/v2\/pages"}],"about":[{"href":"https:\/\/www.alivitpharm.com\/de\/wp-json\/wp\/v2\/types\/page"}],"author":[{"embeddable":true,"href":"https:\/\/www.alivitpharm.com\/de\/wp-json\/wp\/v2\/users\/9"}],"replies":[{"embeddable":true,"href":"https:\/\/www.alivitpharm.com\/de\/wp-json\/wp\/v2\/comments?post=8519"}],"version-history":[{"count":0,"href":"https:\/\/www.alivitpharm.com\/de\/wp-json\/wp\/v2\/pages\/8519\/revisions"}],"wp:attachment":[{"href":"https:\/\/www.alivitpharm.com\/de\/wp-json\/wp\/v2\/media?parent=8519"}],"curies":[{"name":"wp","href":"https:\/\/api.w.org\/{rel}","templated":true}]}}