{"id":9022,"date":"2023-04-27T10:26:19","date_gmt":"2023-04-27T08:26:19","guid":{"rendered":"https:\/\/www.alivitpharm.com\/?page_id=9022"},"modified":"2023-04-28T11:43:22","modified_gmt":"2023-04-28T09:43:22","slug":"black-pepper","status":"publish","type":"page","link":"https:\/\/www.alivitpharm.com\/de\/black-pepper\/","title":{"rendered":"Schwarzer Pfeffer"},"content":{"rendered":"<div data-elementor-type=\"wp-page\" data-elementor-id=\"9022\" class=\"elementor elementor-9022\">\n\t\t\t\t\t\t<section class=\"elementor-section elementor-top-section elementor-element elementor-element-6235dad elementor-section-content-middle elementor-section-boxed elementor-section-height-default elementor-section-height-default\" data-id=\"6235dad\" data-element_type=\"section\" data-e-type=\"section\" data-settings=\"{&quot;background_background&quot;:&quot;classic&quot;}\">\n\t\t\t\t\t\t\t<div class=\"elementor-background-overlay\"><\/div>\n\t\t\t\t\t\t\t<div class=\"elementor-container elementor-column-gap-default\">\n\t\t\t\t\t<div class=\"elementor-column elementor-col-100 elementor-top-column elementor-element elementor-element-f7147c1\" data-id=\"f7147c1\" data-element_type=\"column\" data-e-type=\"column\">\n\t\t\t<div class=\"elementor-widget-wrap elementor-element-populated\">\n\t\t\t\t\t\t<div class=\"elementor-element elementor-element-f4f088c elementor-widget elementor-widget-heading\" data-id=\"f4f088c\" data-element_type=\"widget\" data-e-type=\"widget\" data-widget_type=\"heading.default\">\n\t\t\t\t<div class=\"elementor-widget-container\">\n\t\t\t\t\t<h1 class=\"elementor-heading-title elementor-size-default\">Schwarzer Pfeffer<\/h1>\t\t\t\t<\/div>\n\t\t\t\t<\/div>\n\t\t\t\t<div class=\"elementor-element elementor-element-d50f9ba elementor-widget elementor-widget-image\" data-id=\"d50f9ba\" data-element_type=\"widget\" data-e-type=\"widget\" data-widget_type=\"image.default\">\n\t\t\t\t<div class=\"elementor-widget-container\">\n\t\t\t\t\t\t\t\t\t\t\t\t\t\t\t<img decoding=\"async\" width=\"75\" height=\"33\" src=\"https:\/\/www.alivitpharm.com\/wp-content\/uploads\/2019\/07\/logo-leaf-new.png\" class=\"attachment-large size-large wp-image-2518\" alt=\"\" \/>\t\t\t\t\t\t\t\t\t\t\t\t\t\t\t<\/div>\n\t\t\t\t<\/div>\n\t\t\t\t<div class=\"elementor-element elementor-element-d3eed3e elementor-widget elementor-widget-text-editor\" data-id=\"d3eed3e\" data-element_type=\"widget\" data-e-type=\"widget\" data-widget_type=\"text-editor.default\">\n\t\t\t\t<div class=\"elementor-widget-container\">\n\t\t\t\t\t\t\t\t\t<p><em>Piper nigrum L. &#8211; Piperaceae<\/em><\/p>\t\t\t\t\t\t\t\t<\/div>\n\t\t\t\t<\/div>\n\t\t\t\t\t<\/div>\n\t\t<\/div>\n\t\t\t\t\t<\/div>\n\t\t<\/section>\n\t\t\t\t<section class=\"elementor-section elementor-top-section elementor-element elementor-element-55c5dfd elementor-section-boxed elementor-section-height-default elementor-section-height-default\" data-id=\"55c5dfd\" data-element_type=\"section\" data-e-type=\"section\" data-settings=\"{&quot;background_background&quot;:&quot;classic&quot;}\">\n\t\t\t\t\t\t<div class=\"elementor-container elementor-column-gap-default\">\n\t\t\t\t\t<div class=\"elementor-column elementor-col-100 elementor-top-column elementor-element elementor-element-a1cadcb\" data-id=\"a1cadcb\" data-element_type=\"column\" data-e-type=\"column\">\n\t\t\t<div class=\"elementor-widget-wrap elementor-element-populated\">\n\t\t\t\t\t\t<div class=\"elementor-element elementor-element-d545444 elementor-widget elementor-widget-image\" data-id=\"d545444\" data-element_type=\"widget\" data-e-type=\"widget\" data-widget_type=\"image.default\">\n\t\t\t\t<div class=\"elementor-widget-container\">\n\t\t\t\t\t\t\t\t\t\t\t\t\t\t\t<img decoding=\"async\" src=\"https:\/\/www.alivitpharm.com\/wp-content\/uploads\/2023\/04\/black-pepper.png\" title=\"black-pepper\" alt=\"Schwarzer Pfeffer\" loading=\"lazy\" \/>\t\t\t\t\t\t\t\t\t\t\t\t\t\t\t<\/div>\n\t\t\t\t<\/div>\n\t\t\t\t<div class=\"elementor-element elementor-element-2324d8a elementor-widget elementor-widget-text-editor\" data-id=\"2324d8a\" data-element_type=\"widget\" data-e-type=\"widget\" data-widget_type=\"text-editor.default\">\n\t\t\t\t<div class=\"elementor-widget-container\">\n\t\t\t\t\t\t\t\t\t<p><span class=\"jCAhz ChMk0b\"><span class=\"ryNqvb\"><strong>Schwarzer Pfeffer<\/strong> ist eine mehrj\u00e4hrige, krautige Liane.<\/span><\/span> <span class=\"jCAhz ChMk0b\"><span class=\"ryNqvb\">Die Frucht ist eine Steinfrucht und verf\u00e4rbt sich w\u00e4hrend der Reifung von gr\u00fcn nach rot.<\/span><\/span> <span class=\"jCAhz ChMk0b\"><span class=\"ryNqvb\">Pfeffer stammt aus dem S\u00fcdwesten Indiens und wird heute haupts\u00e4chlich in Indien, Indonesien, Malaysia, Ceylon und Brasilien angebaut.<\/span><\/span> <span class=\"jCAhz ChMk0b\"><span class=\"ryNqvb\">Der medizinische Teil der Pflanze sind die getrockneten, unreifen Fr\u00fcchte der angebauten Pflanzen.<\/span><\/span><\/p><p><span class=\"jCAhz ChMk0b\"><span class=\"ryNqvb\">Die Hauptinhaltsstoffe des Pfeffers sind Amidalkaloide in einer Konzentration von 5 bis 10%.<\/span><\/span> <span class=\"jCAhz ChMk0b\"><span class=\"ryNqvb\">Dabei handelt es sich um Piperidinamide mit stereoisomeren S\u00e4uren, Piperins\u00e4ure und Kavikins\u00e4ure.<\/span><\/span> <span class=\"jCAhz ChMk0b\"><span class=\"ryNqvb\">Die wichtigsten Alkaloide sind Piperin und Cavicin.<\/span><\/span> <span class=\"jCAhz ChMk0b\"><span class=\"ryNqvb\">Das Piperin ist in der Pfefferfrucht am st\u00e4rksten vertreten, w\u00e4hrend der scharfe Geschmack vom Kavizin herr\u00fchrt und eine harzige Konsistenz aufweist.<\/span><\/span> <span class=\"jCAhz ChMk0b\"><span class=\"ryNqvb\">Pfeffer ist eine reichhaltige Quelle zahlreicher biologisch aktiver Substanzen, wie Monoterpene und Sesquiterpene sowie andere fl\u00fcchtige Verbindungen.<\/span><\/span> <span class=\"jCAhz ChMk0b\"><span class=\"ryNqvb\">Pfefferfr\u00fcchte enthalten auch \u00e4therisches \u00d6l, das zu 1 bis 3.5% aus Monoterpenkohlenwasserstoffen besteht.<\/span><\/span><\/p>\t\t\t\t\t\t\t\t<\/div>\n\t\t\t\t<\/div>\n\t\t\t\t<div class=\"elementor-element elementor-element-bdad4e9 elementor-widget elementor-widget-image\" data-id=\"bdad4e9\" data-element_type=\"widget\" data-e-type=\"widget\" data-widget_type=\"image.default\">\n\t\t\t\t<div class=\"elementor-widget-container\">\n\t\t\t\t\t\t\t\t\t\t\t\t\t\t\t<img decoding=\"async\" src=\"https:\/\/www.alivitpharm.com\/wp-content\/uploads\/2022\/09\/leaves.png\" title=\"leaves\" alt=\"Leaves\" loading=\"lazy\" \/>\t\t\t\t\t\t\t\t\t\t\t\t\t\t\t<\/div>\n\t\t\t\t<\/div>\n\t\t\t\t<div class=\"elementor-element elementor-element-04df373 elementor-widget elementor-widget-text-editor\" data-id=\"04df373\" data-element_type=\"widget\" data-e-type=\"widget\" data-widget_type=\"text-editor.default\">\n\t\t\t\t<div class=\"elementor-widget-container\">\n\t\t\t\t\t\t\t\t\t<p><span class=\"jCAhz ChMk0b\"><span class=\"ryNqvb\">Schwarzer Pfeffer ist eines der am meisten verwendeten Gew\u00fcrze der Welt.<\/span><\/span> <span class=\"jCAhz ChMk0b\"><span class=\"ryNqvb\">In zahlreichen Studien, die sowohl an Tieren als auch an Menschen durchgef\u00fchrt wurden, sind verschiedene positive Auswirkungen auf die menschliche Gesundheit nachgewiesen worden.<\/span><\/span> <span class=\"jCAhz ChMk0b\"><span class=\"ryNqvb\">Piperin ist die wichtigste bioaktive Verbindung des schwarzen Pfeffers, von der die immunmodulatorische, krebshemmende, antiasthmatische, hepatoprotektive, entz\u00fcndungshemmende und antimykotische Wirkung ausgeht.<\/span><\/span> <span class=\"jCAhz ChMk0b\"><span class=\"ryNqvb\">Au\u00dferdem besitzt diese Pflanze ein starkes antioxidatives Potenzial und die F\u00e4higkeit, die Absorption einiger Medikamente wie Rifampicin, Sulfadiazin, Tetracycline und Phenytoin zu verbessern.<\/span><\/span> <span class=\"jCAhz ChMk0b\"><span class=\"ryNqvb\">In der alten indischen Medizin wird schwarzer Pfeffer zur Kontrolle von Diabetes, zur Stimulierung des ZNS, als verdauungsf\u00f6rderndes Tonikum, als Aphrodisiakum und als fiebersenkendes Mittel verwendet und hat eine positive Wirkung auf den Lipidstatus (normalisiert den Cholesterinspiegel im Blut).<\/span><\/span> <span class=\"jCAhz ChMk0b\"><span class=\"ryNqvb\">Diese Pflanze ist in vielen anderen Rezepturen enthalten, da sie die Bioverf\u00fcgbarkeit zahlreicher Wirkstoffe, darunter Curcumin, verbessert.<\/span><\/span> <span class=\"jCAhz ChMk0b\"><span class=\"ryNqvb\">Pfeffer ist f\u00fcr seine zahlreichen gesundheitlichen Vorteile bekannt.<\/span><\/span> <span class=\"jCAhz ChMk0b\"><span class=\"ryNqvb\">Er wird traditionell zur Behandlung von Schmerzen, Fr\u00f6steln, Rheuma, Grippe, Muskelschmerzen, Erk\u00e4ltung, Fieber, Ersch\u00f6pfung, zur Verbesserung der Durchblutung, zur Verbesserung des Speichelflusses, zur Appetitanregung und zur Anregung der Darmperistaltik verwendet.<\/span><\/span> <span class=\"jCAhz ChMk0b\"><span class=\"ryNqvb\">Es hat auch ein breites Spektrum an antimikrobieller Aktivit\u00e4t (antibakterielle und antimykotische Aktivit\u00e4t), es kann verwendet werden, um eine Halsentz\u00fcndung zu sp\u00fclen.<\/span><\/span> <span class=\"jCAhz ChMk0b\"><span class=\"ryNqvb\">Heute konzentriert sich die Forschung zunehmend auf die Rolle des schwarzen Pfeffers als Antioxidans zur Vorbeugung von degenerativen Erkrankungen und als Verst\u00e4rker der Bioverf\u00fcgbarkeit anderer bioaktiver Substanzen, einschlie\u00dflich pflanzlicher Arzneimittel.<\/span><\/span><\/p>\t\t\t\t\t\t\t\t<\/div>\n\t\t\t\t<\/div>\n\t\t\t\t<div class=\"elementor-element elementor-element-b74b821 elementor-widget elementor-widget-heading\" data-id=\"b74b821\" data-element_type=\"widget\" data-e-type=\"widget\" data-widget_type=\"heading.default\">\n\t\t\t\t<div class=\"elementor-widget-container\">\n\t\t\t\t\t<h4 class=\"elementor-heading-title elementor-size-default\">Referenzen<\/h4>\t\t\t\t<\/div>\n\t\t\t\t<\/div>\n\t\t\t\t<div class=\"elementor-element elementor-element-aaefe63 elementor-widget elementor-widget-text-editor\" data-id=\"aaefe63\" data-element_type=\"widget\" data-e-type=\"widget\" data-widget_type=\"text-editor.default\">\n\t\t\t\t<div class=\"elementor-widget-container\">\n\t\t\t\t\t\t\t\t\t<ul><li><a class=\"reference-link\" href=\"https:\/\/pubmed.ncbi.nlm.nih.gov\/35349239\/\" target=\"_blank\" rel=\"noopener\">Schwarzer Pfeffer<\/a><\/li><li><a class=\"reference-link\" href=\"https:\/\/pubmed.ncbi.nlm.nih.gov\/23625885\/\" target=\"_blank\" rel=\"noopener\">Piper nigrum and piperine: an update<\/a><\/li><\/ul>\t\t\t\t\t\t\t\t<\/div>\n\t\t\t\t<\/div>\n\t\t\t\t\t<\/div>\n\t\t<\/div>\n\t\t\t\t\t<\/div>\n\t\t<\/section>\n\t\t\t\t<\/div>","protected":false},"excerpt":{"rendered":"<p>Black Pepper Piper nigrum L. &#8211; Piperaceae Black pepper is a perennial, herbaceous liana. The fruit is a drupe and during ripening the fruit changes color from green to red. Pepper is native to southwestern India, and is now mostly grown in India, Indonesia, Malaysia, Ceylon and Brazil. The medicinal part of the plant is &hellip;<\/p>\n<p class=\"read-more\"> <a class=\"\" href=\"https:\/\/www.alivitpharm.com\/de\/black-pepper\/\"> <span class=\"screen-reader-text\">Schwarzer Pfeffer<\/span> Weiterlesen &raquo;<\/a><\/p>","protected":false},"author":9,"featured_media":0,"parent":0,"menu_order":0,"comment_status":"closed","ping_status":"closed","template":"","meta":{"site-sidebar-layout":"no-sidebar","site-content-layout":"page-builder","ast-global-header-display":"","ast-main-header-display":"","ast-hfb-above-header-display":"","ast-hfb-below-header-display":"","ast-hfb-mobile-header-display":"","site-post-title":"disabled","ast-breadcrumbs-content":"","ast-featured-img":"disabled","footer-sml-layout":"","theme-transparent-header-meta":"","adv-header-id-meta":"","stick-header-meta":"","header-above-stick-meta":"","header-main-stick-meta":"","header-below-stick-meta":"","footnotes":""},"class_list":["post-9022","page","type-page","status-publish","hentry"],"_links":{"self":[{"href":"https:\/\/www.alivitpharm.com\/de\/wp-json\/wp\/v2\/pages\/9022","targetHints":{"allow":["GET"]}}],"collection":[{"href":"https:\/\/www.alivitpharm.com\/de\/wp-json\/wp\/v2\/pages"}],"about":[{"href":"https:\/\/www.alivitpharm.com\/de\/wp-json\/wp\/v2\/types\/page"}],"author":[{"embeddable":true,"href":"https:\/\/www.alivitpharm.com\/de\/wp-json\/wp\/v2\/users\/9"}],"replies":[{"embeddable":true,"href":"https:\/\/www.alivitpharm.com\/de\/wp-json\/wp\/v2\/comments?post=9022"}],"version-history":[{"count":0,"href":"https:\/\/www.alivitpharm.com\/de\/wp-json\/wp\/v2\/pages\/9022\/revisions"}],"wp:attachment":[{"href":"https:\/\/www.alivitpharm.com\/de\/wp-json\/wp\/v2\/media?parent=9022"}],"curies":[{"name":"wp","href":"https:\/\/api.w.org\/{rel}","templated":true}]}}