{"id":9049,"date":"2023-05-03T14:14:14","date_gmt":"2023-05-03T12:14:14","guid":{"rendered":"https:\/\/www.alivitpharm.com\/?page_id=9049"},"modified":"2023-05-04T08:32:14","modified_gmt":"2023-05-04T06:32:14","slug":"nettle","status":"publish","type":"page","link":"https:\/\/www.alivitpharm.com\/de\/nettle\/","title":{"rendered":"Nessel"},"content":{"rendered":"<div data-elementor-type=\"wp-page\" data-elementor-id=\"9049\" class=\"elementor elementor-9049\">\n\t\t\t\t\t\t<section class=\"elementor-section elementor-top-section elementor-element elementor-element-f45c3fe elementor-section-content-middle elementor-section-boxed elementor-section-height-default elementor-section-height-default\" data-id=\"f45c3fe\" data-element_type=\"section\" data-e-type=\"section\" data-settings=\"{&quot;background_background&quot;:&quot;classic&quot;}\">\n\t\t\t\t\t\t\t<div class=\"elementor-background-overlay\"><\/div>\n\t\t\t\t\t\t\t<div class=\"elementor-container elementor-column-gap-default\">\n\t\t\t\t\t<div class=\"elementor-column elementor-col-100 elementor-top-column elementor-element elementor-element-32e93a7\" data-id=\"32e93a7\" data-element_type=\"column\" data-e-type=\"column\">\n\t\t\t<div class=\"elementor-widget-wrap elementor-element-populated\">\n\t\t\t\t\t\t<div class=\"elementor-element elementor-element-7e0c237 elementor-widget elementor-widget-heading\" data-id=\"7e0c237\" data-element_type=\"widget\" data-e-type=\"widget\" data-widget_type=\"heading.default\">\n\t\t\t\t<div class=\"elementor-widget-container\">\n\t\t\t\t\t<h1 class=\"elementor-heading-title elementor-size-default\">Nessel<\/h1>\t\t\t\t<\/div>\n\t\t\t\t<\/div>\n\t\t\t\t<div class=\"elementor-element elementor-element-295dd0c elementor-widget elementor-widget-image\" data-id=\"295dd0c\" data-element_type=\"widget\" data-e-type=\"widget\" data-widget_type=\"image.default\">\n\t\t\t\t<div class=\"elementor-widget-container\">\n\t\t\t\t\t\t\t\t\t\t\t\t\t\t\t<img decoding=\"async\" width=\"75\" height=\"33\" src=\"https:\/\/www.alivitpharm.com\/wp-content\/uploads\/2019\/07\/logo-leaf-new.png\" class=\"attachment-large size-large wp-image-2518\" alt=\"\" \/>\t\t\t\t\t\t\t\t\t\t\t\t\t\t\t<\/div>\n\t\t\t\t<\/div>\n\t\t\t\t<div class=\"elementor-element elementor-element-4eaace3 elementor-widget elementor-widget-text-editor\" data-id=\"4eaace3\" data-element_type=\"widget\" data-e-type=\"widget\" data-widget_type=\"text-editor.default\">\n\t\t\t\t<div class=\"elementor-widget-container\">\n\t\t\t\t\t\t\t\t\t<p><em>Urtica dioica L. &#8211; Urticaceae<\/em><\/p>\t\t\t\t\t\t\t\t<\/div>\n\t\t\t\t<\/div>\n\t\t\t\t\t<\/div>\n\t\t<\/div>\n\t\t\t\t\t<\/div>\n\t\t<\/section>\n\t\t\t\t<section class=\"elementor-section elementor-top-section elementor-element elementor-element-b1420ef elementor-section-boxed elementor-section-height-default elementor-section-height-default\" data-id=\"b1420ef\" data-element_type=\"section\" data-e-type=\"section\" data-settings=\"{&quot;background_background&quot;:&quot;classic&quot;}\">\n\t\t\t\t\t\t<div class=\"elementor-container elementor-column-gap-default\">\n\t\t\t\t\t<div class=\"elementor-column elementor-col-100 elementor-top-column elementor-element elementor-element-fc7a4fc\" data-id=\"fc7a4fc\" data-element_type=\"column\" data-e-type=\"column\">\n\t\t\t<div class=\"elementor-widget-wrap elementor-element-populated\">\n\t\t\t\t\t\t<div class=\"elementor-element elementor-element-0a08528 elementor-widget elementor-widget-image\" data-id=\"0a08528\" data-element_type=\"widget\" data-e-type=\"widget\" data-widget_type=\"image.default\">\n\t\t\t\t<div class=\"elementor-widget-container\">\n\t\t\t\t\t\t\t\t\t\t\t\t\t\t\t<img decoding=\"async\" src=\"https:\/\/www.alivitpharm.com\/wp-content\/uploads\/2023\/05\/nettle.png\" title=\"nettle\" alt=\"Nessel\" loading=\"lazy\" \/>\t\t\t\t\t\t\t\t\t\t\t\t\t\t\t<\/div>\n\t\t\t\t<\/div>\n\t\t\t\t<div class=\"elementor-element elementor-element-8a79aef elementor-widget elementor-widget-text-editor\" data-id=\"8a79aef\" data-element_type=\"widget\" data-e-type=\"widget\" data-widget_type=\"text-editor.default\">\n\t\t\t\t<div class=\"elementor-widget-container\">\n\t\t\t\t\t\t\t\t\t<p><span class=\"jCAhz ChMk0b\"><span class=\"ryNqvb\"><strong>Nessel<\/strong> ist eine krautige, mehrj\u00e4hrige Pflanze, die zur <em>Urticaceae<\/em> Familie.<\/span><\/span> <span class=\"jCAhz ChMk0b\"><span class=\"ryNqvb\">Der Baum ist aufrecht und viereckig, die Bl\u00e4tter stehen auf Blattstielen, sind gegenst\u00e4ndig und eif\u00f6rmig-lanzettlich.<\/span><\/span> <span class=\"jCAhz ChMk0b\"><span class=\"ryNqvb\">St\u00e4ngel und Bl\u00e4tter sind mit Haaren bedeckt.<\/span><\/span> <span class=\"jCAhz ChMk0b\"><span class=\"ryNqvb\">Die Bl\u00fcten sind gr\u00fcnlich und stehen in Bl\u00fctenst\u00e4nden, die Fr\u00fcchte sind N\u00fcsse.<\/span><\/span> <span class=\"jCAhz ChMk0b\"><span class=\"ryNqvb\">Die kosmopolitische Art w\u00e4chst in der N\u00e4he von H\u00e4usern, entlang von Stra\u00dfen und an nitrithaltigen Standorten. <\/span><\/span><span class=\"jCAhz ChMk0b\"><span class=\"ryNqvb\">Sie ist in vielen s\u00fcdasiatischen L\u00e4ndern und auf dem indischen Subkontinent beheimatet und wird seit langem als Heilpflanze in der traditionellen Medizin verwendet.<\/span><\/span><\/p><p><span class=\"jCAhz ChMk0b\"><span class=\"ryNqvb\">Medizinische Bestandteile der Pflanze sind Samen, Bl\u00e4tter und Wurzeln.<\/span><\/span> <span class=\"jCAhz ChMk0b\"><span class=\"ryNqvb\">In unserem Pr\u00e4parat haben wir einen Extrakt aus einer Mischung von Brennnesselbl\u00e4ttern und -wurzeln verwendet.<\/span><\/span> <span class=\"jCAhz ChMk0b\"><span class=\"ryNqvb\">Die Brennnessel wird als Hilfsmittel bei der Behandlung verschiedener Krankheiten wie Nierenentz\u00fcndung, H\u00e4maturie, Ikterus (Gelbsucht), Arthritis und Rheumatismus eingesetzt.<\/span><\/span> <span class=\"jCAhz ChMk0b\"><span class=\"ryNqvb\">Das Brennnesselblatt enth\u00e4lt organische S\u00e4uren (Ameisen- und Oxals\u00e4ure), freie Amine (Acetylcholin, Betain, Cholin, Histamin, Serotonin), Flavonoide, Carotinoide, Gerbstoffe und Cumarine, w\u00e4hrend die Brennnesselwurzel Polysaccharide, Lektine, Cumarine und Triterpene enth\u00e4lt.<\/span><\/span>\u00a0<span class=\"jCAhz ChMk0b\"><span class=\"ryNqvb\">Au\u00dferdem ist die Brennnessel reich an Eisen und Vitamin C.<\/span><\/span><\/p>\t\t\t\t\t\t\t\t<\/div>\n\t\t\t\t<\/div>\n\t\t\t\t<div class=\"elementor-element elementor-element-10bc6f2 elementor-widget elementor-widget-image\" data-id=\"10bc6f2\" data-element_type=\"widget\" data-e-type=\"widget\" data-widget_type=\"image.default\">\n\t\t\t\t<div class=\"elementor-widget-container\">\n\t\t\t\t\t\t\t\t\t\t\t\t\t\t\t<img decoding=\"async\" src=\"https:\/\/www.alivitpharm.com\/wp-content\/uploads\/2022\/09\/leaves.png\" title=\"leaves\" alt=\"Leaves\" loading=\"lazy\" \/>\t\t\t\t\t\t\t\t\t\t\t\t\t\t\t<\/div>\n\t\t\t\t<\/div>\n\t\t\t\t<div class=\"elementor-element elementor-element-39d2f54 elementor-widget elementor-widget-text-editor\" data-id=\"39d2f54\" data-element_type=\"widget\" data-e-type=\"widget\" data-widget_type=\"text-editor.default\">\n\t\t\t\t<div class=\"elementor-widget-container\">\n\t\t\t\t\t\t\t\t\t<p>Aufgrund der gro\u00dfen Anzahl biologisch aktiver Verbindungen hat die Brennnessel verschiedene pharmakologische Aktivit\u00e4ten, wie z. B. antibakterielle, antioxidative, schmerzstillende, entz\u00fcndungshemmende, antivirale, immunmodulatorische, hepatoprotektive, krebshemmende und antiallergische Aktivit\u00e4ten. Extrakte aus Brennnesselbl\u00e4ttern und -wurzeln sind Gegenstand zahlreicher Studien, so dass ihre pharmakologischen Aktivit\u00e4ten seit langem bekannt sind. In Studien wurde nachgewiesen, dass die Brennnessel traditionell zur Bek\u00e4mpfung von Herz-Kreislauf-Erkrankungen, insbesondere Bluthochdruck, eingesetzt wird. Es wurde auch nachgewiesen, dass der Extrakt aus Brennnesselbl\u00e4ttern eine positive Wirkung auf den Blutzuckerspiegel hat und als entz\u00fcndungshemmendes Mittel bei der Behandlung von rheumatoider Arthritis eingesetzt wird. Eine sehr wichtige Tatsache ist, dass der Extrakt dieser Pflanze eine signifikante Wirkung bei der Behandlung von Brustkrebs zeigte, insbesondere bei Patientinnen, die mit Paclitaxel behandelt wurden, da die Brennnessel die Empfindlichkeit der Krebszellen gegen\u00fcber dem Medikament Paclitaxel erh\u00f6hte. <span class=\"jCAhz ChMk0b\"><span class=\"ryNqvb\">Die Brennnessel kann bei verst\u00e4rkten Menstruationsblutungen, bei Blutungen aus H\u00e4morrhoiden, als Diuretikum (sie f\u00f6rdert die Ausscheidung von Fl\u00fcssigkeit aus dem K\u00f6rper, so dass sie auch bei Harnwegsinfektionen verschiedener Art empfohlen werden kann) und auch als Hilfsmittel bei der Behandlung von gut- oder b\u00f6sartigen Prostataadenomen eingesetzt werden<\/span><\/span> <span class=\"jCAhz ChMk0b\"><span class=\"ryNqvb\">.<\/span><\/span><\/p>\t\t\t\t\t\t\t\t<\/div>\n\t\t\t\t<\/div>\n\t\t\t\t<div class=\"elementor-element elementor-element-98ec0d6 elementor-widget elementor-widget-heading\" data-id=\"98ec0d6\" data-element_type=\"widget\" data-e-type=\"widget\" data-widget_type=\"heading.default\">\n\t\t\t\t<div class=\"elementor-widget-container\">\n\t\t\t\t\t<h4 class=\"elementor-heading-title elementor-size-default\">Referenzen<\/h4>\t\t\t\t<\/div>\n\t\t\t\t<\/div>\n\t\t\t\t<div class=\"elementor-element elementor-element-93dfb46 elementor-widget elementor-widget-text-editor\" data-id=\"93dfb46\" data-element_type=\"widget\" data-e-type=\"widget\" data-widget_type=\"text-editor.default\">\n\t\t\t\t<div class=\"elementor-widget-container\">\n\t\t\t\t\t\t\t\t\t<ul><li><a class=\"reference-link\" href=\"https:\/\/pubmed.ncbi.nlm.nih.gov\/32981268\/\" target=\"_blank\" rel=\"noopener\">Urtica Dioica Root Extract on Clinical and Biochemical Parameters in Patients with Benign Prostatic Hyperplasia, Randomized Controlled Trial<\/a><\/li><li><a class=\"reference-link\" href=\"http:\/\/www.greenpharmacy.info\/index.php\/ijgp\/article\/view\/414\" target=\"_blank\" rel=\"noopener\">PHARMACOGNOSTICAL REVIEW OF URTICA DIOICA L.<\/a><\/li><li><a class=\"reference-link\" href=\"https:\/\/www.sciencedirect.com\/science\/article\/abs\/pii\/S0079610719300987\" target=\"_blank\" rel=\"noopener\">Screening of pharmacological uses of Urtica dioica and others benefits<\/a><\/li><li><a class=\"reference-link\" href=\"https:\/\/www.scirp.org\/html\/4-8801106_22709.htm\" target=\"_blank\" rel=\"noopener\">Pharmacognostic Evaluation and Antioxidant Activity of Urtica dioica L.<\/a><\/li><\/ul>\t\t\t\t\t\t\t\t<\/div>\n\t\t\t\t<\/div>\n\t\t\t\t\t<\/div>\n\t\t<\/div>\n\t\t\t\t\t<\/div>\n\t\t<\/section>\n\t\t\t\t<\/div>","protected":false},"excerpt":{"rendered":"<p>Nettle Urtica dioica L. &#8211; Urticaceae Nettle is a herbaceous, perennial plant that belongs to the Urticaceae family. The tree is upright and square, the leaves are on petioles, opposite, ovate-lanceolate. Stems and leaves are covered with hairs. The flowers are greenish, collected in inflorescences, and the fruit is a nut. The cosmopolitan species grows &hellip;<\/p>\n<p class=\"read-more\"> <a class=\"\" href=\"https:\/\/www.alivitpharm.com\/de\/nettle\/\"> <span class=\"screen-reader-text\">Nessel<\/span> Weiterlesen &raquo;<\/a><\/p>","protected":false},"author":9,"featured_media":0,"parent":0,"menu_order":0,"comment_status":"closed","ping_status":"closed","template":"","meta":{"site-sidebar-layout":"no-sidebar","site-content-layout":"page-builder","ast-global-header-display":"","ast-main-header-display":"","ast-hfb-above-header-display":"","ast-hfb-below-header-display":"","ast-hfb-mobile-header-display":"","site-post-title":"disabled","ast-breadcrumbs-content":"","ast-featured-img":"disabled","footer-sml-layout":"","theme-transparent-header-meta":"","adv-header-id-meta":"","stick-header-meta":"","header-above-stick-meta":"","header-main-stick-meta":"","header-below-stick-meta":"","footnotes":""},"class_list":["post-9049","page","type-page","status-publish","hentry"],"_links":{"self":[{"href":"https:\/\/www.alivitpharm.com\/de\/wp-json\/wp\/v2\/pages\/9049","targetHints":{"allow":["GET"]}}],"collection":[{"href":"https:\/\/www.alivitpharm.com\/de\/wp-json\/wp\/v2\/pages"}],"about":[{"href":"https:\/\/www.alivitpharm.com\/de\/wp-json\/wp\/v2\/types\/page"}],"author":[{"embeddable":true,"href":"https:\/\/www.alivitpharm.com\/de\/wp-json\/wp\/v2\/users\/9"}],"replies":[{"embeddable":true,"href":"https:\/\/www.alivitpharm.com\/de\/wp-json\/wp\/v2\/comments?post=9049"}],"version-history":[{"count":0,"href":"https:\/\/www.alivitpharm.com\/de\/wp-json\/wp\/v2\/pages\/9049\/revisions"}],"wp:attachment":[{"href":"https:\/\/www.alivitpharm.com\/de\/wp-json\/wp\/v2\/media?parent=9049"}],"curies":[{"name":"wp","href":"https:\/\/api.w.org\/{rel}","templated":true}]}}