{"id":9078,"date":"2023-05-04T09:48:25","date_gmt":"2023-05-04T07:48:25","guid":{"rendered":"https:\/\/www.alivitpharm.com\/?page_id=9078"},"modified":"2023-05-04T13:00:38","modified_gmt":"2023-05-04T11:00:38","slug":"hoary-willowherb","status":"publish","type":"page","link":"https:\/\/www.alivitpharm.com\/de\/hoary-willowherb\/","title":{"rendered":"Scharfe Weidenr\u00f6schen"},"content":{"rendered":"<div data-elementor-type=\"wp-page\" data-elementor-id=\"9078\" class=\"elementor elementor-9078\">\n\t\t\t\t\t\t<section class=\"elementor-section elementor-top-section elementor-element elementor-element-8b91b07 elementor-section-content-middle elementor-section-boxed elementor-section-height-default elementor-section-height-default\" data-id=\"8b91b07\" data-element_type=\"section\" data-e-type=\"section\" data-settings=\"{&quot;background_background&quot;:&quot;classic&quot;}\">\n\t\t\t\t\t\t\t<div class=\"elementor-background-overlay\"><\/div>\n\t\t\t\t\t\t\t<div class=\"elementor-container elementor-column-gap-default\">\n\t\t\t\t\t<div class=\"elementor-column elementor-col-100 elementor-top-column elementor-element elementor-element-3d8d1c0\" data-id=\"3d8d1c0\" data-element_type=\"column\" data-e-type=\"column\">\n\t\t\t<div class=\"elementor-widget-wrap elementor-element-populated\">\n\t\t\t\t\t\t<div class=\"elementor-element elementor-element-84f16a6 elementor-widget elementor-widget-heading\" data-id=\"84f16a6\" data-element_type=\"widget\" data-e-type=\"widget\" data-widget_type=\"heading.default\">\n\t\t\t\t<div class=\"elementor-widget-container\">\n\t\t\t\t\t<h1 class=\"elementor-heading-title elementor-size-default\">Scharfe Weidenr\u00f6schen<\/h1>\t\t\t\t<\/div>\n\t\t\t\t<\/div>\n\t\t\t\t<div class=\"elementor-element elementor-element-e79260b elementor-widget elementor-widget-image\" data-id=\"e79260b\" data-element_type=\"widget\" data-e-type=\"widget\" data-widget_type=\"image.default\">\n\t\t\t\t<div class=\"elementor-widget-container\">\n\t\t\t\t\t\t\t\t\t\t\t\t\t\t\t<img decoding=\"async\" width=\"75\" height=\"33\" src=\"https:\/\/www.alivitpharm.com\/wp-content\/uploads\/2019\/07\/logo-leaf-new.png\" class=\"attachment-large size-large wp-image-2518\" alt=\"\" \/>\t\t\t\t\t\t\t\t\t\t\t\t\t\t\t<\/div>\n\t\t\t\t<\/div>\n\t\t\t\t<div class=\"elementor-element elementor-element-636e740 elementor-widget elementor-widget-text-editor\" data-id=\"636e740\" data-element_type=\"widget\" data-e-type=\"widget\" data-widget_type=\"text-editor.default\">\n\t\t\t\t<div class=\"elementor-widget-container\">\n\t\t\t\t\t\t\t\t\t<p><em>Epilobium parviflorum L. &#8211; Onagraceae<\/em><\/p>\t\t\t\t\t\t\t\t<\/div>\n\t\t\t\t<\/div>\n\t\t\t\t\t<\/div>\n\t\t<\/div>\n\t\t\t\t\t<\/div>\n\t\t<\/section>\n\t\t\t\t<section class=\"elementor-section elementor-top-section elementor-element elementor-element-32f898c elementor-section-boxed elementor-section-height-default elementor-section-height-default\" data-id=\"32f898c\" data-element_type=\"section\" data-e-type=\"section\" data-settings=\"{&quot;background_background&quot;:&quot;classic&quot;}\">\n\t\t\t\t\t\t<div class=\"elementor-container elementor-column-gap-default\">\n\t\t\t\t\t<div class=\"elementor-column elementor-col-100 elementor-top-column elementor-element elementor-element-4c2299e\" data-id=\"4c2299e\" data-element_type=\"column\" data-e-type=\"column\">\n\t\t\t<div class=\"elementor-widget-wrap elementor-element-populated\">\n\t\t\t\t\t\t<div class=\"elementor-element elementor-element-7386a41 elementor-widget elementor-widget-image\" data-id=\"7386a41\" data-element_type=\"widget\" data-e-type=\"widget\" data-widget_type=\"image.default\">\n\t\t\t\t<div class=\"elementor-widget-container\">\n\t\t\t\t\t\t\t\t\t\t\t\t\t\t\t<img decoding=\"async\" src=\"https:\/\/www.alivitpharm.com\/wp-content\/uploads\/2023\/05\/hoary-willowherb.jpg\" title=\"hoary-willowherb\" alt=\"Scharfe Weidenr\u00f6schen\" loading=\"lazy\" \/>\t\t\t\t\t\t\t\t\t\t\t\t\t\t\t<\/div>\n\t\t\t\t<\/div>\n\t\t\t\t<div class=\"elementor-element elementor-element-b4475f1 elementor-widget elementor-widget-text-editor\" data-id=\"b4475f1\" data-element_type=\"widget\" data-e-type=\"widget\" data-widget_type=\"text-editor.default\">\n\t\t\t\t<div class=\"elementor-widget-container\">\n\t\t\t\t\t\t\t\t\t<p><span class=\"jCAhz ChMk0b\"><span class=\"ryNqvb\"><strong>Scharfe Weidenr\u00f6schen<\/strong> wird in Mitteleuropa h\u00e4ufig als Heilpflanze verwendet.<\/span><\/span> <span class=\"jCAhz ChMk0b\"><span class=\"ryNqvb\">Es ist eine mehrj\u00e4hrige Pflanze, die in ganz Europa verbreitet ist.<\/span><\/span> <span class=\"jCAhz ChMk0b\"><span class=\"ryNqvb\">Der Baum erreicht eine H\u00f6he von 30 bis 80 cm, er ist aufrecht und behaart.<\/span><\/span> <span class=\"jCAhz ChMk0b\"><span class=\"ryNqvb\">Die Bl\u00e4tter sind lang, oval und gez\u00e4hnt und wachsen gegenst\u00e4ndig.<\/span><\/span> <span class=\"jCAhz ChMk0b\"><span class=\"ryNqvb\">Die winzigen, vierbl\u00e4ttrigen Bl\u00fcten sind blassrosa oder violett gef\u00e4rbt und bl\u00fchen normalerweise von Juni bis August.<\/span><\/span> <span class=\"jCAhz ChMk0b\"><span class=\"ryNqvb\">Die Frucht ist eine Schote, die kleine schwarze Samen enth\u00e4lt.<\/span><\/span><\/p><p><span class=\"jCAhz ChMk0b\"><span class=\"ryNqvb\">Der arzneilich genutzte Teil ist der oberirdische Teil der Weide und enth\u00e4lt zahlreiche Wirkstoffe: Phytosterole, Polyphenole, Gerbstoffe, Flavonoide (Myrizetin, Quercetin, Kaempferol), Beta-Sitosterole und deren Ester und Glykoside sowie organische S\u00e4uren (Galluss\u00e4ure, Egalins\u00e4ure, Kaffees\u00e4ure<\/span><\/span><span class=\"jCAhz ChMk0b\"><span class=\"ryNqvb\">, Chlorogens\u00e4ure).<\/span><\/span> <span class=\"jCAhz ChMk0b\"><span class=\"ryNqvb\">Untersuchungen haben gezeigt, dass der wichtigste Gerbstoff der Weide das makrozyklische Tannin Oenotein B und der wichtigste Flavonoidbestandteil Myricitrin ist.<\/span><\/span><\/p>\t\t\t\t\t\t\t\t<\/div>\n\t\t\t\t<\/div>\n\t\t\t\t<div class=\"elementor-element elementor-element-f274646 elementor-widget elementor-widget-image\" data-id=\"f274646\" data-element_type=\"widget\" data-e-type=\"widget\" data-widget_type=\"image.default\">\n\t\t\t\t<div class=\"elementor-widget-container\">\n\t\t\t\t\t\t\t\t\t\t\t\t\t\t\t<img decoding=\"async\" src=\"https:\/\/www.alivitpharm.com\/wp-content\/uploads\/2022\/09\/leaves.png\" title=\"leaves\" alt=\"Leaves\" loading=\"lazy\" \/>\t\t\t\t\t\t\t\t\t\t\t\t\t\t\t<\/div>\n\t\t\t\t<\/div>\n\t\t\t\t<div class=\"elementor-element elementor-element-df45833 elementor-widget elementor-widget-text-editor\" data-id=\"df45833\" data-element_type=\"widget\" data-e-type=\"widget\" data-widget_type=\"text-editor.default\">\n\t\t\t\t<div class=\"elementor-widget-container\">\n\t\t\t\t\t\t\t\t\t<p><span class=\"jCAhz ChMk0b\"><span class=\"ryNqvb\">Dieses Kraut wird bei der Behandlung von Prostatabeschwerden eingesetzt, und seine Verwendung wird insbesondere f\u00fcr Patienten empfohlen, bei denen eine gutartige Prostatahyperplasie diagnostiziert wurde.<\/span><\/span> <span class=\"jCAhz ChMk0b\"><span class=\"ryNqvb\">In der Literatur wird die antimikrobielle und entz\u00fcndungshemmende Wirkung (COX-Hemmer) der Weide erw\u00e4hnt, so dass sie neben ihrer positiven Wirkung bei Prostataerkrankungen auch bei Blasen- und Nierenerkrankungen empfohlen wird.<\/span><\/span> <span class=\"jCAhz ChMk0b\"><span class=\"ryNqvb\">Was die antimikrobielle Aktivit\u00e4t betrifft, so wurde nachgewiesen, dass die Weide eine starke Wirkung auf Bakterien und Pilze hat, wie z.B.: <em>Staphylococcus aureus<\/em>, <em>Enterococcus faecalis<\/em>, <em>Escherichia coli<\/em>, <em>Pseudomonas aeruginosa<\/em> und <em>Candida albicans<\/em>.<\/span><\/span> <span class=\"jCAhz ChMk0b\"><span class=\"ryNqvb\">Das Vorhandensein von Flavonoiden und Sitosterin hemmt die Synthese von Prostaglandinen und hemmt somit das Auftreten einer Entz\u00fcndungsreaktion.<\/span><\/span> <span class=\"jCAhz ChMk0b\"><span class=\"ryNqvb\">Der Hauptbestandteil des Tannins, das \u00d6notein B, hemmt nachweislich das Enzym 5\u03b1-Reduktase, einen der wichtigsten Wirkmechanismen herk\u00f6mmlicher Medikamente zur Behandlung der gutartigen Prostatahyperplasie.<\/span><\/span> <span class=\"jCAhz ChMk0b\"><span class=\"ryNqvb\">Die gutartige Prostatahyperplasie gilt als komplexe Erkrankung mit einer Vielzahl von Symptomen.<\/span><\/span> <span class=\"jCAhz ChMk0b\"><span class=\"ryNqvb\">Man geht davon aus, dass es sich um eine endokrinologische St\u00f6rung handelt, die durch ein Ungleichgewicht der Hormone, aber auch durch eine erh\u00f6hte Konzentration von Prostaglandinen und Leukotrienen verursacht wird.<\/span><\/span> <span class=\"jCAhz ChMk0b\"><span class=\"ryNqvb\">All dies deutet darauf hin, dass die Weide in solchen F\u00e4llen aufgrund ihrer antioxidativen und entz\u00fcndungshemmenden Wirkung eine sehr berechtigte Anwendung hat.<\/span><\/span><\/p><p><span class=\"jCAhz ChMk0b\"><span class=\"ryNqvb\">Krebs ist nach den Herz-Kreislauf-Erkrankungen die zweith\u00e4ufigste Todesursache in der Welt.<\/span><\/span> <span class=\"jCAhz ChMk0b\"><span class=\"ryNqvb\">Die derzeitigen therapeutischen Verfahren zur Behandlung onkologischer Erkrankungen sind mit einer Vielzahl unerw\u00fcnschter Reaktionen verbunden, so dass zunehmend versucht wird, nat\u00fcrliche Pr\u00e4parate zu entwickeln, die f\u00fcr die Vorbeugung und Behandlung dieser Krankheiten von gro\u00dfer Bedeutung sind.<\/span><\/span> <span class=\"jCAhz ChMk0b\"><span class=\"ryNqvb\">Unter diesen Pflanzen wurde die Weidenpflanze, Spezies <em>Epilobium parviflorum<\/em>, als Forschungsgegenstand gefunden, die aufgrund ihrer antiproliferativen und apoptotischen Wirkung eine signifikant positive Wirkung bei der Behandlung von Prostatakrebs zeigte.<\/span><\/span><\/p>\t\t\t\t\t\t\t\t<\/div>\n\t\t\t\t<\/div>\n\t\t\t\t<div class=\"elementor-element elementor-element-d0ee5bf elementor-widget elementor-widget-heading\" data-id=\"d0ee5bf\" data-element_type=\"widget\" data-e-type=\"widget\" data-widget_type=\"heading.default\">\n\t\t\t\t<div class=\"elementor-widget-container\">\n\t\t\t\t\t<h4 class=\"elementor-heading-title elementor-size-default\">Referenzen<\/h4>\t\t\t\t<\/div>\n\t\t\t\t<\/div>\n\t\t\t\t<div class=\"elementor-element elementor-element-87bfaf1 elementor-widget elementor-widget-text-editor\" data-id=\"87bfaf1\" data-element_type=\"widget\" data-e-type=\"widget\" data-widget_type=\"text-editor.default\">\n\t\t\t\t<div class=\"elementor-widget-container\">\n\t\t\t\t\t\t\t\t\t<ul><li><a class=\"reference-link\" href=\"https:\/\/pubmed.ncbi.nlm.nih.gov\/19107731\/\" target=\"_blank\" rel=\"noopener\">Antioxidant and antiinflammatory effect of Epilobium parviflorum Schreb<\/a><\/li><li><a class=\"reference-link\" href=\"https:\/\/europepmc.org\/article\/med\/19526676\" target=\"_blank\" rel=\"noopener\">Epilobium parviflorum&#8211;in vitro study of biological action<\/a><\/li><li><a class=\"reference-link\" href=\"http:\/\/ijt.arakmu.ac.ir\/browse.php?a_id=918&amp;slc_lang=en&amp;sid=1&amp;ftxt=1&amp;html=1\" target=\"_blank\" rel=\"noopener\">The Extracts of Epilobium Parviflorum Inhibit MCF-7 Breast Cancer Cells<\/a><\/li><\/ul>\t\t\t\t\t\t\t\t<\/div>\n\t\t\t\t<\/div>\n\t\t\t\t\t<\/div>\n\t\t<\/div>\n\t\t\t\t\t<\/div>\n\t\t<\/section>\n\t\t\t\t<\/div>","protected":false},"excerpt":{"rendered":"<p>Hoary Willowherb Epilobium parviflorum L. &#8211; Onagraceae Hoary willowherb is commonly used as a medicinal plant in Central Europe. It is a perennial plant, and it is widespread throughout Europe. Its tree reaches a height of 30 cm to 80 cm, it is upright and covered with hairs. The leaves are long, oval and toothed, &hellip;<\/p>\n<p class=\"read-more\"> <a class=\"\" href=\"https:\/\/www.alivitpharm.com\/de\/hoary-willowherb\/\"> <span class=\"screen-reader-text\">Scharfe Weidenr\u00f6schen<\/span> Weiterlesen &raquo;<\/a><\/p>","protected":false},"author":9,"featured_media":0,"parent":0,"menu_order":0,"comment_status":"closed","ping_status":"closed","template":"","meta":{"site-sidebar-layout":"no-sidebar","site-content-layout":"page-builder","ast-global-header-display":"","ast-main-header-display":"","ast-hfb-above-header-display":"","ast-hfb-below-header-display":"","ast-hfb-mobile-header-display":"","site-post-title":"disabled","ast-breadcrumbs-content":"","ast-featured-img":"disabled","footer-sml-layout":"","theme-transparent-header-meta":"","adv-header-id-meta":"","stick-header-meta":"","header-above-stick-meta":"","header-main-stick-meta":"","header-below-stick-meta":"","footnotes":""},"class_list":["post-9078","page","type-page","status-publish","hentry"],"_links":{"self":[{"href":"https:\/\/www.alivitpharm.com\/de\/wp-json\/wp\/v2\/pages\/9078","targetHints":{"allow":["GET"]}}],"collection":[{"href":"https:\/\/www.alivitpharm.com\/de\/wp-json\/wp\/v2\/pages"}],"about":[{"href":"https:\/\/www.alivitpharm.com\/de\/wp-json\/wp\/v2\/types\/page"}],"author":[{"embeddable":true,"href":"https:\/\/www.alivitpharm.com\/de\/wp-json\/wp\/v2\/users\/9"}],"replies":[{"embeddable":true,"href":"https:\/\/www.alivitpharm.com\/de\/wp-json\/wp\/v2\/comments?post=9078"}],"version-history":[{"count":0,"href":"https:\/\/www.alivitpharm.com\/de\/wp-json\/wp\/v2\/pages\/9078\/revisions"}],"wp:attachment":[{"href":"https:\/\/www.alivitpharm.com\/de\/wp-json\/wp\/v2\/media?parent=9078"}],"curies":[{"name":"wp","href":"https:\/\/api.w.org\/{rel}","templated":true}]}}