{"id":9896,"date":"2023-12-21T09:34:45","date_gmt":"2023-12-21T07:34:45","guid":{"rendered":"https:\/\/www.alivitpharm.com\/?page_id=9896"},"modified":"2023-12-22T09:09:35","modified_gmt":"2023-12-22T07:09:35","slug":"parsley","status":"publish","type":"page","link":"https:\/\/www.alivitpharm.com\/de\/parsley\/","title":{"rendered":"Petersilienbl\u00e4ttern"},"content":{"rendered":"<div data-elementor-type=\"wp-page\" data-elementor-id=\"9896\" class=\"elementor elementor-9896\">\n\t\t\t\t\t\t<section class=\"elementor-section elementor-top-section elementor-element elementor-element-442d962 elementor-section-content-middle elementor-section-boxed elementor-section-height-default elementor-section-height-default\" data-id=\"442d962\" data-element_type=\"section\" data-e-type=\"section\" data-settings=\"{&quot;background_background&quot;:&quot;classic&quot;}\">\n\t\t\t\t\t\t\t<div class=\"elementor-background-overlay\"><\/div>\n\t\t\t\t\t\t\t<div class=\"elementor-container elementor-column-gap-default\">\n\t\t\t\t\t<div class=\"elementor-column elementor-col-100 elementor-top-column elementor-element elementor-element-d0dcbed\" data-id=\"d0dcbed\" data-element_type=\"column\" data-e-type=\"column\">\n\t\t\t<div class=\"elementor-widget-wrap elementor-element-populated\">\n\t\t\t\t\t\t<div class=\"elementor-element elementor-element-50ce098 elementor-widget elementor-widget-heading\" data-id=\"50ce098\" data-element_type=\"widget\" data-e-type=\"widget\" data-widget_type=\"heading.default\">\n\t\t\t\t<div class=\"elementor-widget-container\">\n\t\t\t\t\t<h1 class=\"elementor-heading-title elementor-size-default\">Petersilienbl\u00e4ttern<\/h1>\t\t\t\t<\/div>\n\t\t\t\t<\/div>\n\t\t\t\t<div class=\"elementor-element elementor-element-fb6294f elementor-widget elementor-widget-image\" data-id=\"fb6294f\" data-element_type=\"widget\" data-e-type=\"widget\" data-widget_type=\"image.default\">\n\t\t\t\t<div class=\"elementor-widget-container\">\n\t\t\t\t\t\t\t\t\t\t\t\t\t\t\t<img decoding=\"async\" width=\"75\" height=\"33\" src=\"https:\/\/www.alivitpharm.com\/wp-content\/uploads\/2019\/07\/logo-leaf-new.png\" class=\"attachment-large size-large wp-image-2518\" alt=\"\" \/>\t\t\t\t\t\t\t\t\t\t\t\t\t\t\t<\/div>\n\t\t\t\t<\/div>\n\t\t\t\t<div class=\"elementor-element elementor-element-2d0cb70 elementor-widget elementor-widget-text-editor\" data-id=\"2d0cb70\" data-element_type=\"widget\" data-e-type=\"widget\" data-widget_type=\"text-editor.default\">\n\t\t\t\t<div class=\"elementor-widget-container\">\n\t\t\t\t\t\t\t\t\t<p><em>Petroselinum crispus L. &#8211; Apiaceae<\/em><\/p>\t\t\t\t\t\t\t\t<\/div>\n\t\t\t\t<\/div>\n\t\t\t\t\t<\/div>\n\t\t<\/div>\n\t\t\t\t\t<\/div>\n\t\t<\/section>\n\t\t\t\t<section class=\"elementor-section elementor-top-section elementor-element elementor-element-9e3776a elementor-section-boxed elementor-section-height-default elementor-section-height-default\" data-id=\"9e3776a\" data-element_type=\"section\" data-e-type=\"section\" data-settings=\"{&quot;background_background&quot;:&quot;classic&quot;}\">\n\t\t\t\t\t\t<div class=\"elementor-container elementor-column-gap-default\">\n\t\t\t\t\t<div class=\"elementor-column elementor-col-100 elementor-top-column elementor-element elementor-element-85c3258\" data-id=\"85c3258\" data-element_type=\"column\" data-e-type=\"column\">\n\t\t\t<div class=\"elementor-widget-wrap elementor-element-populated\">\n\t\t\t\t\t\t<div class=\"elementor-element elementor-element-209e9a7 elementor-widget elementor-widget-image\" data-id=\"209e9a7\" data-element_type=\"widget\" data-e-type=\"widget\" data-widget_type=\"image.default\">\n\t\t\t\t<div class=\"elementor-widget-container\">\n\t\t\t\t\t\t\t\t\t\t\t\t\t\t\t<img decoding=\"async\" src=\"https:\/\/www.alivitpharm.com\/wp-content\/uploads\/2023\/12\/parsley.png\" title=\"parsley\" alt=\"Petersilienbl\u00e4ttern\" loading=\"lazy\" \/>\t\t\t\t\t\t\t\t\t\t\t\t\t\t\t<\/div>\n\t\t\t\t<\/div>\n\t\t\t\t<div class=\"elementor-element elementor-element-ad3e4c1 elementor-widget elementor-widget-text-editor\" data-id=\"ad3e4c1\" data-element_type=\"widget\" data-e-type=\"widget\" data-widget_type=\"text-editor.default\">\n\t\t\t\t<div class=\"elementor-widget-container\">\n\t\t\t\t\t\t\t\t\t<p><span class=\"JLqJ4b ChMk0b\"><span class=\"Q4iAWc\"><strong>Petersilienbl\u00e4ttern<\/strong> s<span class=\"jCAhz ChMk0b\"><span class=\"ryNqvb\">ind eine zweij\u00e4hrige Kulturpflanze<\/span><\/span> <span class=\"jCAhz ChMk0b\"><span class=\"ryNqvb\">Die Wurzel ist spindelf\u00f6rmig.<\/span><\/span> <span class=\"jCAhz ChMk0b\"><span class=\"ryNqvb\">Im ersten Jahr entwickelt sich eine Blattrosette aus tief geteilten Bl\u00e4ttern, die Bl\u00e4tter sind hellgr\u00fcn gef\u00e4rbt.<\/span><\/span> <span class=\"jCAhz ChMk0b\"><span class=\"ryNqvb\">Medizinische Teile der Pflanze sind die getrocknete Wurzel und das Blatt.<\/span><\/span> <span class=\"jCAhz ChMk0b\"><span class=\"ryNqvb\">Diese Pflanze wird sowohl als Gew\u00fcrz als auch als Heilpflanze verwendet.<\/span><\/span> <span class=\"jCAhz ChMk0b\"><span class=\"ryNqvb\">Es wird seit mehr als 2000 Jahren in S\u00fcdosteuropa und Westasien angebaut.<\/span><\/span> <span class=\"jCAhz ChMk0b\"><span class=\"ryNqvb\">Die medizinischen Eigenschaften der Petersilie wurden erstmals im antiken Griechenland erw\u00e4hnt<\/span><\/span><\/span><\/span><span style=\"font-size: 16px;\">.<\/span><\/p><p><span class=\"jCAhz ChMk0b\"><span class=\"ryNqvb\">Die Wurzel enth\u00e4lt 0,1\u20130,5 % \u00e4therisches \u00d6l und die h\u00e4ufigsten Bestandteile des \u00d6ls sind die Phenylpropanverbindungen Apiol und Myristicin.<\/span><\/span> <span class=\"jCAhz ChMk0b\"><span class=\"ryNqvb\">Au\u00dferdem enth\u00e4lt die Petersilienwurzel Flavonoid-Heteroside (Apiin, Apioside), Furanocumarine, Polyacetylene, Zucker und Schleim.<\/span><\/span> <span class=\"jCAhz ChMk0b\"><span class=\"ryNqvb\">Petersilienbl\u00e4tter enthalten neben \u00e4therischem \u00d6l auch Flavonoide, die Vitamine A, B1, B2 und C. Petersilie hat eine harntreibende Wirkung (f\u00f6rdert die Urinausscheidung) und weist au\u00dferdem eine milde krampfl\u00f6sende Wirkung auf (entspannt die glatte Muskulatur der Harnwege), daher kann<\/span><\/span> <span class=\"jCAhz ChMk0b\"><span class=\"ryNqvb\">es auch zur Linderung von Kr\u00e4mpfen bei Erkrankungen des Harnsystems bei M\u00e4nnern und Frauen empfohlen werden.<\/span><\/span> <span class=\"jCAhz ChMk0b\"><span class=\"ryNqvb\">\u00c4therisches Petersilien\u00f6l hat eine antioxidative und entz\u00fcndungshemmende Wirkung, blockiert Kalziumkan\u00e4le (im Darmtrakt und in der Geb\u00e4rmutter) und hat eine antitumorale Wirkung, sodass es zur Krebspr\u00e4vention empfohlen werden kann.<\/span><\/span> <span class=\"jCAhz ChMk0b\"><span class=\"ryNqvb\">Au\u00dferdem zeigt Petersilie eine immunmodulatorische Wirkung, indem sie die Aktivit\u00e4t von Zellen ver\u00e4ndert, die Teil des Immunsystems sind.<\/span><\/span><\/p>\t\t\t\t\t\t\t\t<\/div>\n\t\t\t\t<\/div>\n\t\t\t\t<div class=\"elementor-element elementor-element-4535db9 elementor-widget elementor-widget-image\" data-id=\"4535db9\" data-element_type=\"widget\" data-e-type=\"widget\" data-widget_type=\"image.default\">\n\t\t\t\t<div class=\"elementor-widget-container\">\n\t\t\t\t\t\t\t\t\t\t\t\t\t\t\t<img decoding=\"async\" src=\"https:\/\/www.alivitpharm.com\/wp-content\/uploads\/2022\/09\/leaves.png\" title=\"leaves\" alt=\"Leaves\" loading=\"lazy\" \/>\t\t\t\t\t\t\t\t\t\t\t\t\t\t\t<\/div>\n\t\t\t\t<\/div>\n\t\t\t\t<div class=\"elementor-element elementor-element-101817f elementor-widget elementor-widget-text-editor\" data-id=\"101817f\" data-element_type=\"widget\" data-e-type=\"widget\" data-widget_type=\"text-editor.default\">\n\t\t\t\t<div class=\"elementor-widget-container\">\n\t\t\t\t\t\t\t\t\t<p><span class=\"jCAhz ChMk0b\"><span class=\"ryNqvb\">Petersilienextrakte zeigen eine antimikrobielle Breitbandaktivit\u00e4t gegen eine gro\u00dfe Anzahl von Bakterien, wie zum Beispiel: <em>B. subtilis<\/em>, <em>P. aeruginosa<\/em>, <em>S. epidermidis<\/em>, <em>S. aureus<\/em>, <em>E. coli<\/em>, <em>Klebsiella pneumoniae.<\/em> Petersilie hat auch eine bakterizide Wirkung bei bakteriellen Infektionen <em>Helicobacter pylori<\/em>, und zus\u00e4tzlich zu ihrer antibakteriellen Wirkung hat diese Pflanze auch eine antimykotische Wirkung (sie eignet sich hervorragend zur Bek\u00e4mpfung von Pilzinfektionen).<\/span><\/span>\u00a0<span class=\"jCAhz ChMk0b\"><span class=\"ryNqvb\">Der t\u00e4gliche Verzehr von Petersilie kann die Glukosekonzentration im Blut erheblich senken, m\u00f6glicherweise durch Hemmung der Glukoneogenese und direkte Stimulierung der Glykolyse, und wird auch als Mittel zur Verbesserung der Nahrungsverdauung eingesetzt.<\/span><\/span><\/p><p><span class=\"jCAhz ChMk0b\"><span class=\"ryNqvb\">In Form von Teemischungen sowie einigen Phytopr\u00e4paraten wird es als Diuretikum bei Harnwegsinfektionen sowie zur Behandlung von Harnwegssteinen eingesetzt.<\/span><\/span> <span class=\"jCAhz ChMk0b\"><span class=\"ryNqvb\">In der traditionellen Medizin wird Petersilie bei n\u00e4chtlichem Wasserlassen bei Kindern sowie bei unregelm\u00e4\u00dfiger Menstruation (Dysmenorrhoe) eingesetzt.<\/span><\/span> <span class=\"jCAhz ChMk0b\"><span class=\"ryNqvb\">Petersilie ist eine phototoxische Pflanze, daher m\u00fcssen Sie sich bei der Verwendung von Pr\u00e4paraten auf Petersilienbasis vor Sonnenlicht sch\u00fctzen und Cremes mit einem hohen Schutzfaktor an K\u00f6rperstellen verwenden, die nicht von Kleidung bedeckt sind.<\/span><\/span> <span class=\"jCAhz ChMk0b\"><span class=\"ryNqvb\">Die Verwendung von Petersilie ist w\u00e4hrend der Schwangerschaft sowie bei Personen mit geschw\u00e4chter Nierenfunktion kontraindiziert.<\/span><\/span> <span class=\"jCAhz ChMk0b\"><span class=\"ryNqvb\">Allergische Reaktionen auf Petersilie sind m\u00f6glich, daf\u00fcr sind Furocumarine und Polyacetylene verantwortlich, weshalb Allergiker bei der Verwendung von Petersilienpr\u00e4paraten Vorsicht walten lassen m\u00fcssen.<\/span><\/span><\/p>\t\t\t\t\t\t\t\t<\/div>\n\t\t\t\t<\/div>\n\t\t\t\t<div class=\"elementor-element elementor-element-9877679 elementor-widget elementor-widget-heading\" data-id=\"9877679\" data-element_type=\"widget\" data-e-type=\"widget\" data-widget_type=\"heading.default\">\n\t\t\t\t<div class=\"elementor-widget-container\">\n\t\t\t\t\t<h4 class=\"elementor-heading-title elementor-size-default\">Referenzen<\/h4>\t\t\t\t<\/div>\n\t\t\t\t<\/div>\n\t\t\t\t<div class=\"elementor-element elementor-element-28f2f34 elementor-widget elementor-widget-text-editor\" data-id=\"28f2f34\" data-element_type=\"widget\" data-e-type=\"widget\" data-widget_type=\"text-editor.default\">\n\t\t\t\t<div class=\"elementor-widget-container\">\n\t\t\t\t\t\t\t\t\t<ul><li><a class=\"reference-link\" href=\"https:\/\/www.sciencedirect.com\/topics\/agricultural-and-biological-sciences\/petroselinum-crispum\" target=\"_blank\" rel=\"noopener\">Petroselinum Crispum<\/a><\/li><\/ul>\t\t\t\t\t\t\t\t<\/div>\n\t\t\t\t<\/div>\n\t\t\t\t\t<\/div>\n\t\t<\/div>\n\t\t\t\t\t<\/div>\n\t\t<\/section>\n\t\t\t\t<\/div>","protected":false},"excerpt":{"rendered":"<p>Parsley Petroselinum crispus L. &#8211; Apiaceae Parsley is a biennial, cultivated plant. The root is spindle-shaped. In the first year, a leaf rosette is developed consisting of deeply divided leaves, the leaves are light green in color. Medicinal parts of the plant are the dried root and leaf. This plant is used both as a &hellip;<\/p>\n<p class=\"read-more\"> <a class=\"\" href=\"https:\/\/www.alivitpharm.com\/de\/parsley\/\"> <span class=\"screen-reader-text\">Petersilienbl\u00e4ttern<\/span> Weiterlesen &raquo;<\/a><\/p>","protected":false},"author":9,"featured_media":0,"parent":0,"menu_order":0,"comment_status":"closed","ping_status":"closed","template":"","meta":{"site-sidebar-layout":"no-sidebar","site-content-layout":"page-builder","ast-global-header-display":"","ast-main-header-display":"","ast-hfb-above-header-display":"","ast-hfb-below-header-display":"","ast-hfb-mobile-header-display":"","site-post-title":"disabled","ast-breadcrumbs-content":"","ast-featured-img":"disabled","footer-sml-layout":"","theme-transparent-header-meta":"","adv-header-id-meta":"","stick-header-meta":"","header-above-stick-meta":"","header-main-stick-meta":"","header-below-stick-meta":"","footnotes":""},"class_list":["post-9896","page","type-page","status-publish","hentry"],"_links":{"self":[{"href":"https:\/\/www.alivitpharm.com\/de\/wp-json\/wp\/v2\/pages\/9896","targetHints":{"allow":["GET"]}}],"collection":[{"href":"https:\/\/www.alivitpharm.com\/de\/wp-json\/wp\/v2\/pages"}],"about":[{"href":"https:\/\/www.alivitpharm.com\/de\/wp-json\/wp\/v2\/types\/page"}],"author":[{"embeddable":true,"href":"https:\/\/www.alivitpharm.com\/de\/wp-json\/wp\/v2\/users\/9"}],"replies":[{"embeddable":true,"href":"https:\/\/www.alivitpharm.com\/de\/wp-json\/wp\/v2\/comments?post=9896"}],"version-history":[{"count":0,"href":"https:\/\/www.alivitpharm.com\/de\/wp-json\/wp\/v2\/pages\/9896\/revisions"}],"wp:attachment":[{"href":"https:\/\/www.alivitpharm.com\/de\/wp-json\/wp\/v2\/media?parent=9896"}],"curies":[{"name":"wp","href":"https:\/\/api.w.org\/{rel}","templated":true}]}}