{"id":10418,"date":"2024-02-06T13:21:57","date_gmt":"2024-02-06T11:21:57","guid":{"rendered":"https:\/\/www.alivitpharm.com\/?post_type=product&#038;p=10418"},"modified":"2026-02-26T16:22:56","modified_gmt":"2026-02-26T14:22:56","slug":"diabetstop","status":"publish","type":"product","link":"https:\/\/www.alivitpharm.com\/de\/product\/diabetstop\/","title":{"rendered":"DIABETSTOP"},"content":{"rendered":"<div class=\"product-accordion\">\n<div class=\"btn\">\u00dcBER DIABETSTOP<\/div>\n<div class=\"board\">\n<div>\n      <b>DIABETSTOP\u00ae<\/b> wurde f\u00fcr Personen mit Typ-I- und Typ-II-Diabetes sowie f\u00fcr Personen mit gest\u00f6rtem Glukosestoffwechsel oder Diabetes in der Familie entwickelt.<\/p>\n<p>Diese Formel unterst\u00fctzt die Blutzuckerregulierung durch die Kombination von fermentiertem Knoblauch, Zimt, Chrom und Zink. Fermentierter Knoblauch unterst\u00fctzt die Immunfunktion und die Herz-Kreislauf-Gesundheit, indem er einen gesunden Cholesterin- und Homocysteinspiegel aufrechterh\u00e4lt. Zimt unterst\u00fctzt einen gesunden Blutzucker- und Lipidspiegel, verbessert die Verdauung, reduziert Bl\u00e4hungen und erh\u00f6ht die Insulinsensitivit\u00e4t, wodurch er bei Insulinresistenz geeignet ist. Er verlangsamt au\u00dferdem den Kohlenhydratabbau und reduziert so die Zuckermenge, die nach den Mahlzeiten in den Blutkreislauf gelangt. Vitamin B6 unterst\u00fctzt den Protein- und Kohlenhydratstoffwechsel. Zusammen mit B1 und B12 tr\u00e4gt es zu einem normalen Energiestoffwechsel bei. Fols\u00e4ure und Vitamin B12 unterst\u00fctzen die Zellteilung und tragen zur Verringerung von M\u00fcdigkeit bei. Zink unterst\u00fctzt den Fett- und Kohlenhydratstoffwechsel und hilft beim Transport von Glukose zur Energiegewinnung in die Zellen. Chrom tr\u00e4gt zur Aufrechterhaltung eines normalen Blutzuckerspiegels bei. Alpha-Lipons\u00e4ure hilft, diabetische Komplikationen wie Nervensch\u00e4den (Neuropathie) zu verhindern und zu lindern, die sich durch Brennen, Kribbeln, Taubheitsgef\u00fchl oder Schmerzen in H\u00e4nden und F\u00fc\u00dfen \u00e4u\u00dfern. Insgesamt wirken diese Inhaltsstoffe synergistisch, um den Blutzuckerspiegel zu senken, die Nerven vor oxidativem Stress zu sch\u00fctzen (Neuropathie vorzubeugen) und das Risiko diabetischer Komplikationen zu verz\u00f6gern oder zu verringern.\n    <\/p><\/div>\n<\/p><\/div>\n<div class=\"btn\">ZUTATEN<\/div>\n<div class=\"board\">\n<div>\n      90 Weichgelatinekapseln<\/p>\n<p>      <b>\u2022<\/b> Pulver aus <a class=\"custom-link\" href=\"\/de\/black-garlic\/\">fermentierter Knoblauchknolle <i>(Allium sativum)<\/i><\/a>;<br \/>\n      <b>\u2022<\/b> Pulver aus <a class=\"custom-link\" href=\"\/de\/ceylon-cinnamon\/\">Ceylon-Zimtrinde <i>(Cinnamomum ceylonicum)<\/i><\/a>;<br \/>\n      <b>\u2022<\/b> <a class=\"custom-link\" href=\"\/de\/alpha-lipoic-acid\/\">Alpha-Lipons\u00e4ure<\/a>;<br \/>\n      <b>\u2022<\/b> <a class=\"custom-link\" href=\"\/de\/zinc\/\">Zinkcitrat-Trihydrat<\/a>;<br \/>\n      <b>\u2022<\/b> <a class=\"custom-link\" href=\"\/de\/chromium\/\">Chrom(III)-chlorid-Hexahydrat<\/a>;<br \/>\n      <b>\u2022<\/b> <a class=\"custom-link\" href=\"\/de\/vitamin-b1\/\">Thiaminmononitrat (Vitamin B1)<\/a>;<br \/>\n      <b>\u2022<\/b> <a class=\"custom-link\" href=\"\/de\/vitamin-b6\/\">Pyridoxinhydrochlorid (Vitamin B6)<\/a>;<br \/>\n      <b>\u2022<\/b> <a class=\"custom-link\" href=\"\/de\/vitamin-b12\/\">Cyanocobalamin (Vitamin B12)<\/a>;<br \/>\n      <b>\u2022<\/b> <a class=\"custom-link\" href=\"\/de\/folic-acid\/\">Fols\u00e4ure<\/a>;<br \/>\n      <b>\u2022<\/b> Kapsel (Gelatine, gereinigtes Wasser, Farbstoff: Calciumcarbonat), Siliciumdioxid, Magnesiumstearat;\n    <\/div>\n<\/p><\/div>\n<div class=\"btn\">WIE MAN SIE BENUTZT<\/div>\n<div class=\"board\">\n<div>\n      F\u00fcr Personen \u00fcber 14 Jahre wird empfohlen, dreimal t\u00e4glich eine Kapsel w\u00e4hrend oder nach einer Mahlzeit einzunehmen. Das Produkt kann \u00fcber einen l\u00e4ngeren Zeitraum eingenommen werden. Schlucken Sie die ganze Kapsel mit Fl\u00fcssigkeit.<\/p>\n<p>      <b>WARNHINWEISE:<\/b><br \/>\n      <b>\u2022<\/b> Die empfohlene Tagesdosis nicht \u00fcberschreiten.<br \/>\n      <b>\u2022<\/b> Das Produkt ist nicht f\u00fcr Personen unter 14 Jahren, Personen mit eingeschr\u00e4nkter Leberfunktion sowie schwangere oder stillende Frauen bestimmt.<br \/>\n      <b>\u2022<\/b> Nicht anwenden bei \u00dcberempfindlichkeit gegen einen der Inhaltsstoffe.<br \/>\n      <b>\u2022<\/b> Fragen Sie Ihren Arzt um Rat, wenn Sie Medikamente einnehmen.<br \/>\n      <b>\u2022<\/b> Nicht gleichzeitig mit gerinnungshemmenden Medikamenten einnehmen.<br \/>\n      <b>\u2022<\/b> Vor einer geplanten Operation muss die Anwendung dieses Produkts abgebrochen werden.<br \/>\n      <b>\u2022<\/b> Diabetikern wird empfohlen, w\u00e4hrend der Anwendung des Produkts ihren Blutzuckerspiegel zu kontrollieren.\n    <\/div>\n<\/p><\/div>\n<\/div>","protected":false},"excerpt":{"rendered":"<div class=\"my-product-info\">\n<div class=\"two-categories\">\n<div>\n            <img decoding=\"async\" src=\"https:\/\/www.alivitpharm.com\/wp-content\/uploads\/2025\/05\/icon-9.png\" alt=\"100% nat\u00fcrlich\" width=\"50px\" height=\"50px\" \/><\/p>\n<div>100% nat\u00fcrlich<\/div>\n<\/p><\/div>\n<div>\n            <img decoding=\"async\" src=\"https:\/\/www.alivitpharm.com\/wp-content\/uploads\/2025\/05\/icon-10.png\" alt=\"GMO-frei\" width=\"50px\" height=\"50px\" \/><\/p>\n<div>GMO-frei<\/div>\n<\/p><\/div>\n<div>\n            <img decoding=\"async\" src=\"https:\/\/www.alivitpharm.com\/wp-content\/uploads\/2025\/05\/icon-15.png\" alt=\"Glutenfrei\" width=\"50px\" height=\"50px\" \/><\/p>\n<div>Glutenfrei<\/div>\n<\/p><\/div>\n<\/p><\/div>\n<\/div>\n<ul>\n<li>Empfohlen bei hohem Blutzucker.<\/li>\n<li>Hilft Patientinnen mit Insulinresistenz.<\/li>\n<li>Vorbeugung von Insulinresistenz bei Patientinnen mit polyzystischem Ovarialsyndrom.<\/li>\n<li>Beugt der Entwicklung einer diabetischen Polyneuropathie vor.<\/li>\n<\/ul>\n<p><a class=\"category-pdf-btn\" href=\"https:\/\/www.alivitpharm.com\/wp-content\/uploads\/2025\/07\/phytotherapy_in_managing_the_endocrine_disorders_and_hormonal_balance_en.pdf\" target=\"_blank\" rel=\"noopener\">Erfahren Sie mehr \u00fcber endokrine St\u00f6rungen und Hormonhaushalt<\/a><\/p>","protected":false},"featured_media":13126,"comment_status":"open","ping_status":"closed","template":"","meta":{"site-sidebar-layout":"default","site-content-layout":"default","ast-global-header-display":"","ast-main-header-display":"","ast-hfb-above-header-display":"","ast-hfb-below-header-display":"","ast-hfb-mobile-header-display":"","site-post-title":"","ast-breadcrumbs-content":"","ast-featured-img":"","footer-sml-layout":"","theme-transparent-header-meta":"default","adv-header-id-meta":"","stick-header-meta":"","header-above-stick-meta":"","header-main-stick-meta":"","header-below-stick-meta":""},"product_brand":[],"product_cat":[172,183],"product_tag":[],"class_list":{"0":"post-10418","1":"product","2":"type-product","3":"status-publish","4":"has-post-thumbnail","6":"product_cat-hormonal-balance","7":"product_cat-womens-health","8":"desktop-align-center","9":"tablet-align-center","10":"mobile-align-center","12":"first","13":"instock","14":"shipping-taxable","15":"purchasable","16":"product-type-simple"},"_links":{"self":[{"href":"https:\/\/www.alivitpharm.com\/de\/wp-json\/wp\/v2\/product\/10418","targetHints":{"allow":["GET"]}}],"collection":[{"href":"https:\/\/www.alivitpharm.com\/de\/wp-json\/wp\/v2\/product"}],"about":[{"href":"https:\/\/www.alivitpharm.com\/de\/wp-json\/wp\/v2\/types\/product"}],"replies":[{"embeddable":true,"href":"https:\/\/www.alivitpharm.com\/de\/wp-json\/wp\/v2\/comments?post=10418"}],"wp:featuredmedia":[{"embeddable":true,"href":"https:\/\/www.alivitpharm.com\/de\/wp-json\/wp\/v2\/media\/13126"}],"wp:attachment":[{"href":"https:\/\/www.alivitpharm.com\/de\/wp-json\/wp\/v2\/media?parent=10418"}],"wp:term":[{"taxonomy":"product_brand","embeddable":true,"href":"https:\/\/www.alivitpharm.com\/de\/wp-json\/wp\/v2\/product_brand?post=10418"},{"taxonomy":"product_cat","embeddable":true,"href":"https:\/\/www.alivitpharm.com\/de\/wp-json\/wp\/v2\/product_cat?post=10418"},{"taxonomy":"product_tag","embeddable":true,"href":"https:\/\/www.alivitpharm.com\/de\/wp-json\/wp\/v2\/product_tag?post=10418"}],"curies":[{"name":"wp","href":"https:\/\/api.w.org\/{rel}","templated":true}]}}