{"id":11264,"date":"2024-12-20T10:26:38","date_gmt":"2024-12-20T08:26:38","guid":{"rendered":"https:\/\/www.alivitpharm.com\/?post_type=product&#038;p=11264"},"modified":"2026-03-30T08:44:54","modified_gmt":"2026-03-30T06:44:54","slug":"vitamin-d3-4000-iu","status":"publish","type":"product","link":"https:\/\/www.alivitpharm.com\/de\/product\/vitamin-d3-4000-iu\/","title":{"rendered":"VITAMIN D3 4000 IU"},"content":{"rendered":"<div class=\"product-accordion\">\n<div class=\"btn\">\u00dcBER VITAMIN D3 4000 IU<\/div>\n<div class=\"board\">\n<div>\n      <b>VITAMIN D3 4000 IU\u00ae<\/b> tr\u00e4gt zur Erhaltung normaler Knochen und Muskelfunktionen bei. Es unterst\u00fctzt die ordnungsgem\u00e4\u00dfe Aufnahme und Verwertung von Kalzium und Phosphor. Vitamin D3 spielt eine Rolle bei der Zellteilung und tr\u00e4gt zur normalen Funktion des Immunsystems bei. Wissenschaftliche Studien haben gezeigt, dass Vitamin-D-Mangel mit der Entwicklung von Autoimmunerkrankungen wie Multipler Sklerose, Typ-1-Diabetes, rheumatoider Arthritis, Psoriasis und entz\u00fcndlichen Darmerkrankungen in Verbindung gebracht werden kann. Vitamin D spielt au\u00dferdem eine Rolle bei der Reduzierung von Entz\u00fcndungen und der Regulierung des Hautzellwachstums, weshalb es h\u00e4ufig in der Psoriasis-Therapie eingesetzt wird. Dar\u00fcber hinaus hat Vitamin D einen starken Einfluss auf die Herz-Kreislauf-Gesundheit, hilft bei der Regulierung des Blutdrucks und senkt das Risiko von Herzerkrankungen.\n    <\/div>\n<\/p><\/div>\n<div class=\"btn\">ZUTATEN<\/div>\n<div class=\"board\">\n<div>\n      90 Weichgelatinekapseln<\/p>\n<p>      <b>\u2022<\/b> <a class=\"custom-link\" href=\"\/de\/vitamin-d3\/\">Cholecalciferol (Vitamin D3)<\/a>;<br \/>\n      <b>\u2022<\/b> <a class=\"custom-link\" href=\"\/de\/olive-oil\/\">Oliven\u00f6l<\/a>;<br \/>\n      <b>\u2022<\/b> Rindergelatine, Feuchthaltemittel: Glycerin, gereinigtes Wasser, Antioxidationsmittel: DL-\u03b1-Tocopherylacetat;\n    <\/div>\n<\/p><\/div>\n<div class=\"btn\">WIE MAN SIE BENUTZT<\/div>\n<div class=\"board\">\n<div>\n      Personen \u00fcber 18 Jahren wird die t\u00e4gliche Einnahme einer Tablette w\u00e4hrend oder nach einer Mahlzeit empfohlen. Die Kapsel unzerkaut mit Fl\u00fcssigkeit schlucken. Geeignet f\u00fcr Diabetiker.<\/p>\n<p>      <b>WARNHINWEISE:<\/b><br \/>\n      <b>\u2022<\/b> Das Produkt ist nicht f\u00fcr Personen unter 18 Jahren bestimmt.<br \/>\n      <b>\u2022<\/b> Nicht anwenden bei \u00dcberempfindlichkeit gegen einen der Inhaltsstoffe.<br \/>\n      <b>\u2022<\/b> Das Produkt ist nicht f\u00fcr Personen mit Hyperkalz\u00e4mie und Hyperthyreose bestimmt.<br \/>\n      <b>\u2022<\/b> Vorsichtsma\u00dfnahmen sind bei Personen erforderlich, die in ihrer Therapie Thiazide, kardiotonische Glykoside, Rifampicin, Isoniazid, Phenytoin, Barbiturate und Kortikosteroide verwenden.<br \/>\n      <b>\u2022<\/b> Schwangere und stillende Frauen sollten vor der Anwendung dieses Produkts ihren Arzt konsultieren.<br \/>\n      <b>\u2022<\/b> Dieses Produkt muss unter Aufsicht eines Arztes verwendet werden!\n    <\/div>\n<\/p><\/div>\n<\/div>","protected":false},"excerpt":{"rendered":"<div class=\"my-product-info\">\n<div class=\"two-categories\">\n<div>\n            <img decoding=\"async\" src=\"https:\/\/www.alivitpharm.com\/wp-content\/uploads\/2025\/05\/icon-9.png\" alt=\"100% nat\u00fcrlich\" width=\"50px\" height=\"50px\" \/><\/p>\n<div>100% nat\u00fcrlich<\/div>\n<\/p><\/div>\n<div>\n            <img decoding=\"async\" src=\"https:\/\/www.alivitpharm.com\/wp-content\/uploads\/2025\/05\/icon-10.png\" alt=\"GMO-frei\" width=\"50px\" height=\"50px\" \/><\/p>\n<div>GMO-frei<\/div>\n<\/p><\/div>\n<div>\n            <img decoding=\"async\" src=\"https:\/\/www.alivitpharm.com\/wp-content\/uploads\/2025\/05\/icon-15.png\" alt=\"Glutenfrei\" width=\"50px\" height=\"50px\" \/><\/p>\n<div>Glutenfrei<\/div>\n<\/p><\/div>\n<\/p><\/div>\n<\/div>\n<ul>\n<li>Unterst\u00fctzt die normale Funktion des Immunsystems.<\/li>\n<li>Tr\u00e4gt zur Erhaltung gesunder Knochen bei.<\/li>\n<li>Tr\u00e4gt zur Erhaltung normaler Muskelfunktionen bei.<\/li>\n<li>Unterst\u00fctzt die normale Aufnahme und Verwertung von Kalzium und Phosphor.<\/li>\n<\/ul>","protected":false},"featured_media":13112,"comment_status":"open","ping_status":"closed","template":"","meta":{"site-sidebar-layout":"default","site-content-layout":"default","ast-global-header-display":"","ast-main-header-display":"","ast-hfb-above-header-display":"","ast-hfb-below-header-display":"","ast-hfb-mobile-header-display":"","site-post-title":"","ast-breadcrumbs-content":"","ast-featured-img":"","footer-sml-layout":"","theme-transparent-header-meta":"default","adv-header-id-meta":"","stick-header-meta":"","header-above-stick-meta":"","header-main-stick-meta":"","header-below-stick-meta":""},"product_brand":[],"product_cat":[172,174],"product_tag":[],"class_list":{"0":"post-11264","1":"product","2":"type-product","3":"status-publish","4":"has-post-thumbnail","6":"product_cat-hormonal-balance","7":"product_cat-immune-system","8":"desktop-align-center","9":"tablet-align-center","10":"mobile-align-center","12":"first","13":"instock","14":"shipping-taxable","15":"purchasable","16":"product-type-simple"},"_links":{"self":[{"href":"https:\/\/www.alivitpharm.com\/de\/wp-json\/wp\/v2\/product\/11264","targetHints":{"allow":["GET"]}}],"collection":[{"href":"https:\/\/www.alivitpharm.com\/de\/wp-json\/wp\/v2\/product"}],"about":[{"href":"https:\/\/www.alivitpharm.com\/de\/wp-json\/wp\/v2\/types\/product"}],"replies":[{"embeddable":true,"href":"https:\/\/www.alivitpharm.com\/de\/wp-json\/wp\/v2\/comments?post=11264"}],"wp:featuredmedia":[{"embeddable":true,"href":"https:\/\/www.alivitpharm.com\/de\/wp-json\/wp\/v2\/media\/13112"}],"wp:attachment":[{"href":"https:\/\/www.alivitpharm.com\/de\/wp-json\/wp\/v2\/media?parent=11264"}],"wp:term":[{"taxonomy":"product_brand","embeddable":true,"href":"https:\/\/www.alivitpharm.com\/de\/wp-json\/wp\/v2\/product_brand?post=11264"},{"taxonomy":"product_cat","embeddable":true,"href":"https:\/\/www.alivitpharm.com\/de\/wp-json\/wp\/v2\/product_cat?post=11264"},{"taxonomy":"product_tag","embeddable":true,"href":"https:\/\/www.alivitpharm.com\/de\/wp-json\/wp\/v2\/product_tag?post=11264"}],"curies":[{"name":"wp","href":"https:\/\/api.w.org\/{rel}","templated":true}]}}