{"id":11790,"date":"2025-03-07T10:20:18","date_gmt":"2025-03-07T08:20:18","guid":{"rendered":"https:\/\/www.alivitpharm.com\/?post_type=product&#038;p=11790"},"modified":"2026-04-01T08:40:54","modified_gmt":"2026-04-01T06:40:54","slug":"parazit-stop-complex","status":"publish","type":"product","link":"https:\/\/www.alivitpharm.com\/de\/product\/parazit-stop-complex\/","title":{"rendered":"PARAZIT STOP (ANTIPARAZIT) COMPLEX"},"content":{"rendered":"<div class=\"product-accordion\">\n<div class=\"btn\">\u00dcBER PARAZIT STOP (ANTIPARAZIT) COMPLEX<\/div>\n<div class=\"board\">\n<div>\n<p><b>PARAZIT STOP (ANTIPARAZIT) COMPLEX\u00ae<\/b> besteht aus zwei Produkten, PARAZIT STOP (ANTIPARAZIT) I und PARAZIT STOP (ANTIPARAZIT) II, die synergetisch zusammenwirken, um eine gesunde, parasitenfreie Darmumgebung aufrechtzuerhalten und die ordnungsgem\u00e4\u00dfe Funktion des Verdauungstrakts zu unterst\u00fctzen.<\/p>\n<p>Thymiankraut, Beifu\u00dfkraut und Nelkenbl\u00fcten tragen zur normalen Funktion des Magen-Darm-Trakts bei und unterst\u00fctzen dessen Reinigung. Diese Pflanzen haben eine nat\u00fcrliche antiparasit\u00e4re Wirkung. Feigen enthalten Enzyme, die die Proteinstrukturen von Helminthen abbauen. Ingwer f\u00f6rdert die Ausscheidung von Parasiten und reduziert deren Entz\u00fcndungsreaktionen. Knoblauch wirkt antibakteriell und antioxidativ, unterst\u00fctzt das Immunsystem und verringert die \u00dcberlebens- und Vermehrungsf\u00e4higkeit von Parasiten. Papayabl\u00e4tter verbessern die Verdauung und tragen zur Beseitigung von Darmparasiten bei. Schwarzer Pfeffer hat signifikante antioxidative Eigenschaften, tr\u00e4gt mit seiner antimikrobiellen und antiparasit\u00e4ren Wirkung zur Erhaltung der K\u00f6rperintegrit\u00e4t bei und unterst\u00fctzt die Funktion des Immunsystems. Kurkuma wirkt entz\u00fcndungshemmend, w\u00e4hrend Oregano traditionell zur Unterst\u00fctzung der Verdauung eingesetzt wird, allerdings sch\u00e4digt es auch die Zellmembran des Parasiten.<\/p>\n<\/div>\n<\/div>\n<div class=\"btn\">ZUTATEN<\/div>\n<div class=\"board\">\n<div>\nPARAZIT STOP (ANTIPARAZIT) I: 28 Weichgelatinekapseln<br \/>\nPARAZIT STOP (ANTIPARAZIT) II: 60 Weichgelatinekapseln<\/p>\n<p><b>PARAZIT STOP (ANTIPARAZIT) I:<\/b><br \/>\n<b>\u2022<\/b> Extrakt aus <a class=\"custom-link\" href=\"\/de\/thyme\/\">dem Kraut des Echtem Thymians <i>(Thymus vulgaris)<\/i><\/a> in <a class=\"custom-link\" href=\"\/de\/olive-oil\/\">Oliven\u00f6l<\/a>;<br \/>\n<b>\u2022<\/b> Extrakt aus <a class=\"custom-link\" href=\"\/de\/sweet-wormwood\/\">Einj\u00e4hrigem Beifu\u00dfkraut <i>(Artemisia annua)<\/i><\/a> in <a class=\"custom-link\" href=\"\/de\/olive-oil\/\">Oliven\u00f6l<\/a>;<br \/>\n<b>\u2022<\/b> Extrakt aus <a class=\"custom-link\" href=\"\/de\/ginger\/\">Ingwer-Rhizom <i>(Zingiber officinale)<\/i><\/a> in <a class=\"custom-link\" href=\"\/de\/olive-oil\/\">Oliven\u00f6l<\/a>;<br \/>\n<b>\u2022<\/b> Extrakt aus <a class=\"custom-link\" href=\"\/de\/fig-tree\/\">Feigenbl\u00e4ttern <i>(Ficus carica)<\/i><\/a> in <a class=\"custom-link\" href=\"\/de\/olive-oil\/\">Oliven\u00f6l<\/a>;<br \/>\n<b>\u2022<\/b> Extrakt aus <a class=\"custom-link\" href=\"\/de\/clove\/\">Nelkenbl\u00fcten <i>(Syzygium aromaticum)<\/i><\/a> in <a class=\"custom-link\" href=\"\/de\/olive-oil\/\">Oliven\u00f6l<\/a>;<br \/>\n<b>\u2022<\/b> Rindergelatine, Glycerin (Feuchthaltemittel), gereinigtes Wasser, Antioxidationsmittel: DL \u03b1-Tocopherylacetat;<\/p>\n<p><b>PARAZIT STOP (ANTIPARAZIT) II:<\/b><br \/>\n<b>\u2022<\/b> Extrakt aus <a class=\"custom-link\" href=\"\/de\/garlic\/\">frischer Knoblauchknolle <i>(Allium sativum)<\/i><\/a> in <a class=\"custom-link\" href=\"\/de\/olive-oil\/\">Oliven\u00f6l<\/a>;<br \/>\n<b>\u2022<\/b> Extrakt aus <a class=\"custom-link\" href=\"\/de\/papaya\/\">Papaya-Bl\u00e4ttern <i>(Carica papaya)<\/i><\/a> in <a class=\"custom-link\" href=\"\/de\/olive-oil\/\">Oliven\u00f6l<\/a>;<br \/>\n<b>\u2022<\/b> Extrakt aus <a class=\"custom-link\" href=\"\/de\/black-pepper\/\">der Frucht des schwarzen Pfeffers <i>(Piper nigrum)<\/i><\/a> in <a class=\"custom-link\" href=\"\/de\/olive-oil\/\">Oliven\u00f6l<\/a>;<br \/>\n<b>\u2022<\/b> Extrakt aus <a class=\"custom-link\" href=\"\/de\/black-walnut\/\">der Schale der Schwarznuss <i>(Juglans nigra)<\/i><\/a> in <a class=\"custom-link\" href=\"\/de\/olive-oil\/\">Oliven\u00f6l<\/a>;<br \/>\n<b>\u2022<\/b> Extrakt aus <a class=\"custom-link\" href=\"\/de\/turmeric\/\">Kurkuma-Rhizom <i>(Curcuma longa)<\/i><\/a> in <a class=\"custom-link\" href=\"\/de\/olive-oil\/\">Oliven\u00f6l<\/a>;<br \/>\n<b>\u2022<\/b> Extrakt aus <a class=\"custom-link\" href=\"\/de\/oregano\/\">Oregano-Kraut <i>(Origanum vulgare)<\/i><\/a> in <a class=\"custom-link\" href=\"\/de\/olive-oil\/\">Oliven\u00f6l<\/a>;<br \/>\n<b>\u2022<\/b> Extrakt aus <a class=\"custom-link\" href=\"\/de\/black-garlic\/\">fermentierter Knoblauchknolle <i>(Allium sativum)<\/i><\/a> in <a class=\"custom-link\" href=\"\/de\/olive-oil\/\">Oliven\u00f6l<\/a>;<br \/>\n<b>\u2022<\/b> Rindergelatine, Glycerin, gereinigtes Wasser, Siliciumdioxid (Trennmittel), Farbstoff: schwarze Holzkohle, Antioxidationsmittel: DL-\u03b1-Tocopherylacetat;<\/div>\n<\/div>\n<div class=\"btn\">WIE MAN SIE BENUTZT<\/div>\n<div class=\"board\">\n<div>\n<p>F\u00fcr Personen \u00fcber 18 Jahre wird empfohlen, 14 Tage lang morgens zwei gelbe Kapseln PARAZIT STOP (ANTIPARAZIT) I und abends zwei schwarze Kapseln PARAZIT STOP (ANTIPARAZIT) II zu oder nach den Mahlzeiten einzunehmen. Anschlie\u00dfend nehmen Sie abends nur noch zwei Kapseln PARAZIT STOP (ANTIPARAZIT) II ein. Die Kapseln sind unzerkaut mit Fl\u00fcssigkeit zu schlucken. Das Produkt ist auch f\u00fcr Diabetiker geeignet.<\/p>\n<p><b>WARNHINWEISE:<\/b><br \/>\n<b>\u2022<\/b> Die empfohlene Tagesdosis nicht \u00fcberschreiten.<br \/>\n<b>\u2022<\/b> Nicht empfohlen f\u00fcr Personen mit Verdauungsst\u00f6rungen, Schilddr\u00fcsenerkrankungen, schwangere oder stillende Frauen sowie Personen unter 18 Jahren.<br \/>\n<b>\u2022<\/b> Nicht anwenden bei \u00dcberempfindlichkeit gegen einen der Inhaltsstoffe.<br \/>\n<b>\u2022<\/b> Fragen Sie Ihren Arzt um Rat, wenn Sie Medikamente einnehmen.<br \/>\n<b>\u2022<\/b> Nicht gleichzeitig mit gerinnungshemmenden Medikamenten einnehmen.<br \/>\n<b>\u2022<\/b> Die Einnahme 7 Tage vor einer geplanten Operation abbrechen.<br \/>\n<b>\u2022<\/b> Es wird empfohlen, PARAZIT STOP (ANTIPARAZIT) I Kapseln nicht l\u00e4nger als zwei Wochen am St\u00fcck einzunehmen.<\/p>\n<\/div>\n<\/div>\n<\/div>","protected":false},"excerpt":{"rendered":"<div class=\"my-product-info\">\n<div class=\"two-categories\">\n<div>\n            <img decoding=\"async\" src=\"https:\/\/www.alivitpharm.com\/wp-content\/uploads\/2025\/05\/icon-9.png\" alt=\"100% nat\u00fcrlich\" width=\"50px\" height=\"50px\" \/><\/p>\n<div>100% nat\u00fcrlich<\/div>\n<\/p><\/div>\n<div>\n            <img decoding=\"async\" src=\"https:\/\/www.alivitpharm.com\/wp-content\/uploads\/2025\/05\/icon-10.png\" alt=\"GMO-frei\" width=\"50px\" height=\"50px\" \/><\/p>\n<div>GMO-frei<\/div>\n<\/p><\/div>\n<div>\n            <img decoding=\"async\" src=\"https:\/\/www.alivitpharm.com\/wp-content\/uploads\/2025\/05\/icon-15.png\" alt=\"Glutenfrei\" width=\"50px\" height=\"50px\" \/><\/p>\n<div>Glutenfrei<\/div>\n<\/p><\/div>\n<\/p><\/div>\n<\/div>\n<ul>\n<li>Tr\u00e4gt zum Verschwinden von Darmparasiten bei.<\/li>\n<li>Beschleunigt den \u00dcbergang der Toxoplasmose von der aktiven in die latente Phase bei Frauen, die sich einer k\u00fcnstlichen Befruchtung unterziehen.<\/li>\n<li>Verbessert die Verdauung.<\/li>\n<li>Tr\u00e4gt zur normalen Funktion des Verdauungstrakts bei.<\/li>\n<li>Stimuliert das Wachstum n\u00fctzlicher Darmmikrobiota.<\/li>\n<\/ul>\n<p><a class=\"category-pdf-btn\" href=\"https:\/\/www.alivitpharm.com\/wp-content\/uploads\/2025\/07\/phytotherapy_in_the_treatment_of_parasitic_infections_en.pdf\" target=\"_blank\" rel=\"noopener\">Erfahren Sie mehr \u00fcber Phytotherapie bei der Behandlung von parasit\u00e4ren Infektionen<\/a><\/p>","protected":false},"featured_media":13535,"comment_status":"open","ping_status":"closed","template":"","meta":{"site-sidebar-layout":"default","site-content-layout":"default","ast-global-header-display":"","ast-main-header-display":"","ast-hfb-above-header-display":"","ast-hfb-below-header-display":"","ast-hfb-mobile-header-display":"","site-post-title":"","ast-breadcrumbs-content":"","ast-featured-img":"","footer-sml-layout":"","theme-transparent-header-meta":"default","adv-header-id-meta":"","stick-header-meta":"","header-above-stick-meta":"","header-main-stick-meta":"","header-below-stick-meta":""},"product_brand":[],"product_cat":[171,170,178],"product_tag":[],"class_list":{"0":"post-11790","1":"product","2":"type-product","3":"status-publish","4":"has-post-thumbnail","6":"product_cat-detox-revitalization","7":"product_cat-digestive-system","8":"product_cat-parasitic-infections","9":"desktop-align-center","10":"tablet-align-center","11":"mobile-align-center","13":"first","14":"instock","15":"shipping-taxable","16":"purchasable","17":"product-type-simple"},"_links":{"self":[{"href":"https:\/\/www.alivitpharm.com\/de\/wp-json\/wp\/v2\/product\/11790","targetHints":{"allow":["GET"]}}],"collection":[{"href":"https:\/\/www.alivitpharm.com\/de\/wp-json\/wp\/v2\/product"}],"about":[{"href":"https:\/\/www.alivitpharm.com\/de\/wp-json\/wp\/v2\/types\/product"}],"replies":[{"embeddable":true,"href":"https:\/\/www.alivitpharm.com\/de\/wp-json\/wp\/v2\/comments?post=11790"}],"wp:featuredmedia":[{"embeddable":true,"href":"https:\/\/www.alivitpharm.com\/de\/wp-json\/wp\/v2\/media\/13535"}],"wp:attachment":[{"href":"https:\/\/www.alivitpharm.com\/de\/wp-json\/wp\/v2\/media?parent=11790"}],"wp:term":[{"taxonomy":"product_brand","embeddable":true,"href":"https:\/\/www.alivitpharm.com\/de\/wp-json\/wp\/v2\/product_brand?post=11790"},{"taxonomy":"product_cat","embeddable":true,"href":"https:\/\/www.alivitpharm.com\/de\/wp-json\/wp\/v2\/product_cat?post=11790"},{"taxonomy":"product_tag","embeddable":true,"href":"https:\/\/www.alivitpharm.com\/de\/wp-json\/wp\/v2\/product_tag?post=11790"}],"curies":[{"name":"wp","href":"https:\/\/api.w.org\/{rel}","templated":true}]}}