{"id":13614,"date":"2025-11-12T14:47:31","date_gmt":"2025-11-12T12:47:31","guid":{"rendered":"https:\/\/www.alivitpharm.com\/?post_type=product&#038;p=13614"},"modified":"2026-04-16T09:15:34","modified_gmt":"2026-04-16T07:15:34","slug":"magnezijum-bisglicinat-plus-b6","status":"publish","type":"product","link":"https:\/\/www.alivitpharm.com\/de\/product\/magnezijum-bisglicinat-plus-b6\/","title":{"rendered":"MAGNEZIJUM BISGLICINAT plus B6"},"content":{"rendered":"<div class=\"product-accordion\">\n<div class=\"btn\">\u00dcBER MAGNEZIJUM BISGLICINAT plus B6<\/div>\n<div class=\"board\">\n<div><b>MAGNEZIJUM BISGLICINAT plus B6\u00ae<\/b> -Kapseln sind ein Nahrungserg\u00e4nzungsmittel, das bei Stress, Anspannung, Reizbarkeit, Angstzust\u00e4nden und Schlafst\u00f6rungen empfohlen wird. Es eignet sich auch f\u00fcr Menschen, die k\u00f6rperlich stark beansprucht werden, sowie f\u00fcr Sportler. Diese Magnesiumform wird zudem bei Frauenbeschwerden wie dem pr\u00e4menstruellen Syndrom (PMS), Dysmenorrhoe (Menstruationsbeschwerden) und Wechseljahresbeschwerden empfohlen.<\/p>\n<p>Magnesiumbisglycinat ist eine chelatierte Form von Magnesium, die aufgrund der Bindung des Magnesiums an die Aminos\u00e4ure Glycin leicht vom K\u00f6rper aufgenommen wird. Es gilt als eine der am besten bioverf\u00fcgbaren Magnesiumformen und ist magenfreundlich, wodurch es sich f\u00fcr Menschen mit empfindlichem Magen-Darm-Trakt eignet. Magnesium tr\u00e4gt zur Verringerung von M\u00fcdigkeit und Ersch\u00f6pfung, zu einem normalen Energiestoffwechsel, einer normalen psychischen Funktion, einer normalen Funktion des Nervensystems, einer normalen Muskelfunktion und zum Erhalt normaler Knochen bei.<\/p>\n<p>Vitamin B6 tr\u00e4gt zu einem normalen Protein- und Glykogenstoffwechsel, einer normalen Cystein-Synthese und einem normalen Homocystein-Stoffwechsel bei, tr\u00e4gt zu einem normalen Energiestoffwechsel und zur Regulierung der Hormonaktivit\u00e4t bei.<\/p><\/div>\n<\/div>\n<div class=\"btn\">ZUTATEN<\/div>\n<div class=\"board\">\n<div>60 Hartkapseln<\/p>\n<p><b>\u2022<\/b> <a class=\"custom-link\" href=\"\/de\/magnesium\/\">Magnesium<\/a>;<br \/>\n<b>\u2022<\/b> <a class=\"custom-link\" href=\"\/de\/vitamin-b6\/\">Pyridoxinhydrochlorid (Vitamin B6)<\/a>;<br \/>\n<b>\u2022<\/b> Kapsel (Calciumcarbonat, Hydroxypropylmethylcellulose), Trennmittel: Siliciumdioxid, Magnesiumstearat;<\/p>\n<\/div>\n<\/div>\n<div class=\"btn\">WIE MAN SIE BENUTZT<\/div>\n<div class=\"board\">\n<div>F\u00fcr Personen \u00fcber 14 Jahren wird die Einnahme von ein bis vier Kapseln t\u00e4glich, w\u00e4hrend oder nach einer Mahlzeit, empfohlen. Die Kapsel unzerkaut mit Fl\u00fcssigkeit schlucken. Geeignet f\u00fcr Diabetiker.<\/p>\n<p><b>WARNHINWEISE:<\/b><br \/>\n<b>\u2022<\/b> Die empfohlene Tagesdosis nicht \u00fcberschreiten.<br \/>\n<b>\u2022<\/b> Das Produkt ist nicht f\u00fcr Personen unter 14 Jahren.<br \/>\n<b>\u2022<\/b> Nicht anwenden bei \u00dcberempfindlichkeit gegen einen der Inhaltsstoffe.<br \/>\n<b>\u2022<\/b> Schwangere und stillende Frauen sollten vor der Anwendung dieses Produkts ihren Arzt konsultieren.<\/p>\n<\/div>\n<\/div>\n<\/div>","protected":false},"excerpt":{"rendered":"<div class=\"my-product-info\">\n<div class=\"two-categories\">\n<div><img decoding=\"async\" src=\"https:\/\/www.alivitpharm.com\/wp-content\/uploads\/2025\/05\/icon-9.png\" alt=\"100% nat\u00fcrlich\" width=\"50px\" height=\"50px\" \/><\/p>\n<div>100% nat\u00fcrlich<\/div>\n<\/div>\n<div><img decoding=\"async\" src=\"https:\/\/www.alivitpharm.com\/wp-content\/uploads\/2025\/05\/icon-10.png\" alt=\"GMO-frei\" width=\"50px\" height=\"50px\" \/><\/p>\n<div>GMO-frei<\/div>\n<\/div>\n<div><img decoding=\"async\" src=\"https:\/\/www.alivitpharm.com\/wp-content\/uploads\/2025\/05\/icon-15.png\" alt=\"Glutenfrei\" width=\"50px\" height=\"50px\" \/><\/p>\n<div>Glutenfrei<\/div>\n<\/div>\n<\/div>\n<\/div>\n<ul>\n<li>Essentielles Lebensmittel f\u00fcr ein gesundes Herz und Gehirn.<\/li>\n<li>Wirkt antioxidativ und hat einen positiven Einfluss auf den Blutfettspiegel.<\/li>\n<li>Tr\u00e4gt zur Verringerung von M\u00fcdigkeit und Ersch\u00f6pfung bei.<\/li>\n<li>F\u00f6rdert eine normale psychische Funktion.<\/li>\n<li>Verbessert die Schlafqualit\u00e4t.<\/li>\n<li>Tr\u00e4gt zu einer normalen Muskelfunktion und zum Erhalt gesunder Knochen bei.<\/li>\n<\/ul>","protected":false},"featured_media":13616,"comment_status":"open","ping_status":"closed","template":"","meta":{"site-sidebar-layout":"default","site-content-layout":"default","ast-global-header-display":"","ast-main-header-display":"","ast-hfb-above-header-display":"","ast-hfb-below-header-display":"","ast-hfb-mobile-header-display":"","site-post-title":"","ast-breadcrumbs-content":"","ast-featured-img":"","footer-sml-layout":"","theme-transparent-header-meta":"default","adv-header-id-meta":"","stick-header-meta":"","header-above-stick-meta":"","header-main-stick-meta":"","header-below-stick-meta":""},"product_brand":[],"product_cat":[169,179,175],"product_tag":[],"class_list":{"0":"post-13614","1":"product","2":"type-product","3":"status-publish","4":"has-post-thumbnail","6":"product_cat-cardiovascular-health","7":"product_cat-mens-health","8":"product_cat-nervous-system-protection","9":"desktop-align-center","10":"tablet-align-center","11":"mobile-align-center","13":"first","14":"instock","15":"shipping-taxable","16":"purchasable","17":"product-type-simple"},"_links":{"self":[{"href":"https:\/\/www.alivitpharm.com\/de\/wp-json\/wp\/v2\/product\/13614","targetHints":{"allow":["GET"]}}],"collection":[{"href":"https:\/\/www.alivitpharm.com\/de\/wp-json\/wp\/v2\/product"}],"about":[{"href":"https:\/\/www.alivitpharm.com\/de\/wp-json\/wp\/v2\/types\/product"}],"replies":[{"embeddable":true,"href":"https:\/\/www.alivitpharm.com\/de\/wp-json\/wp\/v2\/comments?post=13614"}],"wp:featuredmedia":[{"embeddable":true,"href":"https:\/\/www.alivitpharm.com\/de\/wp-json\/wp\/v2\/media\/13616"}],"wp:attachment":[{"href":"https:\/\/www.alivitpharm.com\/de\/wp-json\/wp\/v2\/media?parent=13614"}],"wp:term":[{"taxonomy":"product_brand","embeddable":true,"href":"https:\/\/www.alivitpharm.com\/de\/wp-json\/wp\/v2\/product_brand?post=13614"},{"taxonomy":"product_cat","embeddable":true,"href":"https:\/\/www.alivitpharm.com\/de\/wp-json\/wp\/v2\/product_cat?post=13614"},{"taxonomy":"product_tag","embeddable":true,"href":"https:\/\/www.alivitpharm.com\/de\/wp-json\/wp\/v2\/product_tag?post=13614"}],"curies":[{"name":"wp","href":"https:\/\/api.w.org\/{rel}","templated":true}]}}