{"id":13620,"date":"2025-11-12T15:21:15","date_gmt":"2025-11-12T13:21:15","guid":{"rendered":"https:\/\/www.alivitpharm.com\/?post_type=product&#038;p=13620"},"modified":"2026-02-19T10:33:41","modified_gmt":"2026-02-19T08:33:41","slug":"koenzim-q10","status":"publish","type":"product","link":"https:\/\/www.alivitpharm.com\/de\/product\/koenzim-q10\/","title":{"rendered":"KOENZIM Q10"},"content":{"rendered":"<div class=\"product-accordion\">\n<div class=\"btn\">\u00dcBER KOENZIM Q10<\/div>\n<div class=\"board\">\n<div>\n<p><b>Koenzim Q10\u00ae<\/b> -Kapseln sind ein Nahrungserg\u00e4nzungsmittel, das bei Herz-Kreislauf-Erkrankungen empfohlen wird und auch als Erg\u00e4nzung zur Statintherapie (Medikamente zur Senkung des Cholesterin- und Triglyceridspiegels) eingesetzt werden kann. Mit zunehmendem Alter produziert der K\u00f6rper immer weniger Coenzym Q10, weshalb es notwendig ist, es \u00fcber die Nahrung oder Nahrungserg\u00e4nzungsmittel aufzunehmen. Jede Zelle enth\u00e4lt Coenzym Q10, insbesondere die Mitochondrien, und ist somit an der Energieproduktion beteiligt.<\/p>\n<p>Coenzym Q10 beugt der Entstehung von Arteriosklerose vor und sch\u00fctzt die Blutgef\u00e4\u00dfe, verbessert die Herzfunktion und Stoffwechselparameter, erh\u00f6ht die Produktion von Antioxidantien und lindert dadurch oxidativen Stress in den Blutgef\u00e4\u00dfen bei Menschen mit Bluthochdruck. Zudem tr\u00e4gt es zum Erhalt der Muskelfunktion bei. Ein Mangel an Coenzym Q10 f\u00fchrt beim Menschen zu M\u00fcdigkeit, Energielosigkeit, nachlassender geistiger Leistungsf\u00e4higkeit und einem geschw\u00e4chten Immunsystem.<\/p>\n<\/div>\n<\/div>\n<div class=\"btn\">ZUTATEN<\/div>\n<div class=\"board\">\n<div>60 Hartkapseln<\/p>\n<p><b>\u2022<\/b> <a class=\"custom-link\" href=\"\/de\/coenzyme-q10\/\">Koenzim Q10<\/a>;<br \/>\n<b>\u2022<\/b> F\u00fcllstoff: mikrokristalline Cellulose, Trennmittel: Magnesiumstearat und Siliciumdioxid, Kapsel (Gelatine, Farbstoff: Calciumcarbonat);<\/div>\n<\/div>\n<div class=\"btn\">WIE MAN SIE BENUTZT<\/div>\n<div class=\"board\">\n<div>Es wird empfohlen, t\u00e4glich eine Kapsel w\u00e4hrend oder nach einer Mahlzeit einzunehmen. Die Kapsel unzerkaut mit Fl\u00fcssigkeit schlucken.<\/p>\n<p><b>WARNHINWEISE:<\/b><br \/>\n<b>\u2022<\/b> Die empfohlene Tagesdosis nicht \u00fcberschreiten.<br \/>\n<b>\u2022<\/b> Nicht anwenden bei \u00dcberempfindlichkeit gegen einen der Inhaltsstoffe.<br \/>\n<b>\u2022<\/b> Personen, die Warfarin einnehmen, sollten dieses Produkt nicht verwenden.<br \/>\n<b>\u2022<\/b> Diabetiker und Personen mit Neigung zu Unterzuckerungen sollten Coenzym Q10 mit Vorsicht anwenden.<\/div>\n<\/div>\n<\/div>","protected":false},"excerpt":{"rendered":"<div class=\"my-product-info\">\n<div class=\"two-categories\">\n<div>\n            <img decoding=\"async\" src=\"https:\/\/www.alivitpharm.com\/wp-content\/uploads\/2025\/05\/icon-9.png\" alt=\"100% nat\u00fcrlich\" width=\"50px\" height=\"50px\" \/><\/p>\n<div>100% nat\u00fcrlich<\/div>\n<\/p><\/div>\n<div>\n            <img decoding=\"async\" src=\"https:\/\/www.alivitpharm.com\/wp-content\/uploads\/2025\/05\/icon-10.png\" alt=\"GMO-frei\" width=\"50px\" height=\"50px\" \/><\/p>\n<div>GMO-frei<\/div>\n<\/p><\/div>\n<div>\n            <img decoding=\"async\" src=\"https:\/\/www.alivitpharm.com\/wp-content\/uploads\/2025\/05\/icon-15.png\" alt=\"Glutenfrei\" width=\"50px\" height=\"50px\" \/><\/p>\n<div>Glutenfrei<\/div>\n<\/p><\/div>\n<\/p><\/div>\n<\/div>\n<ul>\n<li>Beugt der Entstehung von Arteriosklerose vor.<\/li>\n<li>Verbessert die Herzfunktion und Stoffwechselparameter.<\/li>\n<li>Steigert die Produktion von Antioxidantien und lindert so oxidativen Stress in den Blutgef\u00e4\u00dfen bei Menschen mit Bluthochdruck.<\/li>\n<li>Sch\u00fctzt die Blutgef\u00e4\u00dfe und tr\u00e4gt zum Erhalt der Muskelfunktion bei.<\/li>\n<li>Wird als Erg\u00e4nzung zur Statintherapie empfohlen.<\/li>\n<\/ul>","protected":false},"featured_media":13618,"comment_status":"open","ping_status":"closed","template":"","meta":{"site-sidebar-layout":"default","site-content-layout":"default","ast-global-header-display":"","ast-main-header-display":"","ast-hfb-above-header-display":"","ast-hfb-below-header-display":"","ast-hfb-mobile-header-display":"","site-post-title":"","ast-breadcrumbs-content":"","ast-featured-img":"","footer-sml-layout":"","theme-transparent-header-meta":"default","adv-header-id-meta":"","stick-header-meta":"","header-above-stick-meta":"","header-main-stick-meta":"","header-below-stick-meta":""},"product_brand":[],"product_cat":[169,174,175],"product_tag":[],"class_list":{"0":"post-13620","1":"product","2":"type-product","3":"status-publish","4":"has-post-thumbnail","6":"product_cat-cardiovascular-health","7":"product_cat-immune-system","8":"product_cat-nervous-system-protection","9":"desktop-align-center","10":"tablet-align-center","11":"mobile-align-center","13":"first","14":"instock","15":"shipping-taxable","16":"purchasable","17":"product-type-simple"},"_links":{"self":[{"href":"https:\/\/www.alivitpharm.com\/de\/wp-json\/wp\/v2\/product\/13620","targetHints":{"allow":["GET"]}}],"collection":[{"href":"https:\/\/www.alivitpharm.com\/de\/wp-json\/wp\/v2\/product"}],"about":[{"href":"https:\/\/www.alivitpharm.com\/de\/wp-json\/wp\/v2\/types\/product"}],"replies":[{"embeddable":true,"href":"https:\/\/www.alivitpharm.com\/de\/wp-json\/wp\/v2\/comments?post=13620"}],"wp:featuredmedia":[{"embeddable":true,"href":"https:\/\/www.alivitpharm.com\/de\/wp-json\/wp\/v2\/media\/13618"}],"wp:attachment":[{"href":"https:\/\/www.alivitpharm.com\/de\/wp-json\/wp\/v2\/media?parent=13620"}],"wp:term":[{"taxonomy":"product_brand","embeddable":true,"href":"https:\/\/www.alivitpharm.com\/de\/wp-json\/wp\/v2\/product_brand?post=13620"},{"taxonomy":"product_cat","embeddable":true,"href":"https:\/\/www.alivitpharm.com\/de\/wp-json\/wp\/v2\/product_cat?post=13620"},{"taxonomy":"product_tag","embeddable":true,"href":"https:\/\/www.alivitpharm.com\/de\/wp-json\/wp\/v2\/product_tag?post=13620"}],"curies":[{"name":"wp","href":"https:\/\/api.w.org\/{rel}","templated":true}]}}