{"id":13763,"date":"2026-01-19T15:20:54","date_gmt":"2026-01-19T13:20:54","guid":{"rendered":"https:\/\/www.alivitpharm.com\/?post_type=product&#038;p=13763"},"modified":"2026-02-26T16:22:38","modified_gmt":"2026-02-26T14:22:38","slug":"ovarinova","status":"publish","type":"product","link":"https:\/\/www.alivitpharm.com\/de\/product\/ovarinova\/","title":{"rendered":"OVARINOVA"},"content":{"rendered":"<div class=\"product-accordion\">\n<div class=\"btn\">\u00dcBER OVARINOVA<\/div>\n<div class=\"board\">\n<div>\n<p><b>OVARINOVA\u00ae<\/b> Kapseln enthalten Pulver aus M\u00f6nchspfeffer-Fr\u00fcchten, Myo-Inositol und D-Chiro-Inositol.<\/p>\n<p>M\u00f6nchspfeffer hilft w\u00e4hrend des pr\u00e4menstruellen Zyklus. Tr\u00e4gt zur Linderung von Wechseljahresbeschwerden und pr\u00e4menstruellen Beschwerden bei. Tr\u00e4gt zur Aufrechterhaltung des hormonellen Gleichgewichts w\u00e4hrend der Menopause bei. Hilft, das physiologische Wohlbefinden w\u00e4hrend des Menstruationszyklus zu erhalten.<\/p>\n<\/div>\n<\/div>\n<div class=\"btn\">ZUTATEN<\/div>\n<div class=\"board\">\n<div>\n<p>90 Hartkapseln<\/p>\n<p><b>\u2022<\/b> Pulver aus <a class=\"custom-link\" href=\"\/de\/vitex\/\">M\u00f6nchspfeffer-Fr\u00fcchten<\/a>;<br \/>\n<b>\u2022<\/b> <a class=\"custom-link\" href=\"\/de\/myo-inositol-d-chiro-inositol\/\">Myo-Inositol<\/a>;<br \/>\n<b>\u2022<\/b> <a class=\"custom-link\" href=\"\/de\/myo-inositol-d-chiro-inositol\/\">D-Chiro-Inositol<\/a>;<br \/>\n<b>\u2022<\/b> Kapsel (Gelatine, gereinigtes Wasser, Farbstoff: Calciumcarbonat), Trennmittel: Magnesiumstearat und Siliciumdioxid;<\/p>\n<\/div>\n<\/div>\n<div class=\"btn\">WIE MAN SIE BENUTZT<\/div>\n<div class=\"board\">\n<div>\n<p>F\u00fcr Personen \u00fcber 18 Jahren wird die Einnahme von zweimal t\u00e4glich einer Kapsel w\u00e4hrend oder nach einer Mahlzeit empfohlen. Die Kapsel sollte unzerkaut mit Fl\u00fcssigkeit geschluckt werden. Die Einnahme sollte \u00fcber einen l\u00e4ngeren Zeitraum erfolgen.<\/p>\n<p><b>WARNHINWEISE:<\/b><br \/>\n<b>\u2022<\/b> Nicht anwenden bei \u00dcberempfindlichkeit gegen einen der Inhaltsstoffe.<br \/>\n<b>\u2022<\/b> Fragen Sie Ihren Arzt um Rat, wenn Sie Medikamente einnehmen.<br \/>\n<b>\u2022<\/b> Das Produkt ist nicht f\u00fcr Personen unter 18 Jahren sowie schwangere oder stillende Frauen bestimmt.<br \/>\n<b>\u2022<\/b> Die empfohlene Tagesdosis nicht \u00fcberschreiten.<\/p>\n<\/div>\n<\/div>\n<\/div>","protected":false},"excerpt":{"rendered":"<div class=\"my-product-info\">\n<div class=\"two-categories\">\n<div>\n<p><img decoding=\"async\" src=\"https:\/\/www.alivitpharm.com\/wp-content\/uploads\/2025\/05\/icon-9.png\" alt=\"100% nat\u00fcrlich\" width=\"50px\" height=\"50px\" \/><\/p>\n<div>100% nat\u00fcrlich<\/div>\n<\/div>\n<div>\n<p><img decoding=\"async\" src=\"https:\/\/www.alivitpharm.com\/wp-content\/uploads\/2025\/05\/icon-10.png\" alt=\"GMO-frei\" width=\"50px\" height=\"50px\" \/><\/p>\n<div>GMO-frei<\/div>\n<\/div>\n<div>\n<p><img decoding=\"async\" src=\"https:\/\/www.alivitpharm.com\/wp-content\/uploads\/2025\/05\/icon-15.png\" alt=\"Glutenfrei\" width=\"50px\" height=\"50px\" \/><\/p>\n<div>Glutenfrei<\/div>\n<\/div>\n<\/div>\n<\/div>\n<ul>\n<li>Tr\u00e4gt zur Linderung von Wechseljahresbeschwerden bei.<\/li>\n<li>Hilft, den Hormonhaushalt aufrechtzuerhalten.<\/li>\n<li>Tr\u00e4gt zur Linderung von pr\u00e4menstruellen Beschwerden und zur Regulierung des Menstruationszyklus bei.<\/li>\n<li>Wird zur Behandlung von Insulinresistenz und PCOS (polyzystisches Ovarialsyndrom) eingesetzt.<\/li>\n<\/ul>","protected":false},"featured_media":13765,"comment_status":"open","ping_status":"closed","template":"","meta":{"site-sidebar-layout":"default","site-content-layout":"default","ast-global-header-display":"","ast-main-header-display":"","ast-hfb-above-header-display":"","ast-hfb-below-header-display":"","ast-hfb-mobile-header-display":"","site-post-title":"","ast-breadcrumbs-content":"","ast-featured-img":"","footer-sml-layout":"","theme-transparent-header-meta":"default","adv-header-id-meta":"","stick-header-meta":"","header-above-stick-meta":"","header-main-stick-meta":"","header-below-stick-meta":""},"product_brand":[],"product_cat":[172,183],"product_tag":[],"class_list":{"0":"post-13763","1":"product","2":"type-product","3":"status-publish","4":"has-post-thumbnail","6":"product_cat-hormonal-balance","7":"product_cat-womens-health","8":"desktop-align-center","9":"tablet-align-center","10":"mobile-align-center","12":"first","13":"instock","14":"shipping-taxable","15":"purchasable","16":"product-type-simple"},"_links":{"self":[{"href":"https:\/\/www.alivitpharm.com\/de\/wp-json\/wp\/v2\/product\/13763","targetHints":{"allow":["GET"]}}],"collection":[{"href":"https:\/\/www.alivitpharm.com\/de\/wp-json\/wp\/v2\/product"}],"about":[{"href":"https:\/\/www.alivitpharm.com\/de\/wp-json\/wp\/v2\/types\/product"}],"replies":[{"embeddable":true,"href":"https:\/\/www.alivitpharm.com\/de\/wp-json\/wp\/v2\/comments?post=13763"}],"wp:featuredmedia":[{"embeddable":true,"href":"https:\/\/www.alivitpharm.com\/de\/wp-json\/wp\/v2\/media\/13765"}],"wp:attachment":[{"href":"https:\/\/www.alivitpharm.com\/de\/wp-json\/wp\/v2\/media?parent=13763"}],"wp:term":[{"taxonomy":"product_brand","embeddable":true,"href":"https:\/\/www.alivitpharm.com\/de\/wp-json\/wp\/v2\/product_brand?post=13763"},{"taxonomy":"product_cat","embeddable":true,"href":"https:\/\/www.alivitpharm.com\/de\/wp-json\/wp\/v2\/product_cat?post=13763"},{"taxonomy":"product_tag","embeddable":true,"href":"https:\/\/www.alivitpharm.com\/de\/wp-json\/wp\/v2\/product_tag?post=13763"}],"curies":[{"name":"wp","href":"https:\/\/api.w.org\/{rel}","templated":true}]}}