{"id":13771,"date":"2026-01-23T09:41:28","date_gmt":"2026-01-23T07:41:28","guid":{"rendered":"https:\/\/www.alivitpharm.com\/?post_type=product&#038;p=13771"},"modified":"2026-03-03T04:40:53","modified_gmt":"2026-03-03T02:40:53","slug":"omega3-vitamin-e","status":"publish","type":"product","link":"https:\/\/www.alivitpharm.com\/de\/product\/omega3-vitamin-e\/","title":{"rendered":"OMEGA3 + VITAMIN E"},"content":{"rendered":"<div class=\"product-accordion\">\n<div class=\"btn\">\u00dcBER OMEGA3 + VITAMIN E<\/div>\n<div class=\"board\">\n<div>\n<p><b>OMEGA3 + VITAMIN E\u00ae<\/b> Kapseln enthalten Fisch\u00f6l und Vitamin E. Fisch\u00f6l enth\u00e4lt Omega-3-Fetts\u00e4uren: Eicosapentaens\u00e4ure (EPA) und Docosahexaens\u00e4ure (DHA), die zur normalen Funktion des Herzens beitragen.<\/p>\n<p><b>\u2022<\/b> DHA tr\u00e4gt zur Erhaltung einer normalen Gehirnfunktion und eines normalen Sehverm\u00f6gens bei.<br \/>\n<b>\u2022<\/b> Vitamin E tr\u00e4gt zum Schutz der Zellen vor oxidativem Stress bei.<br \/>\n<b>\u2022<\/b> Die positive Wirkung wird mit einer t\u00e4glichen Zufuhr von 250 mg EPA und DHA erzielt.<br \/>\n<b>\u2022<\/b> Die positive Wirkung wird mit einer t\u00e4glichen Zufuhr von 250 mg DHA erzielt.<\/p>\n<\/div>\n<\/div>\n<div class=\"btn\">ZUTATEN<\/div>\n<div class=\"board\">\n<div>\n<p>100 Weichgelatinekapseln<\/p>\n<p><b>\u2022<\/b> <a class=\"custom-link\" href=\"\/de\/fish-oil\/\">Fisch\u00f6l<\/a>;<br \/>\n<b>\u2022<\/b> <a class=\"custom-link\" href=\"\/de\/vitamin-e\/\">Vitamin E<\/a>;<br \/>\n<b>\u2022<\/b> Kapsel (Rindergelatine, Feuchthaltemittel: Glycerin, gereinigtes Wasser);<\/p>\n<\/div>\n<\/div>\n<div class=\"btn\">WIE MAN SIE BENUTZT<\/div>\n<div class=\"board\">\n<div>\n<p>Erwachsenen und Kindern ab 12 Jahren wird empfohlen, t\u00e4glich eine Kapsel nach einer Mahlzeit mit reichlich Fl\u00fcssigkeit einzunehmen. Die Kapsel sollte unzerkaut geschluckt werden. Geeignet f\u00fcr Diabetiker.<\/p>\n<p><b>WARNHINWEISE:<\/b><br \/>\n<b>\u2022<\/b> Nicht anwenden bei \u00dcberempfindlichkeit gegen einen der Inhaltsstoffe.<br \/>\n<b>\u2022<\/b> Wenn Sie gerinnungshemmende Medikamente einnehmen, konsultieren Sie Ihren Arzt.<br \/>\n<b>\u2022<\/b> Schwangere und stillende Frauen sollten vor der Anwendung dieses Produkts ihren Arzt konsultieren.<br \/>\n<b>\u2022<\/b> Die empfohlene Tagesdosis nicht \u00fcberschreiten.<\/p>\n<\/div>\n<\/div>\n<\/div>","protected":false},"excerpt":{"rendered":"<div class=\"my-product-info\">\n<div class=\"two-categories\">\n<div>\n<p><img decoding=\"async\" src=\"https:\/\/www.alivitpharm.com\/wp-content\/uploads\/2025\/05\/icon-9.png\" alt=\"100% nat\u00fcrlich\" width=\"50px\" height=\"50px\" \/><\/p>\n<div>100% nat\u00fcrlich<\/div>\n<\/div>\n<div>\n<p><img decoding=\"async\" src=\"https:\/\/www.alivitpharm.com\/wp-content\/uploads\/2025\/05\/icon-10.png\" alt=\"GMO-frei\" width=\"50px\" height=\"50px\" \/><\/p>\n<div>GMO-frei<\/div>\n<\/div>\n<div>\n<p><img decoding=\"async\" src=\"https:\/\/www.alivitpharm.com\/wp-content\/uploads\/2025\/05\/icon-15.png\" alt=\"Glutenfrei\" width=\"50px\" height=\"50px\" \/><\/p>\n<div>Glutenfrei<\/div>\n<\/div>\n<\/div>\n<\/div>\n<ul>\n<li>Tr\u00e4gt zu einer normalen Herzfunktion bei.<\/li>\n<li>Senkt den Blutdruck.<\/li>\n<li>Tr\u00e4gt zum Erhalt einer normalen Gehirnfunktion und eines normalen Sehverm\u00f6gens bei.<\/li>\n<li>Senkt den Triglyceridspiegel.<\/li>\n<li>Beugt einem Herzinfarkt vor.<\/li>\n<\/ul>","protected":false},"featured_media":13775,"comment_status":"open","ping_status":"closed","template":"","meta":{"site-sidebar-layout":"default","site-content-layout":"default","ast-global-header-display":"","ast-main-header-display":"","ast-hfb-above-header-display":"","ast-hfb-below-header-display":"","ast-hfb-mobile-header-display":"","site-post-title":"","ast-breadcrumbs-content":"","ast-featured-img":"","footer-sml-layout":"","theme-transparent-header-meta":"default","adv-header-id-meta":"","stick-header-meta":"","header-above-stick-meta":"","header-main-stick-meta":"","header-below-stick-meta":""},"product_brand":[],"product_cat":[169,174,175,183],"product_tag":[],"class_list":{"0":"post-13771","1":"product","2":"type-product","3":"status-publish","4":"has-post-thumbnail","6":"product_cat-cardiovascular-health","7":"product_cat-immune-system","8":"product_cat-nervous-system-protection","9":"product_cat-womens-health","10":"desktop-align-center","11":"tablet-align-center","12":"mobile-align-center","14":"first","15":"onbackorder","16":"shipping-taxable","17":"product-type-simple"},"_links":{"self":[{"href":"https:\/\/www.alivitpharm.com\/de\/wp-json\/wp\/v2\/product\/13771","targetHints":{"allow":["GET"]}}],"collection":[{"href":"https:\/\/www.alivitpharm.com\/de\/wp-json\/wp\/v2\/product"}],"about":[{"href":"https:\/\/www.alivitpharm.com\/de\/wp-json\/wp\/v2\/types\/product"}],"replies":[{"embeddable":true,"href":"https:\/\/www.alivitpharm.com\/de\/wp-json\/wp\/v2\/comments?post=13771"}],"wp:featuredmedia":[{"embeddable":true,"href":"https:\/\/www.alivitpharm.com\/de\/wp-json\/wp\/v2\/media\/13775"}],"wp:attachment":[{"href":"https:\/\/www.alivitpharm.com\/de\/wp-json\/wp\/v2\/media?parent=13771"}],"wp:term":[{"taxonomy":"product_brand","embeddable":true,"href":"https:\/\/www.alivitpharm.com\/de\/wp-json\/wp\/v2\/product_brand?post=13771"},{"taxonomy":"product_cat","embeddable":true,"href":"https:\/\/www.alivitpharm.com\/de\/wp-json\/wp\/v2\/product_cat?post=13771"},{"taxonomy":"product_tag","embeddable":true,"href":"https:\/\/www.alivitpharm.com\/de\/wp-json\/wp\/v2\/product_tag?post=13771"}],"curies":[{"name":"wp","href":"https:\/\/api.w.org\/{rel}","templated":true}]}}