{"id":13788,"date":"2026-01-24T21:11:41","date_gmt":"2026-01-24T19:11:41","guid":{"rendered":"https:\/\/www.alivitpharm.com\/?post_type=product&#038;p=13788"},"modified":"2026-03-26T15:10:48","modified_gmt":"2026-03-26T13:10:48","slug":"cardio-max","status":"publish","type":"product","link":"https:\/\/www.alivitpharm.com\/de\/product\/cardio-max\/","title":{"rendered":"CARDIO MAX"},"content":{"rendered":"<div class=\"product-accordion\">\n<div class=\"btn\">\u00dcBER CARDIO MAX<\/div>\n<div class=\"board\">\n<div><b>CARDIO MAX\u00ae<\/b> Weichgelatinekapseln sind eine reichhaltige Quelle aktiver Inhaltsstoffe aus dem \u00d6lextrakt von fermentiertem Knoblauch, Wei\u00dfem und rotem Wei\u00dfdorn, Mutterkraut, Echtem Baldrian, Olivenbaum und Echtem Lorbeer.<\/p>\n<p>Fermentierter Knoblauch tr\u00e4gt zur Herzgesundheit bei, erh\u00e4lt normale Blutlipid- und Homocysteinspiegel und unterst\u00fctzt somit die Gesundheit der Blutgef\u00e4\u00dfe. Wei\u00dfer und roter Wei\u00dfdorn unterst\u00fctzt die Herzfunktion, erh\u00f6ht die Sauerstoffversorgung, verbessert die periphere Durchblutung und erh\u00e4lt den normalen Blutdruck. Mutterkraut erh\u00e4lt die Gesundheit des Herz-Kreislauf-Systems und den normalen Blutdruck. Echter Baldrian verbessert die Herzfunktion, erh\u00f6ht die Elastizit\u00e4t und Festigkeit der Blutgef\u00e4\u00dfw\u00e4nde und normalisiert den Blutdruck. Olivenbaum erh\u00e4lt den normalen Blutdruck und tr\u00e4gt zur Aufrechterhaltung normaler Cholesterinwerte im Blut bei. Echter Lorbeer hilft, die normale Durchblutung aufrechtzuerhalten.<\/p>\n<\/div>\n<\/div>\n<div class=\"btn\">ZUTATEN<\/div>\n<div class=\"board\">\n<div>90 Weichgelatinekapseln<\/p>\n<p><b>\u2022<\/b> Extrakt aus <a class=\"custom-link\" href=\"\/de\/black-garlic\/\">fermentierter Knoblauchknolle <i>(Allium sativum)<\/i><\/a> in Sojabohnen\u00f6l;<br \/>\n<b>\u2022<\/b> Extrakt aus <a class=\"custom-link\" href=\"\/de\/white-red-hawthorn\/\">wei\u00dfen und roten Wei\u00dfdornbl\u00e4ttern und -bl\u00fcten <i>(Crataegus monogyna, Crataegus oxyacantha)<\/i><\/a> in Sojabohnen\u00f6l;<br \/>\n<b>\u2022<\/b> Extrakt aus <a class=\"custom-link\" href=\"\/de\/motherwort\/\">dem oberirdischen Teil des Mutterkrauts <i>(Leonurus cardiaca)<\/i><\/a> in Sojabohnen\u00f6l;<br \/>\n<b>\u2022<\/b> Extrakt aus <a class=\"custom-link\" href=\"\/de\/valerian\/\">Baldrianwurzel <i>(Valeriana officinalis)<\/i><\/a> in Sojabohnen\u00f6l;<br \/>\n<b>\u2022<\/b> Extrakt aus <a class=\"custom-link\" href=\"\/de\/olive-leaf\/\">Olivenbl\u00e4ttern <i>(Olea europaea)<\/i><\/a> in Sojabohnen\u00f6l;<br \/>\n<b>\u2022<\/b> Extrakt aus <a class=\"custom-link\" href=\"\/de\/bay-laurel\/\">Lorbeerbl\u00e4ttern <i>(Laurus nobilis)<\/i><\/a> in Sojabohnen\u00f6l;<br \/>\n<b>\u2022<\/b> Rindergelatine, Feuchthaltemittel: Glycerin, gereinigtes Wasser, Trennmittel: Siliciumdioxid, Antioxidationsmittel: DL-alpha-Tocopherylacetat, Farbstoff: Pflanzenkohle;<\/p>\n<\/div>\n<\/div>\n<div class=\"btn\">WIE MAN SIE BENUTZT<\/div>\n<div class=\"board\">\n<div>Personen \u00fcber 18 Jahren wird empfohlen, dreimal t\u00e4glich eine Kapsel w\u00e4hrend oder nach einer Mahlzeit einzunehmen. Die Kapsel unzerkaut mit Fl\u00fcssigkeit schlucken. Geeignet f\u00fcr Diabetiker.<\/p>\n<p><b>WARNHINWEISE:<\/b><br \/>\n<b>\u2022<\/b> Nicht anwenden bei \u00dcberempfindlichkeit gegen einen der Inhaltsstoffe.<br \/>\n<b>\u2022<\/b> Sprechen Sie mit Ihrem Arzt, wenn Sie Medikamente einnehmen, insbesondere blutdrucksenkende Mittel oder Antikoagulanzien.<br \/>\n<b>\u2022<\/b> Vor einer geplanten Operation muss die Anwendung dieses Produkts abgebrochen werden.<br \/>\n<b>\u2022<\/b> Nach viermonatiger Anwendung des Pr\u00e4parats ist eine einmonatige Einnahmepause erforderlich.<br \/>\n<b>\u2022<\/b> Das Produkt ist nicht f\u00fcr Personen unter 18 Jahren sowie schwangere oder stillende Frauen bestimmt.<br \/>\n<b>\u2022<\/b> Die empfohlene Tagesdosis nicht \u00fcberschreiten.<\/p>\n<\/div>\n<\/div>\n<\/div>","protected":false},"excerpt":{"rendered":"<div class=\"my-product-info\">\n<div class=\"two-categories\">\n<div><img decoding=\"async\" src=\"https:\/\/www.alivitpharm.com\/wp-content\/uploads\/2025\/05\/icon-9.png\" alt=\"100% nat\u00fcrlich\" width=\"50px\" height=\"50px\" \/><\/p>\n<div>100% nat\u00fcrlich<\/div>\n<\/div>\n<div><img decoding=\"async\" src=\"https:\/\/www.alivitpharm.com\/wp-content\/uploads\/2025\/05\/icon-10.png\" alt=\"GMO-frei\" width=\"50px\" height=\"50px\" \/><\/p>\n<div>GMO-frei<\/div>\n<\/div>\n<div><img decoding=\"async\" src=\"https:\/\/www.alivitpharm.com\/wp-content\/uploads\/2025\/05\/icon-15.png\" alt=\"Glutenfrei\" width=\"50px\" height=\"50px\" \/><\/p>\n<div>Glutenfrei<\/div>\n<\/div>\n<\/div>\n<\/div>\n<ul>\n<li>Tr\u00e4gt zur Gesundheit von Herz und Blutgef\u00e4\u00dfen bei.<\/li>\n<li>H\u00e4lt den Blutfett- und Homocysteinspiegel im Normbereich.<\/li>\n<li>Verbessert die Herzfunktion.<\/li>\n<li>Normalisiert den Blutdruck.<\/li>\n<\/ul>","protected":false},"featured_media":13790,"comment_status":"open","ping_status":"closed","template":"","meta":{"site-sidebar-layout":"default","site-content-layout":"default","ast-global-header-display":"","ast-main-header-display":"","ast-hfb-above-header-display":"","ast-hfb-below-header-display":"","ast-hfb-mobile-header-display":"","site-post-title":"","ast-breadcrumbs-content":"","ast-featured-img":"","footer-sml-layout":"","theme-transparent-header-meta":"default","adv-header-id-meta":"","stick-header-meta":"","header-above-stick-meta":"","header-main-stick-meta":"","header-below-stick-meta":""},"product_brand":[],"product_cat":[169],"product_tag":[],"class_list":{"0":"post-13788","1":"product","2":"type-product","3":"status-publish","4":"has-post-thumbnail","6":"product_cat-cardiovascular-health","7":"desktop-align-center","8":"tablet-align-center","9":"mobile-align-center","11":"first","12":"onbackorder","13":"shipping-taxable","14":"product-type-simple"},"_links":{"self":[{"href":"https:\/\/www.alivitpharm.com\/de\/wp-json\/wp\/v2\/product\/13788","targetHints":{"allow":["GET"]}}],"collection":[{"href":"https:\/\/www.alivitpharm.com\/de\/wp-json\/wp\/v2\/product"}],"about":[{"href":"https:\/\/www.alivitpharm.com\/de\/wp-json\/wp\/v2\/types\/product"}],"replies":[{"embeddable":true,"href":"https:\/\/www.alivitpharm.com\/de\/wp-json\/wp\/v2\/comments?post=13788"}],"wp:featuredmedia":[{"embeddable":true,"href":"https:\/\/www.alivitpharm.com\/de\/wp-json\/wp\/v2\/media\/13790"}],"wp:attachment":[{"href":"https:\/\/www.alivitpharm.com\/de\/wp-json\/wp\/v2\/media?parent=13788"}],"wp:term":[{"taxonomy":"product_brand","embeddable":true,"href":"https:\/\/www.alivitpharm.com\/de\/wp-json\/wp\/v2\/product_brand?post=13788"},{"taxonomy":"product_cat","embeddable":true,"href":"https:\/\/www.alivitpharm.com\/de\/wp-json\/wp\/v2\/product_cat?post=13788"},{"taxonomy":"product_tag","embeddable":true,"href":"https:\/\/www.alivitpharm.com\/de\/wp-json\/wp\/v2\/product_tag?post=13788"}],"curies":[{"name":"wp","href":"https:\/\/api.w.org\/{rel}","templated":true}]}}