{"id":3096,"date":"2022-05-24T08:47:47","date_gmt":"2022-05-24T06:47:47","guid":{"rendered":"https:\/\/www.alivitpharm.com\/?post_type=product&#038;p=3096"},"modified":"2026-02-10T15:49:18","modified_gmt":"2026-02-10T13:49:18","slug":"aterostop","status":"publish","type":"product","link":"https:\/\/www.alivitpharm.com\/de\/product\/aterostop\/","title":{"rendered":"ATEROSTOP"},"content":{"rendered":"<div class=\"product-accordion\">\n<div class=\"btn\">\u00dcBER ATEROSTOP<\/div>\n<div class=\"board\">\n<div><b>ATEROSTOP\u00ae<\/b> hilft, hohen Blutdruck zu senken, reguliert den Cholesterinstoffwechsel und normalisiert den LDL- und HDL-Cholesterinspiegel. Es wird wirksam zur Vorbeugung von Arteriosklerose eingesetzt. Fermentierter Knoblauch und B\u00e4rlauch wirken stark antioxidativ und wirken wirksam gegen oxidativen Stress, der ma\u00dfgeblich zu vielen Herz-Kreislauf-Erkrankungen beitr\u00e4gt. Wei\u00dfdornbl\u00e4tter und -bl\u00fcten f\u00f6rdern die Erweiterung der Herzkranzgef\u00e4\u00dfe, unterst\u00fctzen die Sauerstoffversorgung und Durchblutung des Herzmuskels, steigern die Herzkontraktionskraft, regulieren den Herzrhythmus und tragen zur Normalisierung des Blutdrucks bei. Zitronenmelissenbl\u00e4tter wirken beruhigend und sedierend und f\u00f6rdern die Herzfunktion.<\/div>\n<\/div>\n<div class=\"btn\">ZUTATEN<\/div>\n<div class=\"board\">\n<div>\n90 Hartkapseln<\/p>\n<p><b>\u2022<\/b> Pulver aus <a class=\"custom-link\" href=\"\/de\/black-garlic\/\">fermentierter Knoblauchknolle <i>(Allium sativum)<\/i><\/a>;<br \/>\n<b>\u2022<\/b> Pulver aus <a class=\"custom-link\" href=\"\/de\/wild-garlic\/\">B\u00e4rlauchbl\u00e4ttern <i>(Allium ursinum)<\/i><\/a>;<br \/>\n<b>\u2022<\/b> Pulver aus <a class=\"custom-link\" href=\"\/de\/white-red-hawthorn\/\">wei\u00dfen und roten Wei\u00dfdornbl\u00e4ttern und -bl\u00fcten <i>(Crataegus monogyna, Crataegus oxyacantha)<\/i><\/a>;<br \/>\n<b>\u2022<\/b> Pulver aus <a class=\"custom-link\" href=\"\/de\/lemon-balm\/\">Zitronenmelissenbl\u00e4ttern <i>(Melissa officinalis)<\/i><\/a>;<br \/>\n<b>\u2022<\/b> Kapsel (Gelatine, gereinigtes Wasser, Farbstoff: Calciumcarbonat), Trennmittel: Siliciumdioxid, Magnesiumstearat;<\/div>\n<\/div>\n<div class=\"btn\">WIE MAN SIE BENUTZT<\/div>\n<div class=\"board\">\n<div>F\u00fcr Personen \u00fcber 12 Jahre wird empfohlen, dreimal t\u00e4glich eine Kapsel w\u00e4hrend oder nach einer Mahlzeit einzunehmen. Die Kapsel unzerkaut mit Fl\u00fcssigkeit schlucken. Geeignet f\u00fcr Diabetiker.<\/p>\n<p><b>WARNHINWEISE:<\/b><br \/>\n<b>\u2022<\/b> Die empfohlene Tagesdosis nicht \u00fcberschreiten.<br \/>\n<b>\u2022<\/b> Das Produkt ist nicht f\u00fcr Personen unter 12 Jahren sowie schwangere oder stillende Frauen bestimmt.<br \/>\n<b>\u2022<\/b> Nicht anwenden bei \u00dcberempfindlichkeit gegen einen der Inhaltsstoffe.<br \/>\n<b>\u2022<\/b> Konsultieren Sie Ihren Arzt, wenn Sie Medikamente einnehmen, insbesondere zur Senkung des Blutdrucks.<br \/>\n<b>\u2022<\/b> Nicht gleichzeitig mit gerinnungshemmenden Medikamenten einnehmen.<br \/>\n<b>\u2022<\/b> Vor einer geplanten Operation muss die Anwendung dieses Produkts abgebrochen werden.<br \/>\n<b>\u2022<\/b> Nach viermonatiger Anwendung des Pr\u00e4parats ist eine einmonatige Einnahmepause erforderlich.\n<\/div>\n<\/div>\n<\/div>","protected":false},"excerpt":{"rendered":"<div class=\"my-product-info\">\n<div class=\"two-categories\">\n<div>\n            <img decoding=\"async\" src=\"https:\/\/www.alivitpharm.com\/wp-content\/uploads\/2025\/05\/icon-9.png\" alt=\"100% nat\u00fcrlich\" width=\"50px\" height=\"50px\" \/><\/p>\n<div>100% nat\u00fcrlich<\/div>\n<\/p><\/div>\n<div>\n            <img decoding=\"async\" src=\"https:\/\/www.alivitpharm.com\/wp-content\/uploads\/2025\/05\/icon-10.png\" alt=\"GMO-frei\" width=\"50px\" height=\"50px\" \/><\/p>\n<div>GMO-frei<\/div>\n<\/p><\/div>\n<div>\n            <img decoding=\"async\" src=\"https:\/\/www.alivitpharm.com\/wp-content\/uploads\/2025\/05\/icon-15.png\" alt=\"Glutenfrei\" width=\"50px\" height=\"50px\" \/><\/p>\n<div>Glutenfrei<\/div>\n<\/p><\/div>\n<\/p><\/div>\n<\/div>\n<ul>\n<li>Beugt der Entstehung von Arteriosklerose vor.<\/li>\n<li>Senkt erh\u00f6hte K\u00f6rperfettwerte.<\/li>\n<li>Reinigt die Blutgef\u00e4\u00dfe.<\/li>\n<li>Senkt erh\u00f6hten Blutdruck.<\/li>\n<li>Wirksames Antioxidans.<\/li>\n<\/ul>\n<p><a class=\"category-pdf-btn\" href=\"https:\/\/www.alivitpharm.com\/wp-content\/uploads\/2025\/06\/cardiovascular_health_en.pdf\" target=\"_blank\" rel=\"noopener\">Mehr \u00fcber Herz-Kreislauf-Gesundheit erfahren<\/a><\/p>","protected":false},"featured_media":13118,"comment_status":"open","ping_status":"closed","template":"","meta":{"site-sidebar-layout":"default","site-content-layout":"default","ast-global-header-display":"","ast-main-header-display":"","ast-hfb-above-header-display":"","ast-hfb-below-header-display":"","ast-hfb-mobile-header-display":"","site-post-title":"","ast-breadcrumbs-content":"","ast-featured-img":"","footer-sml-layout":"","theme-transparent-header-meta":"default","adv-header-id-meta":"","stick-header-meta":"","header-above-stick-meta":"","header-main-stick-meta":"","header-below-stick-meta":""},"product_brand":[],"product_cat":[169],"product_tag":[],"class_list":{"0":"post-3096","1":"product","2":"type-product","3":"status-publish","4":"has-post-thumbnail","6":"product_cat-cardiovascular-health","7":"desktop-align-center","8":"tablet-align-center","9":"mobile-align-center","11":"first","12":"instock","13":"shipping-taxable","14":"purchasable","15":"product-type-simple"},"_links":{"self":[{"href":"https:\/\/www.alivitpharm.com\/de\/wp-json\/wp\/v2\/product\/3096","targetHints":{"allow":["GET"]}}],"collection":[{"href":"https:\/\/www.alivitpharm.com\/de\/wp-json\/wp\/v2\/product"}],"about":[{"href":"https:\/\/www.alivitpharm.com\/de\/wp-json\/wp\/v2\/types\/product"}],"replies":[{"embeddable":true,"href":"https:\/\/www.alivitpharm.com\/de\/wp-json\/wp\/v2\/comments?post=3096"}],"wp:featuredmedia":[{"embeddable":true,"href":"https:\/\/www.alivitpharm.com\/de\/wp-json\/wp\/v2\/media\/13118"}],"wp:attachment":[{"href":"https:\/\/www.alivitpharm.com\/de\/wp-json\/wp\/v2\/media?parent=3096"}],"wp:term":[{"taxonomy":"product_brand","embeddable":true,"href":"https:\/\/www.alivitpharm.com\/de\/wp-json\/wp\/v2\/product_brand?post=3096"},{"taxonomy":"product_cat","embeddable":true,"href":"https:\/\/www.alivitpharm.com\/de\/wp-json\/wp\/v2\/product_cat?post=3096"},{"taxonomy":"product_tag","embeddable":true,"href":"https:\/\/www.alivitpharm.com\/de\/wp-json\/wp\/v2\/product_tag?post=3096"}],"curies":[{"name":"wp","href":"https:\/\/api.w.org\/{rel}","templated":true}]}}