{"id":3108,"date":"2022-05-24T13:15:51","date_gmt":"2022-05-24T11:15:51","guid":{"rendered":"https:\/\/www.alivitpharm.com\/?post_type=product&#038;p=3108"},"modified":"2026-03-06T16:05:20","modified_gmt":"2026-03-06T14:05:20","slug":"hepato-care","status":"publish","type":"product","link":"https:\/\/www.alivitpharm.com\/de\/product\/hepato-care\/","title":{"rendered":"HEPATO CARE"},"content":{"rendered":"<div class=\"product-accordion\">\n<div class=\"btn\">\u00dcBER HEPATO CARE<\/div>\n<div class=\"board\">\n<div><b>HEPATO CARE\u00ae<\/b> enth\u00e4lt Kr\u00e4uter, die traditionell zur Leberregeneration eingesetzt werden, insbesondere bei Lebersch\u00e4den durch Alkohol, Medikamente oder Erkrankungen wie Hepatitis. Fermentierter Knoblauch hat eine starke antioxidative Wirkung und hilft, erh\u00f6hte Leberenzyme zu senken, die h\u00e4ufig mit Leberfunktionsst\u00f6rungen und Fettleber in Verbindung gebracht werden. L\u00f6wenzahn, Immortelle und Schafgarbe besitzen lebersch\u00fctzende, entz\u00fcndungshemmende, antimikrobielle und antioxidative Eigenschaften, die die allgemeine Magen-Darm-Gesundheit f\u00f6rdern, die Verdauung verbessern und die Leber- und Gallenblasenfunktion unterst\u00fctzen. L\u00f6wenzahn, fermentierter Knoblauch und Immortelle helfen, erh\u00f6hte Cholesterin- und Triglyceridwerte zu senken. Schafgarbe regt die Gallenproduktion und den Gallenfluss an. L\u00f6wenzahn wird auch bei Gallenblasenentz\u00fcndungen, Gallensteinen und Verdauungsst\u00f6rungen empfohlen und findet h\u00e4ufig als unterst\u00fctzende Therapie bei Virushepatitis Anwendung.<\/div>\n<\/div>\n<div class=\"btn\">ZUTATEN<\/div>\n<div class=\"board\">\n<div>\n90 Weichgelatinekapseln<\/p>\n<p><b>\u2022<\/b> Extrakt aus <a class=\"custom-link\" href=\"\/de\/black-garlic\/\">fermentierter Knoblauchknolle <i>(Allium sativum)<\/i><\/a> in Sojabohnen\u00f6l;<br \/>\n<b>\u2022<\/b> Extrakt aus <a class=\"custom-link\" href=\"\/de\/dandelion\/\">L\u00f6wenzahnwurzel <i>(Taraxacum officinale)<\/i><\/a> in Sojabohnen\u00f6l;<br \/>\n<b>\u2022<\/b> Extrakt aus <a class=\"custom-link\" href=\"\/de\/yarrow\/\">Schafgarbenkraut <i>(Achillea millefolium)<\/i><\/a> in Sojabohnen\u00f6l;<br \/>\n<b>\u2022<\/b> Extrakt aus <a class=\"custom-link\" href=\"\/de\/immortelle\/\">Immortellenkraut <i>(Helichrysum italicum)<\/i><\/a> in Sojabohnen\u00f6l;<br \/>\n<b>\u2022<\/b> <a class=\"custom-link\" href=\"\/de\/vitamin-e\/\">DL-\u03b1-Tocopherylacetat (Vitamin E)<\/a>;<br \/>\n<b>\u2022<\/b> <a class=\"custom-link\" href=\"\/de\/vitamin-b1\/\">Thiaminmononitrat (Vitamin B1)<\/a>;<br \/>\n<b>\u2022<\/b> <a class=\"custom-link\" href=\"\/de\/vitamin-b2\/\">Riboflavin (Vitamin B2)<\/a>;<br \/>\n<b>\u2022<\/b> <a class=\"custom-link\" href=\"\/de\/vitamin-b6\/\">Pyridoxinhydrochlorid (Vitamin B6)<\/a>;<br \/>\n<b>\u2022<\/b> Rindergelatine, Glycerin, gereinigtes Wasser, Siliciumdioxid, Farbstoff: Pflanzenkohle;<\/div>\n<\/div>\n<div class=\"btn\">WIE MAN SIE BENUTZT<\/div>\n<div class=\"board\">\n<div>F\u00fcr Personen \u00fcber 18 Jahren wird empfohlen, dreimal t\u00e4glich eine Kapsel w\u00e4hrend oder nach einer Mahlzeit einzunehmen. Die Kapsel unzerkaut mit Fl\u00fcssigkeit schlucken. Das Produkt muss \u00fcber einen l\u00e4ngeren Zeitraum eingenommen werden. Geeignet f\u00fcr Diabetiker.<\/p>\n<p><b>WARNHINWEISE:<\/b><br \/>\n<b>\u2022<\/b> Die empfohlene Tagesdosis nicht \u00fcberschreiten.<br \/>\n<b>\u2022<\/b> Das Produkt ist nicht f\u00fcr Personen unter 18 Jahren, schwangere oder stillende Frauen sowie Personen mit Neigung zu verschiedenen Allergien bestimmt.<br \/>\n<b>\u2022<\/b> Nicht anwenden bei \u00dcberempfindlichkeit gegen einen der Inhaltsstoffe.<br \/>\n<b>\u2022<\/b> Fragen Sie Ihren Arzt um Rat, wenn Sie Medikamente einnehmen.<br \/>\n<b>\u2022<\/b> Nicht gleichzeitig mit gerinnungshemmenden Medikamenten einnehmen.<br \/>\n<b>\u2022<\/b> Vor einer geplanten Operation muss die Anwendung dieses Produkts abgebrochen werden.\n<\/div>\n<\/div>\n<\/div>","protected":false},"excerpt":{"rendered":"<div class=\"my-product-info\">\n<div class=\"two-categories\">\n<div>\n            <img decoding=\"async\" src=\"https:\/\/www.alivitpharm.com\/wp-content\/uploads\/2025\/05\/icon-9.png\" alt=\"100% nat\u00fcrlich\" width=\"50px\" height=\"50px\" \/><\/p>\n<div>100% nat\u00fcrlich<\/div>\n<\/p><\/div>\n<div>\n            <img decoding=\"async\" src=\"https:\/\/www.alivitpharm.com\/wp-content\/uploads\/2025\/05\/icon-10.png\" alt=\"GMO-frei\" width=\"50px\" height=\"50px\" \/><\/p>\n<div>GMO-frei<\/div>\n<\/p><\/div>\n<div>\n            <img decoding=\"async\" src=\"https:\/\/www.alivitpharm.com\/wp-content\/uploads\/2025\/05\/icon-15.png\" alt=\"Glutenfrei\" width=\"50px\" height=\"50px\" \/><\/p>\n<div>Glutenfrei<\/div>\n<\/p><\/div>\n<\/p><\/div>\n<\/div>\n<ul>\n<li>Senkt Fett- und Leberenzymwerte und hilft bei Fettleber.<\/li>\n<li>Tr\u00e4gt zur Leberregeneration bei.<\/li>\n<li>Entgiftet den K\u00f6rper.<\/li>\n<li>Senkt erh\u00f6hte Leberenzyme.<\/li>\n<li>Reguliert die Gallensekretion.<\/li>\n<li>Wirksames Antioxidans.<\/li>\n<\/ul>\n<p><a class=\"category-pdf-btn\" href=\"https:\/\/www.alivitpharm.com\/wp-content\/uploads\/2025\/06\/cardiovascular_health_en.pdf\" target=\"_blank\" rel=\"noopener\">Mehr \u00fcber Herz-Kreislauf-Gesundheit erfahren<\/a><br \/>\n<a class=\"category-pdf-btn\" href=\"https:\/\/www.alivitpharm.com\/wp-content\/uploads\/2025\/06\/gastrointestinal_and_liver_health_en.pdf\" target=\"_blank\" rel=\"noopener\">Mehr \u00fcber Magen-Darm-Gesundheit und Lebergesundheit erfahren<\/a><\/p>","protected":false},"featured_media":13104,"comment_status":"open","ping_status":"closed","template":"","meta":{"site-sidebar-layout":"default","site-content-layout":"default","ast-global-header-display":"","ast-main-header-display":"","ast-hfb-above-header-display":"","ast-hfb-below-header-display":"","ast-hfb-mobile-header-display":"","site-post-title":"","ast-breadcrumbs-content":"","ast-featured-img":"","footer-sml-layout":"","theme-transparent-header-meta":"default","adv-header-id-meta":"","stick-header-meta":"","header-above-stick-meta":"","header-main-stick-meta":"","header-below-stick-meta":""},"product_brand":[],"product_cat":[169,171,170],"product_tag":[],"class_list":{"0":"post-3108","1":"product","2":"type-product","3":"status-publish","4":"has-post-thumbnail","6":"product_cat-cardiovascular-health","7":"product_cat-detox-revitalization","8":"product_cat-digestive-system","9":"desktop-align-center","10":"tablet-align-center","11":"mobile-align-center","13":"first","14":"instock","15":"shipping-taxable","16":"purchasable","17":"product-type-simple"},"_links":{"self":[{"href":"https:\/\/www.alivitpharm.com\/de\/wp-json\/wp\/v2\/product\/3108","targetHints":{"allow":["GET"]}}],"collection":[{"href":"https:\/\/www.alivitpharm.com\/de\/wp-json\/wp\/v2\/product"}],"about":[{"href":"https:\/\/www.alivitpharm.com\/de\/wp-json\/wp\/v2\/types\/product"}],"replies":[{"embeddable":true,"href":"https:\/\/www.alivitpharm.com\/de\/wp-json\/wp\/v2\/comments?post=3108"}],"wp:featuredmedia":[{"embeddable":true,"href":"https:\/\/www.alivitpharm.com\/de\/wp-json\/wp\/v2\/media\/13104"}],"wp:attachment":[{"href":"https:\/\/www.alivitpharm.com\/de\/wp-json\/wp\/v2\/media?parent=3108"}],"wp:term":[{"taxonomy":"product_brand","embeddable":true,"href":"https:\/\/www.alivitpharm.com\/de\/wp-json\/wp\/v2\/product_brand?post=3108"},{"taxonomy":"product_cat","embeddable":true,"href":"https:\/\/www.alivitpharm.com\/de\/wp-json\/wp\/v2\/product_cat?post=3108"},{"taxonomy":"product_tag","embeddable":true,"href":"https:\/\/www.alivitpharm.com\/de\/wp-json\/wp\/v2\/product_tag?post=3108"}],"curies":[{"name":"wp","href":"https:\/\/api.w.org\/{rel}","templated":true}]}}