{"id":3112,"date":"2022-05-24T13:29:38","date_gmt":"2022-05-24T11:29:38","guid":{"rendered":"https:\/\/www.alivitpharm.com\/?post_type=product&#038;p=3112"},"modified":"2026-02-26T15:58:51","modified_gmt":"2026-02-26T13:58:51","slug":"tireoplus","status":"publish","type":"product","link":"https:\/\/www.alivitpharm.com\/de\/product\/tireoplus\/","title":{"rendered":"TIREOPLUS"},"content":{"rendered":"<div class=\"product-accordion\">\n<div class=\"btn\">\u00dcBER TIREOPLUS<\/div>\n<div class=\"board\">\n<div>\n      <b>TIREOPLUS\u00ae<\/b> enth\u00e4lt pulverisierte fermentierte Knoblauchknolle und pulverisierte oberirdische Teile von Herzgespann. Diese wirken synergetisch, unterst\u00fctzen die normale Funktion der Schilddr\u00fcse und sch\u00fctzen die Zellen vor oxidativem Stress. Fermentierter Knoblauch wirkt entz\u00fcndungshemmend und antioxidativ und ist daher bei akuter Thyreoiditis hilfreich. Herzgespann lindert Symptome einer Schilddr\u00fcsen\u00fcberfunktion wie leichte nerv\u00f6se Anspannung, Angstzust\u00e4nde, Herzklopfen, Bluthochdruck im Fr\u00fchstadium und leichte Herzrhythmusst\u00f6rungen. Jod ist ein essentieller Bestandteil der Schilddr\u00fcsenhormone und unterst\u00fctzt deren Produktion sowie die ordnungsgem\u00e4\u00dfe Funktion der Schilddr\u00fcse. Selen tr\u00e4gt zur normalen Funktion der Schilddr\u00fcse und des Immunsystems bei. Vitamin E und Selen sch\u00fctzen die Zellen vor oxidativen Sch\u00e4den.\n    <\/div>\n<\/p><\/div>\n<div class=\"btn\">ZUTATEN<\/div>\n<div class=\"board\">\n<div>\n      90 Hartkapseln<\/p>\n<p>      <b>\u2022<\/b> Pulver aus <a class=\"custom-link\" href=\"\/de\/black-garlic\/\">fermentierter Knoblauchknolle <i>(Allium sativum)<\/i><\/a>;<br \/>\n      <b>\u2022<\/b> Pulver aus <a class=\"custom-link\" href=\"\/de\/motherwort\/\">dem oberirdischen Teil des Mutterkrauts <i>(Leonurus cardiaca)<\/i><\/a>;<br \/>\n      <b>\u2022<\/b> <a class=\"custom-link\" href=\"\/de\/selenium\/\">Natriumselenit (Selen)<\/a>, <a class=\"custom-link\" href=\"\/de\/iodine\/\">Kaliumjodid (Jod)<\/a>, <a class=\"custom-link\" href=\"\/de\/vitamin-e\/\">DL-\u03b1-Tocopherylacetat (Vitamin E)<\/a>;<br \/>\n      <b>\u2022<\/b> Kapselh\u00fclle (Gelatine, gereinigtes Wasser, Farbstoff: Calciumcarbonat), Siliciumdioxid, Magnesiumstearat;\n    <\/div>\n<\/p><\/div>\n<div class=\"btn\">WIE MAN SIE BENUTZT<\/div>\n<div class=\"board\">\n<div>\n      F\u00fcr Personen \u00fcber 18 Jahren wird empfohlen, zweimal t\u00e4glich eine Kapsel w\u00e4hrend oder nach einer Mahlzeit einzunehmen. Die Kapsel unzerkaut mit Fl\u00fcssigkeit schlucken. Das Produkt muss \u00fcber einen l\u00e4ngeren Zeitraum eingenommen werden. Geeignet f\u00fcr Diabetiker.<\/p>\n<p>      <b>WARNHINWEISE:<\/b><br \/>\n      <b>\u2022<\/b> Die empfohlene Tagesdosis nicht \u00fcberschreiten.<br \/>\n      <b>\u2022<\/b> Das Produkt ist nicht f\u00fcr Personen unter 18 Jahren sowie schwangere oder stillende Frauen bestimmt.<br \/>\n      <b>\u2022<\/b> Nicht anwenden bei \u00dcberempfindlichkeit gegen einen der Inhaltsstoffe.<br \/>\n      <b>\u2022<\/b> Fragen Sie Ihren Arzt um Rat, wenn Sie Medikamente einnehmen.<br \/>\n      <b>\u2022<\/b> Nicht gleichzeitig mit gerinnungshemmenden Medikamenten einnehmen.<br \/>\n      <b>\u2022<\/b> Vor einer geplanten Operation muss die Anwendung dieses Produkts abgebrochen werden.\n    <\/div>\n<\/p><\/div>\n<\/div>","protected":false},"excerpt":{"rendered":"<div class=\"my-product-info\">\n<div class=\"two-categories\">\n<div>\n            <img decoding=\"async\" src=\"https:\/\/www.alivitpharm.com\/wp-content\/uploads\/2025\/05\/icon-9.png\" alt=\"100% nat\u00fcrlich\" width=\"50px\" height=\"50px\" \/><\/p>\n<div>100% nat\u00fcrlich<\/div>\n<\/p><\/div>\n<div><img decoding=\"async\" src=\"https:\/\/www.alivitpharm.com\/wp-content\/uploads\/2025\/05\/icon-10.png\" alt=\"GMO-frei\" width=\"50px\" height=\"50px\" \/><\/p>\n<div>GMO-frei<\/div>\n<\/p><\/div>\n<div><img decoding=\"async\" src=\"https:\/\/www.alivitpharm.com\/wp-content\/uploads\/2025\/05\/icon-15.png\" alt=\"Glutenfrei\" width=\"50px\" height=\"50px\" \/><\/p>\n<div>Glutenfrei<\/div>\n<\/p><\/div>\n<\/p><\/div>\n<\/div>\n<ul>\n<li>Normalisiert die Schilddr\u00fcsenfunktion.<\/li>\n<li>Reduziert nerv\u00f6se Anspannung und Angstzust\u00e4nde.<\/li>\n<li>Normalisiert den Herzrhythmus bei Schilddr\u00fcsen\u00fcberfunktion.<\/li>\n<li>Hilft bei akuter Schilddr\u00fcsenentz\u00fcndung und Schilddr\u00fcsen\u00fcberfunktion.<\/li>\n<li>Vorbeugung von Schilddr\u00fcsenerkrankungen bei Patientinnen mit polyzystischem Ovarialsyndrom.<\/li>\n<li>Wirksames Antioxidans.<\/li>\n<\/ul>\n<p><a class=\"category-pdf-btn\" href=\"https:\/\/www.alivitpharm.com\/wp-content\/uploads\/2025\/07\/phytotherapy_in_managing_the_endocrine_disorders_and_hormonal_balance_en.pdf\" target=\"_blank\" rel=\"noopener\">Erfahren Sie mehr \u00fcber endokrine St\u00f6rungen und Hormonhaushalt<\/a><\/p>","protected":false},"featured_media":13111,"comment_status":"open","ping_status":"closed","template":"","meta":{"site-sidebar-layout":"default","site-content-layout":"default","ast-global-header-display":"","ast-main-header-display":"","ast-hfb-above-header-display":"","ast-hfb-below-header-display":"","ast-hfb-mobile-header-display":"","site-post-title":"","ast-breadcrumbs-content":"","ast-featured-img":"","footer-sml-layout":"","theme-transparent-header-meta":"default","adv-header-id-meta":"","stick-header-meta":"","header-above-stick-meta":"","header-main-stick-meta":"","header-below-stick-meta":""},"product_brand":[],"product_cat":[172],"product_tag":[],"class_list":{"0":"post-3112","1":"product","2":"type-product","3":"status-publish","4":"has-post-thumbnail","6":"product_cat-hormonal-balance","7":"desktop-align-center","8":"tablet-align-center","9":"mobile-align-center","11":"first","12":"instock","13":"shipping-taxable","14":"purchasable","15":"product-type-simple"},"_links":{"self":[{"href":"https:\/\/www.alivitpharm.com\/de\/wp-json\/wp\/v2\/product\/3112","targetHints":{"allow":["GET"]}}],"collection":[{"href":"https:\/\/www.alivitpharm.com\/de\/wp-json\/wp\/v2\/product"}],"about":[{"href":"https:\/\/www.alivitpharm.com\/de\/wp-json\/wp\/v2\/types\/product"}],"replies":[{"embeddable":true,"href":"https:\/\/www.alivitpharm.com\/de\/wp-json\/wp\/v2\/comments?post=3112"}],"wp:featuredmedia":[{"embeddable":true,"href":"https:\/\/www.alivitpharm.com\/de\/wp-json\/wp\/v2\/media\/13111"}],"wp:attachment":[{"href":"https:\/\/www.alivitpharm.com\/de\/wp-json\/wp\/v2\/media?parent=3112"}],"wp:term":[{"taxonomy":"product_brand","embeddable":true,"href":"https:\/\/www.alivitpharm.com\/de\/wp-json\/wp\/v2\/product_brand?post=3112"},{"taxonomy":"product_cat","embeddable":true,"href":"https:\/\/www.alivitpharm.com\/de\/wp-json\/wp\/v2\/product_cat?post=3112"},{"taxonomy":"product_tag","embeddable":true,"href":"https:\/\/www.alivitpharm.com\/de\/wp-json\/wp\/v2\/product_tag?post=3112"}],"curies":[{"name":"wp","href":"https:\/\/api.w.org\/{rel}","templated":true}]}}