{"id":3114,"date":"2022-05-24T13:33:44","date_gmt":"2022-05-24T11:33:44","guid":{"rendered":"https:\/\/www.alivitpharm.com\/?post_type=product&#038;p=3114"},"modified":"2026-04-17T06:26:49","modified_gmt":"2026-04-17T04:26:49","slug":"potent-max","status":"publish","type":"product","link":"https:\/\/www.alivitpharm.com\/de\/product\/potent-max\/","title":{"rendered":"POTENT MAX"},"content":{"rendered":"<div class=\"product-accordion\">\n<div class=\"btn\">\u00dcBER POTENT MAX<\/div>\n<div class=\"board\">\n<div><b>POTENT MAX\u00ae<\/b> enth\u00e4lt Pflanzenextrakte, die die Erektionsf\u00e4higkeit unterst\u00fctzen und die sexuelle Leistungsf\u00e4higkeit steigern. <i>Tribulus terrestris<\/i> (Zygophyllaceae) steigert die Libido und f\u00f6rdert die sexuelle Aktivit\u00e4t. Dank seiner positiven Wirkung auf den Testosteronspiegel wird es M\u00e4nnern mit erektiler Dysfunktion oder Unfruchtbarkeit unbekannter Ursache empfohlen.<\/p>\n<p>Fermentierter Knoblauch verbessert die Durchblutung, neutralisiert freie Radikale und unterst\u00fctzt die Gef\u00e4\u00dfgesundheit. Bockshornkleesamenextrakt steigert die k\u00f6rperliche Kraft, Ausdauer und Vitalit\u00e4t und wirkt sich positiv auf die m\u00e4nnliche sexuelle Leistungsf\u00e4higkeit aus. Fermentierter Knoblauch ist reich an Polysulfiden, die die Schwefelwasserstoffproduktion (H\u2082S) anregen, was zur Entspannung der glatten Gef\u00e4\u00dfmuskulatur beitr\u00e4gt und den Blutdruck senkt \u2013 Faktoren, die die Erektionsf\u00e4higkeit direkt unterst\u00fctzen. Da Herz-Kreislauf-Erkrankungen, insbesondere Bluthochdruck, Risikofaktoren f\u00fcr erektile Dysfunktion sind, ist die kardioprotektive Wirkung von fermentiertem Knoblauch in diesen F\u00e4llen von Vorteil. Dar\u00fcber hinaus verbessern die bioaktiven Inhaltsstoffe des Knoblauchs die Durchblutung und f\u00f6rdern die Erektion.<\/p>\n<\/div>\n<\/div>\n<div class=\"btn\">ZUTATEN<\/div>\n<div class=\"board\">\n<div>\n90 Weichgelatinekapseln<\/p>\n<p><b>\u2022<\/b> Extrakt aus <a class=\"custom-link\" href=\"\/de\/black-garlic\/\">fermentierter Knoblauchknolle <i>(Allium sativum)<\/i><\/a> in Sojabohnen\u00f6l;<br \/>\n<b>\u2022<\/b> Extrakt aus <a class=\"custom-link\" href=\"\/de\/goats-head\/\">Zygophyllaceae-Kraut <i>(Tribulus terrestris)<\/i><\/a> in Sojabohnen\u00f6l;<br \/>\n<b>\u2022<\/b> Extrakt aus <a class=\"custom-link\" href=\"\/de\/fenugreek\/\">Bockshornkleesamen <i>(Trigonella foenum-graecum)<\/i><\/a> in Sojabohnen\u00f6l;<br \/>\n<b>\u2022<\/b> Antioxidationsmittel: Vitamin E, Rindergelatine, Glycerin, gereinigtes Wasser, Siliziumdioxid, Farbstoff: Pflanzenkohle;<\/div>\n<\/div>\n<div class=\"btn\">WIE MAN SIE BENUTZT<\/div>\n<div class=\"board\">\n<div>F\u00fcr Personen \u00fcber 18 Jahre wird empfohlen, dreimal t\u00e4glich zwei Kapseln w\u00e4hrend oder nach einer Mahlzeit einzunehmen. Die Kapsel unzerkaut mit Fl\u00fcssigkeit schlucken. Geeignet f\u00fcr Diabetiker.<\/p>\n<p><b>WARNHINWEISE:<\/b><br \/>\n<b>\u2022<\/b> Die empfohlene Tagesdosis nicht \u00fcberschreiten.<br \/>\n<b>\u2022<\/b> Das Produkt ist nicht f\u00fcr Personen unter 18 Jahren und Personen mit eingeschr\u00e4nkter Leberfunktion bestimmt.<br \/>\n<b>\u2022<\/b> Es wird nicht empfohlen, das Pr\u00e4parat l\u00e4nger als zwei Wochen ununterbrochen einzunehmen.<br \/>\n<b>\u2022<\/b> Nicht anwenden bei \u00dcberempfindlichkeit gegen einen der Inhaltsstoffe.<br \/>\n<b>\u2022<\/b> Fragen Sie Ihren Arzt um Rat, wenn Sie Medikamente einnehmen.<br \/>\n<b>\u2022<\/b> Besondere Vorsicht ist geboten bei Patienten, die MAO-Hemmer, orale Antikoagulantien, Hormonpr\u00e4parate oder Antihypertensiva einnehmen.<br \/>\n<b>\u2022<\/b> W\u00e4hrend der Anwendung wird empfohlen, Sonneneinstrahlung zu vermeiden oder Pr\u00e4parate mit hohem Schutzfaktor zu verwenden.\n<\/div>\n<\/div>\n<\/div>","protected":false},"excerpt":{"rendered":"<div class=\"my-product-info\">\n<div class=\"two-categories\">\n<div><img decoding=\"async\" src=\"https:\/\/www.alivitpharm.com\/wp-content\/uploads\/2025\/05\/icon-9.png\" alt=\"100% nat\u00fcrlich\" width=\"50px\" height=\"50px\" \/><\/p>\n<div>100% nat\u00fcrlich<\/div>\n<\/p><\/div>\n<div>\n            <img decoding=\"async\" src=\"https:\/\/www.alivitpharm.com\/wp-content\/uploads\/2025\/05\/icon-10.png\" alt=\"GMO-frei\" width=\"50px\" height=\"50px\" \/><\/p>\n<div>GMO-frei<\/div>\n<\/p><\/div>\n<div>\n            <img decoding=\"async\" src=\"https:\/\/www.alivitpharm.com\/wp-content\/uploads\/2025\/05\/icon-15.png\" alt=\"Glutenfrei\" width=\"50px\" height=\"50px\" \/><\/p>\n<div>Glutenfrei<\/div>\n<\/p><\/div>\n<\/p><\/div>\n<\/div>\n<ul>\n<li>Hilft bei der Regulierung von Erektionsst\u00f6rungen.<\/li>\n<li>Steigert den Testosteronspiegel.<\/li>\n<li>Steigert Kraft, Ausdauer und Muskelmasse.<\/li>\n<li>Steigert die Libido und stimuliert die sexuelle Aktivit\u00e4t.<\/li>\n<li>Verbessert die Durchblutung.<\/li>\n<li>Wirkt sich positiv auf die m\u00e4nnliche Fruchtbarkeit aus, erh\u00f6ht die Konzentration und Geschwindigkeit beweglicher Spermien.<\/li>\n<\/ul>\n<p><a class=\"category-pdf-btn\" href=\"https:\/\/www.alivitpharm.com\/wp-content\/uploads\/2025\/06\/the_urogenital_tract_en.pdf\" target=\"_blank\" rel=\"noopener\">Mehr \u00fcber den Urogenitaltrakt erfahren<\/a><\/p>","protected":false},"featured_media":13109,"comment_status":"open","ping_status":"closed","template":"","meta":{"site-sidebar-layout":"default","site-content-layout":"default","ast-global-header-display":"","ast-main-header-display":"","ast-hfb-above-header-display":"","ast-hfb-below-header-display":"","ast-hfb-mobile-header-display":"","site-post-title":"","ast-breadcrumbs-content":"","ast-featured-img":"","footer-sml-layout":"","theme-transparent-header-meta":"default","adv-header-id-meta":"","stick-header-meta":"","header-above-stick-meta":"","header-main-stick-meta":"","header-below-stick-meta":""},"product_brand":[],"product_cat":[172,179],"product_tag":[],"class_list":{"0":"post-3114","1":"product","2":"type-product","3":"status-publish","4":"has-post-thumbnail","6":"product_cat-hormonal-balance","7":"product_cat-mens-health","8":"desktop-align-center","9":"tablet-align-center","10":"mobile-align-center","12":"first","13":"instock","14":"shipping-taxable","15":"purchasable","16":"product-type-simple"},"_links":{"self":[{"href":"https:\/\/www.alivitpharm.com\/de\/wp-json\/wp\/v2\/product\/3114","targetHints":{"allow":["GET"]}}],"collection":[{"href":"https:\/\/www.alivitpharm.com\/de\/wp-json\/wp\/v2\/product"}],"about":[{"href":"https:\/\/www.alivitpharm.com\/de\/wp-json\/wp\/v2\/types\/product"}],"replies":[{"embeddable":true,"href":"https:\/\/www.alivitpharm.com\/de\/wp-json\/wp\/v2\/comments?post=3114"}],"wp:featuredmedia":[{"embeddable":true,"href":"https:\/\/www.alivitpharm.com\/de\/wp-json\/wp\/v2\/media\/13109"}],"wp:attachment":[{"href":"https:\/\/www.alivitpharm.com\/de\/wp-json\/wp\/v2\/media?parent=3114"}],"wp:term":[{"taxonomy":"product_brand","embeddable":true,"href":"https:\/\/www.alivitpharm.com\/de\/wp-json\/wp\/v2\/product_brand?post=3114"},{"taxonomy":"product_cat","embeddable":true,"href":"https:\/\/www.alivitpharm.com\/de\/wp-json\/wp\/v2\/product_cat?post=3114"},{"taxonomy":"product_tag","embeddable":true,"href":"https:\/\/www.alivitpharm.com\/de\/wp-json\/wp\/v2\/product_tag?post=3114"}],"curies":[{"name":"wp","href":"https:\/\/api.w.org\/{rel}","templated":true}]}}