{"id":3116,"date":"2022-05-24T13:47:45","date_gmt":"2022-05-24T11:47:45","guid":{"rendered":"https:\/\/www.alivitpharm.com\/?post_type=product&#038;p=3116"},"modified":"2026-02-26T10:51:17","modified_gmt":"2026-02-26T08:51:17","slug":"digestiv","status":"publish","type":"product","link":"https:\/\/www.alivitpharm.com\/de\/product\/digestiv\/","title":{"rendered":"DIGESTIV"},"content":{"rendered":"<div class=\"product-accordion\">\n<div class=\"btn\">\u00dcBER DIGESTIV<\/div>\n<div class=\"board\">\n<div><b>DIGESTIV\u00ae<\/b> enth\u00e4lt sechs Kr\u00e4uterextrakte, deren Wirkstoffe synergetisch wirken und Verdauungsbeschwerden lindern. Kamille, Pfefferminze, K\u00fcmmel, Engelwurz und Rosmarin entspannen die glatte Muskulatur des Magen-Darm-Trakts und reduzieren Bl\u00e4hungen. Fermentierter Knoblauch, kombiniert mit Kamille und K\u00fcmmel, regt die Darmmotilit\u00e4t an und f\u00f6rdert die Gasausscheidung. Dadurch eignet es sich bei tr\u00e4gem Stuhlgang, Verstopfung und Stuhlunregelm\u00e4\u00dfigkeiten. Dank der antimikrobiellen Wirkung des fermentierten Knoblauchs und der magensch\u00fctzenden Eigenschaften des Oliven\u00f6ls unterst\u00fctzt diese Formulierung die Regeneration entz\u00fcndeter Magen- und Darmschleimhaut.<\/p>\n<p>Diese Kr\u00e4uterextrakte sind auch bei Verdauungsbeschwerden wie funktioneller Dyspepsie, Reizdarmsyndrom (RDS) und Gastritis hilfreich und lindern Magenschmerzen, Bl\u00e4hungen, Verdauungskr\u00e4mpfe, Aufsto\u00dfen, \u00dcbelkeit und Sodbrennen.<\/p>\n<\/div>\n<\/div>\n<div class=\"btn\">ZUTATEN<\/div>\n<div class=\"board\">\n<div>\n90 Weichgelatinekapseln<\/p>\n<p><b>\u2022<\/b> Extrakt aus <a class=\"custom-link\" href=\"\/de\/black-garlic\/\">fermentierter Knoblauchknolle <i>(Allium sativum)<\/i><\/a> in <a class=\"custom-link\" href=\"\/de\/olive-oil\/\">Oliven\u00f6l<\/a>;<br \/>\n<b>\u2022<\/b> Extrakt aus <a class=\"custom-link\" href=\"\/de\/chamomile\/\">Kamillenbl\u00fcten <i>(Matricaria recutita)<\/i><\/a> in <a class=\"custom-link\" href=\"\/de\/olive-oil\/\">Oliven\u00f6l<\/a>;<br \/>\n<b>\u2022<\/b> Extrakt aus <a class=\"custom-link\" href=\"\/de\/peppermint\/\">Pfefferminzbl\u00e4ttern <i>(Mentha \u00d7 piperita)<\/i><\/a> in <a class=\"custom-link\" href=\"\/de\/olive-oil\/\">Oliven\u00f6l<\/a>;<br \/>\n<b>\u2022<\/b> Extrakt aus <a class=\"custom-link\" href=\"\/de\/caraway\/\">K\u00fcmmelfr\u00fcchten <i>(Carum carvi)<\/i><\/a> in <a class=\"custom-link\" href=\"\/de\/olive-oil\/\">Oliven\u00f6l<\/a>;<br \/>\n<b>\u2022<\/b> Extrakt aus <a class=\"custom-link\" href=\"\/de\/angelica-archangelica\/\">Angelikawurzeln <i>(Angelica archangelica)<\/i><\/a> in <a class=\"custom-link\" href=\"\/de\/olive-oil\/\">Oliven\u00f6l<\/a>;<br \/>\n<b>\u2022<\/b> Extrakt aus <a class=\"custom-link\" href=\"\/de\/rosemary\/\">Rosmarinbl\u00e4ttern <i>(Rosmarinus officinalis)<\/i><\/a> in <a class=\"custom-link\" href=\"\/de\/olive-oil\/\">Oliven\u00f6l<\/a>;<br \/>\n<b>\u2022<\/b> Rindergelatine, Glycerin, gereinigtes Wasser, Siliciumdioxid, Antioxidationsmittel: DL-\u03b1-Tocopherylacetat, Farbstoff: Pflanzenkohle;<\/div>\n<\/div>\n<div class=\"btn\">WIE MAN SIE BENUTZT<\/div>\n<div class=\"board\">\n<div>Erwachsenen \u00fcber 12 Jahren wird empfohlen, dreimal t\u00e4glich eine Kapsel w\u00e4hrend oder nach einer Mahlzeit einzunehmen. Die Kapsel sollte unzerkaut mit Fl\u00fcssigkeit geschluckt werden. Das Produkt muss \u00fcber einen l\u00e4ngeren Zeitraum eingenommen werden.<\/p>\n<p><b>WARNHINWEISE:<\/b><br \/>\n<b>\u2022<\/b> Die empfohlene Tagesdosis nicht \u00fcberschreiten.<br \/>\n<b>\u2022<\/b> Das Produkt ist nicht f\u00fcr Personen unter 12 Jahren sowie schwangere oder stillende Frauen bestimmt.<br \/>\n<b>\u2022<\/b> Nicht anwenden bei \u00dcberempfindlichkeit gegen einen der Inhaltsstoffe.<br \/>\n<b>\u2022<\/b> Fragen Sie Ihren Arzt um Rat, wenn Sie Medikamente einnehmen.<br \/>\n<b>\u2022<\/b> Nicht gleichzeitig mit gerinnungshemmenden Medikamenten einnehmen.<br \/>\n<b>\u2022<\/b> Vor einer geplanten Operation muss die Anwendung dieses Produkts abgebrochen werden.\n<\/div>\n<\/div>\n<\/div>","protected":false},"excerpt":{"rendered":"<div class=\"my-product-info\">\n<div class=\"two-categories\">\n<div>\n            <img decoding=\"async\" src=\"https:\/\/www.alivitpharm.com\/wp-content\/uploads\/2025\/05\/icon-9.png\" alt=\"100% nat\u00fcrlich\" width=\"50px\" height=\"50px\" \/><\/p>\n<div>100% nat\u00fcrlich<\/div>\n<\/p><\/div>\n<div>\n            <img decoding=\"async\" src=\"https:\/\/www.alivitpharm.com\/wp-content\/uploads\/2025\/05\/icon-10.png\" alt=\"GMO-frei\" width=\"50px\" height=\"50px\" \/><\/p>\n<div>GMO-frei<\/div>\n<\/p><\/div>\n<div>\n            <img decoding=\"async\" src=\"https:\/\/www.alivitpharm.com\/wp-content\/uploads\/2025\/05\/icon-15.png\" alt=\"Glutenfrei\" width=\"50px\" height=\"50px\" \/><\/p>\n<div>Glutenfrei<\/div>\n<\/p><\/div>\n<\/p><\/div>\n<\/div>\n<ul>\n<li>Reduziert Bl\u00e4hungen, Kr\u00e4mpfe, \u00dcbelkeit und Sodbrennen.<\/li>\n<li>Beschleunigt die Ausscheidung von Gasen.<\/li>\n<li>Lindert Entz\u00fcndungen der Magen- und Darmschleimhaut.<\/li>\n<li>Beschleunigt die Verdauung und reguliert die Darmt\u00e4tigkeit<\/li>\n<li>Nat\u00fcrliches Pr\u00e4biotikum.<\/li>\n<li>Unterst\u00fctzt die Behandlung von <i>Helicobacter pylori<\/i>.<\/li>\n<\/ul>\n<p><a class=\"category-pdf-btn\" href=\"https:\/\/www.alivitpharm.com\/wp-content\/uploads\/2025\/06\/gastrointestinal_and_liver_health_en.pdf\" target=\"_blank\" rel=\"noopener\">Mehr \u00fcber Magen-Darm-Gesundheit und Lebergesundheit erfahren<\/a><\/p>","protected":false},"featured_media":13103,"comment_status":"open","ping_status":"closed","template":"","meta":{"site-sidebar-layout":"default","site-content-layout":"default","ast-global-header-display":"","ast-main-header-display":"","ast-hfb-above-header-display":"","ast-hfb-below-header-display":"","ast-hfb-mobile-header-display":"","site-post-title":"","ast-breadcrumbs-content":"","ast-featured-img":"","footer-sml-layout":"","theme-transparent-header-meta":"default","adv-header-id-meta":"","stick-header-meta":"","header-above-stick-meta":"","header-main-stick-meta":"","header-below-stick-meta":""},"product_brand":[],"product_cat":[170],"product_tag":[],"class_list":{"0":"post-3116","1":"product","2":"type-product","3":"status-publish","4":"has-post-thumbnail","6":"product_cat-digestive-system","7":"desktop-align-center","8":"tablet-align-center","9":"mobile-align-center","11":"first","12":"instock","13":"shipping-taxable","14":"purchasable","15":"product-type-simple"},"_links":{"self":[{"href":"https:\/\/www.alivitpharm.com\/de\/wp-json\/wp\/v2\/product\/3116","targetHints":{"allow":["GET"]}}],"collection":[{"href":"https:\/\/www.alivitpharm.com\/de\/wp-json\/wp\/v2\/product"}],"about":[{"href":"https:\/\/www.alivitpharm.com\/de\/wp-json\/wp\/v2\/types\/product"}],"replies":[{"embeddable":true,"href":"https:\/\/www.alivitpharm.com\/de\/wp-json\/wp\/v2\/comments?post=3116"}],"wp:featuredmedia":[{"embeddable":true,"href":"https:\/\/www.alivitpharm.com\/de\/wp-json\/wp\/v2\/media\/13103"}],"wp:attachment":[{"href":"https:\/\/www.alivitpharm.com\/de\/wp-json\/wp\/v2\/media?parent=3116"}],"wp:term":[{"taxonomy":"product_brand","embeddable":true,"href":"https:\/\/www.alivitpharm.com\/de\/wp-json\/wp\/v2\/product_brand?post=3116"},{"taxonomy":"product_cat","embeddable":true,"href":"https:\/\/www.alivitpharm.com\/de\/wp-json\/wp\/v2\/product_cat?post=3116"},{"taxonomy":"product_tag","embeddable":true,"href":"https:\/\/www.alivitpharm.com\/de\/wp-json\/wp\/v2\/product_tag?post=3116"}],"curies":[{"name":"wp","href":"https:\/\/api.w.org\/{rel}","templated":true}]}}