{"id":3118,"date":"2022-05-24T13:49:50","date_gmt":"2022-05-24T11:49:50","guid":{"rendered":"https:\/\/www.alivitpharm.com\/?post_type=product&#038;p=3118"},"modified":"2026-02-10T15:41:06","modified_gmt":"2026-02-10T13:41:06","slug":"cardio-plus","status":"publish","type":"product","link":"https:\/\/www.alivitpharm.com\/de\/product\/cardio-plus\/","title":{"rendered":"CARDIO PLUS"},"content":{"rendered":"<div class=\"product-accordion\">\n<div class=\"btn\">\u00dcBER CARDIO PLUS<\/div>\n<div class=\"board\">\n<div>\n      <b>CARDIO PLUS\u00ae<\/b> enth\u00e4lt pflanzliche Inhaltsstoffe, die die gesunde Funktion des Herz-Kreislauf-Systems unterst\u00fctzen und Herzinsuffizienz vorbeugen. Fermentierter Knoblauch bietet starken antioxidativen Schutz, sch\u00fctzt Herzmuskelzellen vor oxidativem Stress, tr\u00e4gt zur Aufrechterhaltung normaler Gesamt-, LDL- und HDL-Cholesterinwerte bei und unterst\u00fctzt einen gesunden Homocysteinspiegel. Wei\u00dfdornbl\u00e4tter und -bl\u00fcten verbessern die Sauerstoffversorgung und Durchblutung des Herzgewebes, erh\u00f6hen die Kraft der Herzkontraktionen und tragen zur Regulierung des Herzrhythmus bei. Zusammen mit Mistel helfen sie, Bluthochdruck zu senken.<\/p>\n<p>Dieses Produkt wird besonders f\u00fcr Personen mit hohem Cholesterinspiegel, Herzinsuffizienz im Fr\u00fchstadium oder Bluthochdruck sowie f\u00fcr gesunde Personen mit Herz-Kreislauf-Erkrankungen in der Familie empfohlen.\n    <\/p><\/div>\n<\/p><\/div>\n<div class=\"btn\">ZUTATEN<\/div>\n<div class=\"board\">\n<div>\n      90 Weichgelatinekapseln<\/p>\n<p>      <b>\u2022<\/b> Extrakt aus <a class=\"custom-link\" href=\"\/de\/black-garlic\/\">fermentierter Knoblauchknolle <i>(Allium sativum)<\/i><\/a> in Sojabohnen\u00f6l;<br \/>\n      <b>\u2022<\/b> Extrakt aus <a class=\"custom-link\" href=\"\/de\/white-red-hawthorn\/\">wei\u00dfen und roten Wei\u00dfdornbl\u00e4ttern und -bl\u00fcten <i>(Crataegus monogyna, Crataegus oxyacantha)<\/i><\/a> in Sojabohnen\u00f6l;<br \/>\n      <b>\u2022<\/b> Extrakt aus <a class=\"custom-link\" href=\"\/de\/white-mistletoe\/\">wei\u00dfem Mistelkraut <i>(Viscum album)<\/i><\/a> in Sojabohnen\u00f6l;<br \/>\n      <b>\u2022<\/b> Antioxidationsmittel: Vitamin E, Rindergelatine, Glycerin, gereinigtes Wasser, Siliziumdioxid, Farbstoff: Pflanzenkohle;\n    <\/div>\n<\/p><\/div>\n<div class=\"btn\">WIE MAN SIE BENUTZT<\/div>\n<div class=\"board\">\n<div>\n      F\u00fcr Personen \u00fcber 18 Jahre wird empfohlen, dreimal t\u00e4glich zwei Kapseln w\u00e4hrend oder nach einer Mahlzeit einzunehmen. Die Kapsel unzerkaut mit Fl\u00fcssigkeit schlucken. Geeignet f\u00fcr Diabetiker.<\/p>\n<p>      <b>WARNHINWEISE:<\/b><br \/>\n      <b>\u2022<\/b> Die empfohlene Tagesdosis nicht \u00fcberschreiten.<br \/>\n      <b>\u2022<\/b> Das Produkt ist nicht f\u00fcr Personen unter 18 Jahren, schwangere oder stillende Frauen sowie bei akuten Entz\u00fcndungszust\u00e4nden und Tuberkulose bestimmt.<br \/>\n      <b>\u2022<\/b> Nicht anwenden bei \u00dcberempfindlichkeit gegen einen der Inhaltsstoffe.<br \/>\n      <b>\u2022<\/b> Fragen Sie Ihren Arzt um Rat, wenn Sie Medikamente einnehmen.<br \/>\n      <b>\u2022<\/b> Nicht gleichzeitig mit gerinnungshemmenden Medikamenten einnehmen.<br \/>\n      <b>\u2022<\/b> Besondere Vorsicht ist geboten bei Patienten, die Digoxin, Betablocker oder Antiarrhythmika in ihrer Therapie einnehmen, und wir raten Ihnen, im Falle einer Herztherapie Ihren Arzt oder Apotheker zu konsultieren.<br \/>\n      <b>\u2022<\/b> Nach viermonatiger Anwendung des Pr\u00e4parats ist eine einmonatige Einnahmepause erforderlich.\n    <\/div>\n<\/p><\/div>\n<\/div>","protected":false},"excerpt":{"rendered":"<div class=\"my-product-info\">\n<div class=\"two-categories\">\n<div>\n            <img decoding=\"async\" src=\"https:\/\/www.alivitpharm.com\/wp-content\/uploads\/2025\/05\/icon-9.png\" alt=\"100% nat\u00fcrlich\" width=\"50px\" height=\"50px\" \/><\/p>\n<div>100% nat\u00fcrlich<\/div>\n<\/p><\/div>\n<div>\n            <img decoding=\"async\" src=\"https:\/\/www.alivitpharm.com\/wp-content\/uploads\/2025\/05\/icon-10.png\" alt=\"GMO-frei\" width=\"50px\" height=\"50px\" \/><\/p>\n<div>GMO-frei<\/div>\n<\/p><\/div>\n<div>\n            <img decoding=\"async\" src=\"https:\/\/www.alivitpharm.com\/wp-content\/uploads\/2025\/05\/icon-15.png\" alt=\"Glutenfrei\" width=\"50px\" height=\"50px\" \/><\/p>\n<div>Glutenfrei<\/div>\n<\/p><\/div>\n<\/p><\/div>\n<\/div>\n<ul>\n<li>Senkt Bluthochdruck.<\/li>\n<li>Senkt einen hohen K\u00f6rperfettanteil.<\/li>\n<li>St\u00e4rkt den Herzmuskel, hilft bei Herzinsuffizienz und Angina Pectoris.<\/li>\n<li>Unterst\u00fctzt die Genesung nach Herzinfarkt oder Schlaganfall.<\/li>\n<li>Wirksames Antioxidans.<\/li>\n<\/ul>\n<p><a class=\"category-pdf-btn\" href=\"https:\/\/www.alivitpharm.com\/wp-content\/uploads\/2025\/06\/cardiovascular_health_en.pdf\" target=\"_blank\" rel=\"noopener\">Mehr \u00fcber Herz-Kreislauf-Gesundheit erfahren<\/a><\/p>","protected":false},"featured_media":13101,"comment_status":"open","ping_status":"closed","template":"","meta":{"site-sidebar-layout":"default","site-content-layout":"default","ast-global-header-display":"","ast-main-header-display":"","ast-hfb-above-header-display":"","ast-hfb-below-header-display":"","ast-hfb-mobile-header-display":"","site-post-title":"","ast-breadcrumbs-content":"","ast-featured-img":"","footer-sml-layout":"","theme-transparent-header-meta":"default","adv-header-id-meta":"","stick-header-meta":"","header-above-stick-meta":"","header-main-stick-meta":"","header-below-stick-meta":""},"product_brand":[],"product_cat":[169],"product_tag":[],"class_list":{"0":"post-3118","1":"product","2":"type-product","3":"status-publish","4":"has-post-thumbnail","6":"product_cat-cardiovascular-health","7":"desktop-align-center","8":"tablet-align-center","9":"mobile-align-center","11":"first","12":"instock","13":"shipping-taxable","14":"purchasable","15":"product-type-simple"},"_links":{"self":[{"href":"https:\/\/www.alivitpharm.com\/de\/wp-json\/wp\/v2\/product\/3118","targetHints":{"allow":["GET"]}}],"collection":[{"href":"https:\/\/www.alivitpharm.com\/de\/wp-json\/wp\/v2\/product"}],"about":[{"href":"https:\/\/www.alivitpharm.com\/de\/wp-json\/wp\/v2\/types\/product"}],"replies":[{"embeddable":true,"href":"https:\/\/www.alivitpharm.com\/de\/wp-json\/wp\/v2\/comments?post=3118"}],"wp:featuredmedia":[{"embeddable":true,"href":"https:\/\/www.alivitpharm.com\/de\/wp-json\/wp\/v2\/media\/13101"}],"wp:attachment":[{"href":"https:\/\/www.alivitpharm.com\/de\/wp-json\/wp\/v2\/media?parent=3118"}],"wp:term":[{"taxonomy":"product_brand","embeddable":true,"href":"https:\/\/www.alivitpharm.com\/de\/wp-json\/wp\/v2\/product_brand?post=3118"},{"taxonomy":"product_cat","embeddable":true,"href":"https:\/\/www.alivitpharm.com\/de\/wp-json\/wp\/v2\/product_cat?post=3118"},{"taxonomy":"product_tag","embeddable":true,"href":"https:\/\/www.alivitpharm.com\/de\/wp-json\/wp\/v2\/product_tag?post=3118"}],"curies":[{"name":"wp","href":"https:\/\/api.w.org\/{rel}","templated":true}]}}