{"id":3120,"date":"2022-05-24T13:51:37","date_gmt":"2022-05-24T11:51:37","guid":{"rendered":"https:\/\/www.alivitpharm.com\/?post_type=product&#038;p=3120"},"modified":"2026-02-26T10:28:54","modified_gmt":"2026-02-26T08:28:54","slug":"neuro","status":"publish","type":"product","link":"https:\/\/www.alivitpharm.com\/de\/product\/neuro\/","title":{"rendered":"NEURO"},"content":{"rendered":"<div class=\"product-accordion\">\n<div class=\"btn\">\u00dcBER NEURO<\/div>\n<div class=\"board\">\n<div><b>NEURO\u00ae<\/b> enth\u00e4lt fermentierten Knoblauch, Rosmarin und gr\u00fcnen Tee mit starker antioxidativer und neuroprotektiver Wirkung. Es wird zur Vorbeugung und Linderung von Symptomen neurodegenerativer Erkrankungen empfohlen. Aufgrund ihrer entz\u00fcndungshemmenden Eigenschaften und ihres positiven Einflusses auf die Mikrozirkulation werden diese Kr\u00e4uter zur Unterst\u00fctzung von Menschen mit diabetischer Polyneuropathie und verschiedenen Radikulopathien eingesetzt, wodurch NEURO\u00ae besonders wirksam in der Vorbeugung diabetischer Komplikationen ist. Lavendel tr\u00e4gt zum Gleichgewicht des Nervensystems bei, hilft bei nerv\u00f6ser Ersch\u00f6pfung und Schlafst\u00f6rungen und verst\u00e4rkt die beruhigende Wirkung des Produkts.<\/p>\n<p>Fermentierter Knoblauch wirkt antioxidativ (neutralisiert freie Radikale und sch\u00fctzt die Zellen vor oxidativem Stress), entz\u00fcndungshemmend (reduziert die Wahrscheinlichkeit von Entz\u00fcndungsreaktionen) und dient als unterst\u00fctzende Therapie bei neurodegenerativen Erkrankungen wie Demenz, Alzheimer und Parkinson. In der persischen Medizin werden neben pharmakologischen Behandlungen verschiedene pflanzliche und tierische Heilmittel eingesetzt, um das Fortschreiten der Krankheit zu hemmen. Knoblauch ist aufgrund seines antioxidativen und entz\u00fcndungshemmenden Potenzials einer der Hauptbestandteile.<\/p>\n<p>Die Vitamine B1 und B6 unterst\u00fctzen die normale psychische Funktion und die Leistungsf\u00e4higkeit des Nervensystems. Vitamin B2 unterst\u00fctzt den Energiestoffwechsel und sch\u00fctzt die Zellen vor oxidativem Stress. Selen hilft, Angstzust\u00e4nde, Depressionen und M\u00fcdigkeit zu reduzieren und kann in Kombination mit anderen Antioxidantien die Stimmung und die Hirndurchblutung verbessern. Vitamin E und Selen tragen zum Schutz der Zellen vor oxidativen Sch\u00e4den bei.<\/p>\n<\/div>\n<\/div>\n<div class=\"btn\">ZUTATEN<\/div>\n<div class=\"board\">\n<div>\n90 Weichgelatinekapseln<\/p>\n<p><b>\u2022<\/b> Extrakt aus <a class=\"custom-link\" href=\"\/de\/black-garlic\/\">fermentierter Knoblauchknolle <i>(Allium sativum)<\/i><\/a> in Sojabohnen\u00f6l;<br \/>\n<b>\u2022<\/b> Extrakt aus <a class=\"custom-link\" href=\"\/de\/lavender\/\">Lavendelbl\u00fcten <i>(Lavandula angustifolia)<\/i><\/a> in Sojabohnen\u00f6l;<br \/>\n<b>\u2022<\/b> Extrakt aus <a class=\"custom-link\" href=\"\/de\/rosemary\/\">Rosmarinbl\u00e4ttern <i>(Rosmarinus officinalis)<\/i><\/a> in Sojabohnen\u00f6l;<br \/>\n<b>\u2022<\/b> Extrakt aus <a class=\"custom-link\" href=\"\/de\/green-tea\/\">Gr\u00fcnteebl\u00e4ttern <i>(Camellia sinensis)<\/i><\/a> in Sojabohnen\u00f6l;<br \/>\n<b>\u2022<\/b> <a class=\"custom-link\" href=\"\/de\/alpha-lipoic-acid\/\">Alpha-Lipoids\u00e4ure<\/a>;<br \/>\n<b>\u2022<\/b> <a class=\"custom-link\" href=\"\/de\/vitamin-e\/\">DL-\u03b1-Tocopherylacetat (Vitamin E)<\/a>;<br \/>\n<b>\u2022<\/b> <a class=\"custom-link\" href=\"\/de\/vitamin-b6\/\">Pyridoxinhydrochlorid (Vitamin B6)<\/a>;<br \/>\n<b>\u2022<\/b> <a class=\"custom-link\" href=\"\/de\/vitamin-b2\/\">Riboflavin (Vitamin B2)<\/a>;<br \/>\n<b>\u2022<\/b> <a class=\"custom-link\" href=\"\/de\/vitamin-b1\/\">Thiaminmononitrat (Vitamin B1)<\/a>;<br \/>\n<b>\u2022<\/b> <a class=\"custom-link\" href=\"\/de\/selenium\/\">Natriumselenit (Selen)<\/a>;<br \/>\n<b>\u2022<\/b> Rindergelatine, Glycerin, gereinigtes Wasser, Farbstoff: Pflanzenkohle;<\/div>\n<\/div>\n<div class=\"btn\">WIE MAN SIE BENUTZT<\/div>\n<div class=\"board\">\n<div>F\u00fcr Personen \u00fcber 18 Jahren wird empfohlen, zweimal t\u00e4glich eine Kapsel w\u00e4hrend oder nach einer Mahlzeit einzunehmen. Die Kapsel unzerkaut mit Fl\u00fcssigkeit schlucken. Das Produkt muss \u00fcber einen l\u00e4ngeren Zeitraum eingenommen werden. Geeignet f\u00fcr Diabetiker.<\/p>\n<p><b>WARNHINWEISE:<\/b><br \/>\n<b>\u2022<\/b> Die empfohlene Tagesdosis nicht \u00fcberschreiten.<br \/>\n<b>\u2022<\/b> Das Produkt ist nicht f\u00fcr Personen unter 18 Jahren sowie schwangere oder stillende Frauen bestimmt.<br \/>\n<b>\u2022<\/b> Nicht anwenden bei \u00dcberempfindlichkeit gegen einen der Inhaltsstoffe.<br \/>\n<b>\u2022<\/b> Fragen Sie Ihren Arzt um Rat, wenn Sie Medikamente einnehmen.<br \/>\n<b>\u2022<\/b> Nicht gleichzeitig mit gerinnungshemmenden Medikamenten einnehmen.<br \/>\n<b>\u2022<\/b> Vor einer geplanten Operation muss die Anwendung dieses Produkts abgebrochen werden.\n<\/div>\n<\/div>\n<\/div>","protected":false},"excerpt":{"rendered":"<div class=\"my-product-info\">\n<div class=\"two-categories\">\n<div>\n            <img decoding=\"async\" src=\"https:\/\/www.alivitpharm.com\/wp-content\/uploads\/2025\/05\/icon-9.png\" alt=\"100% nat\u00fcrlich\" width=\"50px\" height=\"50px\" \/><\/p>\n<div>100% nat\u00fcrlich<\/div>\n<\/p><\/div>\n<div>\n            <img decoding=\"async\" src=\"https:\/\/www.alivitpharm.com\/wp-content\/uploads\/2025\/05\/icon-10.png\" alt=\"GMO-frei\" width=\"50px\" height=\"50px\" \/><\/p>\n<div>GMO-frei<\/div>\n<\/p><\/div>\n<div>\n            <img decoding=\"async\" src=\"https:\/\/www.alivitpharm.com\/wp-content\/uploads\/2025\/05\/icon-15.png\" alt=\"Glutenfrei\" width=\"50px\" height=\"50px\" \/><\/p>\n<div>Glutenfrei<\/div>\n<\/p><\/div>\n<\/p><\/div>\n<\/div>\n<ul>\n<li>Es hat eine neuroprotektive Wirkung.<\/li>\n<li>Hilft bei neurodegenerativen Erkrankungen und Schlafst\u00f6rungen.<\/li>\n<li>Sch\u00fctzt das Nervensystem vor Sch\u00e4den durch oxidativen Stress.<\/li>\n<li>F\u00fchrt zu einer Verbesserung der kognitiven Funktionen.<\/li>\n<li>Beugt der Entwicklung von Polyneuropathien bei Diabetikern vor.<\/li>\n<\/ul>\n<p><a class=\"category-pdf-btn\" href=\"https:\/\/www.alivitpharm.com\/wp-content\/uploads\/2025\/07\/phytotherapy_for_neurodegeneration_and_oxidative_stress_en.pdf\" target=\"_blank\" rel=\"noopener\">Erfahren Sie mehr \u00fcber Phytotherapie bei Neurodegeneration und oxidativem Stress<\/a><\/p>","protected":false},"featured_media":13119,"comment_status":"open","ping_status":"closed","template":"","meta":{"site-sidebar-layout":"default","site-content-layout":"default","ast-global-header-display":"","ast-main-header-display":"","ast-hfb-above-header-display":"","ast-hfb-below-header-display":"","ast-hfb-mobile-header-display":"","site-post-title":"","ast-breadcrumbs-content":"","ast-featured-img":"","footer-sml-layout":"","theme-transparent-header-meta":"default","adv-header-id-meta":"","stick-header-meta":"","header-above-stick-meta":"","header-main-stick-meta":"","header-below-stick-meta":""},"product_brand":[],"product_cat":[175],"product_tag":[],"class_list":{"0":"post-3120","1":"product","2":"type-product","3":"status-publish","4":"has-post-thumbnail","6":"product_cat-nervous-system-protection","7":"desktop-align-center","8":"tablet-align-center","9":"mobile-align-center","11":"first","12":"instock","13":"shipping-taxable","14":"purchasable","15":"product-type-simple"},"_links":{"self":[{"href":"https:\/\/www.alivitpharm.com\/de\/wp-json\/wp\/v2\/product\/3120","targetHints":{"allow":["GET"]}}],"collection":[{"href":"https:\/\/www.alivitpharm.com\/de\/wp-json\/wp\/v2\/product"}],"about":[{"href":"https:\/\/www.alivitpharm.com\/de\/wp-json\/wp\/v2\/types\/product"}],"replies":[{"embeddable":true,"href":"https:\/\/www.alivitpharm.com\/de\/wp-json\/wp\/v2\/comments?post=3120"}],"wp:featuredmedia":[{"embeddable":true,"href":"https:\/\/www.alivitpharm.com\/de\/wp-json\/wp\/v2\/media\/13119"}],"wp:attachment":[{"href":"https:\/\/www.alivitpharm.com\/de\/wp-json\/wp\/v2\/media?parent=3120"}],"wp:term":[{"taxonomy":"product_brand","embeddable":true,"href":"https:\/\/www.alivitpharm.com\/de\/wp-json\/wp\/v2\/product_brand?post=3120"},{"taxonomy":"product_cat","embeddable":true,"href":"https:\/\/www.alivitpharm.com\/de\/wp-json\/wp\/v2\/product_cat?post=3120"},{"taxonomy":"product_tag","embeddable":true,"href":"https:\/\/www.alivitpharm.com\/de\/wp-json\/wp\/v2\/product_tag?post=3120"}],"curies":[{"name":"wp","href":"https:\/\/api.w.org\/{rel}","templated":true}]}}