{"id":3122,"date":"2022-05-24T14:11:03","date_gmt":"2022-05-24T12:11:03","guid":{"rendered":"https:\/\/www.alivitpharm.com\/?post_type=product&#038;p=3122"},"modified":"2026-02-10T15:48:31","modified_gmt":"2026-02-10T13:48:31","slug":"prostat","status":"publish","type":"product","link":"https:\/\/www.alivitpharm.com\/de\/product\/prostat\/","title":{"rendered":"PROSTAT"},"content":{"rendered":"<div class=\"product-accordion\">\n<div class=\"btn\">\u00dcBER PROSTAT<\/div>\n<div class=\"board\">\n<div><b>PROSTAT\u00ae<\/b> enth\u00e4lt Kr\u00e4uterextrakte, die die Symptome der benignen Prostatahyperplasie (BPH) lindern, wie z. B. h\u00e4ufiges und erschwertes Wasserlassen, und auch bei akuter Prostatitis hilfreich sind.<\/p>\n<p>Die Wirkstoffe aus frischem und fermentiertem Knoblauch wirken antioxidativ, antibakteriell und antimykotisch. Sie reduzieren die Synthese entz\u00fcndungsf\u00f6rdernder Zytokine und wirken auf die Nervenenden in der Blasenwand. Dadurch verbessern sie die Elastizit\u00e4t und den Kontraktions-Entspannungs-Zyklus der glatten Blasenmuskulatur. In Synergie mit K\u00fcrbiskern\u00f6l tragen diese Effekte zur Wirksamkeit von PROSTAT bei der Linderung der Symptome von BPH, akuter Prostatitis und Blasenfunktionsst\u00f6rungen bei.<\/p>\n<\/div>\n<\/div>\n<div class=\"btn\">ZUTATEN<\/div>\n<div class=\"board\">\n<div>\n60 Weichgelatinekapseln<\/p>\n<p><b>\u2022<\/b> Extrakt aus <a class=\"custom-link\" href=\"\/de\/black-garlic\/\">fermentierter Knoblauchknolle <i>(Allium sativum)<\/i><\/a> in <a class=\"custom-link\" href=\"\/de\/pumpkin-seed\/\">K\u00fcrbiskern\u00f6l<\/a>;<br \/>\n<b>\u2022<\/b> Extrakt aus <a class=\"custom-link\" href=\"\/de\/garlic\/\">frischer Knoblauchknolle <i>(Allium sativum)<\/i><\/a> in <a class=\"custom-link\" href=\"\/de\/pumpkin-seed\/\">K\u00fcrbiskern\u00f6l<\/a>;<br \/>\n<b>\u2022<\/b> Rindergelatine, Glycerin, gereinigtes Wasser, Siliciumdioxid, Antioxidationsmittel: Vitamin E;<\/div>\n<\/div>\n<div class=\"btn\">WIE MAN SIE BENUTZT<\/div>\n<div class=\"board\">\n<div>Personen \u00fcber 18 Jahren wird empfohlen, dreimal t\u00e4glich eine Kapsel w\u00e4hrend oder nach einer Mahlzeit einzunehmen. Die Kapsel unzerkaut mit Fl\u00fcssigkeit schlucken. Geeignet f\u00fcr Diabetiker.<\/p>\n<p><b>WARNHINWEISE:<\/b><br \/>\n<b>\u2022<\/b> Die empfohlene Tagesdosis nicht \u00fcberschreiten.<br \/>\n<b>\u2022<\/b> Das Produkt ist nicht f\u00fcr Personen unter 18 Jahren und Personen mit eingeschr\u00e4nkter Leberfunktion bestimmt.<br \/>\n<b>\u2022<\/b> Das Produkt muss \u00fcber einen l\u00e4ngeren Zeitraum eingenommen werden.<br \/>\n<b>\u2022<\/b> Nicht anwenden bei \u00dcberempfindlichkeit gegen einen der Inhaltsstoffe.<br \/>\n<b>\u2022<\/b> Fragen Sie Ihren Arzt um Rat, wenn Sie Medikamente einnehmen.<br \/>\n<b>\u2022<\/b> Die Kapseln d\u00fcrfen nicht zusammen mit Medikamenten eingenommen werden, die die Blutgerinnung hemmen, da eine Verl\u00e4ngerung der Blutgerinnungszeit das Risiko von Blutungen erh\u00f6hen kann.<br \/>\n<b>\u2022<\/b> Vor einer geplanten Operation muss die Einnahme des Produkts abgesetzt werden, da es die Blutgerinnungszeit verl\u00e4ngern kann.\n<\/div>\n<\/div>\n<\/div>","protected":false},"excerpt":{"rendered":"<div class=\"my-product-info\">\n<div class=\"two-categories\">\n<div>\n            <img decoding=\"async\" src=\"https:\/\/www.alivitpharm.com\/wp-content\/uploads\/2025\/05\/icon-9.png\" alt=\"100% nat\u00fcrlich\" width=\"50px\" height=\"50px\" \/><\/p>\n<div>100% nat\u00fcrlich<\/div>\n<\/p><\/div>\n<div>\n            <img decoding=\"async\" src=\"https:\/\/www.alivitpharm.com\/wp-content\/uploads\/2025\/05\/icon-10.png\" alt=\"GMO-frei\" width=\"50px\" height=\"50px\" \/><\/p>\n<div>GMO-frei<\/div>\n<\/p><\/div>\n<div>\n            <img decoding=\"async\" src=\"https:\/\/www.alivitpharm.com\/wp-content\/uploads\/2025\/05\/icon-15.png\" alt=\"Glutenfrei\" width=\"50px\" height=\"50px\" \/><\/p>\n<div>Glutenfrei<\/div>\n<\/p><\/div>\n<\/p><\/div>\n<\/div>\n<ul>\n<li>Hilft bei benigner Prostatahyperplasie.<\/li>\n<li>Lindert die Symptome einer akuten Prostatitis.<\/li>\n<li>Hilft bei Inkontinenz bei Frauen und M\u00e4nnern.<\/li>\n<li>Lindert erschwertes und h\u00e4ufiges Wasserlassen.<\/li>\n<\/ul>\n<p><a class=\"category-pdf-btn\" href=\"https:\/\/www.alivitpharm.com\/wp-content\/uploads\/2025\/06\/the_urogenital_tract_en.pdf\" target=\"_blank\" rel=\"noopener\">Mehr \u00fcber den Urogenitaltrakt erfahren<\/a><\/p>","protected":false},"featured_media":13231,"comment_status":"open","ping_status":"closed","template":"","meta":{"site-sidebar-layout":"default","site-content-layout":"default","ast-global-header-display":"","ast-main-header-display":"","ast-hfb-above-header-display":"","ast-hfb-below-header-display":"","ast-hfb-mobile-header-display":"","site-post-title":"","ast-breadcrumbs-content":"","ast-featured-img":"","footer-sml-layout":"","theme-transparent-header-meta":"default","adv-header-id-meta":"","stick-header-meta":"","header-above-stick-meta":"","header-main-stick-meta":"","header-below-stick-meta":""},"product_brand":[],"product_cat":[179],"product_tag":[],"class_list":{"0":"post-3122","1":"product","2":"type-product","3":"status-publish","4":"has-post-thumbnail","6":"product_cat-mens-health","7":"desktop-align-center","8":"tablet-align-center","9":"mobile-align-center","11":"first","12":"instock","13":"shipping-taxable","14":"purchasable","15":"product-type-simple"},"_links":{"self":[{"href":"https:\/\/www.alivitpharm.com\/de\/wp-json\/wp\/v2\/product\/3122","targetHints":{"allow":["GET"]}}],"collection":[{"href":"https:\/\/www.alivitpharm.com\/de\/wp-json\/wp\/v2\/product"}],"about":[{"href":"https:\/\/www.alivitpharm.com\/de\/wp-json\/wp\/v2\/types\/product"}],"replies":[{"embeddable":true,"href":"https:\/\/www.alivitpharm.com\/de\/wp-json\/wp\/v2\/comments?post=3122"}],"wp:featuredmedia":[{"embeddable":true,"href":"https:\/\/www.alivitpharm.com\/de\/wp-json\/wp\/v2\/media\/13231"}],"wp:attachment":[{"href":"https:\/\/www.alivitpharm.com\/de\/wp-json\/wp\/v2\/media?parent=3122"}],"wp:term":[{"taxonomy":"product_brand","embeddable":true,"href":"https:\/\/www.alivitpharm.com\/de\/wp-json\/wp\/v2\/product_brand?post=3122"},{"taxonomy":"product_cat","embeddable":true,"href":"https:\/\/www.alivitpharm.com\/de\/wp-json\/wp\/v2\/product_cat?post=3122"},{"taxonomy":"product_tag","embeddable":true,"href":"https:\/\/www.alivitpharm.com\/de\/wp-json\/wp\/v2\/product_tag?post=3122"}],"curies":[{"name":"wp","href":"https:\/\/api.w.org\/{rel}","templated":true}]}}