{"id":3124,"date":"2022-05-24T14:13:40","date_gmt":"2022-05-24T12:13:40","guid":{"rendered":"https:\/\/www.alivitpharm.com\/?post_type=product&#038;p=3124"},"modified":"2026-02-26T11:15:21","modified_gmt":"2026-02-26T09:15:21","slug":"immuno-active","status":"publish","type":"product","link":"https:\/\/www.alivitpharm.com\/de\/product\/immuno-active\/","title":{"rendered":"IMMUNO ACTIVE"},"content":{"rendered":"<div class=\"product-accordion\">\n<div class=\"btn\">ABOUT IMMUNO ACTIVE<\/div>\n<div class=\"board\">\n<div><b>IMMUNO ACTIVE\u00ae<\/b> enth\u00e4lt pflanzliche Inhaltsstoffe zur St\u00e4rkung des Immunsystems, insbesondere bei immungeschw\u00e4chten Patienten sowie bei Menschen mit chronischen Erkrankungen, hohem k\u00f6rperlichen oder psychischen Stress oder einer Neigung zu h\u00e4ufigen Infektionen. Fermentierter Knoblauch unterst\u00fctzt die Stressreaktion des K\u00f6rpers und st\u00e4rkt durch seine antibakteriellen und antioxidativen Eigenschaften die Immungesundheit. Er wird traditionell zur Linderung von Erk\u00e4ltungs- und Grippesymptomen eingesetzt. Fermentierter Knoblauch, Holunderbeeren, Hagebuttenfr\u00fcchte und Ingwerwurzelstock sind starke Antioxidantien mit ausgepr\u00e4gter antimikrobieller Wirkung. Zusammen st\u00e4rken sie ein geschw\u00e4chtes Immunsystem und beugen Atemwegs- und Harnwegsinfektionen, Husten, Halsschmerzen und Schleimhautentz\u00fcndungen vor. Vitamin C wirkt antioxidativ und spielt eine entscheidende Rolle bei der Unterst\u00fctzung des Immunsystems. Es unterst\u00fctzt zudem die Eisenaufnahme und die Bildung roter Blutk\u00f6rperchen. Vitamin D3 f\u00f6rdert die Kalzium- und Phosphoraufnahme und tr\u00e4gt zur Erhaltung normaler Knochen- und Muskelfunktionen bei und spielt gleichzeitig eine Rolle bei der Zellteilung. Zink und Selen tragen zum Ausgleich des Hormonhaushalts bei und st\u00e4rken so die Widerstandskraft und Immunabwehr.<\/div>\n<\/div>\n<div class=\"btn\">ZUTATEN<\/div>\n<div class=\"board\">\n<div>\n90 Weichgelatinekapseln<\/p>\n<p><b>\u2022<\/b> Extrakt aus <a class=\"custom-link\" href=\"\/de\/black-garlic\/\">fermentierter Knoblauchknolle <i>(Allium sativum)<\/i><\/a> in Sojabohnen\u00f6l;<br \/>\n<b>\u2022<\/b> Extrakt aus <a class=\"custom-link\" href=\"\/de\/black-elderberry\/\">der Frucht des schwarzen Holunders <i>(Sambucus nigra)<\/i><\/a> in Sojabohnen\u00f6l;<br \/>\n<b>\u2022<\/b> Extrakt aus <a class=\"custom-link\" href=\"\/de\/ginger\/\">Ingwer-Rhizom <i>(Zingiber officinale)<\/i><\/a> in Sojabohnen\u00f6l;<br \/>\n<b>\u2022<\/b> Extrakt aus <a class=\"custom-link\" href=\"\/de\/wild-rose-rosehip\/\">Wildrosenfr\u00fcchten <i>(Rosa canina)<\/i><\/a> in Sojabohnen\u00f6l;<br \/>\n<b>\u2022<\/b> <a class=\"custom-link\" href=\"\/de\/vitamin-c\/\">Ascorbylpalmitat (Vitamin C)<\/a>;<br \/>\n<b>\u2022<\/b> <a class=\"custom-link\" href=\"\/de\/vitamin-d3\/\">Cholecalciferol (Vitamin D3)<\/a>;<br \/>\n<b>\u2022<\/b> <a class=\"custom-link\" href=\"\/de\/selenium\/\">Natriumselenit (Selen)<\/a>;<br \/>\n<b>\u2022<\/b> <a class=\"custom-link\" href=\"\/de\/zinc\/\">Zinkcitrat-Trihydrat (Zink)<\/a>;<br \/>\n<b>\u2022<\/b> Rindergelatine, Glycerin, gereinigtes Wasser, Siliciumdioxid, Antioxidationsmittel: DL-\u03b1-Tocopherylacetat, Farbstoff: Pflanzenkohle;<\/div>\n<\/div>\n<div class=\"btn\">WIE MAN SIE BENUTZT<\/div>\n<div class=\"board\">\n<div>Erwachsenen wird empfohlen, zweimal t\u00e4glich eine Kapsel w\u00e4hrend oder nach einer Mahlzeit einzunehmen. Kindern \u00fcber 12 Jahren wird empfohlen, t\u00e4glich eine Kapsel einzunehmen. Die Kapsel unzerkaut mit Fl\u00fcssigkeit schlucken. Das Produkt kann \u00fcber einen l\u00e4ngeren Zeitraum eingenommen werden. Geeignet f\u00fcr Diabetiker.<\/p>\n<p><b>WARNHINWEISE:<\/b><br \/>\n<b>\u2022<\/b> Die empfohlene Tagesdosis nicht \u00fcberschreiten.<br \/>\n<b>\u2022<\/b> Das Produkt ist nicht f\u00fcr Personen unter 12 Jahren, schwangere oder stillende Frauen und Personen mit eingeschr\u00e4nkter Leberfunktion bestimmt.<br \/>\n<b>\u2022<\/b> Nicht anwenden bei \u00dcberempfindlichkeit gegen einen der Inhaltsstoffe.<br \/>\n<b>\u2022<\/b> Fragen Sie Ihren Arzt um Rat, wenn Sie Medikamente einnehmen.<br \/>\n<b>\u2022<\/b> Nicht gleichzeitig mit gerinnungshemmenden Medikamenten einnehmen.<br \/>\n<b>\u2022<\/b> Vor einer geplanten Operation muss die Anwendung dieses Produkts abgebrochen werden.\n<\/div>\n<\/div>\n<\/div>","protected":false},"excerpt":{"rendered":"<div class=\"my-product-info\">\n<div class=\"two-categories\">\n<div>\n            <img decoding=\"async\" src=\"https:\/\/www.alivitpharm.com\/wp-content\/uploads\/2025\/05\/icon-9.png\" alt=\"100% nat\u00fcrlich\" width=\"50px\" height=\"50px\" \/><\/p>\n<div>100% nat\u00fcrlich<\/div>\n<\/p><\/div>\n<div>\n            <img decoding=\"async\" src=\"https:\/\/www.alivitpharm.com\/wp-content\/uploads\/2025\/05\/icon-10.png\" alt=\"GMO-frei\" width=\"50px\" height=\"50px\" \/><\/p>\n<div>GMO-frei<\/div>\n<\/p><\/div>\n<div>\n            <img decoding=\"async\" src=\"https:\/\/www.alivitpharm.com\/wp-content\/uploads\/2025\/05\/icon-15.png\" alt=\"Glutenfrei\" width=\"50px\" height=\"50px\" \/><\/p>\n<div>Glutenfrei<\/div>\n<\/p><\/div>\n<\/p><\/div>\n<\/div>\n<ul>\n<li>St\u00e4rkt ein geschw\u00e4chtes Immunsystem.<\/li>\n<li>Beugt Infektionen der oberen Atemwege vor.<\/li>\n<li>Beschleunigt die Genesung von Infektionen durch Grippeviren und das Coronavirus.<\/li>\n<li>Hilft bei saisonalen Allergien.<\/li>\n<li>Wirksames Antioxidans.<\/li>\n<\/ul>\n<p><a class=\"category-pdf-btn\" href=\"https:\/\/www.alivitpharm.com\/wp-content\/uploads\/2025\/07\/phytotherapy_for_immune_system_en.pdf\" target=\"_blank\" rel=\"noopener\">Erfahren Sie mehr \u00fcber das Immunsystem<\/a><\/p>\n<div class=\"product-packages\">\n<h4>W\u00e4hlen Sie Ihr Paket<\/h4>\n<div class=\"package-item active\">1 Packung (f\u00fcr 45 Tage)<\/div>\n<div class=\"package-item\">2 Packungen (f\u00fcr 90 Tage) \u2013 <b>Sparen Sie 10%<\/b><\/div>\n<div class=\"package-item\">3 Packungen (135 Tage Nutzungsdauer) \u2013 <b>Sparen Sie 15%<\/b><\/div>\n<\/div>","protected":false},"featured_media":13105,"comment_status":"open","ping_status":"closed","template":"","meta":{"site-sidebar-layout":"default","site-content-layout":"default","ast-global-header-display":"","ast-main-header-display":"","ast-hfb-above-header-display":"","ast-hfb-below-header-display":"","ast-hfb-mobile-header-display":"","site-post-title":"","ast-breadcrumbs-content":"","ast-featured-img":"","footer-sml-layout":"","theme-transparent-header-meta":"default","adv-header-id-meta":"","stick-header-meta":"","header-above-stick-meta":"","header-main-stick-meta":"","header-below-stick-meta":""},"product_brand":[],"product_cat":[174,177],"product_tag":[],"class_list":{"0":"post-3124","1":"product","2":"type-product","3":"status-publish","4":"has-post-thumbnail","6":"product_cat-immune-system","7":"product_cat-urinary-infections","8":"desktop-align-center","9":"tablet-align-center","10":"mobile-align-center","12":"first","13":"instock","14":"shipping-taxable","15":"purchasable","16":"product-type-simple"},"_links":{"self":[{"href":"https:\/\/www.alivitpharm.com\/de\/wp-json\/wp\/v2\/product\/3124","targetHints":{"allow":["GET"]}}],"collection":[{"href":"https:\/\/www.alivitpharm.com\/de\/wp-json\/wp\/v2\/product"}],"about":[{"href":"https:\/\/www.alivitpharm.com\/de\/wp-json\/wp\/v2\/types\/product"}],"replies":[{"embeddable":true,"href":"https:\/\/www.alivitpharm.com\/de\/wp-json\/wp\/v2\/comments?post=3124"}],"wp:featuredmedia":[{"embeddable":true,"href":"https:\/\/www.alivitpharm.com\/de\/wp-json\/wp\/v2\/media\/13105"}],"wp:attachment":[{"href":"https:\/\/www.alivitpharm.com\/de\/wp-json\/wp\/v2\/media?parent=3124"}],"wp:term":[{"taxonomy":"product_brand","embeddable":true,"href":"https:\/\/www.alivitpharm.com\/de\/wp-json\/wp\/v2\/product_brand?post=3124"},{"taxonomy":"product_cat","embeddable":true,"href":"https:\/\/www.alivitpharm.com\/de\/wp-json\/wp\/v2\/product_cat?post=3124"},{"taxonomy":"product_tag","embeddable":true,"href":"https:\/\/www.alivitpharm.com\/de\/wp-json\/wp\/v2\/product_tag?post=3124"}],"curies":[{"name":"wp","href":"https:\/\/api.w.org\/{rel}","templated":true}]}}