{"id":8642,"date":"2023-02-28T14:44:50","date_gmt":"2023-02-28T12:44:50","guid":{"rendered":"https:\/\/www.alivitpharm.com\/?post_type=product&#038;p=8642"},"modified":"2026-03-10T11:26:47","modified_gmt":"2026-03-10T09:26:47","slug":"prostat-plus","status":"publish","type":"product","link":"https:\/\/www.alivitpharm.com\/de\/product\/prostat-plus\/","title":{"rendered":"PROSTAT PLUS"},"content":{"rendered":"<div class=\"product-accordion\">\n<div class=\"btn\">\u00dcBER PROSTAT PLUS<\/div>\n<div class=\"board\">\n<div><b>PROSTAT PLUS\u00ae<\/b> enth\u00e4lt Kr\u00e4uterextrakte zur Linderung von Symptomen einer benignen Prostatahyperplasie, wie h\u00e4ufigem und erschwertem Wasserlassen sowie chronischer Prostatitis.<\/p>\n<p>Wirkstoffe aus frischem und fermentiertem Knoblauch wirken antioxidativ, antibakteriell und antimykotisch. Sie reduzieren die Produktion entz\u00fcndlicher Zytokine und verbessern die Flexibilit\u00e4t der glatten Blasenmuskulatur, indem sie auf die Nervenenden wirken. Kurkuma hat antimikrobielle, antioxidative und entz\u00fcndungshemmende Eigenschaften. Es tr\u00e4gt zur Reduzierung der Zytokinsynthese bei und lindert die Symptome einer chronischen Prostatitis. Schwarzer Pfeffer verbessert die Bioverf\u00fcgbarkeit vieler Wirkstoffe, darunter Curcumin. Weidenr\u00f6schen ist nicht nur f\u00fcr die Gesundheit der Prostata, sondern auch f\u00fcr Blasen- und Nierenerkrankungen von Vorteil. Brennnessel wirkt harntreibend, f\u00f6rdert den Harnfluss und wirkt entz\u00fcndungshemmend, wodurch sie bei verschiedenen Harnwegsinfektionen hilfreich ist. Zusammen mit K\u00fcrbiskern\u00f6l helfen diese Kr\u00e4uterextrakte, die Symptome von BPH, chronischer Prostatitis und Blasenfunktionsst\u00f6rungen zu lindern.<\/p>\n<\/div>\n<\/div>\n<div class=\"btn\">ZUTATEN<\/div>\n<div class=\"board\">\n<div>\n90 Weichgelatinekapseln<\/p>\n<p><b>\u2022<\/b> Extrakt aus <a class=\"custom-link\" href=\"\/de\/black-garlic\/\">fermentierter Knoblauchknolle <i>(Allium sativum)<\/i><\/a> in <a class=\"custom-link\" href=\"\/de\/pumpkin-seed\/\">K\u00fcrbiskern\u00f6l<\/a>;<br \/>\n<b>\u2022<\/b> Extrakt aus <a class=\"custom-link\" href=\"\/de\/hoary-willowherb\/\">Kraut des Schmalbl\u00e4ttrigen Weidenr\u00f6schens <i>(Epilobium parviflorum)<\/i><\/a> in Raps\u00f6l;<br \/>\n<b>\u2022<\/b> Extrakt aus <a class=\"custom-link\" href=\"\/de\/turmeric\/\">der Kurkumawurzel <i>(Curcuma longa)<\/i><\/a> in Raps\u00f6l;<br \/>\n<b>\u2022<\/b> Extrakt aus <a class=\"custom-link\" href=\"\/de\/nettle\/\">Nesselbl\u00e4ttern und -wurzeln <i>(Urtica dioica)<\/i><\/a> in Raps\u00f6l;<br \/>\n<b>\u2022<\/b> Extrakt aus <a class=\"custom-link\" href=\"\/de\/black-pepper\/\">der Frucht des schwarzen Pfeffers <i>(Piper nigrum)<\/i><\/a> in Raps\u00f6l;<br \/>\n<b>\u2022<\/b> <a class=\"custom-link\" href=\"\/de\/vitamin-e\/\">DL-\u03b1-Tocopherylacetat (Vitamin E)<\/a>, <a class=\"custom-link\" href=\"\/de\/zinc\/\">Zinkcitrat-Trihydrat<\/a>, <a class=\"custom-link\" href=\"\/de\/selenium\/\">Natriumselenit (Selen)<\/a>;<br \/>\n<b>\u2022<\/b> Rindergelatine, Glycerin, gereinigtes Wasser, Siliciumdioxid, Farbstoff: Pflanzenkohle;<\/div>\n<\/div>\n<div class=\"btn\">WIE MAN SIE BENUTZT<\/div>\n<div class=\"board\">\n<div>Personen \u00fcber 18 Jahren wird empfohlen, dreimal t\u00e4glich eine Kapsel w\u00e4hrend oder nach einer Mahlzeit einzunehmen. Die Kapsel unzerkaut mit Fl\u00fcssigkeit schlucken. Geeignet f\u00fcr Diabetiker.<\/p>\n<p><b>WARNHINWEISE:<\/b><br \/>\n<b>\u2022<\/b> Die empfohlene Tagesdosis nicht \u00fcberschreiten.<br \/>\n<b>\u2022<\/b> Das Produkt ist nicht f\u00fcr Personen unter 18 Jahren und Personen mit eingeschr\u00e4nkter Leberfunktion bestimmt.<br \/>\n<b>\u2022<\/b> Das Produkt wird nicht empfohlen f\u00fcr Personen mit Gallensteinen, gastro\u00f6sophagealem Reflux (GERD) und anderen Erkrankungen des Verdauungssystems sowie Schilddr\u00fcsenerkrankungen, schwangere und stillende Frauen.<br \/>\n<b>\u2022<\/b> Nicht anwenden bei \u00dcberempfindlichkeit gegen einen der Inhaltsstoffe.<br \/>\n<b>\u2022<\/b> Fragen Sie Ihren Arzt um Rat, wenn Sie Medikamente einnehmen.<br \/>\n<b>\u2022<\/b> Nicht gleichzeitig mit gerinnungshemmenden Medikamenten einnehmen.<br \/>\n<b>\u2022<\/b> Vor einer geplanten Operation muss die Einnahme des Produkts abgesetzt werden, da es die Blutgerinnungszeit verl\u00e4ngern kann.<br \/>\n<b>\u2022<\/b> Nach einer vierw\u00f6chigen kontinuierlichen Anwendung des Pr\u00e4parats ist eine zehnt\u00e4gige Pause einzulegen.\n<\/div>\n<\/div>\n<\/div>","protected":false},"excerpt":{"rendered":"<div class=\"my-product-info\">\n<div class=\"two-categories\">\n<div>\n            <img decoding=\"async\" src=\"https:\/\/www.alivitpharm.com\/wp-content\/uploads\/2025\/05\/icon-9.png\" alt=\"100% nat\u00fcrlich\" width=\"50px\" height=\"50px\" \/><\/p>\n<div>100% nat\u00fcrlich<\/div>\n<\/p><\/div>\n<div>\n            <img decoding=\"async\" src=\"https:\/\/www.alivitpharm.com\/wp-content\/uploads\/2025\/05\/icon-10.png\" alt=\"GMO-frei\" width=\"50px\" height=\"50px\" \/><\/p>\n<div>GMO-frei<\/div>\n<\/p><\/div>\n<div>\n            <img decoding=\"async\" src=\"https:\/\/www.alivitpharm.com\/wp-content\/uploads\/2025\/05\/icon-15.png\" alt=\"Glutenfrei\" width=\"50px\" height=\"50px\" \/><\/p>\n<div>Glutenfrei<\/div>\n<\/p><\/div>\n<\/p><\/div>\n<\/div>\n<ul>\n<li>Lindert die Symptome einer chronischen Prostatitis.<\/li>\n<li>Hilft bei benigner Prostatahyperplasie.<\/li>\n<li>Geschw\u00e4chte Blasenfunktion.<\/li>\n<li>Hilft bei h\u00e4ufigem (n\u00e4chtlichem) Wasserlassen.<\/li>\n<\/ul>\n<p><a class=\"category-pdf-btn\" href=\"https:\/\/www.alivitpharm.com\/wp-content\/uploads\/2025\/06\/the_urogenital_tract_en.pdf\" target=\"_blank\" rel=\"noopener\">Mehr \u00fcber den Urogenitaltrakt erfahren<\/a><\/p>","protected":false},"featured_media":13127,"comment_status":"open","ping_status":"closed","template":"","meta":{"site-sidebar-layout":"default","site-content-layout":"default","ast-global-header-display":"","ast-main-header-display":"","ast-hfb-above-header-display":"","ast-hfb-below-header-display":"","ast-hfb-mobile-header-display":"","site-post-title":"","ast-breadcrumbs-content":"","ast-featured-img":"","footer-sml-layout":"","theme-transparent-header-meta":"default","adv-header-id-meta":"","stick-header-meta":"","header-above-stick-meta":"","header-main-stick-meta":"","header-below-stick-meta":""},"product_brand":[],"product_cat":[179],"product_tag":[],"class_list":{"0":"post-8642","1":"product","2":"type-product","3":"status-publish","4":"has-post-thumbnail","6":"product_cat-mens-health","7":"desktop-align-center","8":"tablet-align-center","9":"mobile-align-center","11":"first","12":"instock","13":"shipping-taxable","14":"purchasable","15":"product-type-simple"},"_links":{"self":[{"href":"https:\/\/www.alivitpharm.com\/de\/wp-json\/wp\/v2\/product\/8642","targetHints":{"allow":["GET"]}}],"collection":[{"href":"https:\/\/www.alivitpharm.com\/de\/wp-json\/wp\/v2\/product"}],"about":[{"href":"https:\/\/www.alivitpharm.com\/de\/wp-json\/wp\/v2\/types\/product"}],"replies":[{"embeddable":true,"href":"https:\/\/www.alivitpharm.com\/de\/wp-json\/wp\/v2\/comments?post=8642"}],"wp:featuredmedia":[{"embeddable":true,"href":"https:\/\/www.alivitpharm.com\/de\/wp-json\/wp\/v2\/media\/13127"}],"wp:attachment":[{"href":"https:\/\/www.alivitpharm.com\/de\/wp-json\/wp\/v2\/media?parent=8642"}],"wp:term":[{"taxonomy":"product_brand","embeddable":true,"href":"https:\/\/www.alivitpharm.com\/de\/wp-json\/wp\/v2\/product_brand?post=8642"},{"taxonomy":"product_cat","embeddable":true,"href":"https:\/\/www.alivitpharm.com\/de\/wp-json\/wp\/v2\/product_cat?post=8642"},{"taxonomy":"product_tag","embeddable":true,"href":"https:\/\/www.alivitpharm.com\/de\/wp-json\/wp\/v2\/product_tag?post=8642"}],"curies":[{"name":"wp","href":"https:\/\/api.w.org\/{rel}","templated":true}]}}