{"id":8644,"date":"2023-03-01T09:30:55","date_gmt":"2023-03-01T07:30:55","guid":{"rendered":"https:\/\/www.alivitpharm.com\/?post_type=product&#038;p=8644"},"modified":"2026-02-10T15:50:00","modified_gmt":"2026-02-10T13:50:00","slug":"alisept","status":"publish","type":"product","link":"https:\/\/www.alivitpharm.com\/de\/product\/alisept\/","title":{"rendered":"ALISEPT"},"content":{"rendered":"<div class=\"product-accordion\">\n<div class=\"btn\">\u00dcBER ALISEPT<\/div>\n<div class=\"board\">\n<div>\n      <b>ALISEPT\u00ae<\/b> enth\u00e4lt Kr\u00e4uter, die zur Linderung der Symptome von Harnwegsinfektionen und -entz\u00fcndungen empfohlen werden und auch vorbeugend bei Personen mit Neigung zu wiederkehrenden Harnwegsinfektionen eingesetzt werden k\u00f6nnen. \u00d6lbasierte Extrakte aus Knoblauchknolle, Oregano, Kornelkirschenfr\u00fcchten und Cranberryfr\u00fcchten wirken breitbandig antimikrobiell, entz\u00fcndungshemmend und antiseptisch und helfen bei der Bek\u00e4mpfung von Infektionen durch verschiedene Mikroorganismen \u2013 insbesondere <i>Escherichia coli<\/i>. Der hohe Gehalt an nat\u00fcrlichen S\u00e4uren in Cranberrys senkt den pH-Wert in den Harnwegen und verhindert so Bakterienwachstum und -adh\u00e4sion an den Harnwegsw\u00e4nden. Oregano ist besonders wirksam gegen Pilzinfektionen durch <i>Candida spp<\/i>. Petersilienbl\u00e4tter und Meerrettichwurzel wirken harntreibend, erleichtern das Wasserlassen, beugen der Bildung von Nierensteinen vor und unterst\u00fctzen die Harnwegsfunktion. Pfefferminzbl\u00e4tter lindern durch ihre krampfl\u00f6sende Wirkung Kr\u00e4mpfe und Schmerzen bei Blasen- und Harnwegsentz\u00fcndungen.\n    <\/div>\n<\/p><\/div>\n<div class=\"btn\">ZUTATEN<\/div>\n<div class=\"board\">\n<div>\n      90 Weichgelatinekapseln<\/p>\n<p>      <b>\u2022<\/b> Extrakt aus <a class=\"custom-link\" href=\"\/de\/garlic\/\">frischer Knoblauchknolle <i>(Allium sativum)<\/i><\/a> in Raps\u00f6l;<br \/>\n      <b>\u2022<\/b> Extrakt aus <a class=\"custom-link\" href=\"\/de\/parsley\/\">Petersilienbl\u00e4ttern <i>(Petroselinum crispum)<\/i><\/a> in Raps\u00f6l;<br \/>\n      <b>\u2022<\/b> Extrakt aus <a class=\"custom-link\" href=\"\/de\/oregano\/\">Oregano-Kraut <i>(Origanum vulgare)<\/i><\/a> in Raps\u00f6l;<br \/>\n      <b>\u2022<\/b> Extrakt aus <a class=\"custom-link\" href=\"\/de\/cornel\/\">der Kornelkirsche <i>(Cornus mas)<\/i><\/a> in Raps\u00f6l;<br \/>\n      <b>\u2022<\/b> Extrakt aus <a class=\"custom-link\" href=\"\/de\/horseradish\/\">Meerrettichwurzel <i>(Armoracia rusticana)<\/i><\/a> in Raps\u00f6l;<br \/>\n      <b>\u2022<\/b> Extrakt aus <a class=\"custom-link\" href=\"\/de\/cranberry\/\">Moosbeerenfr\u00fcchten <i>(Vaccinium vitis-idaea)<\/i><\/a> in Raps\u00f6l;<br \/>\n      <b>\u2022<\/b> Extrakt aus <a class=\"custom-link\" href=\"\/de\/peppermint\/\">Pfefferminzbl\u00e4ttern <i>(Mentha \u00d7 piperita)<\/i><\/a> in Raps\u00f6l;<br \/>\n      <b>\u2022<\/b> Rindergelatine, Glycerin, gereinigtes Wasser, Antioxidationsmittel: DL-\u03b1-Tocopherylacetat;\n    <\/div>\n<\/p><\/div>\n<div class=\"btn\">WIE MAN SIE BENUTZT<\/div>\n<div class=\"board\">\n<div>\n      Personen \u00fcber 18 Jahren wird empfohlen, dreimal t\u00e4glich eine Kapsel w\u00e4hrend oder nach einer Mahlzeit einzunehmen. Die Kapsel unzerkaut mit Fl\u00fcssigkeit schlucken. Geeignet f\u00fcr Diabetiker.<\/p>\n<p>      <b>WARNHINWEISE:<\/b><br \/>\n      <b>\u2022<\/b> Die empfohlene Tagesdosis nicht \u00fcberschreiten.<br \/>\n      <b>\u2022<\/b> Das Produkt ist nicht f\u00fcr schwangere oder stillende Frauen bestimmt.<br \/>\n      <b>\u2022<\/b> Nicht anwenden bei \u00dcberempfindlichkeit gegen einen der Inhaltsstoffe.<br \/>\n      <b>\u2022<\/b> Fragen Sie Ihren Arzt um Rat, wenn Sie Medikamente einnehmen.<br \/>\n      <b>\u2022<\/b> Nicht gleichzeitig mit gerinnungshemmenden Medikamenten einnehmen.<br \/>\n      <b>\u2022<\/b> Vor einer geplanten Operation muss die Anwendung dieses Produkts abgebrochen werden.\n    <\/div>\n<\/p><\/div>\n<\/div>","protected":false},"excerpt":{"rendered":"<div class=\"my-product-info\">\n<div class=\"two-categories\">\n<div>\n            <img decoding=\"async\" src=\"https:\/\/www.alivitpharm.com\/wp-content\/uploads\/2025\/05\/icon-9.png\" alt=\"100% nat\u00fcrlich\" width=\"50px\" height=\"50px\" \/><\/p>\n<div>100% nat\u00fcrlich<\/div>\n<\/p><\/div>\n<div>\n            <img decoding=\"async\" src=\"https:\/\/www.alivitpharm.com\/wp-content\/uploads\/2025\/05\/icon-10.png\" alt=\"GMO-frei\" width=\"50px\" height=\"50px\" \/><\/p>\n<div>GMO-frei<\/div>\n<\/p><\/div>\n<div>\n            <img decoding=\"async\" src=\"https:\/\/www.alivitpharm.com\/wp-content\/uploads\/2025\/05\/icon-15.png\" alt=\"Glutenfrei\" width=\"50px\" height=\"50px\" \/><\/p>\n<div>Glutenfrei<\/div>\n<\/p><\/div>\n<\/p><\/div>\n<\/div>\n<ul>\n<li>Unterst\u00fctzt die Behandlung von <i>Candida<\/i> und <i>Escherichia coli<\/i>.<\/li>\n<li>Verbessert die Wirkung von Antibiotika und Antimykotika und f\u00fchrt so zu schnellerem Erreichen der gew\u00fcnschten Ergebnisse.<\/li>\n<li>Nat\u00fcrliche L\u00f6sung bei Harnwegsinfektionen.<\/li>\n<li>Lindert die Symptome beim Wasserlassen bei Harnwegsinfektionen.<\/li>\n<li>Beugt dem Wiederauftreten von Harnwegsinfektionen vor.<\/li>\n<\/ul>\n<p><a class=\"category-pdf-btn\" href=\"https:\/\/www.alivitpharm.com\/wp-content\/uploads\/2025\/06\/the_urogenital_tract_en.pdf\" target=\"_blank\" rel=\"noopener\">Mehr \u00fcber den Urogenitaltrakt erfahren<\/a><\/p>","protected":false},"featured_media":13099,"comment_status":"open","ping_status":"closed","template":"","meta":{"site-sidebar-layout":"default","site-content-layout":"default","ast-global-header-display":"","ast-main-header-display":"","ast-hfb-above-header-display":"","ast-hfb-below-header-display":"","ast-hfb-mobile-header-display":"","site-post-title":"","ast-breadcrumbs-content":"","ast-featured-img":"","footer-sml-layout":"","theme-transparent-header-meta":"default","adv-header-id-meta":"","stick-header-meta":"","header-above-stick-meta":"","header-main-stick-meta":"","header-below-stick-meta":""},"product_brand":[],"product_cat":[177],"product_tag":[],"class_list":{"0":"post-8644","1":"product","2":"type-product","3":"status-publish","4":"has-post-thumbnail","6":"product_cat-urinary-infections","7":"desktop-align-center","8":"tablet-align-center","9":"mobile-align-center","11":"first","12":"instock","13":"shipping-taxable","14":"purchasable","15":"product-type-simple"},"_links":{"self":[{"href":"https:\/\/www.alivitpharm.com\/de\/wp-json\/wp\/v2\/product\/8644","targetHints":{"allow":["GET"]}}],"collection":[{"href":"https:\/\/www.alivitpharm.com\/de\/wp-json\/wp\/v2\/product"}],"about":[{"href":"https:\/\/www.alivitpharm.com\/de\/wp-json\/wp\/v2\/types\/product"}],"replies":[{"embeddable":true,"href":"https:\/\/www.alivitpharm.com\/de\/wp-json\/wp\/v2\/comments?post=8644"}],"wp:featuredmedia":[{"embeddable":true,"href":"https:\/\/www.alivitpharm.com\/de\/wp-json\/wp\/v2\/media\/13099"}],"wp:attachment":[{"href":"https:\/\/www.alivitpharm.com\/de\/wp-json\/wp\/v2\/media?parent=8644"}],"wp:term":[{"taxonomy":"product_brand","embeddable":true,"href":"https:\/\/www.alivitpharm.com\/de\/wp-json\/wp\/v2\/product_brand?post=8644"},{"taxonomy":"product_cat","embeddable":true,"href":"https:\/\/www.alivitpharm.com\/de\/wp-json\/wp\/v2\/product_cat?post=8644"},{"taxonomy":"product_tag","embeddable":true,"href":"https:\/\/www.alivitpharm.com\/de\/wp-json\/wp\/v2\/product_tag?post=8644"}],"curies":[{"name":"wp","href":"https:\/\/api.w.org\/{rel}","templated":true}]}}