{"id":10104,"date":"2024-01-09T10:54:46","date_gmt":"2024-01-09T08:54:46","guid":{"rendered":"https:\/\/www.alivitpharm.com\/?page_id=10104"},"modified":"2024-01-09T12:04:41","modified_gmt":"2024-01-09T10:04:41","slug":"ajo","status":"publish","type":"page","link":"https:\/\/www.alivitpharm.com\/es\/garlic\/","title":{"rendered":"Ajo"},"content":{"rendered":"<div data-elementor-type=\"wp-page\" data-elementor-id=\"10104\" class=\"elementor elementor-10104\">\n\t\t\t\t\t\t<section class=\"elementor-section elementor-top-section elementor-element elementor-element-7b59d94 elementor-section-content-middle elementor-section-boxed elementor-section-height-default elementor-section-height-default\" data-id=\"7b59d94\" data-element_type=\"section\" data-e-type=\"section\" data-settings=\"{&quot;background_background&quot;:&quot;classic&quot;}\">\n\t\t\t\t\t\t\t<div class=\"elementor-background-overlay\"><\/div>\n\t\t\t\t\t\t\t<div class=\"elementor-container elementor-column-gap-default\">\n\t\t\t\t\t<div class=\"elementor-column elementor-col-100 elementor-top-column elementor-element elementor-element-9e10d55\" data-id=\"9e10d55\" data-element_type=\"column\" data-e-type=\"column\">\n\t\t\t<div class=\"elementor-widget-wrap elementor-element-populated\">\n\t\t\t\t\t\t<div class=\"elementor-element elementor-element-4e98515 elementor-widget elementor-widget-heading\" data-id=\"4e98515\" data-element_type=\"widget\" data-e-type=\"widget\" data-widget_type=\"heading.default\">\n\t\t\t\t<div class=\"elementor-widget-container\">\n\t\t\t\t\t<h1 class=\"elementor-heading-title elementor-size-default\">Ajo<\/h1>\t\t\t\t<\/div>\n\t\t\t\t<\/div>\n\t\t\t\t<div class=\"elementor-element elementor-element-5db88d1 elementor-widget elementor-widget-image\" data-id=\"5db88d1\" data-element_type=\"widget\" data-e-type=\"widget\" data-widget_type=\"image.default\">\n\t\t\t\t<div class=\"elementor-widget-container\">\n\t\t\t\t\t\t\t\t\t\t\t\t\t\t\t<img decoding=\"async\" width=\"75\" height=\"33\" src=\"https:\/\/www.alivitpharm.com\/wp-content\/uploads\/2019\/07\/logo-leaf-new.png\" class=\"attachment-large size-large wp-image-2518\" alt=\"\" \/>\t\t\t\t\t\t\t\t\t\t\t\t\t\t\t<\/div>\n\t\t\t\t<\/div>\n\t\t\t\t<div class=\"elementor-element elementor-element-3f65f85 elementor-widget elementor-widget-text-editor\" data-id=\"3f65f85\" data-element_type=\"widget\" data-e-type=\"widget\" data-widget_type=\"text-editor.default\">\n\t\t\t\t<div class=\"elementor-widget-container\">\n\t\t\t\t\t\t\t\t\t<p><em>Allii sativi bulbi &#8211; Bulb of fresh garlic<br \/>Allium sativum L. &#8211; Alliaceae<\/em><\/p>\t\t\t\t\t\t\t\t<\/div>\n\t\t\t\t<\/div>\n\t\t\t\t\t<\/div>\n\t\t<\/div>\n\t\t\t\t\t<\/div>\n\t\t<\/section>\n\t\t\t\t<section class=\"elementor-section elementor-top-section elementor-element elementor-element-c4d4ddc elementor-section-boxed elementor-section-height-default elementor-section-height-default\" data-id=\"c4d4ddc\" data-element_type=\"section\" data-e-type=\"section\" data-settings=\"{&quot;background_background&quot;:&quot;classic&quot;}\">\n\t\t\t\t\t\t<div class=\"elementor-container elementor-column-gap-default\">\n\t\t\t\t\t<div class=\"elementor-column elementor-col-100 elementor-top-column elementor-element elementor-element-1375f6a\" data-id=\"1375f6a\" data-element_type=\"column\" data-e-type=\"column\">\n\t\t\t<div class=\"elementor-widget-wrap elementor-element-populated\">\n\t\t\t\t\t\t<div class=\"elementor-element elementor-element-9261348 elementor-widget elementor-widget-image\" data-id=\"9261348\" data-element_type=\"widget\" data-e-type=\"widget\" data-widget_type=\"image.default\">\n\t\t\t\t<div class=\"elementor-widget-container\">\n\t\t\t\t\t\t\t\t\t\t\t\t\t\t\t<img decoding=\"async\" src=\"https:\/\/www.alivitpharm.com\/wp-content\/uploads\/2024\/01\/garlic.png\" title=\"garlic\" alt=\"Ajo\" loading=\"lazy\" \/>\t\t\t\t\t\t\t\t\t\t\t\t\t\t\t<\/div>\n\t\t\t\t<\/div>\n\t\t\t\t<div class=\"elementor-element elementor-element-6c3bf5d elementor-widget elementor-widget-text-editor\" data-id=\"6c3bf5d\" data-element_type=\"widget\" data-e-type=\"widget\" data-widget_type=\"text-editor.default\">\n\t\t\t\t<div class=\"elementor-widget-container\">\n\t\t\t\t\t\t\t\t\t<p><span class=\"JLqJ4b ChMk0b\"><span class=\"Q4iAWc\"><strong>Ajo<\/strong> es una hierba perenne<\/span><\/span> <span class=\"JLqJ4b ChMk0b\"><span class=\"Q4iAWc\">El bulbo est\u00e1 compuesto de ramas.<\/span><\/span> <span class=\"JLqJ4b ChMk0b\"><span class=\"Q4iAWc\">Cada bulbo est\u00e1 rodeado de hojas blancas y una c\u00e1scara rojo-p\u00farpura.<\/span><\/span> <span class=\"JLqJ4b ChMk0b\"><span class=\"Q4iAWc\">La planta es erecta y las hojas son estrechas y puntiagudas.<\/span><\/span> <span class=\"JLqJ4b ChMk0b\"><span class=\"Q4iAWc\">La flor es una umbela delgada, mientras que el fruto es una c\u00e1psula esf\u00e9rica llena de semillas negras.<\/span><\/span> <span class=\"JLqJ4b ChMk0b\"><span class=\"Q4iAWc\">Se utilizan los bulbos frescos o secos, que se cosechan a finales del verano.<\/span><\/span><\/p><p><span class=\"JLqJ4b ChMk0b\"><span class=\"Q4iAWc\">Las propiedades curativas del ajo (<em>Allium sativum<\/em>) se conocen desde las civilizaciones antiguas.<\/span><\/span> <span class=\"JLqJ4b ChMk0b\"><span class=\"Q4iAWc\">Tradicionalmente, adem\u00e1s de ser una especia culinaria, se utiliza para aliviar dolencias causadas por resfriados (efectos antimicrobianos y antiinflamatorios), reducir la presi\u00f3n arterial alta, mejorar el perfil lip\u00eddico, y todo esto gracias a su composici\u00f3n qu\u00edmica.<\/span><\/span><\/p><p><span class=\"JLqJ4b ChMk0b\"><span class=\"Q4iAWc\">El ajo fresco contiene un complejo de fructosa, saponinas esteroides, az\u00facares y minerales.<\/span><\/span> <span class=\"JLqJ4b ChMk0b\"><span class=\"Q4iAWc\">Los ingredientes m\u00e1s importantes del ajo son los compuestos azufrados, derivados de la ciste\u00edna.<\/span><\/span> <span class=\"JLqJ4b ChMk0b\"><span class=\"Q4iAWc\">En la planta intacta se encuentra la ali\u00edna (S-alil-L-ciste\u00edna-sulf\u00f3xido), que al m\u00e1s m\u00ednimo da\u00f1o, bajo la acci\u00f3n de la enzima aliinasa, se convierte en alicina, a partir de la cual se forma el disulfuro de dialilo, responsable del olor caracter\u00edstico del ajo.<\/span><\/span><\/p>\t\t\t\t\t\t\t\t<\/div>\n\t\t\t\t<\/div>\n\t\t\t\t<div class=\"elementor-element elementor-element-d3a71a5 elementor-widget elementor-widget-image\" data-id=\"d3a71a5\" data-element_type=\"widget\" data-e-type=\"widget\" data-widget_type=\"image.default\">\n\t\t\t\t<div class=\"elementor-widget-container\">\n\t\t\t\t\t\t\t\t\t\t\t\t\t\t\t<img decoding=\"async\" src=\"https:\/\/www.alivitpharm.com\/wp-content\/uploads\/2022\/09\/leaves.png\" title=\"leaves\" alt=\"Leaves\" loading=\"lazy\" \/>\t\t\t\t\t\t\t\t\t\t\t\t\t\t\t<\/div>\n\t\t\t\t<\/div>\n\t\t\t\t<div class=\"elementor-element elementor-element-f56ade9 elementor-widget elementor-widget-text-editor\" data-id=\"f56ade9\" data-element_type=\"widget\" data-e-type=\"widget\" data-widget_type=\"text-editor.default\">\n\t\t\t\t<div class=\"elementor-widget-container\">\n\t\t\t\t\t\t\t\t\t<p><span class=\"jCAhz ChMk0b\"><span class=\"ryNqvb\">Tradicionalmente, el ajo tiene dos indicaciones autorizadas para su uso, prescritas por la EMA (Agencia Europea de Medicamentos):<br \/><\/span><\/span><span class=\"jCAhz ChMk0b\"><span class=\"ryNqvb\"><strong>1.<\/strong> Se utiliza como medicamento a base de plantas tradicional para la prevenci\u00f3n y como ayuda en el tratamiento de la aterosclerosis (enfermedad de los vasos sangu\u00edneos).<br \/><\/span><\/span><span class=\"jCAhz ChMk0b\"><span class=\"ryNqvb\"><strong>2.<\/strong> Se utiliza como remedio herbal tradicional para aliviar los s\u00edntomas del resfriado.<\/span><\/span><\/p><p><span class=\"jCAhz ChMk0b\"><span class=\"ryNqvb\">Estas dos indicaciones fueron determinadas por la EMA en base al uso prolongado de esta planta.<\/span><\/span> <span class=\"jCAhz ChMk0b\"><span class=\"ryNqvb\">En lo que respecta a la indicaci\u00f3n 1 (prevenci\u00f3n y ayuda en el tratamiento de la aterosclerosis), el ajo se recomienda para personas mayores de 18 a\u00f1os; y en cuanto a la indicaci\u00f3n 2 (alivio de s\u00edntomas del resfriado), puede recomendarse a ni\u00f1os mayores de 12 a\u00f1os y adultos.<\/span><\/span><\/p><p><span class=\"jCAhz ChMk0b\"><span class=\"ryNqvb\">La EFSA (Autoridad Europea de Seguridad Alimentaria) ha emitido declaraciones, actualmente en estado de suspensi\u00f3n, en las que se\u00f1ala que el ajo fresco puede utilizarse para mantener la salud del sistema cardiovascular, contribuyendo al mantenimiento de niveles normales de grasas (colesterol y <\/span><\/span><span class=\"jCAhz ChMk0b\"><span class=\"ryNqvb\">triglic\u00e9ridos) en la sangre; contribuye a la protecci\u00f3n frente al estr\u00e9s y, gracias a sus efectos antibacterianos y antioxidantes, apoya la salud del sistema inmunitario, adem\u00e1s de contribuir a la salud del h\u00edgado y de las v\u00edas respiratorias.<\/span><\/span><\/p><p><span class=\"jCAhz ChMk0b\"><span class=\"ryNqvb\">El ajo ha sido conocido desde hace mucho tiempo como la especie vegetal m\u00e1s eficaz en la lucha contra las infecciones bacterianas.<\/span><\/span> <span class=\"jCAhz ChMk0b\"><span class=\"ryNqvb\">Numerosos estudios han demostrado que el extracto oleoso del ajo fresco tiene un efecto antimicrobiano muy amplio, incluyendo bacterias que se han vuelto resistentes a los antibi\u00f3ticos.<\/span><\/span> <span class=\"jCAhz ChMk0b\"><span class=\"ryNqvb\">Un estudio compar\u00f3 el efecto de la terapia con extracto oleoso de ajo con los antibi\u00f3ticos gentamicina y ciprofloxacino, y concluy\u00f3 que el ajo presenta un efecto sin\u00e9rgico con los antibi\u00f3ticos y que el uso de tales combinaciones puede ser muy beneficioso en el tratamiento de infecciones bacterianas causadas por bacterias resistentes a la convencional <\/span><\/span><span class=\"jCAhz ChMk0b\"><span class=\"ryNqvb\">terapia antibi\u00f3tica.<\/span><\/span><\/p><p><span class=\"jCAhz ChMk0b\"><span class=\"ryNqvb\">El uso del ajo est\u00e1 contraindicado en personas que sean sensibles a cualquier componente del ajo, as\u00ed como en aquellas que est\u00e9n en tratamiento con saquinavir y ritonavir (debido al riesgo de que su concentraci\u00f3n plasm\u00e1tica pueda reducirse).<\/span><\/span> <span class=\"jCAhz ChMk0b\"><span class=\"ryNqvb\">Las preparaciones de ajo deben utilizarse con precauci\u00f3n en pacientes que reciben anticoagulantes orales y\/o terapia antiagregante plaquetaria, ya que su uso simult\u00e1neo puede prolongar el tiempo de sangrado.<\/span><\/span> <span class=\"jCAhz ChMk0b\"><span class=\"ryNqvb\">No se ha establecido la seguridad durante el embarazo y la lactancia.<\/span><\/span> <span class=\"jCAhz ChMk0b\"><span class=\"ryNqvb\">Ante la ausencia de datos, no se recomienda el uso de preparaciones a base de ajo durante el embarazo y la lactancia.<\/span><\/span> <span class=\"jCAhz ChMk0b\"><span class=\"ryNqvb\">Existen varios estudios que han demostrado el efecto positivo del ajo en la fertilidad.<\/span><\/span> <span class=\"jCAhz ChMk0b\"><span class=\"ryNqvb\">Los efectos secundarios del ajo son muy pocos cuando se utiliza en cantidades moderadas; pueden aparecer hinchaz\u00f3n, sensaci\u00f3n de plenitud y dolor de est\u00f3mago, a veces son posibles reacciones al\u00e9rgicas, as\u00ed como dolor de cabeza o mareos (porque el ajo tambi\u00e9n tiene un efecto hipotensor \u2014 <\/span><\/span><span class=\"jCAhz ChMk0b\"><span class=\"ryNqvb\">reduce la presi\u00f3n arterial alta).<\/span><\/span><\/p>\t\t\t\t\t\t\t\t<\/div>\n\t\t\t\t<\/div>\n\t\t\t\t<div class=\"elementor-element elementor-element-760e7cb elementor-widget elementor-widget-heading\" data-id=\"760e7cb\" data-element_type=\"widget\" data-e-type=\"widget\" data-widget_type=\"heading.default\">\n\t\t\t\t<div class=\"elementor-widget-container\">\n\t\t\t\t\t<h4 class=\"elementor-heading-title elementor-size-default\">Referencias<\/h4>\t\t\t\t<\/div>\n\t\t\t\t<\/div>\n\t\t\t\t<div class=\"elementor-element elementor-element-59dbabe elementor-widget elementor-widget-text-editor\" data-id=\"59dbabe\" data-element_type=\"widget\" data-e-type=\"widget\" data-widget_type=\"text-editor.default\">\n\t\t\t\t<div class=\"elementor-widget-container\">\n\t\t\t\t\t\t\t\t\t<ul><li><a class=\"reference-link\" href=\"https:\/\/www.ema.europa.eu\/en\/documents\/herbal-monograph\/draft-european-union-herbal-monograph-allium-sativum-l-bulbus_en.pdf\" target=\"_blank\" rel=\"noopener\">European Union herbal monograph on Allium sativum L., bulbus<\/a><\/li><li><a class=\"reference-link\" href=\"https:\/\/www.ncbi.nlm.nih.gov\/pmc\/articles\/PMC8205873\/\" target=\"_blank\" rel=\"noopener\">Antibacterial properties of Allium sativum L. against the most emerging multidrug-resistant bacteria and its synergy with antibiotics<\/a><\/li><li><a class=\"reference-link\" href=\"https:\/\/www.efsa.europa.eu\/sites\/default\/files\/2021-06\/questions-on-hold-botanical-claims.xlsx\" target=\"_blank\" rel=\"noopener\">Questions On Hold Botanical Claims Excel<\/a><\/li><\/ul>\t\t\t\t\t\t\t\t<\/div>\n\t\t\t\t<\/div>\n\t\t\t\t\t<\/div>\n\t\t<\/div>\n\t\t\t\t\t<\/div>\n\t\t<\/section>\n\t\t\t\t<\/div>","protected":false},"excerpt":{"rendered":"<p>Garlic Allii sativi bulbi &#8211; Bulb of fresh garlicAllium sativum L. &#8211; Alliaceae Garlic is a perennial herb. The bulb is composed of branches. Each bulb is surrounded by white leaves and a red-purple shell. The tree is upright, and the leaves are narrow, pointed. The flower is a thin shield, while the fruit is &hellip;<\/p>\n<p class=\"read-more\"> <a class=\"\" href=\"https:\/\/www.alivitpharm.com\/es\/garlic\/\"> <span class=\"screen-reader-text\">Ajo<\/span> Leer m\u00e1s &raquo;<\/a><\/p>","protected":false},"author":9,"featured_media":0,"parent":0,"menu_order":0,"comment_status":"closed","ping_status":"closed","template":"","meta":{"site-sidebar-layout":"no-sidebar","site-content-layout":"page-builder","ast-global-header-display":"","ast-main-header-display":"","ast-hfb-above-header-display":"","ast-hfb-below-header-display":"","ast-hfb-mobile-header-display":"","site-post-title":"disabled","ast-breadcrumbs-content":"","ast-featured-img":"disabled","footer-sml-layout":"","theme-transparent-header-meta":"","adv-header-id-meta":"","stick-header-meta":"","header-above-stick-meta":"","header-main-stick-meta":"","header-below-stick-meta":"","footnotes":""},"class_list":["post-10104","page","type-page","status-publish","hentry"],"_links":{"self":[{"href":"https:\/\/www.alivitpharm.com\/es\/wp-json\/wp\/v2\/pages\/10104","targetHints":{"allow":["GET"]}}],"collection":[{"href":"https:\/\/www.alivitpharm.com\/es\/wp-json\/wp\/v2\/pages"}],"about":[{"href":"https:\/\/www.alivitpharm.com\/es\/wp-json\/wp\/v2\/types\/page"}],"author":[{"embeddable":true,"href":"https:\/\/www.alivitpharm.com\/es\/wp-json\/wp\/v2\/users\/9"}],"replies":[{"embeddable":true,"href":"https:\/\/www.alivitpharm.com\/es\/wp-json\/wp\/v2\/comments?post=10104"}],"version-history":[{"count":1,"href":"https:\/\/www.alivitpharm.com\/es\/wp-json\/wp\/v2\/pages\/10104\/revisions"}],"predecessor-version":[{"id":11323,"href":"https:\/\/www.alivitpharm.com\/es\/wp-json\/wp\/v2\/pages\/10104\/revisions\/11323"}],"wp:attachment":[{"href":"https:\/\/www.alivitpharm.com\/es\/wp-json\/wp\/v2\/media?parent=10104"}],"curies":[{"name":"wp","href":"https:\/\/api.w.org\/{rel}","templated":true}]}}