{"id":10556,"date":"2024-02-12T09:27:58","date_gmt":"2024-02-12T07:27:58","guid":{"rendered":"https:\/\/www.alivitpharm.com\/?page_id=10556"},"modified":"2025-02-03T10:46:58","modified_gmt":"2025-02-03T08:46:58","slug":"cromo","status":"publish","type":"page","link":"https:\/\/www.alivitpharm.com\/es\/chromium\/","title":{"rendered":"Cromo"},"content":{"rendered":"<div data-elementor-type=\"wp-page\" data-elementor-id=\"10556\" class=\"elementor elementor-10556\">\n\t\t\t\t\t\t<section class=\"elementor-section elementor-top-section elementor-element elementor-element-5100aec elementor-section-content-middle elementor-section-boxed elementor-section-height-default elementor-section-height-default\" data-id=\"5100aec\" data-element_type=\"section\" data-e-type=\"section\" data-settings=\"{&quot;background_background&quot;:&quot;classic&quot;}\">\n\t\t\t\t\t\t\t<div class=\"elementor-background-overlay\"><\/div>\n\t\t\t\t\t\t\t<div class=\"elementor-container elementor-column-gap-default\">\n\t\t\t\t\t<div class=\"elementor-column elementor-col-100 elementor-top-column elementor-element elementor-element-f199187\" data-id=\"f199187\" data-element_type=\"column\" data-e-type=\"column\">\n\t\t\t<div class=\"elementor-widget-wrap elementor-element-populated\">\n\t\t\t\t\t\t<div class=\"elementor-element elementor-element-4da319d elementor-widget elementor-widget-heading\" data-id=\"4da319d\" data-element_type=\"widget\" data-e-type=\"widget\" data-widget_type=\"heading.default\">\n\t\t\t\t<div class=\"elementor-widget-container\">\n\t\t\t\t\t<h1 class=\"elementor-heading-title elementor-size-default\">Cromo<\/h1>\t\t\t\t<\/div>\n\t\t\t\t<\/div>\n\t\t\t\t<div class=\"elementor-element elementor-element-385f270 elementor-widget elementor-widget-image\" data-id=\"385f270\" data-element_type=\"widget\" data-e-type=\"widget\" data-widget_type=\"image.default\">\n\t\t\t\t<div class=\"elementor-widget-container\">\n\t\t\t\t\t\t\t\t\t\t\t\t\t\t\t<img decoding=\"async\" src=\"https:\/\/www.alivitpharm.com\/wp-content\/uploads\/2022\/10\/pill.png\" title=\"pill\" alt=\"Pill\" loading=\"lazy\" \/>\t\t\t\t\t\t\t\t\t\t\t\t\t\t\t<\/div>\n\t\t\t\t<\/div>\n\t\t\t\t<div class=\"elementor-element elementor-element-9cc96fd elementor-widget elementor-widget-text-editor\" data-id=\"9cc96fd\" data-element_type=\"widget\" data-e-type=\"widget\" data-widget_type=\"text-editor.default\">\n\t\t\t\t<div class=\"elementor-widget-container\">\n\t\t\t\t\t\t\t\t\t<p><em>Cr<\/em><\/p>\t\t\t\t\t\t\t\t<\/div>\n\t\t\t\t<\/div>\n\t\t\t\t\t<\/div>\n\t\t<\/div>\n\t\t\t\t\t<\/div>\n\t\t<\/section>\n\t\t\t\t<section class=\"elementor-section elementor-top-section elementor-element elementor-element-81ab995 elementor-section-boxed elementor-section-height-default elementor-section-height-default\" data-id=\"81ab995\" data-element_type=\"section\" data-e-type=\"section\" data-settings=\"{&quot;background_background&quot;:&quot;classic&quot;}\">\n\t\t\t\t\t\t<div class=\"elementor-container elementor-column-gap-default\">\n\t\t\t\t\t<div class=\"elementor-column elementor-col-100 elementor-top-column elementor-element elementor-element-03d3dd3\" data-id=\"03d3dd3\" data-element_type=\"column\" data-e-type=\"column\">\n\t\t\t<div class=\"elementor-widget-wrap elementor-element-populated\">\n\t\t\t\t\t\t<div class=\"elementor-element elementor-element-d163dea elementor-widget elementor-widget-text-editor\" data-id=\"d163dea\" data-element_type=\"widget\" data-e-type=\"widget\" data-widget_type=\"text-editor.default\">\n\t\t\t\t<div class=\"elementor-widget-container\">\n\t\t\t\t\t\t\t\t\t<p><span class=\"jCAhz ChMk0b\"><span class=\"ryNqvb\"><strong>Cromo<\/strong> pertenece al grupo de oligoelementos esenciales (microminerales). En el organismo, se encuentra en forma inorg\u00e1nica en el n\u00facleo celular, y en forma de un compuesto org\u00e1nico activo, una mol\u00e9cula trivalente llamada Factor de Tolerancia a la Glucosa (GTF) o cromodulina. El cromo ayuda al metabolismo de la glucosa, regula los niveles de insulina y mantiene niveles saludables de colesterol y otras grasas en la sangre.<\/span><\/span><\/p><p><span class=\"jCAhz ChMk0b\"><span class=\"ryNqvb\"> Al regular la acci\u00f3n de la insulina, el cromo contribuye a mantener los niveles de glucosa en sangre y, probablemente, influye en el control del apetito. Sin la presencia del cromo en forma de GTF, la insulina es completamente ineficaz, por lo que su deficiencia en la dieta puede contribuir a la diabetes y a la aterosclerosis en personas mayores.Los alimentos ricos en cromo incluyen: levadura de panader\u00eda, cereales integrales, br\u00f3coli, ciruelas, champi\u00f1ones y cerveza.<\/span><\/span><\/p>\t\t\t\t\t\t\t\t<\/div>\n\t\t\t\t<\/div>\n\t\t\t\t<div class=\"elementor-element elementor-element-c3bf8e2 elementor-widget elementor-widget-image\" data-id=\"c3bf8e2\" data-element_type=\"widget\" data-e-type=\"widget\" data-widget_type=\"image.default\">\n\t\t\t\t<div class=\"elementor-widget-container\">\n\t\t\t\t\t\t\t\t\t\t\t\t\t\t\t<img decoding=\"async\" src=\"https:\/\/www.alivitpharm.com\/wp-content\/uploads\/2022\/09\/leaves.png\" title=\"leaves\" alt=\"Leaves\" loading=\"lazy\" \/>\t\t\t\t\t\t\t\t\t\t\t\t\t\t\t<\/div>\n\t\t\t\t<\/div>\n\t\t\t\t<div class=\"elementor-element elementor-element-3ecd0c1 elementor-widget elementor-widget-text-editor\" data-id=\"3ecd0c1\" data-element_type=\"widget\" data-e-type=\"widget\" data-widget_type=\"text-editor.default\">\n\t\t\t\t<div class=\"elementor-widget-container\">\n\t\t\t\t\t\t\t\t\t<p>El cromo se absorbe poco en el organismo, por lo que en los suplementos aparece combinado con otros compuestos m\u00e1s f\u00e1ciles de absorber (vitaminas o en forma de quelatos de amino\u00e1cidos, donde el mineral est\u00e1 qu\u00edmicamente unido a un amino\u00e1cido).<\/p><p><strong>Efecto:<\/strong><br \/>La ingesta diaria de cromo en dosis prescritas puede proporcionar los siguientes beneficios:<br \/><span class=\"jCAhz ChMk0b\"><span class=\"ryNqvb\">\u2022 Disminuci\u00f3n de los niveles de az\u00facar, triglic\u00e9ridos, colesterol y grasas en general.<br \/><\/span><\/span><span class=\"jCAhz ChMk0b\"><span class=\"ryNqvb\">\u2022 Aumento de la eficiencia de la insulina.<br \/><\/span><\/span><span class=\"jCAhz ChMk0b\"><span class=\"ryNqvb\">\u2022 Reducci\u00f3n del riesgo de diabetes mellitus.<br \/><\/span><\/span><span class=\"jCAhz ChMk0b\"><span class=\"ryNqvb\">\u2022 Complemento a la terapia existente para la diabetes con f\u00e1rmacos cl\u00e1sicos e insulina, bajo prescripci\u00f3n m\u00e9dica.<br \/><\/span><\/span><span class=\"jCAhz ChMk0b\"><span class=\"ryNqvb\">\u2022 Control del hambre y reducci\u00f3n del apetito en la obesidad.<br \/><\/span><\/span><span class=\"jCAhz ChMk0b\"><span class=\"ryNqvb\">\u2022 Reducci\u00f3n del riesgo de cataratas.<br \/><\/span><\/span><span class=\"jCAhz ChMk0b\"><span class=\"ryNqvb\">\u2022 Prevenci\u00f3n de la hipertensi\u00f3n y mantenimiento de la salud cardiovascular.<br \/><\/span><\/span><span class=\"jCAhz ChMk0b\"><span class=\"ryNqvb\">\u2022 Incremento de la masa muscular magra (sin dep\u00f3sitos de grasa) y definici\u00f3n muscular.<br \/><\/span><\/span><span class=\"jCAhz ChMk0b\"><span class=\"ryNqvb\">\u2022 Aumento de la energ\u00eda y la resistencia.<\/span><\/span><\/p><p><span class=\"jCAhz ChMk0b\"><span class=\"ryNqvb\">El cromo es un ingrediente imprescindible de los quemadores de grasa y se incluye en los programas de todas las dietas modernas.<\/span><\/span> <span class=\"jCAhz ChMk0b\"><span class=\"ryNqvb\">Adem\u00e1s de ayudar a la insulina a metabolizar la grasa y la glucosa, el cromo favorece la conversi\u00f3n de prote\u00ednas en masa muscular y de az\u00facar en energ\u00eda.<\/span><\/span> <span class=\"jCAhz ChMk0b\"><span class=\"ryNqvb\">Proporciona mayores cantidades de az\u00facar para la producci\u00f3n de energ\u00eda, lo que aumenta los niveles de energ\u00eda y resistencia, y al mismo tiempo resalta la masa muscular magra, logrando el efecto de la llamada<\/span><\/span> <span class=\"jCAhz ChMk0b\"><span class=\"ryNqvb\">definici\u00f3n muscular.<\/span><\/span> <span class=\"jCAhz ChMk0b\"><span class=\"ryNqvb\">Por ello, es un suplemento diet\u00e9tico favorito entre los atletas.<\/span><\/span><\/p>\t\t\t\t\t\t\t\t<\/div>\n\t\t\t\t<\/div>\n\t\t\t\t<div class=\"elementor-element elementor-element-07a733f elementor-widget elementor-widget-heading\" data-id=\"07a733f\" data-element_type=\"widget\" data-e-type=\"widget\" data-widget_type=\"heading.default\">\n\t\t\t\t<div class=\"elementor-widget-container\">\n\t\t\t\t\t<h4 class=\"elementor-heading-title elementor-size-default\">Referencias<\/h4>\t\t\t\t<\/div>\n\t\t\t\t<\/div>\n\t\t\t\t<div class=\"elementor-element elementor-element-8caf536 elementor-widget elementor-widget-text-editor\" data-id=\"8caf536\" data-element_type=\"widget\" data-e-type=\"widget\" data-widget_type=\"text-editor.default\">\n\t\t\t\t<div class=\"elementor-widget-container\">\n\t\t\t\t\t\t\t\t\t<ul><li><a class=\"reference-link\" href=\"https:\/\/www.efsa.europa.eu\/en\/efsajournal\/pub\/3845\" target=\"_blank\" rel=\"noopener\">Scientific Opinion on Dietary Reference Values for chromium<\/a><\/li><\/ul>\t\t\t\t\t\t\t\t<\/div>\n\t\t\t\t<\/div>\n\t\t\t\t\t<\/div>\n\t\t<\/div>\n\t\t\t\t\t<\/div>\n\t\t<\/section>\n\t\t\t\t<\/div>","protected":false},"excerpt":{"rendered":"<p>Chromium Cr Chromium belongs to the group of essential trace minerals (microminerals). In the body, it occurs in an inorganic form, in the cell nucleus, and in the form of an active organic compound, a trivalent molecule, called Glucose Tolerance Factor (GTF) or chromodulin. Chromium helps glucose metabolism, regulates insulin levels and maintains healthy levels &hellip;<\/p>\n<p class=\"read-more\"> <a class=\"\" href=\"https:\/\/www.alivitpharm.com\/es\/chromium\/\"> <span class=\"screen-reader-text\">Cromo<\/span> Leer m\u00e1s &raquo;<\/a><\/p>","protected":false},"author":9,"featured_media":0,"parent":0,"menu_order":0,"comment_status":"closed","ping_status":"closed","template":"","meta":{"site-sidebar-layout":"no-sidebar","site-content-layout":"page-builder","ast-global-header-display":"","ast-main-header-display":"","ast-hfb-above-header-display":"","ast-hfb-below-header-display":"","ast-hfb-mobile-header-display":"","site-post-title":"disabled","ast-breadcrumbs-content":"","ast-featured-img":"disabled","footer-sml-layout":"","theme-transparent-header-meta":"","adv-header-id-meta":"","stick-header-meta":"","header-above-stick-meta":"","header-main-stick-meta":"","header-below-stick-meta":"","footnotes":""},"class_list":["post-10556","page","type-page","status-publish","hentry"],"_links":{"self":[{"href":"https:\/\/www.alivitpharm.com\/es\/wp-json\/wp\/v2\/pages\/10556","targetHints":{"allow":["GET"]}}],"collection":[{"href":"https:\/\/www.alivitpharm.com\/es\/wp-json\/wp\/v2\/pages"}],"about":[{"href":"https:\/\/www.alivitpharm.com\/es\/wp-json\/wp\/v2\/types\/page"}],"author":[{"embeddable":true,"href":"https:\/\/www.alivitpharm.com\/es\/wp-json\/wp\/v2\/users\/9"}],"replies":[{"embeddable":true,"href":"https:\/\/www.alivitpharm.com\/es\/wp-json\/wp\/v2\/comments?post=10556"}],"version-history":[{"count":3,"href":"https:\/\/www.alivitpharm.com\/es\/wp-json\/wp\/v2\/pages\/10556\/revisions"}],"predecessor-version":[{"id":11389,"href":"https:\/\/www.alivitpharm.com\/es\/wp-json\/wp\/v2\/pages\/10556\/revisions\/11389"}],"wp:attachment":[{"href":"https:\/\/www.alivitpharm.com\/es\/wp-json\/wp\/v2\/media?parent=10556"}],"curies":[{"name":"wp","href":"https:\/\/api.w.org\/{rel}","templated":true}]}}